{"id":1865,"date":"2025-01-16T16:20:16","date_gmt":"2025-01-16T15:20:16","guid":{"rendered":"https:\/\/blidosundsbolaget.se\/?page_id=1865"},"modified":"2026-02-03T14:47:33","modified_gmt":"2026-02-03T13:47:33","slug":"charterfartyg-m-s-riddarfjarden","status":"publish","type":"page","link":"https:\/\/blidosundsbolaget.se\/en\/charterfartyg-m-s-riddarfjarden\/","title":{"rendered":"M\/S Riddarfj\u00e4rden"},"content":{"rendered":"<div\nclass=\"text-image container-px container-my\"\n\n    data-color-theme=white\n    data-color-theme-brightness=light\n>\n    <div\n    class=\"text-image__inner container mx-auto\"\n    >\n        <div\n        class=\"text-image__content-wrap order-1 md:order-2\">\n            <article\n            class=\"text-image__content\">\n                                    <span class=\"heading-sm font-normal mb-2 block title-theme-color\">\n                        Bra att veta inf\u00f6r er bokning\n                    <\/span>\n                \n                <h2 class=\"heading-md md:heading-lg title-theme-color   mb-3.5 \">\n                    Fakta M\/S Riddarfj\u00e4rden\n                <\/h2>\n\n                \n                                    <div class=\"body-sm text-theme-color wysiwyg\">\n                        <p><strong>Hemmakaj:<\/strong> Skeppsbron kajplats 102, nedanf\u00f6r slottet<\/p>\n<p><strong>Antal passagerare inklusive bes\u00e4ttning:<\/strong> max 125 personer<br \/>\nBes\u00e4ttningens storlek anpassas efter gruppens storlek och uppl\u00e4gget f\u00f6r er kryssning.<\/p>\n<p><strong>Minimum f\u00f6r uthyrning:<\/strong> 30 personer<\/p>\n<p><strong>Antal sittande i matsalen vid trer\u00e4tters:<\/strong> Max 90 personer<\/p>\n<p><strong>Antal sittande i matsalen vid buff\u00e9:<\/strong> Max 72 personer<\/p>\n<p><strong>Sittplatser i \u00f6vre salongen:<\/strong> max 16 personer<\/p>\n<p><strong>Mingelplats p\u00e5 bryggd\u00e4ck:<\/strong> runt 40-45 personer<\/p>\n<p><strong>Ljudsystem:<\/strong> Vi har en anl\u00e4ggning som man kan koppla upp en mobil med spellista till, och mikrofon med sladd f\u00f6r tal, i matsalen. \u00d6nskar ni ha dans rekommenderar vi att hyra in en DJ med anl\u00e4ggning. Det finns \u00e4ven en projektor och duk som kan bokas utan extra kostnad vid bokning av fartyget.<\/p>\n<p><strong>Tillg\u00e4nglighet:<\/strong> En del tr\u00f6sklar samt en trappa upptill \u00f6vre d\u00e4ck, ingen hiss. Tillg\u00e4nglighetsanpassad toalett p\u00e5 entr\u00e9d\u00e4ck.<\/p>\n<p><strong>Marschfart:<\/strong> 8 knop<\/p>\n\n                    <\/div>\n                \n                                    <div class=\"mt-4 flex flex-wrap gap-4\">\n                        <a\n        href=\"https:\/\/transdev.se\/wp-content\/uploads\/sites\/4\/2026\/02\/Infoblad_Riddarfjarden_2026.pdf\"\n                target=\"_blank\"\n                class=\"button button--black inline-block\">\n            Infoblad\n        <\/a>\n                        <\/div>\n                \n                            <\/article>\n        <\/div>\n\n                    <div class=\"text-image__image-wrap order-2 md:order-1\">\n                <picture><source media=\"(max-width:415px)\" data-srcset=\"https:\/\/images.ohmyhosting.se\/jc5woNkjEIpH5ddsx4wgnCvgfvs=\/415x320\/filters:quality(85)\/https%3A%2F%2Ftransdev.se%2Fwp-content%2Fuploads%2Fsites%2F4%2F2025%2F01%2F946cf81b-0823-4476-a494-d149f68499d4.jpg 1x, https:\/\/images.ohmyhosting.se\/rBDfay2qoCHhH8PlugbymrLDm1U=\/830x640\/filters:quality(85)\/https%3A%2F%2Ftransdev.se%2Fwp-content%2Fuploads%2Fsites%2F4%2F2025%2F01%2F946cf81b-0823-4476-a494-d149f68499d4.jpg 2x\"><source media=\"(max-width:820px)\" data-srcset=\"https:\/\/images.ohmyhosting.se\/82hSwr4ZHfFTv0q5-PP08S-dpl0=\/765x583\/filters:quality(85)\/https%3A%2F%2Ftransdev.se%2Fwp-content%2Fuploads%2Fsites%2F4%2F2025%2F01%2F946cf81b-0823-4476-a494-d149f68499d4.jpg 1x, https:\/\/images.ohmyhosting.se\/AwYwzxQfch0VLuJjp34Pp8BCG7M=\/1530x1166\/filters:quality(85)\/https%3A%2F%2Ftransdev.se%2Fwp-content%2Fuploads%2Fsites%2F4%2F2025%2F01%2F946cf81b-0823-4476-a494-d149f68499d4.jpg 2x\"><img srcset=\"https:\/\/images.ohmyhosting.se\/rZk1Wi_r1toYJX8LaYdmJ1rE3Lw=\/638x431\/filters:quality(85)\/https%3A%2F%2Ftransdev.se%2Fwp-content%2Fuploads%2Fsites%2F4%2F2025%2F01%2F946cf81b-0823-4476-a494-d149f68499d4.jpg 1x, https:\/\/images.ohmyhosting.se\/Cni8T8HyOG0lRvUlY0DXC_jGJac=\/1276x862\/filters:quality(85)\/https%3A%2F%2Ftransdev.se%2Fwp-content%2Fuploads%2Fsites%2F4%2F2025%2F01%2F946cf81b-0823-4476-a494-d149f68499d4.jpg 2x\" alt=\"\" data-src=\"https:\/\/images.ohmyhosting.se\/rZk1Wi_r1toYJX8LaYdmJ1rE3Lw=\/638x431\/filters:quality(85)\/https%3A%2F%2Ftransdev.se%2Fwp-content%2Fuploads%2Fsites%2F4%2F2025%2F01%2F946cf81b-0823-4476-a494-d149f68499d4.jpg\" class=\"lazy\" \/><\/picture>\n            <\/div>\n            <\/div>\n<\/div>\n\n<div\nclass=\"text-double-image container-px container-py\"\ndata-color-theme=\"light-blue\"\ndata-color-theme-brightness=\"light\">\n    <div class=\"text-double-image__inner container mx-auto\">\n        <article\n        class=\"text-double-image__content\">\n                            <span class=\"heading-sm font-normal mb-2 block title-theme-color\">\n                    Historia \n                <\/span>\n            \n            <h2 class=\"heading-md md:heading-lg title-theme-color\">\n                Bakgrund om fartyget\n            <\/h2>\n\n            \n                            <div class=\"body-sm mt-[30px] text-theme-color\">\n                    <p>M\/S Riddarfj\u00e4rden byggdes som M\/S DISA p\u00e5 L\u00f6d\u00f6se varv l\u00e4ngs G\u00f6ta \u00c4lv \u00e5r 1936 och var det 62:a fartyget som byggdes d\u00e4r. Hon gick direkt i Styrs\u00f6 sk\u00e4rg\u00e5rdstrafik i G\u00f6teborgs s\u00f6dra sk\u00e4rg\u00e5rd och var l\u00e4nge rederiets b\u00e4sta isbrytande passagerarb\u00e5t. Under kriget uthyrdes hon till Svenska flottan och stationerades i V\u00e4nern.  <\/p>\n<p>Efter kriget \u00e5terl\u00e4mnades hon till Styrs\u00f6bolaget igen tills hon s\u00e5ldes 1999 till Charter Stockholm. D\u00e4refter f\u00f6ljde ett \u00e5r av renovering varvid 30-talet satte sin pr\u00e4gel \u00f6ver inredningen i mahogny och m\u00e4ssing och hon invigdes vid millenniumskiftet f\u00f6r sitt f\u00f6rsta uppdrag. Sedan dess har fartyget varit m\u00e4kta popul\u00e4r hos m\u00e5nga kunder tack vara dess vackra inredning och h\u00e4rliga charm.  <\/p>\n<p>2010 k\u00f6pte Blid\u00f6sundsbolaget \u00f6ver Charter Stockholm och Riddarfj\u00e4rden fick sin nya hemmahamn p\u00e5 Skeppsbron, nedanf\u00f6r Slottet. <\/p>\n\n                <\/div>\n            \n            \n                    <\/article>\n\n                    <div class=\"text-double-image__image-wrap\">\n                <div class=\"text-double-image__left-image\">\n                    <picture><img srcset=\"https:\/\/images.ohmyhosting.se\/grc_P1BTTwhn9wV9BWNQGgep_t4=\/416x500\/filters:quality(85)\/https%3A%2F%2Ftransdev.se%2Fwp-content%2Fuploads%2Fsites%2F4%2F2025%2F01%2FIMG_1616-Bryggdack-med-aktersoffa.jpg 1x, https:\/\/images.ohmyhosting.se\/kWNbqOukbqUSOvUYXXenVUXc4R0=\/832x1000\/filters:quality(85)\/https%3A%2F%2Ftransdev.se%2Fwp-content%2Fuploads%2Fsites%2F4%2F2025%2F01%2FIMG_1616-Bryggdack-med-aktersoffa.jpg 2x\" alt=\"\" data-src=\"https:\/\/images.ohmyhosting.se\/grc_P1BTTwhn9wV9BWNQGgep_t4=\/416x500\/filters:quality(85)\/https%3A%2F%2Ftransdev.se%2Fwp-content%2Fuploads%2Fsites%2F4%2F2025%2F01%2FIMG_1616-Bryggdack-med-aktersoffa.jpg\" class=\"lazy\" \/><\/picture>\n                <\/div>\n                <div class=\"text-double-image__right-image\">\n                    <picture><img srcset=\"https:\/\/images.ohmyhosting.se\/wDfq5gCMDp0O2-_tkgNOBZY-vdY=\/416x500\/filters:quality(85)\/https%3A%2F%2Ftransdev.se%2Fwp-content%2Fuploads%2Fsites%2F4%2F2025%2F01%2FBrollopssallskap-RF.jpg 1x, https:\/\/images.ohmyhosting.se\/Xy8oY-kpSRgR7VXK9xfYzZ1R_2Q=\/832x1000\/filters:quality(85)\/https%3A%2F%2Ftransdev.se%2Fwp-content%2Fuploads%2Fsites%2F4%2F2025%2F01%2FBrollopssallskap-RF.jpg 2x\" alt=\"\" data-src=\"https:\/\/images.ohmyhosting.se\/wDfq5gCMDp0O2-_tkgNOBZY-vdY=\/416x500\/filters:quality(85)\/https%3A%2F%2Ftransdev.se%2Fwp-content%2Fuploads%2Fsites%2F4%2F2025%2F01%2FBrollopssallskap-RF.jpg\" class=\"lazy\" \/><\/picture>\n                <\/div>\n            <\/div>\n            <\/div>\n<\/div>","protected":false},"excerpt":{"rendered":"","protected":false},"author":6,"featured_media":0,"parent":0,"menu_order":0,"comment_status":"closed","ping_status":"closed","template":"","meta":{"_acf_changed":false,"footnotes":""},"class_list":["post-1865","page","type-page","status-publish","hentry"],"acf":[],"yoast_head":"<!-- This site is optimized with the Yoast SEO plugin v27.4 - https:\/\/yoast.com\/product\/yoast-seo-wordpress\/ -->\n<title>M\/S Riddarfj\u00e4rden - Blid\u00f6sundsbolaget<\/title>\n<meta name=\"robots\" content=\"index, follow, max-snippet:-1, max-image-preview:large, max-video-preview:-1\" \/>\n<link rel=\"canonical\" href=\"https:\/\/blidosundsbolaget.se\/en\/charterfartyg-m-s-riddarfjarden\/\" \/>\n<meta property=\"og:locale\" content=\"en_US\" \/>\n<meta property=\"og:type\" content=\"article\" \/>\n<meta property=\"og:title\" content=\"M\/S Riddarfj\u00e4rden - Blid\u00f6sundsbolaget\" \/>\n<meta property=\"og:url\" content=\"https:\/\/blidosundsbolaget.se\/en\/charterfartyg-m-s-riddarfjarden\/\" \/>\n<meta property=\"og:site_name\" content=\"Blid\u00f6sundsbolaget\" \/>\n<meta property=\"article:modified_time\" content=\"2026-02-03T13:47:33+00:00\" \/>\n<meta name=\"twitter:card\" content=\"summary_large_image\" \/>\n<script type=\"application\/ld+json\" class=\"yoast-schema-graph\">{\"@context\":\"https:\\\/\\\/schema.org\",\"@graph\":[{\"@type\":\"WebPage\",\"@id\":\"https:\\\/\\\/blidosundsbolaget.se\\\/en\\\/charterfartyg-m-s-riddarfjarden\\\/\",\"url\":\"https:\\\/\\\/blidosundsbolaget.se\\\/en\\\/charterfartyg-m-s-riddarfjarden\\\/\",\"name\":\"M\\\/S Riddarfj\u00e4rden - Blid\u00f6sundsbolaget\",\"isPartOf\":{\"@id\":\"https:\\\/\\\/blidosundsbolaget.se\\\/en\\\/#website\"},\"datePublished\":\"2025-01-16T15:20:16+00:00\",\"dateModified\":\"2026-02-03T13:47:33+00:00\",\"breadcrumb\":{\"@id\":\"https:\\\/\\\/blidosundsbolaget.se\\\/en\\\/charterfartyg-m-s-riddarfjarden\\\/#breadcrumb\"},\"inLanguage\":\"en-US\",\"potentialAction\":[{\"@type\":\"ReadAction\",\"target\":[\"https:\\\/\\\/blidosundsbolaget.se\\\/en\\\/charterfartyg-m-s-riddarfjarden\\\/\"]}]},{\"@type\":\"BreadcrumbList\",\"@id\":\"https:\\\/\\\/blidosundsbolaget.se\\\/en\\\/charterfartyg-m-s-riddarfjarden\\\/#breadcrumb\",\"itemListElement\":[{\"@type\":\"ListItem\",\"position\":1,\"name\":\"Home\",\"item\":\"https:\\\/\\\/blidosundsbolaget.se\\\/en\\\/\"},{\"@type\":\"ListItem\",\"position\":2,\"name\":\"M\\\/S Riddarfj\u00e4rden\"}]},{\"@type\":\"WebSite\",\"@id\":\"https:\\\/\\\/blidosundsbolaget.se\\\/en\\\/#website\",\"url\":\"https:\\\/\\\/blidosundsbolaget.se\\\/en\\\/\",\"name\":\"Blid\u00f6sundsbolaget\",\"description\":\"\",\"publisher\":{\"@id\":\"https:\\\/\\\/blidosundsbolaget.se\\\/en\\\/#organization\"},\"potentialAction\":[{\"@type\":\"SearchAction\",\"target\":{\"@type\":\"EntryPoint\",\"urlTemplate\":\"https:\\\/\\\/blidosundsbolaget.se\\\/en\\\/?s={search_term_string}\"},\"query-input\":{\"@type\":\"PropertyValueSpecification\",\"valueRequired\":true,\"valueName\":\"search_term_string\"}}],\"inLanguage\":\"en-US\"},{\"@type\":\"Organization\",\"@id\":\"https:\\\/\\\/blidosundsbolaget.se\\\/en\\\/#organization\",\"name\":\"Blid\u00f6sundsbolaget\",\"url\":\"https:\\\/\\\/blidosundsbolaget.se\\\/en\\\/\",\"logo\":{\"@type\":\"ImageObject\",\"inLanguage\":\"en-US\",\"@id\":\"https:\\\/\\\/blidosundsbolaget.se\\\/en\\\/#\\\/schema\\\/logo\\\/image\\\/\",\"url\":\"https:\\\/\\\/transdev.se\\\/wp-content\\\/uploads\\\/sites\\\/4\\\/2025\\\/03\\\/Blidosundsbolaget-symbol-_blue_RGB.png\",\"contentUrl\":\"https:\\\/\\\/transdev.se\\\/wp-content\\\/uploads\\\/sites\\\/4\\\/2025\\\/03\\\/Blidosundsbolaget-symbol-_blue_RGB.png\",\"width\":1187,\"height\":1186,\"caption\":\"Blid\u00f6sundsbolaget\"},\"image\":{\"@id\":\"https:\\\/\\\/blidosundsbolaget.se\\\/en\\\/#\\\/schema\\\/logo\\\/image\\\/\"}}]}<\/script>\n<!-- \/ Yoast SEO plugin. -->","yoast_head_json":{"title":"M\/S Riddarfj\u00e4rden - Blid\u00f6sundsbolaget","robots":{"index":"index","follow":"follow","max-snippet":"max-snippet:-1","max-image-preview":"max-image-preview:large","max-video-preview":"max-video-preview:-1"},"canonical":"https:\/\/blidosundsbolaget.se\/en\/charterfartyg-m-s-riddarfjarden\/","og_locale":"en_US","og_type":"article","og_title":"M\/S Riddarfj\u00e4rden - Blid\u00f6sundsbolaget","og_url":"https:\/\/blidosundsbolaget.se\/en\/charterfartyg-m-s-riddarfjarden\/","og_site_name":"Blid\u00f6sundsbolaget","article_modified_time":"2026-02-03T13:47:33+00:00","twitter_card":"summary_large_image","schema":{"@context":"https:\/\/schema.org","@graph":[{"@type":"WebPage","@id":"https:\/\/blidosundsbolaget.se\/en\/charterfartyg-m-s-riddarfjarden\/","url":"https:\/\/blidosundsbolaget.se\/en\/charterfartyg-m-s-riddarfjarden\/","name":"M\/S Riddarfj\u00e4rden - Blid\u00f6sundsbolaget","isPartOf":{"@id":"https:\/\/blidosundsbolaget.se\/en\/#website"},"datePublished":"2025-01-16T15:20:16+00:00","dateModified":"2026-02-03T13:47:33+00:00","breadcrumb":{"@id":"https:\/\/blidosundsbolaget.se\/en\/charterfartyg-m-s-riddarfjarden\/#breadcrumb"},"inLanguage":"en-US","potentialAction":[{"@type":"ReadAction","target":["https:\/\/blidosundsbolaget.se\/en\/charterfartyg-m-s-riddarfjarden\/"]}]},{"@type":"BreadcrumbList","@id":"https:\/\/blidosundsbolaget.se\/en\/charterfartyg-m-s-riddarfjarden\/#breadcrumb","itemListElement":[{"@type":"ListItem","position":1,"name":"Home","item":"https:\/\/blidosundsbolaget.se\/en\/"},{"@type":"ListItem","position":2,"name":"M\/S Riddarfj\u00e4rden"}]},{"@type":"WebSite","@id":"https:\/\/blidosundsbolaget.se\/en\/#website","url":"https:\/\/blidosundsbolaget.se\/en\/","name":"Blid\u00f6sundsbolaget","description":"","publisher":{"@id":"https:\/\/blidosundsbolaget.se\/en\/#organization"},"potentialAction":[{"@type":"SearchAction","target":{"@type":"EntryPoint","urlTemplate":"https:\/\/blidosundsbolaget.se\/en\/?s={search_term_string}"},"query-input":{"@type":"PropertyValueSpecification","valueRequired":true,"valueName":"search_term_string"}}],"inLanguage":"en-US"},{"@type":"Organization","@id":"https:\/\/blidosundsbolaget.se\/en\/#organization","name":"Blid\u00f6sundsbolaget","url":"https:\/\/blidosundsbolaget.se\/en\/","logo":{"@type":"ImageObject","inLanguage":"en-US","@id":"https:\/\/blidosundsbolaget.se\/en\/#\/schema\/logo\/image\/","url":"https:\/\/transdev.se\/wp-content\/uploads\/sites\/4\/2025\/03\/Blidosundsbolaget-symbol-_blue_RGB.png","contentUrl":"https:\/\/transdev.se\/wp-content\/uploads\/sites\/4\/2025\/03\/Blidosundsbolaget-symbol-_blue_RGB.png","width":1187,"height":1186,"caption":"Blid\u00f6sundsbolaget"},"image":{"@id":"https:\/\/blidosundsbolaget.se\/en\/#\/schema\/logo\/image\/"}}]}},"_links":{"self":[{"href":"https:\/\/blidosundsbolaget.se\/en\/wp-json\/wp\/v2\/pages\/1865","targetHints":{"allow":["GET"]}}],"collection":[{"href":"https:\/\/blidosundsbolaget.se\/en\/wp-json\/wp\/v2\/pages"}],"about":[{"href":"https:\/\/blidosundsbolaget.se\/en\/wp-json\/wp\/v2\/types\/page"}],"author":[{"embeddable":true,"href":"https:\/\/blidosundsbolaget.se\/en\/wp-json\/wp\/v2\/users\/6"}],"replies":[{"embeddable":true,"href":"https:\/\/blidosundsbolaget.se\/en\/wp-json\/wp\/v2\/comments?post=1865"}],"version-history":[{"count":44,"href":"https:\/\/blidosundsbolaget.se\/en\/wp-json\/wp\/v2\/pages\/1865\/revisions"}],"predecessor-version":[{"id":9542,"href":"https:\/\/blidosundsbolaget.se\/en\/wp-json\/wp\/v2\/pages\/1865\/revisions\/9542"}],"wp:attachment":[{"href":"https:\/\/blidosundsbolaget.se\/en\/wp-json\/wp\/v2\/media?parent=1865"}],"curies":[{"name":"wp","href":"https:\/\/api.w.org\/{rel}","templated":true}]}}