{"id":1867,"date":"2025-01-16T16:20:55","date_gmt":"2025-01-16T15:20:55","guid":{"rendered":"https:\/\/blidosundsbolaget.se\/?page_id=1867"},"modified":"2026-02-03T14:46:48","modified_gmt":"2026-02-03T13:46:48","slug":"charterfartyg-m-s-riddarholmen","status":"publish","type":"page","link":"https:\/\/blidosundsbolaget.se\/en\/charterfartyg-m-s-riddarholmen\/","title":{"rendered":"M\/S Riddarholmen"},"content":{"rendered":"<div\nclass=\"text-image container-px container-my\"\n\n    data-color-theme=white\n    data-color-theme-brightness=light\n>\n    <div\n    class=\"text-image__inner container mx-auto\"\n    >\n        <div\n        class=\"text-image__content-wrap order-1 md:order-2\">\n            <article\n            class=\"text-image__content\">\n                                    <span class=\"heading-sm font-normal mb-2 block title-theme-color\">\n                        Bra att veta inf\u00f6r er bokning\n                    <\/span>\n                \n                <h2 class=\"heading-md md:heading-lg title-theme-color   mb-2 \">\n                    Fakta om M\/S Riddarholmen\n                <\/h2>\n\n                                    <span class=\"body-md mt-1 mb-6 block title-theme-color\">\n                        Popul\u00e4rt val\n                    <\/span>\n                \n                                    <div class=\"body-sm text-theme-color wysiwyg\">\n                        <p><strong>Hemmakaj:<\/strong> Skeppsbron kajplats 102-103, nedanf\u00f6r slottet<\/p>\n<p><strong>Antal passagerare inklusive bes\u00e4ttning:<\/strong> max 175 personer vid mingel<br \/>\nBes\u00e4ttningens storlek anpassas efter gruppens storlek och uppl\u00e4gget f\u00f6r er kryssning.<\/p>\n<p><strong>Minimum f\u00f6r uthyrning:<\/strong> 40 personer<\/p>\n<p><strong>Antal sittande i matsalen vid trer\u00e4tters:<\/strong> Max 122 personer<\/p>\n<p><strong>Antal sittande i matsalen vid buff\u00e9:<\/strong> Max 92 personer<\/p>\n<p><strong>Maxantal sittande \u00e4tande<\/strong> (p\u00e5 tv\u00e5 plan): 152 personer<\/p>\n<p><strong>Platser i loungen\/baren:<\/strong> 25-30 personer<\/p>\n<p><strong>Mingelplats p\u00e5 bryggd\u00e4ck:<\/strong> max 125 personer<\/p>\n<p><strong>Ljudsystem:<\/strong> Vi har en anl\u00e4ggning som man kan koppla upp en mobil med spellista till, och mikrofon f\u00f6r tal, b\u00e5de med sladd och tr\u00e5dl\u00f6s. \u00d6nskar ni ha dans rekommenderar vi att hyra in en DJ med anl\u00e4ggning.<\/p>\n<p><strong>Tillg\u00e4nglighet:<\/strong> Ombord finns trappsteg och tr\u00f6sklar. Toaletter finns en trappa ner eller en trappa upp. Toaletterna \u00e4r inte tillg\u00e4nglighetsanpassade.<\/p>\n<p><strong>Marschfart:<\/strong> 7 knop<\/p>\n\n                    <\/div>\n                \n                                    <div class=\"mt-4 flex flex-wrap gap-4\">\n                        <a\n        href=\"https:\/\/transdev.se\/wp-content\/uploads\/sites\/4\/2026\/02\/Infoblad_Riddarholmen_2026.pdf\"\n                target=\"_blank\"\n                class=\"button button--black inline-block\">\n            Infoblad\n        <\/a>\n                        <\/div>\n                \n                            <\/article>\n        <\/div>\n\n                    <div class=\"text-image__image-wrap order-2 md:order-1\">\n                <picture><source media=\"(max-width:415px)\" data-srcset=\"https:\/\/images.ohmyhosting.se\/_Bbk4KdYPYnrRkIGitWVlTt9qxA=\/415x320\/filters:quality(85)\/https%3A%2F%2Ftransdev.se%2Fwp-content%2Fuploads%2Fsites%2F4%2F2025%2F01%2Fcea565b9-e225-4d0a-b4b5-fcba107087e4.jpg 1x, https:\/\/images.ohmyhosting.se\/ONM_nOZBLEkbv9X7DE1hv0OIGSQ=\/830x640\/filters:quality(85)\/https%3A%2F%2Ftransdev.se%2Fwp-content%2Fuploads%2Fsites%2F4%2F2025%2F01%2Fcea565b9-e225-4d0a-b4b5-fcba107087e4.jpg 2x\"><source media=\"(max-width:820px)\" data-srcset=\"https:\/\/images.ohmyhosting.se\/WKinvSBBS84SRZgpU7AP9FcpLhA=\/765x583\/filters:quality(85)\/https%3A%2F%2Ftransdev.se%2Fwp-content%2Fuploads%2Fsites%2F4%2F2025%2F01%2Fcea565b9-e225-4d0a-b4b5-fcba107087e4.jpg 1x, https:\/\/images.ohmyhosting.se\/TtBwfv6g6OyHn679IBTX9gWHtX0=\/1530x1166\/filters:quality(85)\/https%3A%2F%2Ftransdev.se%2Fwp-content%2Fuploads%2Fsites%2F4%2F2025%2F01%2Fcea565b9-e225-4d0a-b4b5-fcba107087e4.jpg 2x\"><img srcset=\"https:\/\/images.ohmyhosting.se\/MfoE2Q0goFlT70HYAgmCHER9cGI=\/638x431\/filters:quality(85)\/https%3A%2F%2Ftransdev.se%2Fwp-content%2Fuploads%2Fsites%2F4%2F2025%2F01%2Fcea565b9-e225-4d0a-b4b5-fcba107087e4.jpg 1x, https:\/\/images.ohmyhosting.se\/yEg8DNWOgGS6NXyhdDmK6ZpdqVo=\/1276x862\/filters:quality(85)\/https%3A%2F%2Ftransdev.se%2Fwp-content%2Fuploads%2Fsites%2F4%2F2025%2F01%2Fcea565b9-e225-4d0a-b4b5-fcba107087e4.jpg 2x\" alt=\"\" data-src=\"https:\/\/images.ohmyhosting.se\/MfoE2Q0goFlT70HYAgmCHER9cGI=\/638x431\/filters:quality(85)\/https%3A%2F%2Ftransdev.se%2Fwp-content%2Fuploads%2Fsites%2F4%2F2025%2F01%2Fcea565b9-e225-4d0a-b4b5-fcba107087e4.jpg\" class=\"lazy\" \/><\/picture>\n            <\/div>\n            <\/div>\n<\/div>\n\n<div\nclass=\"text-double-image container-px container-py\"\ndata-color-theme=\"light-blue\"\ndata-color-theme-brightness=\"light\">\n    <div class=\"text-double-image__inner container mx-auto\">\n        <article\n        class=\"text-double-image__content\">\n                            <span class=\"heading-sm font-normal mb-2 block title-theme-color\">\n                    Historia\n                <\/span>\n            \n            <h2 class=\"heading-md md:heading-lg title-theme-color\">\n                Bakgrund om fartyget\n            <\/h2>\n\n            \n                            <div class=\"body-sm mt-[30px] text-theme-color\">\n                    <p>M\/S Riddarholmen uppf\u00f6rdes 1916 p\u00e5 Motala Verkstad och hette ursprungligen S\/S Vielle Montagne III. Hon var specialbyggd f\u00f6r zinktrafiken som gick p\u00e5 G\u00f6ta Kanal d\u00e4r hon trafikerade \u00c5mmeberg \/ Otterb\u00e4cken \/ G\u00f6teborg med start i juni 1916 till och med 1969. <\/p>\n<p>1990 f\u00f6rv\u00e4rvades M\/S Riddarholmen av Rederi AB G\u00f6ta Kanal som byggde om henne f\u00f6r passagerartrafik och \u00e5terinsatte henne p\u00e5 G\u00f6ta kanal, denna g\u00e5ng fr\u00e4mst f\u00f6r musik och charterkryssningar. <\/p>\n<p>Efter sex \u00e5r \u00f6vertog Charter Stockholm fartyget och stationerade henne f\u00f6r chartertrafik fr\u00e5n \u00f6n Riddarholmen, och gav henne sitt nuvarande namn M\/S Riddarholmen. <\/p>\n<p>Fr\u00e5n 2010 \u00e4r hon i Blid\u00f6sundsbolagets \u00e4go och har hemmahamn p\u00e5 Skeppsbron nedanf\u00f6r Kungliga slottet. <\/p>\n\n                <\/div>\n            \n            \n                    <\/article>\n\n                    <div class=\"text-double-image__image-wrap\">\n                <div class=\"text-double-image__left-image\">\n                    <picture><img srcset=\"https:\/\/images.ohmyhosting.se\/e49e7HMT5baUHwDG3yYFaNWZGeM=\/416x500\/filters:quality(85)\/https%3A%2F%2Ftransdev.se%2Fwp-content%2Fuploads%2Fsites%2F4%2F2025%2F01%2F142a7166-de3f-43ed-aea9-f92bacb8da9a.jpg 1x, https:\/\/images.ohmyhosting.se\/VQmf4fOsm_Z7AQT7TkgksqMk1b8=\/832x1000\/filters:quality(85)\/https%3A%2F%2Ftransdev.se%2Fwp-content%2Fuploads%2Fsites%2F4%2F2025%2F01%2F142a7166-de3f-43ed-aea9-f92bacb8da9a.jpg 2x\" alt=\"\" data-src=\"https:\/\/images.ohmyhosting.se\/e49e7HMT5baUHwDG3yYFaNWZGeM=\/416x500\/filters:quality(85)\/https%3A%2F%2Ftransdev.se%2Fwp-content%2Fuploads%2Fsites%2F4%2F2025%2F01%2F142a7166-de3f-43ed-aea9-f92bacb8da9a.jpg\" class=\"lazy\" \/><\/picture>\n                <\/div>\n                <div class=\"text-double-image__right-image\">\n                    <picture><img srcset=\"https:\/\/images.ohmyhosting.se\/10CruyXsN3S41rT8949i1WJLsU0=\/416x500\/filters:quality(85)\/https%3A%2F%2Ftransdev.se%2Fwp-content%2Fuploads%2Fsites%2F4%2F2025%2F01%2FIMG_7560-RH-bryggdack-med-bubbel-scaled.jpg 1x, https:\/\/images.ohmyhosting.se\/1D0BND-6NoGaHH5D0AHnmWwOzG0=\/832x1000\/filters:quality(85)\/https%3A%2F%2Ftransdev.se%2Fwp-content%2Fuploads%2Fsites%2F4%2F2025%2F01%2FIMG_7560-RH-bryggdack-med-bubbel-scaled.jpg 2x\" alt=\"\" data-src=\"https:\/\/images.ohmyhosting.se\/10CruyXsN3S41rT8949i1WJLsU0=\/416x500\/filters:quality(85)\/https%3A%2F%2Ftransdev.se%2Fwp-content%2Fuploads%2Fsites%2F4%2F2025%2F01%2FIMG_7560-RH-bryggdack-med-bubbel-scaled.jpg\" class=\"lazy\" \/><\/picture>\n                <\/div>\n            <\/div>\n            <\/div>\n<\/div>","protected":false},"excerpt":{"rendered":"","protected":false},"author":6,"featured_media":0,"parent":0,"menu_order":0,"comment_status":"closed","ping_status":"closed","template":"","meta":{"_acf_changed":false,"footnotes":""},"class_list":["post-1867","page","type-page","status-publish","hentry"],"acf":[],"yoast_head":"<!-- This site is optimized with the Yoast SEO plugin v27.5 - https:\/\/yoast.com\/product\/yoast-seo-wordpress\/ -->\n<title>M\/S Riddarholmen - Blid\u00f6sundsbolaget<\/title>\n<meta name=\"robots\" content=\"index, follow, max-snippet:-1, max-image-preview:large, max-video-preview:-1\" \/>\n<link rel=\"canonical\" href=\"https:\/\/blidosundsbolaget.se\/en\/charterfartyg-m-s-riddarholmen\/\" \/>\n<meta property=\"og:locale\" content=\"en_US\" \/>\n<meta property=\"og:type\" content=\"article\" \/>\n<meta property=\"og:title\" content=\"M\/S Riddarholmen - Blid\u00f6sundsbolaget\" \/>\n<meta property=\"og:url\" content=\"https:\/\/blidosundsbolaget.se\/en\/charterfartyg-m-s-riddarholmen\/\" \/>\n<meta property=\"og:site_name\" content=\"Blid\u00f6sundsbolaget\" \/>\n<meta property=\"article:modified_time\" content=\"2026-02-03T13:46:48+00:00\" \/>\n<meta name=\"twitter:card\" content=\"summary_large_image\" \/>\n<script type=\"application\/ld+json\" class=\"yoast-schema-graph\">{\"@context\":\"https:\\\/\\\/schema.org\",\"@graph\":[{\"@type\":\"WebPage\",\"@id\":\"https:\\\/\\\/blidosundsbolaget.se\\\/en\\\/charterfartyg-m-s-riddarholmen\\\/\",\"url\":\"https:\\\/\\\/blidosundsbolaget.se\\\/en\\\/charterfartyg-m-s-riddarholmen\\\/\",\"name\":\"M\\\/S Riddarholmen - Blid\u00f6sundsbolaget\",\"isPartOf\":{\"@id\":\"https:\\\/\\\/blidosundsbolaget.se\\\/en\\\/#website\"},\"datePublished\":\"2025-01-16T15:20:55+00:00\",\"dateModified\":\"2026-02-03T13:46:48+00:00\",\"breadcrumb\":{\"@id\":\"https:\\\/\\\/blidosundsbolaget.se\\\/en\\\/charterfartyg-m-s-riddarholmen\\\/#breadcrumb\"},\"inLanguage\":\"en-US\",\"potentialAction\":[{\"@type\":\"ReadAction\",\"target\":[\"https:\\\/\\\/blidosundsbolaget.se\\\/en\\\/charterfartyg-m-s-riddarholmen\\\/\"]}]},{\"@type\":\"BreadcrumbList\",\"@id\":\"https:\\\/\\\/blidosundsbolaget.se\\\/en\\\/charterfartyg-m-s-riddarholmen\\\/#breadcrumb\",\"itemListElement\":[{\"@type\":\"ListItem\",\"position\":1,\"name\":\"Home\",\"item\":\"https:\\\/\\\/blidosundsbolaget.se\\\/en\\\/\"},{\"@type\":\"ListItem\",\"position\":2,\"name\":\"M\\\/S Riddarholmen\"}]},{\"@type\":\"WebSite\",\"@id\":\"https:\\\/\\\/blidosundsbolaget.se\\\/en\\\/#website\",\"url\":\"https:\\\/\\\/blidosundsbolaget.se\\\/en\\\/\",\"name\":\"Blid\u00f6sundsbolaget\",\"description\":\"\",\"publisher\":{\"@id\":\"https:\\\/\\\/blidosundsbolaget.se\\\/en\\\/#organization\"},\"potentialAction\":[{\"@type\":\"SearchAction\",\"target\":{\"@type\":\"EntryPoint\",\"urlTemplate\":\"https:\\\/\\\/blidosundsbolaget.se\\\/en\\\/?s={search_term_string}\"},\"query-input\":{\"@type\":\"PropertyValueSpecification\",\"valueRequired\":true,\"valueName\":\"search_term_string\"}}],\"inLanguage\":\"en-US\"},{\"@type\":\"Organization\",\"@id\":\"https:\\\/\\\/blidosundsbolaget.se\\\/en\\\/#organization\",\"name\":\"Blid\u00f6sundsbolaget\",\"url\":\"https:\\\/\\\/blidosundsbolaget.se\\\/en\\\/\",\"logo\":{\"@type\":\"ImageObject\",\"inLanguage\":\"en-US\",\"@id\":\"https:\\\/\\\/blidosundsbolaget.se\\\/en\\\/#\\\/schema\\\/logo\\\/image\\\/\",\"url\":\"https:\\\/\\\/transdev.se\\\/wp-content\\\/uploads\\\/sites\\\/4\\\/2025\\\/03\\\/Blidosundsbolaget-symbol-_blue_RGB.png\",\"contentUrl\":\"https:\\\/\\\/transdev.se\\\/wp-content\\\/uploads\\\/sites\\\/4\\\/2025\\\/03\\\/Blidosundsbolaget-symbol-_blue_RGB.png\",\"width\":1187,\"height\":1186,\"caption\":\"Blid\u00f6sundsbolaget\"},\"image\":{\"@id\":\"https:\\\/\\\/blidosundsbolaget.se\\\/en\\\/#\\\/schema\\\/logo\\\/image\\\/\"}}]}<\/script>\n<!-- \/ Yoast SEO plugin. -->","yoast_head_json":{"title":"M\/S Riddarholmen - Blid\u00f6sundsbolaget","robots":{"index":"index","follow":"follow","max-snippet":"max-snippet:-1","max-image-preview":"max-image-preview:large","max-video-preview":"max-video-preview:-1"},"canonical":"https:\/\/blidosundsbolaget.se\/en\/charterfartyg-m-s-riddarholmen\/","og_locale":"en_US","og_type":"article","og_title":"M\/S Riddarholmen - Blid\u00f6sundsbolaget","og_url":"https:\/\/blidosundsbolaget.se\/en\/charterfartyg-m-s-riddarholmen\/","og_site_name":"Blid\u00f6sundsbolaget","article_modified_time":"2026-02-03T13:46:48+00:00","twitter_card":"summary_large_image","schema":{"@context":"https:\/\/schema.org","@graph":[{"@type":"WebPage","@id":"https:\/\/blidosundsbolaget.se\/en\/charterfartyg-m-s-riddarholmen\/","url":"https:\/\/blidosundsbolaget.se\/en\/charterfartyg-m-s-riddarholmen\/","name":"M\/S Riddarholmen - Blid\u00f6sundsbolaget","isPartOf":{"@id":"https:\/\/blidosundsbolaget.se\/en\/#website"},"datePublished":"2025-01-16T15:20:55+00:00","dateModified":"2026-02-03T13:46:48+00:00","breadcrumb":{"@id":"https:\/\/blidosundsbolaget.se\/en\/charterfartyg-m-s-riddarholmen\/#breadcrumb"},"inLanguage":"en-US","potentialAction":[{"@type":"ReadAction","target":["https:\/\/blidosundsbolaget.se\/en\/charterfartyg-m-s-riddarholmen\/"]}]},{"@type":"BreadcrumbList","@id":"https:\/\/blidosundsbolaget.se\/en\/charterfartyg-m-s-riddarholmen\/#breadcrumb","itemListElement":[{"@type":"ListItem","position":1,"name":"Home","item":"https:\/\/blidosundsbolaget.se\/en\/"},{"@type":"ListItem","position":2,"name":"M\/S Riddarholmen"}]},{"@type":"WebSite","@id":"https:\/\/blidosundsbolaget.se\/en\/#website","url":"https:\/\/blidosundsbolaget.se\/en\/","name":"Blid\u00f6sundsbolaget","description":"","publisher":{"@id":"https:\/\/blidosundsbolaget.se\/en\/#organization"},"potentialAction":[{"@type":"SearchAction","target":{"@type":"EntryPoint","urlTemplate":"https:\/\/blidosundsbolaget.se\/en\/?s={search_term_string}"},"query-input":{"@type":"PropertyValueSpecification","valueRequired":true,"valueName":"search_term_string"}}],"inLanguage":"en-US"},{"@type":"Organization","@id":"https:\/\/blidosundsbolaget.se\/en\/#organization","name":"Blid\u00f6sundsbolaget","url":"https:\/\/blidosundsbolaget.se\/en\/","logo":{"@type":"ImageObject","inLanguage":"en-US","@id":"https:\/\/blidosundsbolaget.se\/en\/#\/schema\/logo\/image\/","url":"https:\/\/transdev.se\/wp-content\/uploads\/sites\/4\/2025\/03\/Blidosundsbolaget-symbol-_blue_RGB.png","contentUrl":"https:\/\/transdev.se\/wp-content\/uploads\/sites\/4\/2025\/03\/Blidosundsbolaget-symbol-_blue_RGB.png","width":1187,"height":1186,"caption":"Blid\u00f6sundsbolaget"},"image":{"@id":"https:\/\/blidosundsbolaget.se\/en\/#\/schema\/logo\/image\/"}}]}},"_links":{"self":[{"href":"https:\/\/blidosundsbolaget.se\/en\/wp-json\/wp\/v2\/pages\/1867","targetHints":{"allow":["GET"]}}],"collection":[{"href":"https:\/\/blidosundsbolaget.se\/en\/wp-json\/wp\/v2\/pages"}],"about":[{"href":"https:\/\/blidosundsbolaget.se\/en\/wp-json\/wp\/v2\/types\/page"}],"author":[{"embeddable":true,"href":"https:\/\/blidosundsbolaget.se\/en\/wp-json\/wp\/v2\/users\/6"}],"replies":[{"embeddable":true,"href":"https:\/\/blidosundsbolaget.se\/en\/wp-json\/wp\/v2\/comments?post=1867"}],"version-history":[{"count":27,"href":"https:\/\/blidosundsbolaget.se\/en\/wp-json\/wp\/v2\/pages\/1867\/revisions"}],"predecessor-version":[{"id":9541,"href":"https:\/\/blidosundsbolaget.se\/en\/wp-json\/wp\/v2\/pages\/1867\/revisions\/9541"}],"wp:attachment":[{"href":"https:\/\/blidosundsbolaget.se\/en\/wp-json\/wp\/v2\/media?parent=1867"}],"curies":[{"name":"wp","href":"https:\/\/api.w.org\/{rel}","templated":true}]}}