{"id":1888,"date":"2025-01-16T16:38:10","date_gmt":"2025-01-16T15:38:10","guid":{"rendered":"https:\/\/blidosundsbolaget.se\/?page_id=1888"},"modified":"2026-02-03T14:49:06","modified_gmt":"2026-02-03T13:49:06","slug":"charterfartyg-m-s-sjogull","status":"publish","type":"page","link":"https:\/\/blidosundsbolaget.se\/en\/charterfartyg-m-s-sjogull\/","title":{"rendered":"M\/S Sj\u00f6gull"},"content":{"rendered":"<div\nclass=\"text-image container-px container-my\"\n\n    data-color-theme=white\n    data-color-theme-brightness=light\n>\n    <div\n    class=\"text-image__inner container mx-auto\"\n    >\n        <div\n        class=\"text-image__content-wrap order-1 md:order-2\">\n            <article\n            class=\"text-image__content\">\n                                    <span class=\"heading-sm font-normal mb-2 block title-theme-color\">\n                        Bra att veta inf\u00f6r er bokning\n                    <\/span>\n                \n                <h2 class=\"heading-md md:heading-lg title-theme-color   mb-3.5 \">\n                    Fakta om M\/S Sj\u00f6gull\n                <\/h2>\n\n                \n                                    <div class=\"body-sm text-theme-color wysiwyg\">\n                        <p><strong>Hemmakaj:<\/strong>\u00a0Skeppsbron kajplats 101, nedanf\u00f6r slottet<\/p>\n<p><strong>Antal personer inklusive bes\u00e4ttning:<\/strong>\u00a0Max 300 vid mycket korta transporter (15 min) Komfort max 250<br \/>\nBes\u00e4ttningens storlek anpassas efter gruppens storlek och uppl\u00e4gget f\u00f6r er kryssning.<\/p>\n<p><strong>Minimum f\u00f6r uthyrning<\/strong>: 40 personer<\/p>\n<p><strong>Antal sittplatser inne:<\/strong>\u00a0Max 200 (komfort 145)<\/p>\n<p><strong>Sittplatser p\u00e5 det \u00f6ppna, \u00f6vre sold\u00e4cket:<\/strong>\u00a084 platser<\/p>\n<p><strong>Antal sittande i \u00f6vre salongen:<\/strong>\u00a0ca 22 personer<\/p>\n<p><strong>Antal sittande vid buff\u00e9:<\/strong>\u00a0max 90 personer (150 vid sk\u00e4rg\u00e5rdsutflykt, lunch i omg\u00e5ngar)<\/p>\n<p><strong>Ljudsystem:<\/strong>\u00a0Vi har en anl\u00e4ggning som man kan koppla upp en mobil med spellista till, och mikrofon med sladd f\u00f6r tal i caf\u00e9et.<\/p>\n<p><strong>Tillg\u00e4nglighet:<\/strong>\u00a0Landg\u00e5ng och salong \u00e4r tillg\u00e4nglighetsanpassade, liksom toalett. \u00d6vre d\u00e4ck n\u00e5s endast via trappa utan hiss.<\/p>\n<p><strong>Marschfart:<\/strong>\u00a017 knop<\/p>\n\n                    <\/div>\n                \n                                    <div class=\"mt-4 flex flex-wrap gap-4\">\n                        <a\n        href=\"https:\/\/transdev.se\/wp-content\/uploads\/sites\/4\/2026\/02\/Infoblad_Sjobris_Sjogull_2026.pdf\"\n                target=\"_blank\"\n                class=\"button button--black inline-block\">\n            Infoblad\n        <\/a>\n                        <\/div>\n                \n                            <\/article>\n        <\/div>\n\n                    <div class=\"text-image__image-wrap order-2 md:order-1\">\n                <picture><source media=\"(max-width:415px)\" data-srcset=\"https:\/\/images.ohmyhosting.se\/WbxXFebu0lKut8R_OWrp6ej5caM=\/415x320\/filters:quality(85)\/https%3A%2F%2Ftransdev.se%2Fwp-content%2Fuploads%2Fsites%2F4%2F2025%2F01%2Fa1ab47ac-9e43-4d02-8b19-8651fe014aa5.jpg 1x, https:\/\/images.ohmyhosting.se\/JDwmuH-TfibsGoh-eMd7yKtNbII=\/830x640\/filters:quality(85)\/https%3A%2F%2Ftransdev.se%2Fwp-content%2Fuploads%2Fsites%2F4%2F2025%2F01%2Fa1ab47ac-9e43-4d02-8b19-8651fe014aa5.jpg 2x\"><source media=\"(max-width:820px)\" data-srcset=\"https:\/\/images.ohmyhosting.se\/RoLyGNyt4IdlJ745zJZjLr7wn-Y=\/765x583\/filters:quality(85)\/https%3A%2F%2Ftransdev.se%2Fwp-content%2Fuploads%2Fsites%2F4%2F2025%2F01%2Fa1ab47ac-9e43-4d02-8b19-8651fe014aa5.jpg 1x, https:\/\/images.ohmyhosting.se\/LqK9wSehl_rqu0lNpt9Mf_ltgHs=\/1530x1166\/filters:quality(85)\/https%3A%2F%2Ftransdev.se%2Fwp-content%2Fuploads%2Fsites%2F4%2F2025%2F01%2Fa1ab47ac-9e43-4d02-8b19-8651fe014aa5.jpg 2x\"><img srcset=\"https:\/\/images.ohmyhosting.se\/wrcu5TEH8odY7QNPwyJiv3lIjtw=\/638x431\/filters:quality(85)\/https%3A%2F%2Ftransdev.se%2Fwp-content%2Fuploads%2Fsites%2F4%2F2025%2F01%2Fa1ab47ac-9e43-4d02-8b19-8651fe014aa5.jpg 1x, https:\/\/images.ohmyhosting.se\/gTb9jkum6VX8eOyabgMJaP33bns=\/1276x862\/filters:quality(85)\/https%3A%2F%2Ftransdev.se%2Fwp-content%2Fuploads%2Fsites%2F4%2F2025%2F01%2Fa1ab47ac-9e43-4d02-8b19-8651fe014aa5.jpg 2x\" alt=\"\" data-src=\"https:\/\/images.ohmyhosting.se\/wrcu5TEH8odY7QNPwyJiv3lIjtw=\/638x431\/filters:quality(85)\/https%3A%2F%2Ftransdev.se%2Fwp-content%2Fuploads%2Fsites%2F4%2F2025%2F01%2Fa1ab47ac-9e43-4d02-8b19-8651fe014aa5.jpg\" class=\"lazy\" \/><\/picture>\n            <\/div>\n            <\/div>\n<\/div>\n\n<div\nclass=\"text-double-image container-px container-py\"\ndata-color-theme=\"light-blue\"\ndata-color-theme-brightness=\"light\">\n    <div class=\"text-double-image__inner container mx-auto\">\n        <article\n        class=\"text-double-image__content\">\n                            <span class=\"heading-sm font-normal mb-2 block title-theme-color\">\n                    Historia\n                <\/span>\n            \n            <h2 class=\"heading-md md:heading-lg title-theme-color\">\n                Fakta om fartyget\n            <\/h2>\n\n            \n                            <div class=\"body-sm mt-[30px] text-theme-color\">\n                    <p>M\/S Sj\u00f6gull \u00e4r ett rymligt, snabbt fartyg med stora ljusa salonger. Fartyget byggdes under \u00e5ren 1983-87 och 2007 gjordes en ombyggnad f\u00f6r att h\u00f6ja standarden. D\u00e5 fick huvudsalongerna ny inredning och ny teknik f\u00f6r ljud och ljus. P\u00e5 \u00f6vre d\u00e4ck byggdes en loungesalong.<\/p>\n<p>P\u00e5 entr\u00e9d\u00e4ck finns det fasta bord och b\u00e4nkar, d\u00e4r man kan sitta och \u00e4ta. Ett par av bordsgrupperna kan tas bort s\u00e5 att det blir plats f\u00f6r buff\u00e9bord, DJ eller dans.<\/p>\n<p>M\/S Sj\u00f6gull \u00e4r systerfartyg till M\/S Sj\u00f6bris, och de \u00e4r i stort sett identiska i utseendet.<\/p>\n\n                <\/div>\n            \n            \n                    <\/article>\n\n                    <div class=\"text-double-image__image-wrap\">\n                <div class=\"text-double-image__left-image\">\n                    <picture><img srcset=\"https:\/\/images.ohmyhosting.se\/1zLt5m-jRcxI8DTU6n79Ae47Wiw=\/416x500\/filters:quality(85)\/https%3A%2F%2Ftransdev.se%2Fwp-content%2Fuploads%2Fsites%2F4%2F2025%2F01%2Fe2aaa186-a18e-420b-8e7b-b63ef149047c.jpg 1x, https:\/\/images.ohmyhosting.se\/99XNyleyX7qnNWP8wlAkXCv-iiQ=\/832x1000\/filters:quality(85)\/https%3A%2F%2Ftransdev.se%2Fwp-content%2Fuploads%2Fsites%2F4%2F2025%2F01%2Fe2aaa186-a18e-420b-8e7b-b63ef149047c.jpg 2x\" alt=\"\" data-src=\"https:\/\/images.ohmyhosting.se\/1zLt5m-jRcxI8DTU6n79Ae47Wiw=\/416x500\/filters:quality(85)\/https%3A%2F%2Ftransdev.se%2Fwp-content%2Fuploads%2Fsites%2F4%2F2025%2F01%2Fe2aaa186-a18e-420b-8e7b-b63ef149047c.jpg\" class=\"lazy\" \/><\/picture>\n                <\/div>\n                <div class=\"text-double-image__right-image\">\n                    <picture><img srcset=\"https:\/\/images.ohmyhosting.se\/74MzSLP6ae2Sg1GVZBHxoIDQhHg=\/416x500\/filters:quality(85)\/https%3A%2F%2Ftransdev.se%2Fwp-content%2Fuploads%2Fsites%2F4%2F2025%2F01%2F6b42cdbc-eaaa-4d60-b029-af8f35a3eb51.jpg 1x, https:\/\/images.ohmyhosting.se\/zAu4PYUGfdHQDwZ6sQ4LEdb0huw=\/832x1000\/filters:quality(85)\/https%3A%2F%2Ftransdev.se%2Fwp-content%2Fuploads%2Fsites%2F4%2F2025%2F01%2F6b42cdbc-eaaa-4d60-b029-af8f35a3eb51.jpg 2x\" alt=\"\" data-src=\"https:\/\/images.ohmyhosting.se\/74MzSLP6ae2Sg1GVZBHxoIDQhHg=\/416x500\/filters:quality(85)\/https%3A%2F%2Ftransdev.se%2Fwp-content%2Fuploads%2Fsites%2F4%2F2025%2F01%2F6b42cdbc-eaaa-4d60-b029-af8f35a3eb51.jpg\" class=\"lazy\" \/><\/picture>\n                <\/div>\n            <\/div>\n            <\/div>\n<\/div>","protected":false},"excerpt":{"rendered":"","protected":false},"author":6,"featured_media":0,"parent":0,"menu_order":0,"comment_status":"closed","ping_status":"closed","template":"","meta":{"_acf_changed":false,"footnotes":""},"class_list":["post-1888","page","type-page","status-publish","hentry"],"acf":[],"yoast_head":"<!-- This site is optimized with the Yoast SEO plugin v27.5 - https:\/\/yoast.com\/product\/yoast-seo-wordpress\/ -->\n<title>M\/S Sj\u00f6gull - Blid\u00f6sundsbolaget<\/title>\n<meta name=\"robots\" content=\"index, follow, max-snippet:-1, max-image-preview:large, max-video-preview:-1\" \/>\n<link rel=\"canonical\" href=\"https:\/\/blidosundsbolaget.se\/en\/charterfartyg-m-s-sjogull\/\" \/>\n<meta property=\"og:locale\" content=\"en_US\" \/>\n<meta property=\"og:type\" content=\"article\" \/>\n<meta property=\"og:title\" content=\"M\/S Sj\u00f6gull - Blid\u00f6sundsbolaget\" \/>\n<meta property=\"og:url\" content=\"https:\/\/blidosundsbolaget.se\/en\/charterfartyg-m-s-sjogull\/\" \/>\n<meta property=\"og:site_name\" content=\"Blid\u00f6sundsbolaget\" \/>\n<meta property=\"article:modified_time\" content=\"2026-02-03T13:49:06+00:00\" \/>\n<meta name=\"twitter:card\" content=\"summary_large_image\" \/>\n<script type=\"application\/ld+json\" class=\"yoast-schema-graph\">{\"@context\":\"https:\\\/\\\/schema.org\",\"@graph\":[{\"@type\":\"WebPage\",\"@id\":\"https:\\\/\\\/blidosundsbolaget.se\\\/en\\\/charterfartyg-m-s-sjogull\\\/\",\"url\":\"https:\\\/\\\/blidosundsbolaget.se\\\/en\\\/charterfartyg-m-s-sjogull\\\/\",\"name\":\"M\\\/S Sj\u00f6gull - Blid\u00f6sundsbolaget\",\"isPartOf\":{\"@id\":\"https:\\\/\\\/blidosundsbolaget.se\\\/en\\\/#website\"},\"datePublished\":\"2025-01-16T15:38:10+00:00\",\"dateModified\":\"2026-02-03T13:49:06+00:00\",\"breadcrumb\":{\"@id\":\"https:\\\/\\\/blidosundsbolaget.se\\\/en\\\/charterfartyg-m-s-sjogull\\\/#breadcrumb\"},\"inLanguage\":\"en-US\",\"potentialAction\":[{\"@type\":\"ReadAction\",\"target\":[\"https:\\\/\\\/blidosundsbolaget.se\\\/en\\\/charterfartyg-m-s-sjogull\\\/\"]}]},{\"@type\":\"BreadcrumbList\",\"@id\":\"https:\\\/\\\/blidosundsbolaget.se\\\/en\\\/charterfartyg-m-s-sjogull\\\/#breadcrumb\",\"itemListElement\":[{\"@type\":\"ListItem\",\"position\":1,\"name\":\"Home\",\"item\":\"https:\\\/\\\/blidosundsbolaget.se\\\/en\\\/\"},{\"@type\":\"ListItem\",\"position\":2,\"name\":\"M\\\/S Sj\u00f6gull\"}]},{\"@type\":\"WebSite\",\"@id\":\"https:\\\/\\\/blidosundsbolaget.se\\\/en\\\/#website\",\"url\":\"https:\\\/\\\/blidosundsbolaget.se\\\/en\\\/\",\"name\":\"Blid\u00f6sundsbolaget\",\"description\":\"\",\"publisher\":{\"@id\":\"https:\\\/\\\/blidosundsbolaget.se\\\/en\\\/#organization\"},\"potentialAction\":[{\"@type\":\"SearchAction\",\"target\":{\"@type\":\"EntryPoint\",\"urlTemplate\":\"https:\\\/\\\/blidosundsbolaget.se\\\/en\\\/?s={search_term_string}\"},\"query-input\":{\"@type\":\"PropertyValueSpecification\",\"valueRequired\":true,\"valueName\":\"search_term_string\"}}],\"inLanguage\":\"en-US\"},{\"@type\":\"Organization\",\"@id\":\"https:\\\/\\\/blidosundsbolaget.se\\\/en\\\/#organization\",\"name\":\"Blid\u00f6sundsbolaget\",\"url\":\"https:\\\/\\\/blidosundsbolaget.se\\\/en\\\/\",\"logo\":{\"@type\":\"ImageObject\",\"inLanguage\":\"en-US\",\"@id\":\"https:\\\/\\\/blidosundsbolaget.se\\\/en\\\/#\\\/schema\\\/logo\\\/image\\\/\",\"url\":\"https:\\\/\\\/transdev.se\\\/wp-content\\\/uploads\\\/sites\\\/4\\\/2025\\\/03\\\/Blidosundsbolaget-symbol-_blue_RGB.png\",\"contentUrl\":\"https:\\\/\\\/transdev.se\\\/wp-content\\\/uploads\\\/sites\\\/4\\\/2025\\\/03\\\/Blidosundsbolaget-symbol-_blue_RGB.png\",\"width\":1187,\"height\":1186,\"caption\":\"Blid\u00f6sundsbolaget\"},\"image\":{\"@id\":\"https:\\\/\\\/blidosundsbolaget.se\\\/en\\\/#\\\/schema\\\/logo\\\/image\\\/\"}}]}<\/script>\n<!-- \/ Yoast SEO plugin. -->","yoast_head_json":{"title":"M\/S Sj\u00f6gull - Blid\u00f6sundsbolaget","robots":{"index":"index","follow":"follow","max-snippet":"max-snippet:-1","max-image-preview":"max-image-preview:large","max-video-preview":"max-video-preview:-1"},"canonical":"https:\/\/blidosundsbolaget.se\/en\/charterfartyg-m-s-sjogull\/","og_locale":"en_US","og_type":"article","og_title":"M\/S Sj\u00f6gull - Blid\u00f6sundsbolaget","og_url":"https:\/\/blidosundsbolaget.se\/en\/charterfartyg-m-s-sjogull\/","og_site_name":"Blid\u00f6sundsbolaget","article_modified_time":"2026-02-03T13:49:06+00:00","twitter_card":"summary_large_image","schema":{"@context":"https:\/\/schema.org","@graph":[{"@type":"WebPage","@id":"https:\/\/blidosundsbolaget.se\/en\/charterfartyg-m-s-sjogull\/","url":"https:\/\/blidosundsbolaget.se\/en\/charterfartyg-m-s-sjogull\/","name":"M\/S Sj\u00f6gull - Blid\u00f6sundsbolaget","isPartOf":{"@id":"https:\/\/blidosundsbolaget.se\/en\/#website"},"datePublished":"2025-01-16T15:38:10+00:00","dateModified":"2026-02-03T13:49:06+00:00","breadcrumb":{"@id":"https:\/\/blidosundsbolaget.se\/en\/charterfartyg-m-s-sjogull\/#breadcrumb"},"inLanguage":"en-US","potentialAction":[{"@type":"ReadAction","target":["https:\/\/blidosundsbolaget.se\/en\/charterfartyg-m-s-sjogull\/"]}]},{"@type":"BreadcrumbList","@id":"https:\/\/blidosundsbolaget.se\/en\/charterfartyg-m-s-sjogull\/#breadcrumb","itemListElement":[{"@type":"ListItem","position":1,"name":"Home","item":"https:\/\/blidosundsbolaget.se\/en\/"},{"@type":"ListItem","position":2,"name":"M\/S Sj\u00f6gull"}]},{"@type":"WebSite","@id":"https:\/\/blidosundsbolaget.se\/en\/#website","url":"https:\/\/blidosundsbolaget.se\/en\/","name":"Blid\u00f6sundsbolaget","description":"","publisher":{"@id":"https:\/\/blidosundsbolaget.se\/en\/#organization"},"potentialAction":[{"@type":"SearchAction","target":{"@type":"EntryPoint","urlTemplate":"https:\/\/blidosundsbolaget.se\/en\/?s={search_term_string}"},"query-input":{"@type":"PropertyValueSpecification","valueRequired":true,"valueName":"search_term_string"}}],"inLanguage":"en-US"},{"@type":"Organization","@id":"https:\/\/blidosundsbolaget.se\/en\/#organization","name":"Blid\u00f6sundsbolaget","url":"https:\/\/blidosundsbolaget.se\/en\/","logo":{"@type":"ImageObject","inLanguage":"en-US","@id":"https:\/\/blidosundsbolaget.se\/en\/#\/schema\/logo\/image\/","url":"https:\/\/transdev.se\/wp-content\/uploads\/sites\/4\/2025\/03\/Blidosundsbolaget-symbol-_blue_RGB.png","contentUrl":"https:\/\/transdev.se\/wp-content\/uploads\/sites\/4\/2025\/03\/Blidosundsbolaget-symbol-_blue_RGB.png","width":1187,"height":1186,"caption":"Blid\u00f6sundsbolaget"},"image":{"@id":"https:\/\/blidosundsbolaget.se\/en\/#\/schema\/logo\/image\/"}}]}},"_links":{"self":[{"href":"https:\/\/blidosundsbolaget.se\/en\/wp-json\/wp\/v2\/pages\/1888","targetHints":{"allow":["GET"]}}],"collection":[{"href":"https:\/\/blidosundsbolaget.se\/en\/wp-json\/wp\/v2\/pages"}],"about":[{"href":"https:\/\/blidosundsbolaget.se\/en\/wp-json\/wp\/v2\/types\/page"}],"author":[{"embeddable":true,"href":"https:\/\/blidosundsbolaget.se\/en\/wp-json\/wp\/v2\/users\/6"}],"replies":[{"embeddable":true,"href":"https:\/\/blidosundsbolaget.se\/en\/wp-json\/wp\/v2\/comments?post=1888"}],"version-history":[{"count":20,"href":"https:\/\/blidosundsbolaget.se\/en\/wp-json\/wp\/v2\/pages\/1888\/revisions"}],"predecessor-version":[{"id":9544,"href":"https:\/\/blidosundsbolaget.se\/en\/wp-json\/wp\/v2\/pages\/1888\/revisions\/9544"}],"wp:attachment":[{"href":"https:\/\/blidosundsbolaget.se\/en\/wp-json\/wp\/v2\/media?parent=1888"}],"curies":[{"name":"wp","href":"https:\/\/api.w.org\/{rel}","templated":true}]}}