{"id":2213,"date":"2025-01-21T09:21:35","date_gmt":"2025-01-21T08:21:35","guid":{"rendered":"https:\/\/blidosundsbolaget.se\/?page_id=2213"},"modified":"2026-02-03T15:48:07","modified_gmt":"2026-02-03T14:48:07","slug":"charterfartyg-m-s-rex","status":"publish","type":"page","link":"https:\/\/blidosundsbolaget.se\/en\/charterfartyg-m-s-rex\/","title":{"rendered":"M\/S Rex"},"content":{"rendered":"<div\nclass=\"text-image container-px container-my\"\n\n    data-color-theme=white\n    data-color-theme-brightness=light\n>\n    <div\n    class=\"text-image__inner container mx-auto\"\n    >\n        <div\n        class=\"text-image__content-wrap order-1 md:order-2\">\n            <article\n            class=\"text-image__content\">\n                                    <span class=\"heading-sm font-normal mb-2 block title-theme-color\">\n                        Bra att veta inf\u00f6r er bokning\n                    <\/span>\n                \n                <h2 class=\"heading-md md:heading-lg title-theme-color   mb-3.5 \">\n                    Fakta M\/S Rex\n                <\/h2>\n\n                \n                                    <div class=\"body-sm text-theme-color wysiwyg\">\n                        <p><strong>Hemmakaj:<\/strong> Skeppsbron kajplats 101, nedanf\u00f6r slottet<\/p>\n<p><strong>Antal personer inkl bes\u00e4ttning:<\/strong> max 150 personer<br \/>\nBes\u00e4ttningens storlek anpassas efter gruppens storlek och uppl\u00e4gget f\u00f6r er kryssning.<\/p>\n<p><strong>Minimum f\u00f6r uthyrning:<\/strong> 30 personer<\/p>\n<p><strong>Antal sittplatser i salongen:<\/strong> 59 platser vid bord samt ytterligare ca 14 platser utan bord.<\/p>\n<p><strong>Antal sittplatser vid fasta b\u00e4nkar p\u00e5 \u00f6vre d\u00e4ck:<\/strong> 42 platser<\/p>\n<p><strong>Mingelplats p\u00e5 \u00f6vre d\u00e4ck:<\/strong> runt 50 personer<\/p>\n<p><strong>Ljudanl\u00e4ggning:<\/strong> Det finns ingen musikanl\u00e4ggning ombord, \u00f6nskar ni ha musik och dans beh\u00f6ver en DJ med anl\u00e4ggning hyras in. Detta kan ni ordna med sj\u00e4lva, eller s\u00e5 kan vi hj\u00e4lpa till med att ta fram pris p\u00e5 det. Mikrofon med sladd finns vid bardisken i salongen och h\u00f6rs i salongen (ej \u00f6vre d\u00e4ck).<\/p>\n<p><strong>Dryck och tilltugg:<\/strong> Till skillnad fr\u00e5n systerfartyget M\/S Riddarfj\u00e4rden har M\/S Rex inget k\u00f6k ombord, men vi kan ordna med dryck och tilltugg.<\/p>\n<p><strong>Tillg\u00e4nglighet:<\/strong> M\/S Rex \u00e4r tillg\u00e4nglighetsanpassad p\u00e5 entr\u00e9d\u00e4ck med en tillg\u00e4nglighetsanpassad toalett. Till \u00f6vre d\u00e4ck finns enbart en trappa, ingen hiss.<\/p>\n<p><strong>Marschfart:<\/strong> 9 knop<\/p>\n\n                    <\/div>\n                \n                                    <div class=\"mt-4 flex flex-wrap gap-4\">\n                        <a\n        href=\"https:\/\/transdev.se\/wp-content\/uploads\/sites\/4\/2026\/02\/Infoblad_Rex_2026.pdf\"\n                class=\"button button--black inline-block\">\n            Infoblad\n        <\/a>\n                        <\/div>\n                \n                            <\/article>\n        <\/div>\n\n                    <div class=\"text-image__image-wrap order-2 md:order-1\">\n                <picture><source media=\"(max-width:415px)\" data-srcset=\"https:\/\/images.ohmyhosting.se\/ylHyiMuu-IMFF7BIyTjuu7Cd_7M=\/415x320\/filters:quality(85)\/https%3A%2F%2Ftransdev.se%2Fwp-content%2Fuploads%2Fsites%2F4%2F2025%2F01%2F771a68e3-8aec-4a6b-a25e-3c13f6ea0d8e.jpg 1x, https:\/\/images.ohmyhosting.se\/ShPSM7iCTxKvLbR5ycfEc0l_ucw=\/830x640\/filters:quality(85)\/https%3A%2F%2Ftransdev.se%2Fwp-content%2Fuploads%2Fsites%2F4%2F2025%2F01%2F771a68e3-8aec-4a6b-a25e-3c13f6ea0d8e.jpg 2x\"><source media=\"(max-width:820px)\" data-srcset=\"https:\/\/images.ohmyhosting.se\/kSmSnLX7E6lfYO9KumRVo195dDA=\/765x583\/filters:quality(85)\/https%3A%2F%2Ftransdev.se%2Fwp-content%2Fuploads%2Fsites%2F4%2F2025%2F01%2F771a68e3-8aec-4a6b-a25e-3c13f6ea0d8e.jpg 1x, https:\/\/images.ohmyhosting.se\/Au2bojGu1M7mA-r2NOjTIpScJ28=\/1530x1166\/filters:quality(85)\/https%3A%2F%2Ftransdev.se%2Fwp-content%2Fuploads%2Fsites%2F4%2F2025%2F01%2F771a68e3-8aec-4a6b-a25e-3c13f6ea0d8e.jpg 2x\"><img srcset=\"https:\/\/images.ohmyhosting.se\/MEcbdWRd_gxjra0FfjjHfXxRuOE=\/638x431\/filters:quality(85)\/https%3A%2F%2Ftransdev.se%2Fwp-content%2Fuploads%2Fsites%2F4%2F2025%2F01%2F771a68e3-8aec-4a6b-a25e-3c13f6ea0d8e.jpg 1x, https:\/\/images.ohmyhosting.se\/V2nVTyg2NDEEOWNv-7BTLCXBrPQ=\/1276x862\/filters:quality(85)\/https%3A%2F%2Ftransdev.se%2Fwp-content%2Fuploads%2Fsites%2F4%2F2025%2F01%2F771a68e3-8aec-4a6b-a25e-3c13f6ea0d8e.jpg 2x\" alt=\"\" data-src=\"https:\/\/images.ohmyhosting.se\/MEcbdWRd_gxjra0FfjjHfXxRuOE=\/638x431\/filters:quality(85)\/https%3A%2F%2Ftransdev.se%2Fwp-content%2Fuploads%2Fsites%2F4%2F2025%2F01%2F771a68e3-8aec-4a6b-a25e-3c13f6ea0d8e.jpg\" class=\"lazy\" \/><\/picture>\n            <\/div>\n            <\/div>\n<\/div>\n\n<div\nclass=\"text-double-image container-px container-py\"\ndata-color-theme=\"green-light\"\ndata-color-theme-brightness=\"light\">\n    <div class=\"text-double-image__inner container mx-auto\">\n        <article\n        class=\"text-double-image__content\">\n                            <span class=\"heading-sm font-normal mb-2 block title-theme-color\">\n                    Historia\n                <\/span>\n            \n            <h2 class=\"heading-md md:heading-lg title-theme-color\">\n                Fakta om fartyget\n            <\/h2>\n\n            \n                            <div class=\"body-sm mt-[30px] text-theme-color\">\n                    <p>Detta isbrytande klassiska fartyg som byggdes 1937 som M\/S Vesta f\u00f6r att vara Styrs\u00f6bolagets vinterfartyg i G\u00f6teborgs sk\u00e4rg\u00e5rd har genomg\u00e5tt m\u00e5nga faser i sitt l\u00e5nga liv och kom Stockholms sk\u00e4rg\u00e5rd efter en drygt tio\u00e5rig exil i Oslo. Hon har sedan 2016 \u00e5terf\u00f6renats med sin syster fr\u00e5n V\u00e4stkusten, M\/S Riddarfj\u00e4rden (byggd 1936 som M\/S Disa) och \u00e4r med sin mysiga salong och sitt stora sold\u00e4ck den perfekta b\u00e5ten f\u00f6r transporter och mingel i Stockholms sk\u00e4rg\u00e5rd! <\/p>\n\n                <\/div>\n            \n            \n                    <\/article>\n\n                    <div class=\"text-double-image__image-wrap\">\n                <div class=\"text-double-image__left-image\">\n                    <picture><img srcset=\"https:\/\/images.ohmyhosting.se\/v8SEFr9LkkGJGAMMJh6og7maWPc=\/416x500\/filters:quality(85)\/https%3A%2F%2Ftransdev.se%2Fwp-content%2Fuploads%2Fsites%2F4%2F2025%2F01%2Fa45f8a05-267f-4d04-815e-06cd486ca3aa.jpg 1x, https:\/\/images.ohmyhosting.se\/JJk9LDnOpLg4_9LeshIh7_jUszM=\/832x1000\/filters:quality(85)\/https%3A%2F%2Ftransdev.se%2Fwp-content%2Fuploads%2Fsites%2F4%2F2025%2F01%2Fa45f8a05-267f-4d04-815e-06cd486ca3aa.jpg 2x\" alt=\"\" data-src=\"https:\/\/images.ohmyhosting.se\/v8SEFr9LkkGJGAMMJh6og7maWPc=\/416x500\/filters:quality(85)\/https%3A%2F%2Ftransdev.se%2Fwp-content%2Fuploads%2Fsites%2F4%2F2025%2F01%2Fa45f8a05-267f-4d04-815e-06cd486ca3aa.jpg\" class=\"lazy\" \/><\/picture>\n                <\/div>\n                <div class=\"text-double-image__right-image\">\n                    <picture><img srcset=\"https:\/\/images.ohmyhosting.se\/DOx3yoZtdxzRfzqMYlaWIYHAASs=\/416x500\/filters:quality(85)\/https%3A%2F%2Ftransdev.se%2Fwp-content%2Fuploads%2Fsites%2F4%2F2026%2F01%2FRex-infoblad-framsida-ny.jpg 1x, https:\/\/images.ohmyhosting.se\/LvTYZH_cgPHr7KG1JCLfnWhBDbk=\/832x1000\/filters:quality(85)\/https%3A%2F%2Ftransdev.se%2Fwp-content%2Fuploads%2Fsites%2F4%2F2026%2F01%2FRex-infoblad-framsida-ny.jpg 2x\" alt=\"\" data-src=\"https:\/\/images.ohmyhosting.se\/DOx3yoZtdxzRfzqMYlaWIYHAASs=\/416x500\/filters:quality(85)\/https%3A%2F%2Ftransdev.se%2Fwp-content%2Fuploads%2Fsites%2F4%2F2026%2F01%2FRex-infoblad-framsida-ny.jpg\" class=\"lazy\" \/><\/picture>\n                <\/div>\n            <\/div>\n            <\/div>\n<\/div>","protected":false},"excerpt":{"rendered":"","protected":false},"author":30,"featured_media":0,"parent":0,"menu_order":0,"comment_status":"closed","ping_status":"closed","template":"","meta":{"_acf_changed":false,"footnotes":""},"class_list":["post-2213","page","type-page","status-publish","hentry"],"acf":[],"yoast_head":"<!-- This site is optimized with the Yoast SEO plugin v27.4 - https:\/\/yoast.com\/product\/yoast-seo-wordpress\/ -->\n<title>M\/S Rex - Blid\u00f6sundsbolaget<\/title>\n<meta name=\"robots\" content=\"index, follow, max-snippet:-1, max-image-preview:large, max-video-preview:-1\" \/>\n<link rel=\"canonical\" href=\"https:\/\/blidosundsbolaget.se\/en\/charterfartyg-m-s-rex\/\" \/>\n<meta property=\"og:locale\" content=\"en_US\" \/>\n<meta property=\"og:type\" content=\"article\" \/>\n<meta property=\"og:title\" content=\"M\/S Rex - Blid\u00f6sundsbolaget\" \/>\n<meta property=\"og:url\" content=\"https:\/\/blidosundsbolaget.se\/en\/charterfartyg-m-s-rex\/\" \/>\n<meta property=\"og:site_name\" content=\"Blid\u00f6sundsbolaget\" \/>\n<meta property=\"article:modified_time\" content=\"2026-02-03T14:48:07+00:00\" \/>\n<meta name=\"twitter:card\" content=\"summary_large_image\" \/>\n<script type=\"application\/ld+json\" class=\"yoast-schema-graph\">{\"@context\":\"https:\\\/\\\/schema.org\",\"@graph\":[{\"@type\":\"WebPage\",\"@id\":\"https:\\\/\\\/blidosundsbolaget.se\\\/en\\\/charterfartyg-m-s-rex\\\/\",\"url\":\"https:\\\/\\\/blidosundsbolaget.se\\\/en\\\/charterfartyg-m-s-rex\\\/\",\"name\":\"M\\\/S Rex - Blid\u00f6sundsbolaget\",\"isPartOf\":{\"@id\":\"https:\\\/\\\/blidosundsbolaget.se\\\/en\\\/#website\"},\"datePublished\":\"2025-01-21T08:21:35+00:00\",\"dateModified\":\"2026-02-03T14:48:07+00:00\",\"breadcrumb\":{\"@id\":\"https:\\\/\\\/blidosundsbolaget.se\\\/en\\\/charterfartyg-m-s-rex\\\/#breadcrumb\"},\"inLanguage\":\"en-US\",\"potentialAction\":[{\"@type\":\"ReadAction\",\"target\":[\"https:\\\/\\\/blidosundsbolaget.se\\\/en\\\/charterfartyg-m-s-rex\\\/\"]}]},{\"@type\":\"BreadcrumbList\",\"@id\":\"https:\\\/\\\/blidosundsbolaget.se\\\/en\\\/charterfartyg-m-s-rex\\\/#breadcrumb\",\"itemListElement\":[{\"@type\":\"ListItem\",\"position\":1,\"name\":\"Home\",\"item\":\"https:\\\/\\\/blidosundsbolaget.se\\\/en\\\/\"},{\"@type\":\"ListItem\",\"position\":2,\"name\":\"M\\\/S Rex\"}]},{\"@type\":\"WebSite\",\"@id\":\"https:\\\/\\\/blidosundsbolaget.se\\\/en\\\/#website\",\"url\":\"https:\\\/\\\/blidosundsbolaget.se\\\/en\\\/\",\"name\":\"Blid\u00f6sundsbolaget\",\"description\":\"\",\"publisher\":{\"@id\":\"https:\\\/\\\/blidosundsbolaget.se\\\/en\\\/#organization\"},\"potentialAction\":[{\"@type\":\"SearchAction\",\"target\":{\"@type\":\"EntryPoint\",\"urlTemplate\":\"https:\\\/\\\/blidosundsbolaget.se\\\/en\\\/?s={search_term_string}\"},\"query-input\":{\"@type\":\"PropertyValueSpecification\",\"valueRequired\":true,\"valueName\":\"search_term_string\"}}],\"inLanguage\":\"en-US\"},{\"@type\":\"Organization\",\"@id\":\"https:\\\/\\\/blidosundsbolaget.se\\\/en\\\/#organization\",\"name\":\"Blid\u00f6sundsbolaget\",\"url\":\"https:\\\/\\\/blidosundsbolaget.se\\\/en\\\/\",\"logo\":{\"@type\":\"ImageObject\",\"inLanguage\":\"en-US\",\"@id\":\"https:\\\/\\\/blidosundsbolaget.se\\\/en\\\/#\\\/schema\\\/logo\\\/image\\\/\",\"url\":\"https:\\\/\\\/transdev.se\\\/wp-content\\\/uploads\\\/sites\\\/4\\\/2025\\\/03\\\/Blidosundsbolaget-symbol-_blue_RGB.png\",\"contentUrl\":\"https:\\\/\\\/transdev.se\\\/wp-content\\\/uploads\\\/sites\\\/4\\\/2025\\\/03\\\/Blidosundsbolaget-symbol-_blue_RGB.png\",\"width\":1187,\"height\":1186,\"caption\":\"Blid\u00f6sundsbolaget\"},\"image\":{\"@id\":\"https:\\\/\\\/blidosundsbolaget.se\\\/en\\\/#\\\/schema\\\/logo\\\/image\\\/\"}}]}<\/script>\n<!-- \/ Yoast SEO plugin. -->","yoast_head_json":{"title":"M\/S Rex - Blid\u00f6sundsbolaget","robots":{"index":"index","follow":"follow","max-snippet":"max-snippet:-1","max-image-preview":"max-image-preview:large","max-video-preview":"max-video-preview:-1"},"canonical":"https:\/\/blidosundsbolaget.se\/en\/charterfartyg-m-s-rex\/","og_locale":"en_US","og_type":"article","og_title":"M\/S Rex - Blid\u00f6sundsbolaget","og_url":"https:\/\/blidosundsbolaget.se\/en\/charterfartyg-m-s-rex\/","og_site_name":"Blid\u00f6sundsbolaget","article_modified_time":"2026-02-03T14:48:07+00:00","twitter_card":"summary_large_image","schema":{"@context":"https:\/\/schema.org","@graph":[{"@type":"WebPage","@id":"https:\/\/blidosundsbolaget.se\/en\/charterfartyg-m-s-rex\/","url":"https:\/\/blidosundsbolaget.se\/en\/charterfartyg-m-s-rex\/","name":"M\/S Rex - Blid\u00f6sundsbolaget","isPartOf":{"@id":"https:\/\/blidosundsbolaget.se\/en\/#website"},"datePublished":"2025-01-21T08:21:35+00:00","dateModified":"2026-02-03T14:48:07+00:00","breadcrumb":{"@id":"https:\/\/blidosundsbolaget.se\/en\/charterfartyg-m-s-rex\/#breadcrumb"},"inLanguage":"en-US","potentialAction":[{"@type":"ReadAction","target":["https:\/\/blidosundsbolaget.se\/en\/charterfartyg-m-s-rex\/"]}]},{"@type":"BreadcrumbList","@id":"https:\/\/blidosundsbolaget.se\/en\/charterfartyg-m-s-rex\/#breadcrumb","itemListElement":[{"@type":"ListItem","position":1,"name":"Home","item":"https:\/\/blidosundsbolaget.se\/en\/"},{"@type":"ListItem","position":2,"name":"M\/S Rex"}]},{"@type":"WebSite","@id":"https:\/\/blidosundsbolaget.se\/en\/#website","url":"https:\/\/blidosundsbolaget.se\/en\/","name":"Blid\u00f6sundsbolaget","description":"","publisher":{"@id":"https:\/\/blidosundsbolaget.se\/en\/#organization"},"potentialAction":[{"@type":"SearchAction","target":{"@type":"EntryPoint","urlTemplate":"https:\/\/blidosundsbolaget.se\/en\/?s={search_term_string}"},"query-input":{"@type":"PropertyValueSpecification","valueRequired":true,"valueName":"search_term_string"}}],"inLanguage":"en-US"},{"@type":"Organization","@id":"https:\/\/blidosundsbolaget.se\/en\/#organization","name":"Blid\u00f6sundsbolaget","url":"https:\/\/blidosundsbolaget.se\/en\/","logo":{"@type":"ImageObject","inLanguage":"en-US","@id":"https:\/\/blidosundsbolaget.se\/en\/#\/schema\/logo\/image\/","url":"https:\/\/transdev.se\/wp-content\/uploads\/sites\/4\/2025\/03\/Blidosundsbolaget-symbol-_blue_RGB.png","contentUrl":"https:\/\/transdev.se\/wp-content\/uploads\/sites\/4\/2025\/03\/Blidosundsbolaget-symbol-_blue_RGB.png","width":1187,"height":1186,"caption":"Blid\u00f6sundsbolaget"},"image":{"@id":"https:\/\/blidosundsbolaget.se\/en\/#\/schema\/logo\/image\/"}}]}},"_links":{"self":[{"href":"https:\/\/blidosundsbolaget.se\/en\/wp-json\/wp\/v2\/pages\/2213","targetHints":{"allow":["GET"]}}],"collection":[{"href":"https:\/\/blidosundsbolaget.se\/en\/wp-json\/wp\/v2\/pages"}],"about":[{"href":"https:\/\/blidosundsbolaget.se\/en\/wp-json\/wp\/v2\/types\/page"}],"author":[{"embeddable":true,"href":"https:\/\/blidosundsbolaget.se\/en\/wp-json\/wp\/v2\/users\/30"}],"replies":[{"embeddable":true,"href":"https:\/\/blidosundsbolaget.se\/en\/wp-json\/wp\/v2\/comments?post=2213"}],"version-history":[{"count":14,"href":"https:\/\/blidosundsbolaget.se\/en\/wp-json\/wp\/v2\/pages\/2213\/revisions"}],"predecessor-version":[{"id":9554,"href":"https:\/\/blidosundsbolaget.se\/en\/wp-json\/wp\/v2\/pages\/2213\/revisions\/9554"}],"wp:attachment":[{"href":"https:\/\/blidosundsbolaget.se\/en\/wp-json\/wp\/v2\/media?parent=2213"}],"curies":[{"name":"wp","href":"https:\/\/api.w.org\/{rel}","templated":true}]}}