{"id":2654,"date":"2025-01-24T14:32:05","date_gmt":"2025-01-24T13:32:05","guid":{"rendered":"https:\/\/blidosundsbolaget.se\/?page_id=2654"},"modified":"2025-02-18T14:46:24","modified_gmt":"2025-02-18T13:46:24","slug":"bokningsforfragan","status":"publish","type":"page","link":"https:\/\/blidosundsbolaget.se\/en\/bokningsforfragan\/","title":{"rendered":"Bokningsf\u00f6rfr\u00e5gan"},"content":{"rendered":"<div\nclass=\"contact-block container-px container mx-auto container-py\"\ndata-color-theme=\"light-blue\"\ndata-color-theme-brightness=\"light\">\n\n    <div class=\"flex flex-col gap-20\">\n                    <article class=\"w-full\">\n                <h2 class=\"heading-sm sm:heading-lg title-theme-color\">\n                    Skicka bokningsf\u00f6rfr\u00e5gan\n                <\/h2>\n\n                                    <div class=\"body-sm mt-4 sm:mt-[30px] text-theme-color wysiwyg\">\n                        <p>Lorem ipsum dolor sit amet consectetur. Et parturient sed diam posuere elit non amet leo. Aliquam viverra id sit neque felis. Nunc bibendum non pulvinar nunc diam at eget dolor. Nec enim iaculis phasellus nulla enim sed rutrum. Egestas convallis netus sociis mauris. Lorem integer faucibus a velit ut purus at.<\/p>\n<p>L\u00e4s mer om hur [rederiet] hanterar personuppgifter p\u00e5 [url]<br \/>\nGenom att skicka in blankett godk\u00e4nner du att uppgifterna lagras i enlighet med [rederiets] integritetspolicy.<\/p>\n\n                    <\/div>\n                \n            <\/article>\n        \n        <div\n        id=\"VueBookingRequestForm\"\n        class=\"w-full\">\n            <booking-request-form-component\n                form-terms-text=\"&lt;p&gt;Jag godk\u00e4nner att Transdev sparar mina uppgifter i syfte att &amp;#8230;&lt;\/p&gt;\n\"\n                form-title=\"Mina uppgifter\"\n                cruise-options=\"[{&quot;cruise_name&quot;:&quot;Lunchkryssning&quot;},{&quot;cruise_name&quot;:&quot;Middagskryssning&quot;},{&quot;cruise_name&quot;:&quot;Heldagskryssning i sk\\u00e4rg\\u00e5rden&quot;}]\"\n                                name-label=\"Namn*:\"\n                                company-label=\"F\u00f6retag\/f\u00f6rening:\"\n                                email-label=\"Epostadress*:\"\n                                phone-label=\"Telefonnummer*:\"\n                                date-label=\"Datum*:\"\n                                cruise-type-label=\"V\u00e4lj typ av kryssning*:\"\n                                quantity-label=\"Antal passagerare*:\"\n                                message-label=\"\u00d6nskat uppl\u00e4gg f\u00f6r kryssningen:\"\n                                submit-button-text=\"Skicka bokningsf\u00f6rfr\u00e5gan\"\n                                success-message=\"Tack f\u00f6r din f\u00f6rfr\u00e5gan!\"\n                                error-message=\"N\u00e5got gick fel. F\u00f6rs\u00f6k igen senare.\"\n                                name-placeholder=\"Ange ditt namn\"\n                                company-placeholder=\"Ange f\u00f6retag\/f\u00f6rening\"\n                                email-placeholder=\"Ange din epostadress\"\n                                phone-placeholder=\"Ange ditt telefonnummer\"\n                                date-placeholder=\"Ange \u00f6nskat datum\"\n                                cruise-type-placeholder=\"V\u00e4lj typ av kryssning\"\n                                quantity-placeholder=\"Ange antal passagerare\"\n                                message-placeholder=\"Ange ditt meddelande h\u00e4r...\"\n                            ><\/booking-request-form-component>\n        <\/div>\n    <\/div>\n<\/div>","protected":false},"excerpt":{"rendered":"","protected":false},"author":1,"featured_media":0,"parent":0,"menu_order":0,"comment_status":"closed","ping_status":"closed","template":"","meta":{"_acf_changed":false,"footnotes":""},"class_list":["post-2654","page","type-page","status-publish","hentry"],"acf":[],"yoast_head":"<!-- This site is optimized with the Yoast SEO plugin v27.4 - https:\/\/yoast.com\/product\/yoast-seo-wordpress\/ -->\n<title>Bokningsf\u00f6rfr\u00e5gan - Blid\u00f6sundsbolaget<\/title>\n<meta name=\"robots\" content=\"index, follow, max-snippet:-1, max-image-preview:large, max-video-preview:-1\" \/>\n<link rel=\"canonical\" href=\"https:\/\/blidosundsbolaget.se\/en\/bokningsforfragan\/\" \/>\n<meta property=\"og:locale\" content=\"en_US\" \/>\n<meta property=\"og:type\" content=\"article\" \/>\n<meta property=\"og:title\" content=\"Bokningsf\u00f6rfr\u00e5gan - Blid\u00f6sundsbolaget\" \/>\n<meta property=\"og:url\" content=\"https:\/\/blidosundsbolaget.se\/en\/bokningsforfragan\/\" \/>\n<meta property=\"og:site_name\" content=\"Blid\u00f6sundsbolaget\" \/>\n<meta property=\"article:modified_time\" content=\"2025-02-18T13:46:24+00:00\" \/>\n<meta name=\"twitter:card\" content=\"summary_large_image\" \/>\n<script type=\"application\/ld+json\" class=\"yoast-schema-graph\">{\"@context\":\"https:\\\/\\\/schema.org\",\"@graph\":[{\"@type\":\"WebPage\",\"@id\":\"https:\\\/\\\/blidosundsbolaget.se\\\/en\\\/bokningsforfragan\\\/\",\"url\":\"https:\\\/\\\/blidosundsbolaget.se\\\/en\\\/bokningsforfragan\\\/\",\"name\":\"Bokningsf\u00f6rfr\u00e5gan - Blid\u00f6sundsbolaget\",\"isPartOf\":{\"@id\":\"https:\\\/\\\/blidosundsbolaget.se\\\/en\\\/#website\"},\"datePublished\":\"2025-01-24T13:32:05+00:00\",\"dateModified\":\"2025-02-18T13:46:24+00:00\",\"breadcrumb\":{\"@id\":\"https:\\\/\\\/blidosundsbolaget.se\\\/en\\\/bokningsforfragan\\\/#breadcrumb\"},\"inLanguage\":\"en-US\",\"potentialAction\":[{\"@type\":\"ReadAction\",\"target\":[\"https:\\\/\\\/blidosundsbolaget.se\\\/en\\\/bokningsforfragan\\\/\"]}]},{\"@type\":\"BreadcrumbList\",\"@id\":\"https:\\\/\\\/blidosundsbolaget.se\\\/en\\\/bokningsforfragan\\\/#breadcrumb\",\"itemListElement\":[{\"@type\":\"ListItem\",\"position\":1,\"name\":\"Home\",\"item\":\"https:\\\/\\\/blidosundsbolaget.se\\\/en\\\/\"},{\"@type\":\"ListItem\",\"position\":2,\"name\":\"Bokningsf\u00f6rfr\u00e5gan\"}]},{\"@type\":\"WebSite\",\"@id\":\"https:\\\/\\\/blidosundsbolaget.se\\\/en\\\/#website\",\"url\":\"https:\\\/\\\/blidosundsbolaget.se\\\/en\\\/\",\"name\":\"Blid\u00f6sundsbolaget\",\"description\":\"\",\"publisher\":{\"@id\":\"https:\\\/\\\/blidosundsbolaget.se\\\/en\\\/#organization\"},\"potentialAction\":[{\"@type\":\"SearchAction\",\"target\":{\"@type\":\"EntryPoint\",\"urlTemplate\":\"https:\\\/\\\/blidosundsbolaget.se\\\/en\\\/?s={search_term_string}\"},\"query-input\":{\"@type\":\"PropertyValueSpecification\",\"valueRequired\":true,\"valueName\":\"search_term_string\"}}],\"inLanguage\":\"en-US\"},{\"@type\":\"Organization\",\"@id\":\"https:\\\/\\\/blidosundsbolaget.se\\\/en\\\/#organization\",\"name\":\"Blid\u00f6sundsbolaget\",\"url\":\"https:\\\/\\\/blidosundsbolaget.se\\\/en\\\/\",\"logo\":{\"@type\":\"ImageObject\",\"inLanguage\":\"en-US\",\"@id\":\"https:\\\/\\\/blidosundsbolaget.se\\\/en\\\/#\\\/schema\\\/logo\\\/image\\\/\",\"url\":\"https:\\\/\\\/transdev.se\\\/wp-content\\\/uploads\\\/sites\\\/4\\\/2025\\\/03\\\/Blidosundsbolaget-symbol-_blue_RGB.png\",\"contentUrl\":\"https:\\\/\\\/transdev.se\\\/wp-content\\\/uploads\\\/sites\\\/4\\\/2025\\\/03\\\/Blidosundsbolaget-symbol-_blue_RGB.png\",\"width\":1187,\"height\":1186,\"caption\":\"Blid\u00f6sundsbolaget\"},\"image\":{\"@id\":\"https:\\\/\\\/blidosundsbolaget.se\\\/en\\\/#\\\/schema\\\/logo\\\/image\\\/\"}}]}<\/script>\n<!-- \/ Yoast SEO plugin. -->","yoast_head_json":{"title":"Bokningsf\u00f6rfr\u00e5gan - Blid\u00f6sundsbolaget","robots":{"index":"index","follow":"follow","max-snippet":"max-snippet:-1","max-image-preview":"max-image-preview:large","max-video-preview":"max-video-preview:-1"},"canonical":"https:\/\/blidosundsbolaget.se\/en\/bokningsforfragan\/","og_locale":"en_US","og_type":"article","og_title":"Bokningsf\u00f6rfr\u00e5gan - Blid\u00f6sundsbolaget","og_url":"https:\/\/blidosundsbolaget.se\/en\/bokningsforfragan\/","og_site_name":"Blid\u00f6sundsbolaget","article_modified_time":"2025-02-18T13:46:24+00:00","twitter_card":"summary_large_image","schema":{"@context":"https:\/\/schema.org","@graph":[{"@type":"WebPage","@id":"https:\/\/blidosundsbolaget.se\/en\/bokningsforfragan\/","url":"https:\/\/blidosundsbolaget.se\/en\/bokningsforfragan\/","name":"Bokningsf\u00f6rfr\u00e5gan - Blid\u00f6sundsbolaget","isPartOf":{"@id":"https:\/\/blidosundsbolaget.se\/en\/#website"},"datePublished":"2025-01-24T13:32:05+00:00","dateModified":"2025-02-18T13:46:24+00:00","breadcrumb":{"@id":"https:\/\/blidosundsbolaget.se\/en\/bokningsforfragan\/#breadcrumb"},"inLanguage":"en-US","potentialAction":[{"@type":"ReadAction","target":["https:\/\/blidosundsbolaget.se\/en\/bokningsforfragan\/"]}]},{"@type":"BreadcrumbList","@id":"https:\/\/blidosundsbolaget.se\/en\/bokningsforfragan\/#breadcrumb","itemListElement":[{"@type":"ListItem","position":1,"name":"Home","item":"https:\/\/blidosundsbolaget.se\/en\/"},{"@type":"ListItem","position":2,"name":"Bokningsf\u00f6rfr\u00e5gan"}]},{"@type":"WebSite","@id":"https:\/\/blidosundsbolaget.se\/en\/#website","url":"https:\/\/blidosundsbolaget.se\/en\/","name":"Blid\u00f6sundsbolaget","description":"","publisher":{"@id":"https:\/\/blidosundsbolaget.se\/en\/#organization"},"potentialAction":[{"@type":"SearchAction","target":{"@type":"EntryPoint","urlTemplate":"https:\/\/blidosundsbolaget.se\/en\/?s={search_term_string}"},"query-input":{"@type":"PropertyValueSpecification","valueRequired":true,"valueName":"search_term_string"}}],"inLanguage":"en-US"},{"@type":"Organization","@id":"https:\/\/blidosundsbolaget.se\/en\/#organization","name":"Blid\u00f6sundsbolaget","url":"https:\/\/blidosundsbolaget.se\/en\/","logo":{"@type":"ImageObject","inLanguage":"en-US","@id":"https:\/\/blidosundsbolaget.se\/en\/#\/schema\/logo\/image\/","url":"https:\/\/transdev.se\/wp-content\/uploads\/sites\/4\/2025\/03\/Blidosundsbolaget-symbol-_blue_RGB.png","contentUrl":"https:\/\/transdev.se\/wp-content\/uploads\/sites\/4\/2025\/03\/Blidosundsbolaget-symbol-_blue_RGB.png","width":1187,"height":1186,"caption":"Blid\u00f6sundsbolaget"},"image":{"@id":"https:\/\/blidosundsbolaget.se\/en\/#\/schema\/logo\/image\/"}}]}},"_links":{"self":[{"href":"https:\/\/blidosundsbolaget.se\/en\/wp-json\/wp\/v2\/pages\/2654","targetHints":{"allow":["GET"]}}],"collection":[{"href":"https:\/\/blidosundsbolaget.se\/en\/wp-json\/wp\/v2\/pages"}],"about":[{"href":"https:\/\/blidosundsbolaget.se\/en\/wp-json\/wp\/v2\/types\/page"}],"author":[{"embeddable":true,"href":"https:\/\/blidosundsbolaget.se\/en\/wp-json\/wp\/v2\/users\/1"}],"replies":[{"embeddable":true,"href":"https:\/\/blidosundsbolaget.se\/en\/wp-json\/wp\/v2\/comments?post=2654"}],"version-history":[{"count":5,"href":"https:\/\/blidosundsbolaget.se\/en\/wp-json\/wp\/v2\/pages\/2654\/revisions"}],"predecessor-version":[{"id":4029,"href":"https:\/\/blidosundsbolaget.se\/en\/wp-json\/wp\/v2\/pages\/2654\/revisions\/4029"}],"wp:attachment":[{"href":"https:\/\/blidosundsbolaget.se\/en\/wp-json\/wp\/v2\/media?parent=2654"}],"curies":[{"name":"wp","href":"https:\/\/api.w.org\/{rel}","templated":true}]}}