{"id":33,"date":"2024-11-11T14:30:58","date_gmt":"2024-11-11T13:30:58","guid":{"rendered":"https:\/\/blidosundsbolaget.se\/?page_id=33"},"modified":"2026-02-06T12:02:08","modified_gmt":"2026-02-06T11:02:08","slug":"ovriga-destinationer","status":"publish","type":"page","link":"https:\/\/blidosundsbolaget.se\/en\/ovriga-destinationer\/","title":{"rendered":"\u00d6vriga destinationer"},"content":{"rendered":"<div\nclass=\"text-double-image container-px container-my\"\ndata-color-theme=\"white\"\ndata-color-theme-brightness=\"light\">\n    <div class=\"text-double-image__inner container mx-auto\">\n        <article\n        class=\"text-double-image__content order-1 md:order-2 order-1\">\n            \n            <h2 class=\"heading-md md:heading-lg title-theme-color\">\n                Uppt\u00e4ck Stockholms sk\u00e4rg\u00e5rd med oss\n            <\/h2>\n\n            \n                            <div class=\"body-sm mt-[30px] text-theme-color\">\n                    <p>R\u00f6dl\u00f6ga, Ut\u00f6 och M\u00f6ja \u00e4r n\u00e5gra av Stockholms sk\u00e4rg\u00e5rds sp\u00e4nnande destinationer, d\u00e4r lugn och \u00e4ventyr m\u00f6ts i perfekt harmoni. Dessa vackra \u00f6ar erbjuder n\u00e5got f\u00f6r alla \u2013 fr\u00e5n fridfull natur till sp\u00e4nnande aktiviteter.<\/p>\n<p>P\u00e5 R\u00f6dl\u00f6ga kan du njuta av vackra klippor och bes\u00f6ka handelsboden, medan Ut\u00f6 bjuder p\u00e5 fina str\u00e4nder, en fin liten by och m\u00e5nga h\u00e4rliga vandringsleder genom tallskog och \u00f6ppna landskap. M\u00f6ja, med sin charmiga blandning av historia och natursk\u00f6nhet, har allt ifr\u00e5n kyrka, miniatyrj\u00e4rnv\u00e4g och dansbana till strutsfarm!<\/p>\n<p>F\u00f6r natur\u00e4lskaren finns det gott om m\u00f6jligheter att ta sig runt i naturen p\u00e5 \u00f6arna, paddla kajak eller segla p\u00e5 det glittrande havet. P\u00e5 dessa \u00f6ar f\u00e5r du uppleva den genuina sk\u00e4rg\u00e5rdsatmosf\u00e4ren och avsluta dagen med en middag p\u00e5 n\u00e5gon mysig restaurang d\u00e4r du kan njuta av lokala delikatesser och se solen g\u00e5 ner \u00f6ver havet.<\/p>\n<p>Oavsett om du s\u00f6ker lugn eller \u00e4ventyr, erbjuder dessa \u00f6ar en of\u00f6rgl\u00f6mlig upplevelse av den sk\u00e4rg\u00e5rdsidyll du dr\u00f6mmer om.<\/p>\n\n                <\/div>\n            \n                            <div class=\"mt-8 flex flex-wrap items-baseline gap-4\">\n                    <a\n        href=\"https:\/\/sl.se\/reseplanering\"\n                class=\"button button--black inline-block\">\n            Se SLs reseplanerare\n        <\/a>\n                    <a\n        href=\"https:\/\/transdev.se\/wp-content\/uploads\/sites\/4\/2025\/01\/linjekarta-skargarden-2023.pdf\"\n                target=\"_blank\"\n                class=\"button button--black inline-block\">\n            Linjekarta\n        <\/a>\n                    <\/div>\n            \n                    <\/article>\n\n                    <div class=\"text-double-image__image-wrap order-2 md:order-1 order-2\">\n                <div class=\"text-double-image__left-image\">\n                    <picture><img srcset=\"https:\/\/images.ohmyhosting.se\/Es6mUAj1JkUMY_Z0s0atwI4zy4g=\/416x500\/filters:quality(85)\/https%3A%2F%2Ftransdev.se%2Fwp-content%2Fuploads%2Fsites%2F4%2F2025%2F02%2FRodlogaboden-LB-e1740733129669.jpg 1x, https:\/\/images.ohmyhosting.se\/bSQDUIIcA710YD94-5-07oB7AfY=\/832x1000\/filters:quality(85)\/https%3A%2F%2Ftransdev.se%2Fwp-content%2Fuploads%2Fsites%2F4%2F2025%2F02%2FRodlogaboden-LB-e1740733129669.jpg 2x\" alt=\"\" data-src=\"https:\/\/images.ohmyhosting.se\/Es6mUAj1JkUMY_Z0s0atwI4zy4g=\/416x500\/filters:quality(85)\/https%3A%2F%2Ftransdev.se%2Fwp-content%2Fuploads%2Fsites%2F4%2F2025%2F02%2FRodlogaboden-LB-e1740733129669.jpg\" class=\"lazy\" \/><\/picture>\n                <\/div>\n                <div class=\"text-double-image__right-image\">\n                    <picture><img srcset=\"https:\/\/images.ohmyhosting.se\/be8p9veN5EZxNW7FKb9p5SbCUxc=\/416x500\/filters:quality(85)\/https%3A%2F%2Ftransdev.se%2Fwp-content%2Fuploads%2Fsites%2F4%2F2025%2F02%2FIMG_5853-Uto-kvarn-LB-1-e1739533526887.jpg 1x, https:\/\/images.ohmyhosting.se\/XWO8gOd_5fKY-LVfI3E2DPy0DOI=\/832x1000\/filters:quality(85)\/https%3A%2F%2Ftransdev.se%2Fwp-content%2Fuploads%2Fsites%2F4%2F2025%2F02%2FIMG_5853-Uto-kvarn-LB-1-e1739533526887.jpg 2x\" alt=\"\" data-src=\"https:\/\/images.ohmyhosting.se\/be8p9veN5EZxNW7FKb9p5SbCUxc=\/416x500\/filters:quality(85)\/https%3A%2F%2Ftransdev.se%2Fwp-content%2Fuploads%2Fsites%2F4%2F2025%2F02%2FIMG_5853-Uto-kvarn-LB-1-e1739533526887.jpg\" class=\"lazy\" \/><\/picture>\n                <\/div>\n            <\/div>\n            <\/div>\n<\/div>\n\n<div\nclass=\"card-slider container-px overflow-hidden container-py\"\ndata-color-theme=\"light-blue\"\ndata-color-theme-brightness=\"light\">\n\n            <div class=\"container mx-auto mb-8 sm:mb-10\">\n            <h2 class=\"heading-md md:heading-lg title-theme-color\">\n                Utflykter och andra tips\n            <\/h2>\n        <\/div>\n    \n    <div\n    class=\"swiper container mx-auto\"\n    data-js=\"CardSlider\">\n        <button class=\"swiper-button-prev\"><\/button>\n        <button class=\"swiper-button-next\"><\/button>\n        <div class=\"card-slider__inner w-full swiper-wrapper\">\n                                            <div\n                class=\"card-slider__item swiper-slide\"\n                data-color-theme=\"light-blue\"\n                data-color-theme-brightness=\"light\">\n                    <div>\n                                                    <picture><source media=\"(max-width:639px)\" data-srcset=\"https:\/\/images.ohmyhosting.se\/7iwtCUReVeXVR3iwomMyhk4T84M=\/584x388\/filters:quality(85)\/https%3A%2F%2Ftransdev.se%2Fwp-content%2Fuploads%2Fsites%2F4%2F2025%2F01%2Fc0a6e9b1-fc48-4312-95a8-56c4b5086f9a.jpg 1x, https:\/\/images.ohmyhosting.se\/f_IB1toyp1s5SvnsK0FBXNRoSVc=\/1168x776\/filters:quality(85)\/https%3A%2F%2Ftransdev.se%2Fwp-content%2Fuploads%2Fsites%2F4%2F2025%2F01%2Fc0a6e9b1-fc48-4312-95a8-56c4b5086f9a.jpg 2x\"><source media=\"(max-width:767px)\" data-srcset=\"https:\/\/images.ohmyhosting.se\/GrrIWNopsJRhdHSkYP1tZyQ6wLY=\/499x278\/filters:quality(85)\/https%3A%2F%2Ftransdev.se%2Fwp-content%2Fuploads%2Fsites%2F4%2F2025%2F01%2Fc0a6e9b1-fc48-4312-95a8-56c4b5086f9a.jpg 1x, https:\/\/images.ohmyhosting.se\/FXDhXtW5f53-xlaKclX_P5p60xI=\/998x556\/filters:quality(85)\/https%3A%2F%2Ftransdev.se%2Fwp-content%2Fuploads%2Fsites%2F4%2F2025%2F01%2Fc0a6e9b1-fc48-4312-95a8-56c4b5086f9a.jpg 2x\"><source media=\"(max-width:1023px)\" data-srcset=\"https:\/\/images.ohmyhosting.se\/6Hb39sv4JUeZayCk60Q4r1_yE48=\/416x278\/filters:quality(85)\/https%3A%2F%2Ftransdev.se%2Fwp-content%2Fuploads%2Fsites%2F4%2F2025%2F01%2Fc0a6e9b1-fc48-4312-95a8-56c4b5086f9a.jpg 1x, https:\/\/images.ohmyhosting.se\/Io1ihENY4_Ff_waVR8a0X-MEvB4=\/832x556\/filters:quality(85)\/https%3A%2F%2Ftransdev.se%2Fwp-content%2Fuploads%2Fsites%2F4%2F2025%2F01%2Fc0a6e9b1-fc48-4312-95a8-56c4b5086f9a.jpg 2x\"><img srcset=\"https:\/\/images.ohmyhosting.se\/6Hb39sv4JUeZayCk60Q4r1_yE48=\/416x278\/filters:quality(85)\/https%3A%2F%2Ftransdev.se%2Fwp-content%2Fuploads%2Fsites%2F4%2F2025%2F01%2Fc0a6e9b1-fc48-4312-95a8-56c4b5086f9a.jpg 1x, https:\/\/images.ohmyhosting.se\/Io1ihENY4_Ff_waVR8a0X-MEvB4=\/832x556\/filters:quality(85)\/https%3A%2F%2Ftransdev.se%2Fwp-content%2Fuploads%2Fsites%2F4%2F2025%2F01%2Fc0a6e9b1-fc48-4312-95a8-56c4b5086f9a.jpg 2x\" alt=\"\" data-src=\"https:\/\/images.ohmyhosting.se\/6Hb39sv4JUeZayCk60Q4r1_yE48=\/416x278\/filters:quality(85)\/https%3A%2F%2Ftransdev.se%2Fwp-content%2Fuploads%2Fsites%2F4%2F2025%2F01%2Fc0a6e9b1-fc48-4312-95a8-56c4b5086f9a.jpg\" class=\"lazy\" \/><\/picture>\n                                            <\/div>\n                    <div class=\"p-6\">\n                        \n                        <h3 class=\"heading-md title-theme-color\">\n                            Sk\u00e4rg\u00e5rdsexpeditioner\n                        <\/h3>\n\n                                                    <p class=\"body-xs mt-4 text-theme-color\">\n                                Upplev Stockholms sk\u00e4rg\u00e5rd p\u00e5 ett nytt s\u00e4tt med v\u00e5ra sk\u00e4rg\u00e5rdsexpeditioner. F\u00f6lj med p\u00e5 en unik b\u00e5ttur och utforska de vackra \u00f6arna, natursk\u00f6na vyerna och den friska havsluften. V\u00e5ra expeditioner ger dig m\u00f6jlighet att uppt\u00e4cka sk\u00e4rg\u00e5rden fr\u00e5n vattnets perspektiv, med kunnig guide som ber\u00e4ttar om omr\u00e5dets historia och natur. En of\u00f6rgl\u00f6mlig upplevelse f\u00f6r b\u00e5de \u00e4ventyrslystna och natur\u00e4lskare.\n                            <\/p>\n                        \n                                                    <div class=\"mt-6 flex flex-wrap items-baseline gap-4\">\n                                <a\n        href=\"https:\/\/blidosundsbolaget.se\/skargardsexpeditioner\/\"\n                class=\"button button--black inline-block\">\n            L\u00e4s mer\n        <\/a>\n                                <\/div>\n                                            <\/div>\n                <\/div>\n                                            <div\n                class=\"card-slider__item swiper-slide\"\n                data-color-theme=\"light-blue\"\n                data-color-theme-brightness=\"light\">\n                    <div>\n                                                    <picture><source media=\"(max-width:639px)\" data-srcset=\"https:\/\/images.ohmyhosting.se\/cniQHQSfTNrfJ9hy_iyjAegAoBk=\/584x388\/filters:quality(85)\/https%3A%2F%2Ftransdev.se%2Fwp-content%2Fuploads%2Fsites%2F4%2F2024%2F11%2F4-Artistprogram-scaled.jpg 1x, https:\/\/images.ohmyhosting.se\/-juV6-CoqEXsJx4po6gNPSEVOT0=\/1168x776\/filters:quality(85)\/https%3A%2F%2Ftransdev.se%2Fwp-content%2Fuploads%2Fsites%2F4%2F2024%2F11%2F4-Artistprogram-scaled.jpg 2x\"><source media=\"(max-width:767px)\" data-srcset=\"https:\/\/images.ohmyhosting.se\/HTdvaxfKan6edpQ3EcB_VLLR2nM=\/499x278\/filters:quality(85)\/https%3A%2F%2Ftransdev.se%2Fwp-content%2Fuploads%2Fsites%2F4%2F2024%2F11%2F4-Artistprogram-scaled.jpg 1x, https:\/\/images.ohmyhosting.se\/3WNDugp_ozUDfOL-W_7M-PcKVRE=\/998x556\/filters:quality(85)\/https%3A%2F%2Ftransdev.se%2Fwp-content%2Fuploads%2Fsites%2F4%2F2024%2F11%2F4-Artistprogram-scaled.jpg 2x\"><source media=\"(max-width:1023px)\" data-srcset=\"https:\/\/images.ohmyhosting.se\/vKoC1E-NjwjpZInYYsUhMUs4Omc=\/416x278\/filters:quality(85)\/https%3A%2F%2Ftransdev.se%2Fwp-content%2Fuploads%2Fsites%2F4%2F2024%2F11%2F4-Artistprogram-scaled.jpg 1x, https:\/\/images.ohmyhosting.se\/0PLga96pmxMBb7WFUA0wZZP_EGU=\/832x556\/filters:quality(85)\/https%3A%2F%2Ftransdev.se%2Fwp-content%2Fuploads%2Fsites%2F4%2F2024%2F11%2F4-Artistprogram-scaled.jpg 2x\"><img srcset=\"https:\/\/images.ohmyhosting.se\/vKoC1E-NjwjpZInYYsUhMUs4Omc=\/416x278\/filters:quality(85)\/https%3A%2F%2Ftransdev.se%2Fwp-content%2Fuploads%2Fsites%2F4%2F2024%2F11%2F4-Artistprogram-scaled.jpg 1x, https:\/\/images.ohmyhosting.se\/0PLga96pmxMBb7WFUA0wZZP_EGU=\/832x556\/filters:quality(85)\/https%3A%2F%2Ftransdev.se%2Fwp-content%2Fuploads%2Fsites%2F4%2F2024%2F11%2F4-Artistprogram-scaled.jpg 2x\" alt=\"\" data-src=\"https:\/\/images.ohmyhosting.se\/vKoC1E-NjwjpZInYYsUhMUs4Omc=\/416x278\/filters:quality(85)\/https%3A%2F%2Ftransdev.se%2Fwp-content%2Fuploads%2Fsites%2F4%2F2024%2F11%2F4-Artistprogram-scaled.jpg\" class=\"lazy\" \/><\/picture>\n                                            <\/div>\n                    <div class=\"p-6\">\n                        \n                        <h3 class=\"heading-md title-theme-color\">\n                            Musikkryssningar\n                        <\/h3>\n\n                                                    <p class=\"body-xs mt-4 text-theme-color\">\n                                Blid\u00f6sund Live erbjuder en unik musikupplevelse till sj\u00f6ss i b\u00e5de Stockholm och Norrt\u00e4lje! Njut av livemusik, god mat och fantastisk utsikt \u00f6ver sk\u00e4rg\u00e5rden medan du glider fram p\u00e5 vattnet. Oavsett om du \u00e4r i Stockholm eller Norrt\u00e4lje, v\u00e4ntar en of\u00f6rgl\u00f6mlig kv\u00e4ll med h\u00e4rlig st\u00e4mning, vacker natur och bra musik. Missa inte chansen att skapa minnen f\u00f6r livet ombord!\n                            <\/p>\n                        \n                                                    <div class=\"mt-6 flex flex-wrap items-baseline gap-4\">\n                                <a\n        href=\"https:\/\/blidosundsbolaget.se\/musikkryssningar\/\"\n                class=\"button button--black inline-block\">\n            V\u00e5ra musikkryssningar\n        <\/a>\n                                <\/div>\n                                            <\/div>\n                <\/div>\n                                            <div\n                class=\"card-slider__item swiper-slide\"\n                data-color-theme=\"light-blue\"\n                data-color-theme-brightness=\"light\">\n                    <div>\n                                                    <picture><source media=\"(max-width:639px)\" data-srcset=\"https:\/\/images.ohmyhosting.se\/uuoomV-DotwxzqKcidOc04Q9MwU=\/584x388\/filters:quality(85)\/https%3A%2F%2Ftransdev.se%2Fwp-content%2Fuploads%2Fsites%2F4%2F2025%2F02%2Fangso_rosl.jpg 1x, https:\/\/images.ohmyhosting.se\/D-GIdmW7beR4x0YsRuDGRe2PGko=\/1168x776\/filters:quality(85)\/https%3A%2F%2Ftransdev.se%2Fwp-content%2Fuploads%2Fsites%2F4%2F2025%2F02%2Fangso_rosl.jpg 2x\"><source media=\"(max-width:767px)\" data-srcset=\"https:\/\/images.ohmyhosting.se\/PeZvl0a7OdQ6mlDqCX7X7YqhRy4=\/499x278\/filters:quality(85)\/https%3A%2F%2Ftransdev.se%2Fwp-content%2Fuploads%2Fsites%2F4%2F2025%2F02%2Fangso_rosl.jpg 1x, https:\/\/images.ohmyhosting.se\/lAWm_uOWbFNkkuSS8Pn8gj8omTU=\/998x556\/filters:quality(85)\/https%3A%2F%2Ftransdev.se%2Fwp-content%2Fuploads%2Fsites%2F4%2F2025%2F02%2Fangso_rosl.jpg 2x\"><source media=\"(max-width:1023px)\" data-srcset=\"https:\/\/images.ohmyhosting.se\/CkbaVQlMcYG3Yf7DDMHVzGG1ZyM=\/416x278\/filters:quality(85)\/https%3A%2F%2Ftransdev.se%2Fwp-content%2Fuploads%2Fsites%2F4%2F2025%2F02%2Fangso_rosl.jpg 1x, https:\/\/images.ohmyhosting.se\/SNXOXwmd1KJXA9lJYJG8A5mjEV4=\/832x556\/filters:quality(85)\/https%3A%2F%2Ftransdev.se%2Fwp-content%2Fuploads%2Fsites%2F4%2F2025%2F02%2Fangso_rosl.jpg 2x\"><img srcset=\"https:\/\/images.ohmyhosting.se\/CkbaVQlMcYG3Yf7DDMHVzGG1ZyM=\/416x278\/filters:quality(85)\/https%3A%2F%2Ftransdev.se%2Fwp-content%2Fuploads%2Fsites%2F4%2F2025%2F02%2Fangso_rosl.jpg 1x, https:\/\/images.ohmyhosting.se\/SNXOXwmd1KJXA9lJYJG8A5mjEV4=\/832x556\/filters:quality(85)\/https%3A%2F%2Ftransdev.se%2Fwp-content%2Fuploads%2Fsites%2F4%2F2025%2F02%2Fangso_rosl.jpg 2x\" alt=\"\" data-src=\"https:\/\/images.ohmyhosting.se\/CkbaVQlMcYG3Yf7DDMHVzGG1ZyM=\/416x278\/filters:quality(85)\/https%3A%2F%2Ftransdev.se%2Fwp-content%2Fuploads%2Fsites%2F4%2F2025%2F02%2Fangso_rosl.jpg\" class=\"lazy\" \/><\/picture>\n                                            <\/div>\n                    <div class=\"p-6\">\n                        \n                        <h3 class=\"heading-md title-theme-color\">\n                            \u00c4ngs\u00f6 Nationalpark\n                        <\/h3>\n\n                                                    <p class=\"body-xs mt-4 text-theme-color\">\n                                Ta en av v\u00e5ra regulj\u00e4ra turer f\u00f6r att komma till \u00c4ngs\u00f6 Nationalpark, en av Stockholms mest natursk\u00f6na \u00f6ar. \r\nH\u00e4r kan du uppleva hav av orkid\u00e9er, tex Adam och Eva p\u00e5 v\u00e5ren. Ombord p\u00e5 v\u00e5ra fartyg kan du njuta av fika, l\u00e4ttare mat eller ett glas vin\/ \u00f6l i v\u00e5ra caf\u00e9er medan vi f\u00e4rdas genom sk\u00e4rg\u00e5rden. P\u00e5 v\u00e5ren kan du boka guidning iland med en av tillsynsm\u00e4nnen.\r\n\n                            <\/p>\n                        \n                                                    <div class=\"mt-6 flex flex-wrap items-baseline gap-4\">\n                                <a\n        href=\"https:\/\/waxholmsbolaget.se\/\"\n                class=\"button button--black inline-block\">\n            S\u00f6k tur\n        <\/a>\n                                <\/div>\n                                            <\/div>\n                <\/div>\n                    <\/div>\n        <div class=\"swiper-pagination\"><\/div>\n    <\/div>\n<\/div>","protected":false},"excerpt":{"rendered":"","protected":false},"author":6,"featured_media":0,"parent":0,"menu_order":0,"comment_status":"closed","ping_status":"closed","template":"","meta":{"_acf_changed":false,"footnotes":""},"class_list":["post-33","page","type-page","status-publish","hentry"],"acf":[],"yoast_head":"<!-- This site is optimized with the Yoast SEO plugin v27.4 - https:\/\/yoast.com\/product\/yoast-seo-wordpress\/ -->\n<title>\u00d6vriga destinationer - Blid\u00f6sundsbolaget<\/title>\n<meta name=\"robots\" content=\"index, follow, max-snippet:-1, max-image-preview:large, max-video-preview:-1\" \/>\n<link rel=\"canonical\" href=\"https:\/\/blidosundsbolaget.se\/en\/ovriga-destinationer\/\" \/>\n<meta property=\"og:locale\" content=\"en_US\" \/>\n<meta property=\"og:type\" content=\"article\" \/>\n<meta property=\"og:title\" content=\"\u00d6vriga destinationer - Blid\u00f6sundsbolaget\" \/>\n<meta property=\"og:url\" content=\"https:\/\/blidosundsbolaget.se\/en\/ovriga-destinationer\/\" \/>\n<meta property=\"og:site_name\" content=\"Blid\u00f6sundsbolaget\" \/>\n<meta property=\"article:modified_time\" content=\"2026-02-06T11:02:08+00:00\" \/>\n<meta name=\"twitter:card\" content=\"summary_large_image\" \/>\n<script type=\"application\/ld+json\" class=\"yoast-schema-graph\">{\"@context\":\"https:\\\/\\\/schema.org\",\"@graph\":[{\"@type\":\"WebPage\",\"@id\":\"https:\\\/\\\/blidosundsbolaget.se\\\/en\\\/ovriga-destinationer\\\/\",\"url\":\"https:\\\/\\\/blidosundsbolaget.se\\\/en\\\/ovriga-destinationer\\\/\",\"name\":\"\u00d6vriga destinationer - Blid\u00f6sundsbolaget\",\"isPartOf\":{\"@id\":\"https:\\\/\\\/blidosundsbolaget.se\\\/en\\\/#website\"},\"datePublished\":\"2024-11-11T13:30:58+00:00\",\"dateModified\":\"2026-02-06T11:02:08+00:00\",\"breadcrumb\":{\"@id\":\"https:\\\/\\\/blidosundsbolaget.se\\\/en\\\/ovriga-destinationer\\\/#breadcrumb\"},\"inLanguage\":\"en-US\",\"potentialAction\":[{\"@type\":\"ReadAction\",\"target\":[\"https:\\\/\\\/blidosundsbolaget.se\\\/en\\\/ovriga-destinationer\\\/\"]}]},{\"@type\":\"BreadcrumbList\",\"@id\":\"https:\\\/\\\/blidosundsbolaget.se\\\/en\\\/ovriga-destinationer\\\/#breadcrumb\",\"itemListElement\":[{\"@type\":\"ListItem\",\"position\":1,\"name\":\"Home\",\"item\":\"https:\\\/\\\/blidosundsbolaget.se\\\/en\\\/\"},{\"@type\":\"ListItem\",\"position\":2,\"name\":\"\u00d6vriga destinationer\"}]},{\"@type\":\"WebSite\",\"@id\":\"https:\\\/\\\/blidosundsbolaget.se\\\/en\\\/#website\",\"url\":\"https:\\\/\\\/blidosundsbolaget.se\\\/en\\\/\",\"name\":\"Blid\u00f6sundsbolaget\",\"description\":\"\",\"publisher\":{\"@id\":\"https:\\\/\\\/blidosundsbolaget.se\\\/en\\\/#organization\"},\"potentialAction\":[{\"@type\":\"SearchAction\",\"target\":{\"@type\":\"EntryPoint\",\"urlTemplate\":\"https:\\\/\\\/blidosundsbolaget.se\\\/en\\\/?s={search_term_string}\"},\"query-input\":{\"@type\":\"PropertyValueSpecification\",\"valueRequired\":true,\"valueName\":\"search_term_string\"}}],\"inLanguage\":\"en-US\"},{\"@type\":\"Organization\",\"@id\":\"https:\\\/\\\/blidosundsbolaget.se\\\/en\\\/#organization\",\"name\":\"Blid\u00f6sundsbolaget\",\"url\":\"https:\\\/\\\/blidosundsbolaget.se\\\/en\\\/\",\"logo\":{\"@type\":\"ImageObject\",\"inLanguage\":\"en-US\",\"@id\":\"https:\\\/\\\/blidosundsbolaget.se\\\/en\\\/#\\\/schema\\\/logo\\\/image\\\/\",\"url\":\"https:\\\/\\\/transdev.se\\\/wp-content\\\/uploads\\\/sites\\\/4\\\/2025\\\/03\\\/Blidosundsbolaget-symbol-_blue_RGB.png\",\"contentUrl\":\"https:\\\/\\\/transdev.se\\\/wp-content\\\/uploads\\\/sites\\\/4\\\/2025\\\/03\\\/Blidosundsbolaget-symbol-_blue_RGB.png\",\"width\":1187,\"height\":1186,\"caption\":\"Blid\u00f6sundsbolaget\"},\"image\":{\"@id\":\"https:\\\/\\\/blidosundsbolaget.se\\\/en\\\/#\\\/schema\\\/logo\\\/image\\\/\"}}]}<\/script>\n<!-- \/ Yoast SEO plugin. -->","yoast_head_json":{"title":"\u00d6vriga destinationer - Blid\u00f6sundsbolaget","robots":{"index":"index","follow":"follow","max-snippet":"max-snippet:-1","max-image-preview":"max-image-preview:large","max-video-preview":"max-video-preview:-1"},"canonical":"https:\/\/blidosundsbolaget.se\/en\/ovriga-destinationer\/","og_locale":"en_US","og_type":"article","og_title":"\u00d6vriga destinationer - Blid\u00f6sundsbolaget","og_url":"https:\/\/blidosundsbolaget.se\/en\/ovriga-destinationer\/","og_site_name":"Blid\u00f6sundsbolaget","article_modified_time":"2026-02-06T11:02:08+00:00","twitter_card":"summary_large_image","schema":{"@context":"https:\/\/schema.org","@graph":[{"@type":"WebPage","@id":"https:\/\/blidosundsbolaget.se\/en\/ovriga-destinationer\/","url":"https:\/\/blidosundsbolaget.se\/en\/ovriga-destinationer\/","name":"\u00d6vriga destinationer - Blid\u00f6sundsbolaget","isPartOf":{"@id":"https:\/\/blidosundsbolaget.se\/en\/#website"},"datePublished":"2024-11-11T13:30:58+00:00","dateModified":"2026-02-06T11:02:08+00:00","breadcrumb":{"@id":"https:\/\/blidosundsbolaget.se\/en\/ovriga-destinationer\/#breadcrumb"},"inLanguage":"en-US","potentialAction":[{"@type":"ReadAction","target":["https:\/\/blidosundsbolaget.se\/en\/ovriga-destinationer\/"]}]},{"@type":"BreadcrumbList","@id":"https:\/\/blidosundsbolaget.se\/en\/ovriga-destinationer\/#breadcrumb","itemListElement":[{"@type":"ListItem","position":1,"name":"Home","item":"https:\/\/blidosundsbolaget.se\/en\/"},{"@type":"ListItem","position":2,"name":"\u00d6vriga destinationer"}]},{"@type":"WebSite","@id":"https:\/\/blidosundsbolaget.se\/en\/#website","url":"https:\/\/blidosundsbolaget.se\/en\/","name":"Blid\u00f6sundsbolaget","description":"","publisher":{"@id":"https:\/\/blidosundsbolaget.se\/en\/#organization"},"potentialAction":[{"@type":"SearchAction","target":{"@type":"EntryPoint","urlTemplate":"https:\/\/blidosundsbolaget.se\/en\/?s={search_term_string}"},"query-input":{"@type":"PropertyValueSpecification","valueRequired":true,"valueName":"search_term_string"}}],"inLanguage":"en-US"},{"@type":"Organization","@id":"https:\/\/blidosundsbolaget.se\/en\/#organization","name":"Blid\u00f6sundsbolaget","url":"https:\/\/blidosundsbolaget.se\/en\/","logo":{"@type":"ImageObject","inLanguage":"en-US","@id":"https:\/\/blidosundsbolaget.se\/en\/#\/schema\/logo\/image\/","url":"https:\/\/transdev.se\/wp-content\/uploads\/sites\/4\/2025\/03\/Blidosundsbolaget-symbol-_blue_RGB.png","contentUrl":"https:\/\/transdev.se\/wp-content\/uploads\/sites\/4\/2025\/03\/Blidosundsbolaget-symbol-_blue_RGB.png","width":1187,"height":1186,"caption":"Blid\u00f6sundsbolaget"},"image":{"@id":"https:\/\/blidosundsbolaget.se\/en\/#\/schema\/logo\/image\/"}}]}},"_links":{"self":[{"href":"https:\/\/blidosundsbolaget.se\/en\/wp-json\/wp\/v2\/pages\/33","targetHints":{"allow":["GET"]}}],"collection":[{"href":"https:\/\/blidosundsbolaget.se\/en\/wp-json\/wp\/v2\/pages"}],"about":[{"href":"https:\/\/blidosundsbolaget.se\/en\/wp-json\/wp\/v2\/types\/page"}],"author":[{"embeddable":true,"href":"https:\/\/blidosundsbolaget.se\/en\/wp-json\/wp\/v2\/users\/6"}],"replies":[{"embeddable":true,"href":"https:\/\/blidosundsbolaget.se\/en\/wp-json\/wp\/v2\/comments?post=33"}],"version-history":[{"count":39,"href":"https:\/\/blidosundsbolaget.se\/en\/wp-json\/wp\/v2\/pages\/33\/revisions"}],"predecessor-version":[{"id":10068,"href":"https:\/\/blidosundsbolaget.se\/en\/wp-json\/wp\/v2\/pages\/33\/revisions\/10068"}],"wp:attachment":[{"href":"https:\/\/blidosundsbolaget.se\/en\/wp-json\/wp\/v2\/media?parent=33"}],"curies":[{"name":"wp","href":"https:\/\/api.w.org\/{rel}","templated":true}]}}