{"id":3439,"date":"2025-02-14T11:23:46","date_gmt":"2025-02-14T10:23:46","guid":{"rendered":"https:\/\/blidosundsbolaget.se\/?page_id=3439"},"modified":"2026-02-26T15:42:21","modified_gmt":"2026-02-26T14:42:21","slug":"miljoarbete-och-certifieringar","status":"publish","type":"page","link":"https:\/\/blidosundsbolaget.se\/en\/miljoarbete-och-certifieringar\/","title":{"rendered":"Milj\u00f6arbete och certifikat"},"content":{"rendered":"<div\nclass=\"text-image container-px container-my\"\n\n    data-color-theme=white\n    data-color-theme-brightness=light\n>\n    <div\n    class=\"text-image__inner container mx-auto\"\n    >\n        <div\n        class=\"text-image__content-wrap order-1 md:order-2\">\n            <article\n            class=\"text-image__content\">\n                \n                <h2 class=\"heading-md md:heading-lg title-theme-color   mb-3.5 \">\n                    H\u00e5llbar k\u00f6rning ger b\u00e4ttre milj\u00f6\n                <\/h2>\n\n                \n                                    <div class=\"body-sm text-theme-color wysiwyg\">\n                        <p>V\u00e5ra fartyg har ett analysverktyg som heter BlueFlow, f\u00f6r uppf\u00f6ljning av br\u00e4nslef\u00f6rbrukningen, d\u00e4r bef\u00e4lhavaren kan se f\u00f6rbrukningen i realtid, samt f\u00f6lja den tillbaka i tiden. Sedan detta inf\u00f6rdes f\u00f6r n\u00e5gra \u00e5r sedan har br\u00e4nslef\u00f6rbrukningen minskat, genom att bef\u00e4lhavaren f\u00e5r st\u00f6d f\u00f6r att kunna k\u00f6ra p\u00e5 ett smart s\u00e4tt och \u00e4nd\u00e5 kunna h\u00e5lla tidtabellen.<\/p>\n\n                    <\/div>\n                \n                \n                            <\/article>\n        <\/div>\n\n                    <div class=\"text-image__image-wrap order-2 md:order-1\">\n                <picture><source media=\"(max-width:415px)\" data-srcset=\"https:\/\/images.ohmyhosting.se\/YDu-Rqcah7G5QI7Jzwshz76BBMk=\/415x320\/filters:quality(85)\/https%3A%2F%2Ftransdev.se%2Fwp-content%2Fuploads%2Fsites%2F4%2F2025%2F01%2Fce352084-9cf3-4f39-9bb9-23b8c3cd5382.jpg 1x, https:\/\/images.ohmyhosting.se\/_wDowCXel1688vcurN-_axIqRhU=\/830x640\/filters:quality(85)\/https%3A%2F%2Ftransdev.se%2Fwp-content%2Fuploads%2Fsites%2F4%2F2025%2F01%2Fce352084-9cf3-4f39-9bb9-23b8c3cd5382.jpg 2x\"><source media=\"(max-width:820px)\" data-srcset=\"https:\/\/images.ohmyhosting.se\/SstIto35PXLcknYRrQJptSFBXWk=\/765x583\/filters:quality(85)\/https%3A%2F%2Ftransdev.se%2Fwp-content%2Fuploads%2Fsites%2F4%2F2025%2F01%2Fce352084-9cf3-4f39-9bb9-23b8c3cd5382.jpg 1x, https:\/\/images.ohmyhosting.se\/TywEsGx4kWoRi4d6EwYqsnxcu7g=\/1530x1166\/filters:quality(85)\/https%3A%2F%2Ftransdev.se%2Fwp-content%2Fuploads%2Fsites%2F4%2F2025%2F01%2Fce352084-9cf3-4f39-9bb9-23b8c3cd5382.jpg 2x\"><img srcset=\"https:\/\/images.ohmyhosting.se\/gZOVnkvGUJ8D4p7IDBJUn4_RYFk=\/638x431\/filters:quality(85)\/https%3A%2F%2Ftransdev.se%2Fwp-content%2Fuploads%2Fsites%2F4%2F2025%2F01%2Fce352084-9cf3-4f39-9bb9-23b8c3cd5382.jpg 1x, https:\/\/images.ohmyhosting.se\/PWdC-I3-M8ZHdJ8KlIgDx93DLc0=\/1276x862\/filters:quality(85)\/https%3A%2F%2Ftransdev.se%2Fwp-content%2Fuploads%2Fsites%2F4%2F2025%2F01%2Fce352084-9cf3-4f39-9bb9-23b8c3cd5382.jpg 2x\" alt=\"\" data-src=\"https:\/\/images.ohmyhosting.se\/gZOVnkvGUJ8D4p7IDBJUn4_RYFk=\/638x431\/filters:quality(85)\/https%3A%2F%2Ftransdev.se%2Fwp-content%2Fuploads%2Fsites%2F4%2F2025%2F01%2Fce352084-9cf3-4f39-9bb9-23b8c3cd5382.jpg\" class=\"lazy\" \/><\/picture>\n            <\/div>\n            <\/div>\n<\/div>\n\n<div\nclass=\"text-image container-px container-py\"\n\n    data-color-theme=green-light\n    data-color-theme-brightness=light\n>\n    <div\n    class=\"text-image__inner container mx-auto\"\n    >\n        <div\n        class=\"text-image__content-wrap\">\n            <article\n            class=\"text-image__content\">\n                \n                <h2 class=\"heading-md md:heading-lg title-theme-color   mb-3.5 \">\n                    Effektiva fartyg\n                <\/h2>\n\n                \n                                    <div class=\"body-sm text-theme-color wysiwyg\">\n                        <p>Blid\u00f6sundsbolaget arbetar aktivt med att uppgradera och utveckla fartygen f\u00f6r b\u00e4sta m\u00f6jliga prestanda. Majoriteten av v\u00e5ra 17 egna fartyg har motorer med h\u00f6gsta m\u00f6jliga avgasrening, motsvarande IMO Tier III installerade. Fartygen \u00e4r utrustade och designade med enkelhet och effektivitet som ledord. Vi l\u00e4gger stort fokus p\u00e5 att hitta l\u00f6sningar som g\u00e5r att standardisera och samtidigt leder mot m\u00e5let om en effektivare och mer h\u00e5llbar fartygsflotta. \u00c4ven om flera av v\u00e5ra fartyg \u00e4r lite \u00e4ldre s\u00e5 har de en skrovform och deplacement som \u00f6vertr\u00e4ffar nybyggda fartyg i samma segment. Genom att utveckla i grunden v\u00e4lbyggda fartyg kan vi p\u00e5 ett h\u00e5llbart och resurseffektivt s\u00e4tt utveckla sk\u00e4rg\u00e5rdstrafiken.<\/p>\n<p>Genom aktiva samarbeten med v\u00e5ra leverant\u00f6rer och partner deltar vi i utveckling av framtidens teknik f\u00f6r framdrivning av passagerarfartyg. Exempel p\u00e5 detta \u00e4r:<br \/>\n&#8211; Utveckling av ny hybridteknik i v\u00e5rt fartyg Rex<br \/>\n&#8211; Test av ny motortyp i v\u00e5rt fartyg Dux<br \/>\n&#8211; Test med v\u00e4rldens f\u00f6rsta elektriska b\u00e4rplansfartyg i passagerartrafik<\/p>\n<p>Vi \u00e4r just nu inne i en fas d\u00e4r vi kommer starta flera utvecklingsprojekt f\u00f6r att tillsammans med v\u00e5ra partners hitta solida och bepr\u00f6vade l\u00f6sningar som leder mot m\u00e5let om en helt fossilfri fartygstrafik till en rimlig kostnad.<\/p>\n\n                    <\/div>\n                \n                \n                            <\/article>\n        <\/div>\n\n                    <div class=\"text-image__image-wrap\">\n                <picture><source media=\"(max-width:415px)\" data-srcset=\"https:\/\/images.ohmyhosting.se\/cJ7LMlYkfXLKOGaxFRVmUiN81ME=\/415x320\/filters:quality(85)\/https%3A%2F%2Ftransdev.se%2Fwp-content%2Fuploads%2Fsites%2F4%2F2025%2F01%2F1730321248809.jpg 1x, https:\/\/images.ohmyhosting.se\/CzrLMOzW4uZquAT7WN4cgFSk86Y=\/830x640\/filters:quality(85)\/https%3A%2F%2Ftransdev.se%2Fwp-content%2Fuploads%2Fsites%2F4%2F2025%2F01%2F1730321248809.jpg 2x\"><source media=\"(max-width:820px)\" data-srcset=\"https:\/\/images.ohmyhosting.se\/GlHBDiRRsNFt3jkWsnDGwv3eebg=\/765x583\/filters:quality(85)\/https%3A%2F%2Ftransdev.se%2Fwp-content%2Fuploads%2Fsites%2F4%2F2025%2F01%2F1730321248809.jpg 1x, https:\/\/images.ohmyhosting.se\/mc46s0O4CnbBeZSW4zlQdZR-310=\/1530x1166\/filters:quality(85)\/https%3A%2F%2Ftransdev.se%2Fwp-content%2Fuploads%2Fsites%2F4%2F2025%2F01%2F1730321248809.jpg 2x\"><img srcset=\"https:\/\/images.ohmyhosting.se\/Y_8A61fjx9HJBEvZGePqFIxgJ7k=\/638x431\/filters:quality(85)\/https%3A%2F%2Ftransdev.se%2Fwp-content%2Fuploads%2Fsites%2F4%2F2025%2F01%2F1730321248809.jpg 1x, https:\/\/images.ohmyhosting.se\/dH3cuA_nDyoLvk9uCZRP1IXPwu0=\/1276x862\/filters:quality(85)\/https%3A%2F%2Ftransdev.se%2Fwp-content%2Fuploads%2Fsites%2F4%2F2025%2F01%2F1730321248809.jpg 2x\" alt=\"\" data-src=\"https:\/\/images.ohmyhosting.se\/Y_8A61fjx9HJBEvZGePqFIxgJ7k=\/638x431\/filters:quality(85)\/https%3A%2F%2Ftransdev.se%2Fwp-content%2Fuploads%2Fsites%2F4%2F2025%2F01%2F1730321248809.jpg\" class=\"lazy\" \/><\/picture>\n            <\/div>\n            <\/div>\n<\/div>\n\n<div\nclass=\"text-double-image container-px container-my\"\ndata-color-theme=\"white\"\ndata-color-theme-brightness=\"light\">\n    <div class=\"text-double-image__inner container mx-auto\">\n        <article\n        class=\"text-double-image__content max-w-[700px] mx-auto\">\n                            <span class=\"heading-sm font-normal mb-2 block title-theme-color\">\n                    ISO-standard 14001:2015 och ISO 9001:2015\n                <\/span>\n            \n            <h2 class=\"heading-md md:heading-lg title-theme-color\">\n                Milj\u00f6- och kvalitetscertifikat\n            <\/h2>\n\n            \n                            <div class=\"body-sm mt-[30px] text-theme-color\">\n                    <p>V\u00e5ra kunder st\u00e4ller h\u00f6ga krav p\u00e5 v\u00e5r verksamhet. Det g\u00f6r vi ocks\u00e5 och arbetar hela tiden aktivt med att st\u00e4lla ytterligare milj\u00f6krav p\u00e5 oss sj\u00e4lva. <\/p>\n<p>Blid\u00f6sundsbolaget \u00e4r certifierat enligt ISO-standard 14001:2015 f\u00f6r milj\u00f6 och ISO 9001:2015 f\u00f6r kvalitet. Certifikaten uppdateras regelbundet efter externa revisioner. Senaste revisionen genomf\u00f6rdes 2023 och g\u00e4ller f\u00f6r tre \u00e5r fram\u00e5t.<\/p>\n\n                <\/div>\n            \n            \n                    <\/article>\n\n            <\/div>\n<\/div>","protected":false},"excerpt":{"rendered":"","protected":false},"author":30,"featured_media":0,"parent":0,"menu_order":0,"comment_status":"closed","ping_status":"closed","template":"","meta":{"_acf_changed":false,"footnotes":""},"class_list":["post-3439","page","type-page","status-publish","hentry"],"acf":[],"yoast_head":"<!-- This site is optimized with the Yoast SEO plugin v27.4 - https:\/\/yoast.com\/product\/yoast-seo-wordpress\/ -->\n<title>Milj\u00f6arbete och certifikat - Blid\u00f6sundsbolaget<\/title>\n<meta name=\"robots\" content=\"index, follow, max-snippet:-1, max-image-preview:large, max-video-preview:-1\" \/>\n<link rel=\"canonical\" href=\"https:\/\/blidosundsbolaget.se\/en\/miljoarbete-och-certifieringar\/\" \/>\n<meta property=\"og:locale\" content=\"en_US\" \/>\n<meta property=\"og:type\" content=\"article\" \/>\n<meta property=\"og:title\" content=\"Milj\u00f6arbete och certifikat - Blid\u00f6sundsbolaget\" \/>\n<meta property=\"og:url\" content=\"https:\/\/blidosundsbolaget.se\/en\/miljoarbete-och-certifieringar\/\" \/>\n<meta property=\"og:site_name\" content=\"Blid\u00f6sundsbolaget\" \/>\n<meta property=\"article:modified_time\" content=\"2026-02-26T14:42:21+00:00\" \/>\n<meta name=\"twitter:card\" content=\"summary_large_image\" \/>\n<script type=\"application\/ld+json\" class=\"yoast-schema-graph\">{\"@context\":\"https:\\\/\\\/schema.org\",\"@graph\":[{\"@type\":\"WebPage\",\"@id\":\"https:\\\/\\\/blidosundsbolaget.se\\\/en\\\/miljoarbete-och-certifieringar\\\/\",\"url\":\"https:\\\/\\\/blidosundsbolaget.se\\\/en\\\/miljoarbete-och-certifieringar\\\/\",\"name\":\"Milj\u00f6arbete och certifikat - Blid\u00f6sundsbolaget\",\"isPartOf\":{\"@id\":\"https:\\\/\\\/blidosundsbolaget.se\\\/en\\\/#website\"},\"datePublished\":\"2025-02-14T10:23:46+00:00\",\"dateModified\":\"2026-02-26T14:42:21+00:00\",\"breadcrumb\":{\"@id\":\"https:\\\/\\\/blidosundsbolaget.se\\\/en\\\/miljoarbete-och-certifieringar\\\/#breadcrumb\"},\"inLanguage\":\"en-US\",\"potentialAction\":[{\"@type\":\"ReadAction\",\"target\":[\"https:\\\/\\\/blidosundsbolaget.se\\\/en\\\/miljoarbete-och-certifieringar\\\/\"]}]},{\"@type\":\"BreadcrumbList\",\"@id\":\"https:\\\/\\\/blidosundsbolaget.se\\\/en\\\/miljoarbete-och-certifieringar\\\/#breadcrumb\",\"itemListElement\":[{\"@type\":\"ListItem\",\"position\":1,\"name\":\"Home\",\"item\":\"https:\\\/\\\/blidosundsbolaget.se\\\/en\\\/\"},{\"@type\":\"ListItem\",\"position\":2,\"name\":\"Milj\u00f6arbete och certifikat\"}]},{\"@type\":\"WebSite\",\"@id\":\"https:\\\/\\\/blidosundsbolaget.se\\\/en\\\/#website\",\"url\":\"https:\\\/\\\/blidosundsbolaget.se\\\/en\\\/\",\"name\":\"Blid\u00f6sundsbolaget\",\"description\":\"\",\"publisher\":{\"@id\":\"https:\\\/\\\/blidosundsbolaget.se\\\/en\\\/#organization\"},\"potentialAction\":[{\"@type\":\"SearchAction\",\"target\":{\"@type\":\"EntryPoint\",\"urlTemplate\":\"https:\\\/\\\/blidosundsbolaget.se\\\/en\\\/?s={search_term_string}\"},\"query-input\":{\"@type\":\"PropertyValueSpecification\",\"valueRequired\":true,\"valueName\":\"search_term_string\"}}],\"inLanguage\":\"en-US\"},{\"@type\":\"Organization\",\"@id\":\"https:\\\/\\\/blidosundsbolaget.se\\\/en\\\/#organization\",\"name\":\"Blid\u00f6sundsbolaget\",\"url\":\"https:\\\/\\\/blidosundsbolaget.se\\\/en\\\/\",\"logo\":{\"@type\":\"ImageObject\",\"inLanguage\":\"en-US\",\"@id\":\"https:\\\/\\\/blidosundsbolaget.se\\\/en\\\/#\\\/schema\\\/logo\\\/image\\\/\",\"url\":\"https:\\\/\\\/transdev.se\\\/wp-content\\\/uploads\\\/sites\\\/4\\\/2025\\\/03\\\/Blidosundsbolaget-symbol-_blue_RGB.png\",\"contentUrl\":\"https:\\\/\\\/transdev.se\\\/wp-content\\\/uploads\\\/sites\\\/4\\\/2025\\\/03\\\/Blidosundsbolaget-symbol-_blue_RGB.png\",\"width\":1187,\"height\":1186,\"caption\":\"Blid\u00f6sundsbolaget\"},\"image\":{\"@id\":\"https:\\\/\\\/blidosundsbolaget.se\\\/en\\\/#\\\/schema\\\/logo\\\/image\\\/\"}}]}<\/script>\n<!-- \/ Yoast SEO plugin. -->","yoast_head_json":{"title":"Milj\u00f6arbete och certifikat - Blid\u00f6sundsbolaget","robots":{"index":"index","follow":"follow","max-snippet":"max-snippet:-1","max-image-preview":"max-image-preview:large","max-video-preview":"max-video-preview:-1"},"canonical":"https:\/\/blidosundsbolaget.se\/en\/miljoarbete-och-certifieringar\/","og_locale":"en_US","og_type":"article","og_title":"Milj\u00f6arbete och certifikat - Blid\u00f6sundsbolaget","og_url":"https:\/\/blidosundsbolaget.se\/en\/miljoarbete-och-certifieringar\/","og_site_name":"Blid\u00f6sundsbolaget","article_modified_time":"2026-02-26T14:42:21+00:00","twitter_card":"summary_large_image","schema":{"@context":"https:\/\/schema.org","@graph":[{"@type":"WebPage","@id":"https:\/\/blidosundsbolaget.se\/en\/miljoarbete-och-certifieringar\/","url":"https:\/\/blidosundsbolaget.se\/en\/miljoarbete-och-certifieringar\/","name":"Milj\u00f6arbete och certifikat - Blid\u00f6sundsbolaget","isPartOf":{"@id":"https:\/\/blidosundsbolaget.se\/en\/#website"},"datePublished":"2025-02-14T10:23:46+00:00","dateModified":"2026-02-26T14:42:21+00:00","breadcrumb":{"@id":"https:\/\/blidosundsbolaget.se\/en\/miljoarbete-och-certifieringar\/#breadcrumb"},"inLanguage":"en-US","potentialAction":[{"@type":"ReadAction","target":["https:\/\/blidosundsbolaget.se\/en\/miljoarbete-och-certifieringar\/"]}]},{"@type":"BreadcrumbList","@id":"https:\/\/blidosundsbolaget.se\/en\/miljoarbete-och-certifieringar\/#breadcrumb","itemListElement":[{"@type":"ListItem","position":1,"name":"Home","item":"https:\/\/blidosundsbolaget.se\/en\/"},{"@type":"ListItem","position":2,"name":"Milj\u00f6arbete och certifikat"}]},{"@type":"WebSite","@id":"https:\/\/blidosundsbolaget.se\/en\/#website","url":"https:\/\/blidosundsbolaget.se\/en\/","name":"Blid\u00f6sundsbolaget","description":"","publisher":{"@id":"https:\/\/blidosundsbolaget.se\/en\/#organization"},"potentialAction":[{"@type":"SearchAction","target":{"@type":"EntryPoint","urlTemplate":"https:\/\/blidosundsbolaget.se\/en\/?s={search_term_string}"},"query-input":{"@type":"PropertyValueSpecification","valueRequired":true,"valueName":"search_term_string"}}],"inLanguage":"en-US"},{"@type":"Organization","@id":"https:\/\/blidosundsbolaget.se\/en\/#organization","name":"Blid\u00f6sundsbolaget","url":"https:\/\/blidosundsbolaget.se\/en\/","logo":{"@type":"ImageObject","inLanguage":"en-US","@id":"https:\/\/blidosundsbolaget.se\/en\/#\/schema\/logo\/image\/","url":"https:\/\/transdev.se\/wp-content\/uploads\/sites\/4\/2025\/03\/Blidosundsbolaget-symbol-_blue_RGB.png","contentUrl":"https:\/\/transdev.se\/wp-content\/uploads\/sites\/4\/2025\/03\/Blidosundsbolaget-symbol-_blue_RGB.png","width":1187,"height":1186,"caption":"Blid\u00f6sundsbolaget"},"image":{"@id":"https:\/\/blidosundsbolaget.se\/en\/#\/schema\/logo\/image\/"}}]}},"_links":{"self":[{"href":"https:\/\/blidosundsbolaget.se\/en\/wp-json\/wp\/v2\/pages\/3439","targetHints":{"allow":["GET"]}}],"collection":[{"href":"https:\/\/blidosundsbolaget.se\/en\/wp-json\/wp\/v2\/pages"}],"about":[{"href":"https:\/\/blidosundsbolaget.se\/en\/wp-json\/wp\/v2\/types\/page"}],"author":[{"embeddable":true,"href":"https:\/\/blidosundsbolaget.se\/en\/wp-json\/wp\/v2\/users\/30"}],"replies":[{"embeddable":true,"href":"https:\/\/blidosundsbolaget.se\/en\/wp-json\/wp\/v2\/comments?post=3439"}],"version-history":[{"count":10,"href":"https:\/\/blidosundsbolaget.se\/en\/wp-json\/wp\/v2\/pages\/3439\/revisions"}],"predecessor-version":[{"id":9919,"href":"https:\/\/blidosundsbolaget.se\/en\/wp-json\/wp\/v2\/pages\/3439\/revisions\/9919"}],"wp:attachment":[{"href":"https:\/\/blidosundsbolaget.se\/en\/wp-json\/wp\/v2\/media?parent=3439"}],"curies":[{"name":"wp","href":"https:\/\/api.w.org\/{rel}","templated":true}]}}