{"id":4541,"date":"2025-05-02T13:26:01","date_gmt":"2025-05-02T11:26:01","guid":{"rendered":"https:\/\/blidosundsbolaget.se\/?page_id=4541"},"modified":"2026-03-27T18:14:27","modified_gmt":"2026-03-27T17:14:27","slug":"norra-batlinjen","status":"publish","type":"page","link":"https:\/\/blidosundsbolaget.se\/en\/norra-batlinjen\/","title":{"rendered":"Norra b\u00e5tlinjen"},"content":{"rendered":"<div\nclass=\"text-image container-px container-my\"\n\n    data-color-theme=white\n    data-color-theme-brightness=light\n>\n    <div\n    class=\"text-image__inner container mx-auto\"\n    >\n        <div\n        class=\"text-image__content-wrap order-1 md:order-2\">\n            <article\n            class=\"text-image__content\">\n                                    <span class=\"heading-sm font-normal mb-2 block title-theme-color\">\n                        Norrt\u00e4lje\u2013Arholma\u2013Norrt\u00e4lje\n                    <\/span>\n                \n                <h2 class=\"heading-md md:heading-lg title-theme-color   mb-2 \">\n                    Dagsutflykt till Arholma\n                <\/h2>\n\n                                    <span class=\"body-md mt-1 mb-6 block title-theme-color\">\n                        B\u00e5t, bad och b\u00e5k\n                    <\/span>\n                \n                                    <div class=\"body-sm text-theme-color wysiwyg\">\n                        <p>Arholma \u00e4r en oas i yttersk\u00e4rg\u00e5rden som har n\u00e5got f\u00f6r alla. H\u00e4r kan du strosa bland charmiga r\u00f6da sk\u00e4rg\u00e5rdshus l\u00e4ngs de lugna v\u00e4garna och uppt\u00e4cka p\u00e4rlor som det mysiga kaf\u00e9et, lanthandeln eller den vackra kyrkan.<\/p>\n<p>F\u00f6r natur\u00e4lskaren finns v\u00e4lsnitslade Stockholm Archipelago Trail som erbjuder en vacker vandringsled som tar dig genom or\u00f6rd natur med milsvid utsikt \u00f6ver \u00c5lands hav och de omgivande \u00f6arna. De l\u00e5nggrunda str\u00e4nderna \u00e4r perfekta f\u00f6r avkoppling eller ett svalkande dopp under sommaren. Arholma \u00e4r \u00e4ven en utm\u00e4rkt plats f\u00f6r den \u00e4ventyrlige, med m\u00f6jlighet till kajakpaddling och cykelturer.<\/p>\n<p>F\u00f6r de lite yngre bes\u00f6karna finns det en charmig sagostig upp till Arholma b\u00e5k (fyren) och vid Arholma nord kan den modige testa att \u00e5ka zipline som man n\u00e5r genom att kl\u00e4ttra upp f\u00f6r ett gammalt kanontorn. Vill man beh\u00e5lla b\u00e5da f\u00f6tterna p\u00e5 jorden kan man med f\u00f6rdel utforska det gamla batteriet med en sp\u00e4nnande guidning i berget. <\/p>\n<p>God lunch, eller middag om du planerar att bo \u00f6ver, kan avnjutas p\u00e5 n\u00e5gon av \u00f6ns tv\u00e5 mysiga restauranger. Passa p\u00e5 att \u00e4ta nyf\u00e5ngad fisk eller koppla av med drink och se solen g\u00e5 ner \u00f6ver havet. <\/p>\n<p>Arholma \u00e4r en plats f\u00f6r b\u00e5de rofylldhet och aktivitet, och erbjuder en upplevelse som l\u00e5ter dig komma bort fr\u00e5n vardagen utan att f\u00f6rlora kontakten med den sk\u00e4rg\u00e5rdsidyll du s\u00f6ker.<\/p>\n\n                    <\/div>\n                \n                \n                            <\/article>\n        <\/div>\n\n                    <div class=\"text-image__image-wrap order-2 md:order-1\">\n                <picture><source media=\"(max-width:415px)\" data-srcset=\"https:\/\/images.ohmyhosting.se\/MGM5FI37RKtm5gakMof-4nDCX9M=\/415x320\/filters:quality(85)\/https%3A%2F%2Ftransdev.se%2Fwp-content%2Fuploads%2Fsites%2F4%2F2026%2F03%2FDSC_0028-scaled.jpg 1x, https:\/\/images.ohmyhosting.se\/SsCHQE-CPZY2KJUNtfJGBL5Oe50=\/830x640\/filters:quality(85)\/https%3A%2F%2Ftransdev.se%2Fwp-content%2Fuploads%2Fsites%2F4%2F2026%2F03%2FDSC_0028-scaled.jpg 2x\"><source media=\"(max-width:820px)\" data-srcset=\"https:\/\/images.ohmyhosting.se\/vNHGK1nZH_BqB9hzmBMuV0JVpXk=\/765x583\/filters:quality(85)\/https%3A%2F%2Ftransdev.se%2Fwp-content%2Fuploads%2Fsites%2F4%2F2026%2F03%2FDSC_0028-scaled.jpg 1x, https:\/\/images.ohmyhosting.se\/hBs6ZYwZHog_2i_nWuxv-ZUo97M=\/1530x1166\/filters:quality(85)\/https%3A%2F%2Ftransdev.se%2Fwp-content%2Fuploads%2Fsites%2F4%2F2026%2F03%2FDSC_0028-scaled.jpg 2x\"><img srcset=\"https:\/\/images.ohmyhosting.se\/-A30VonYq-mtaQ0CsWxcDJiVanA=\/638x431\/filters:quality(85)\/https%3A%2F%2Ftransdev.se%2Fwp-content%2Fuploads%2Fsites%2F4%2F2026%2F03%2FDSC_0028-scaled.jpg 1x, https:\/\/images.ohmyhosting.se\/8xUCLUGd-M7hnk6JLQHiGs3YEEE=\/1276x862\/filters:quality(85)\/https%3A%2F%2Ftransdev.se%2Fwp-content%2Fuploads%2Fsites%2F4%2F2026%2F03%2FDSC_0028-scaled.jpg 2x\" alt=\"\" data-src=\"https:\/\/images.ohmyhosting.se\/-A30VonYq-mtaQ0CsWxcDJiVanA=\/638x431\/filters:quality(85)\/https%3A%2F%2Ftransdev.se%2Fwp-content%2Fuploads%2Fsites%2F4%2F2026%2F03%2FDSC_0028-scaled.jpg\" class=\"lazy\" \/><\/picture>\n            <\/div>\n            <\/div>\n<\/div>\n\n<div id=\"Heldagsutflykt\"><\/div>\n\n<div\nclass=\"text-image container-px container-py\"\n\n    data-color-theme=green-light\n    data-color-theme-brightness=light\n>\n    <div\n    class=\"text-image__inner container mx-auto\"\n    >\n        <div\n        class=\"text-image__content-wrap\">\n            <article\n            class=\"text-image__content\">\n                \n                <h2 class=\"heading-md md:heading-lg title-theme-color   mb-2 \">\n                    Heldagsutflykt till Arholma\n                <\/h2>\n\n                                    <span class=\"body-md mt-1 mb-6 block title-theme-color\">\n                        Avg\u00e5ngar, information och boka biljett\n                    <\/span>\n                \n                                    <div class=\"body-sm text-theme-color wysiwyg\">\n                        <p>Norra B\u00e5tlinjen erbjuder sommartrafik mellan Norrt\u00e4lje Hamn och Arholma med M\/S Rex mellan den 6 juli och 9 augusti \u2013 sju dagar i veckan.<\/p>\n<p><strong>Tidtabell<\/strong><br \/>\n09:30 Norrt\u00e4lje, l\u00e4ngst bort p\u00e5 Norrt\u00e4lje hamnpromenad, vid bron Havsl\u00e4nken<br \/>\n10:30 H\u00e5kn\u00e4s<br \/>\n10:50 Gr\u00e4dd\u00f6<br \/>\n11:05 Lid\u00f6<br \/>\n11:45 ankomst Arholma<br \/>\n\u2013<br \/>\n15:30 avg\u00e5ng fr\u00e5n Arholma<br \/>\n16:10 Lid\u00f6<br \/>\n16:25 Gr\u00e4dd\u00f6<br \/>\n16:45 H\u00e5kn\u00e4s<br \/>\n17:45 Norrt\u00e4lje<\/p>\n<p><strong>Caf\u00e9<\/strong><br \/>\nOmbord p\u00e5 M\/S Rex finns ett caf\u00e9 d\u00e4r du kan unna dig n\u00e5got gott under resan. H\u00e4r serveras fika, l\u00e4ttare m\u00e5ltider och n\u00e5got gott att dricka.<\/p>\n<p><strong>Biljettpriser:<br \/>\n<\/strong>Enkelbiljett vuxen 130 kr<br \/>\nTur &amp; retur vuxen 260 kr<br \/>\nEnkelbiljett barn 9-16 \u00e5r 90 kr<br \/>\nTur &amp; retur enkelbiljett 180 kr tur &amp; retur<br \/>\nBarn upp till 8 \u00e5r reser gratis.<\/p>\n<p>V\u00e4nligen notera att alla passagerare beh\u00f6ver biljett oavsett \u00e5lder.<\/p>\n<p><em>Tur- och returbiljetten g\u00e4ller enbart f\u00f6r resa samma dag. Vill du resa tillbaka en annan dag, k\u00f6p tv\u00e5 enkelbiljetter.<\/em><\/p>\n<p><strong>Biljetter till Norra b\u00e5tlinjens turer sl\u00e4pps snart<\/strong><\/p>\n\n                    <\/div>\n                \n                \n                            <\/article>\n        <\/div>\n\n                    <div class=\"text-image__image-wrap\">\n                <picture><source media=\"(max-width:415px)\" data-srcset=\"https:\/\/images.ohmyhosting.se\/o76ZZiy6P9Bhc0qBXQh8e8WSTQw=\/415x320\/filters:quality(85)\/https%3A%2F%2Ftransdev.se%2Fwp-content%2Fuploads%2Fsites%2F4%2F2026%2F03%2FDSC_3841-Lido-m-text-2-scaled.jpg 1x, https:\/\/images.ohmyhosting.se\/kOqgJEka2M75A9g-usm5fqv7nGM=\/830x640\/filters:quality(85)\/https%3A%2F%2Ftransdev.se%2Fwp-content%2Fuploads%2Fsites%2F4%2F2026%2F03%2FDSC_3841-Lido-m-text-2-scaled.jpg 2x\"><source media=\"(max-width:820px)\" data-srcset=\"https:\/\/images.ohmyhosting.se\/TS25hx5dX6G-cqBQNrPEjgJn-XU=\/765x583\/filters:quality(85)\/https%3A%2F%2Ftransdev.se%2Fwp-content%2Fuploads%2Fsites%2F4%2F2026%2F03%2FDSC_3841-Lido-m-text-2-scaled.jpg 1x, https:\/\/images.ohmyhosting.se\/yMSP-Riz_vM6xr7RPH7erUmIjsU=\/1530x1166\/filters:quality(85)\/https%3A%2F%2Ftransdev.se%2Fwp-content%2Fuploads%2Fsites%2F4%2F2026%2F03%2FDSC_3841-Lido-m-text-2-scaled.jpg 2x\"><img srcset=\"https:\/\/images.ohmyhosting.se\/i9wy6RW5jHLQi1M9rsp1NYUnDOg=\/638x431\/filters:quality(85)\/https%3A%2F%2Ftransdev.se%2Fwp-content%2Fuploads%2Fsites%2F4%2F2026%2F03%2FDSC_3841-Lido-m-text-2-scaled.jpg 1x, https:\/\/images.ohmyhosting.se\/oJm_urJ-N81_jZ2hAjHHEymQ8uc=\/1276x862\/filters:quality(85)\/https%3A%2F%2Ftransdev.se%2Fwp-content%2Fuploads%2Fsites%2F4%2F2026%2F03%2FDSC_3841-Lido-m-text-2-scaled.jpg 2x\" alt=\"\" data-src=\"https:\/\/images.ohmyhosting.se\/i9wy6RW5jHLQi1M9rsp1NYUnDOg=\/638x431\/filters:quality(85)\/https%3A%2F%2Ftransdev.se%2Fwp-content%2Fuploads%2Fsites%2F4%2F2026%2F03%2FDSC_3841-Lido-m-text-2-scaled.jpg\" class=\"lazy\" \/><\/picture>\n            <\/div>\n            <\/div>\n<\/div>\n\n<div\nclass=\"image-16x9-grid container-px container-my\"\ndata-color-theme=\"white\"\ndata-color-theme-brightness=\"light\">\n\n            <div class=\"container mx-auto mb-8 sm:mb-[42px]\">\n            <h2 class=\"heading-md md:heading-lgtitle-theme-color\">\n                Sev\u00e4rdheter p\u00e5 Arholma\n            <\/h2>\n        <\/div>\n    \n    <div class=\"container mx-auto grid gap-8 image-16x9-grid__three\">\n                     \n            \n            <div\n                class=\"image-16x9-grid__card\"\n                data-color-theme=\"white\"\n                data-color-theme-brightness=\"light\">\n                <div class=\"relative z-0\">\n                                            <picture><img srcset=\"https:\/\/images.ohmyhosting.se\/fCmtGOGSvDBToAT2hIi097f8cj8=\/1274x716\/filters:quality(85)\/https%3A%2F%2Ftransdev.se%2Fwp-content%2Fuploads%2Fsites%2F4%2F2026%2F03%2FJG-Arholma-2.jpg 1x, https:\/\/images.ohmyhosting.se\/XHOWIUgpvoCaO4RR1sfDI0Std9A=\/2548x1432\/filters:quality(85)\/https%3A%2F%2Ftransdev.se%2Fwp-content%2Fuploads%2Fsites%2F4%2F2026%2F03%2FJG-Arholma-2.jpg 2x\" alt=\"\" data-src=\"https:\/\/images.ohmyhosting.se\/fCmtGOGSvDBToAT2hIi097f8cj8=\/1274x716\/filters:quality(85)\/https%3A%2F%2Ftransdev.se%2Fwp-content%2Fuploads%2Fsites%2F4%2F2026%2F03%2FJG-Arholma-2.jpg\" class=\"lazy\" \/><\/picture>\n                    \n                                    <\/div>\n\n                <div class=\"image-16x9-grid__card-inner\">\n                    \n                                            <h3 class=\"image-16x9-grid__card-title title-theme-color\">\n                            Arholma kyrka\n                        <\/h3>\n                    \n                    \n                                    <\/div>\n            <\/div>\n\n                     \n            \n            <div\n                class=\"image-16x9-grid__card\"\n                data-color-theme=\"white\"\n                data-color-theme-brightness=\"light\">\n                <div class=\"relative z-0\">\n                                            <picture><img srcset=\"https:\/\/images.ohmyhosting.se\/yrKof-ykHTUHwTrF4-SwCgozlSE=\/1274x716\/filters:quality(85)\/https%3A%2F%2Ftransdev.se%2Fwp-content%2Fuploads%2Fsites%2F4%2F2026%2F03%2FIMG_6100-scaled.jpg 1x, https:\/\/images.ohmyhosting.se\/kuOv0kh5Ig5xtFy_BJaL9trWyiE=\/2548x1432\/filters:quality(85)\/https%3A%2F%2Ftransdev.se%2Fwp-content%2Fuploads%2Fsites%2F4%2F2026%2F03%2FIMG_6100-scaled.jpg 2x\" alt=\"\" data-src=\"https:\/\/images.ohmyhosting.se\/yrKof-ykHTUHwTrF4-SwCgozlSE=\/1274x716\/filters:quality(85)\/https%3A%2F%2Ftransdev.se%2Fwp-content%2Fuploads%2Fsites%2F4%2F2026%2F03%2FIMG_6100-scaled.jpg\" class=\"lazy\" \/><\/picture>\n                    \n                                    <\/div>\n\n                <div class=\"image-16x9-grid__card-inner\">\n                    \n                                            <h3 class=\"image-16x9-grid__card-title title-theme-color\">\n                            Kompis fr\u00e5n sagostigen\n                        <\/h3>\n                    \n                    \n                                    <\/div>\n            <\/div>\n\n                     \n            \n            <div\n                class=\"image-16x9-grid__card\"\n                data-color-theme=\"white\"\n                data-color-theme-brightness=\"light\">\n                <div class=\"relative z-0\">\n                                            <picture><img srcset=\"https:\/\/images.ohmyhosting.se\/ej_aAYqYuT6AziSpcnBedfMp4xk=\/1274x716\/filters:quality(85)\/https%3A%2F%2Ftransdev.se%2Fwp-content%2Fuploads%2Fsites%2F4%2F2026%2F03%2FDSC_3892-NY-scaled.jpg 1x, https:\/\/images.ohmyhosting.se\/lFsM2qN4hq4efWHSBisqf6LUpKg=\/2548x1432\/filters:quality(85)\/https%3A%2F%2Ftransdev.se%2Fwp-content%2Fuploads%2Fsites%2F4%2F2026%2F03%2FDSC_3892-NY-scaled.jpg 2x\" alt=\"\" data-src=\"https:\/\/images.ohmyhosting.se\/ej_aAYqYuT6AziSpcnBedfMp4xk=\/1274x716\/filters:quality(85)\/https%3A%2F%2Ftransdev.se%2Fwp-content%2Fuploads%2Fsites%2F4%2F2026%2F03%2FDSC_3892-NY-scaled.jpg\" class=\"lazy\" \/><\/picture>\n                    \n                                    <\/div>\n\n                <div class=\"image-16x9-grid__card-inner\">\n                    \n                                            <h3 class=\"image-16x9-grid__card-title title-theme-color\">\n                            Arholma b\u00e5k\n                        <\/h3>\n                    \n                    \n                                    <\/div>\n            <\/div>\n\n                     \n            \n            <div\n                class=\"image-16x9-grid__card\"\n                data-color-theme=\"white\"\n                data-color-theme-brightness=\"light\">\n                <div class=\"relative z-0\">\n                                            <picture><img srcset=\"https:\/\/images.ohmyhosting.se\/dIT15D-iHAHoU2RrYDFUuRMdfQI=\/1274x716\/filters:quality(85)\/https%3A%2F%2Ftransdev.se%2Fwp-content%2Fuploads%2Fsites%2F4%2F2026%2F03%2FDSC_3886-Lotsplats-scaled.jpg 1x, https:\/\/images.ohmyhosting.se\/u0IBuZiQnCenDUM3gNRUhAkBzPk=\/2548x1432\/filters:quality(85)\/https%3A%2F%2Ftransdev.se%2Fwp-content%2Fuploads%2Fsites%2F4%2F2026%2F03%2FDSC_3886-Lotsplats-scaled.jpg 2x\" alt=\"\" data-src=\"https:\/\/images.ohmyhosting.se\/dIT15D-iHAHoU2RrYDFUuRMdfQI=\/1274x716\/filters:quality(85)\/https%3A%2F%2Ftransdev.se%2Fwp-content%2Fuploads%2Fsites%2F4%2F2026%2F03%2FDSC_3886-Lotsplats-scaled.jpg\" class=\"lazy\" \/><\/picture>\n                    \n                                    <\/div>\n\n                <div class=\"image-16x9-grid__card-inner\">\n                    \n                                            <h3 class=\"image-16x9-grid__card-title title-theme-color\">\n                            Lotsplats (litet museum)\n                        <\/h3>\n                    \n                    \n                                    <\/div>\n            <\/div>\n\n                     \n            \n            <div\n                class=\"image-16x9-grid__card\"\n                data-color-theme=\"white\"\n                data-color-theme-brightness=\"light\">\n                <div class=\"relative z-0\">\n                                            <picture><img srcset=\"https:\/\/images.ohmyhosting.se\/Ke6f-01q10ydnBwMPErsK1TSYJc=\/1274x716\/filters:quality(85)\/https%3A%2F%2Ftransdev.se%2Fwp-content%2Fuploads%2Fsites%2F4%2F2026%2F03%2FIMG_4781-scaled.jpg 1x, https:\/\/images.ohmyhosting.se\/ifRTgY8sfG6hkMef3Bdvg8DB21o=\/2548x1432\/filters:quality(85)\/https%3A%2F%2Ftransdev.se%2Fwp-content%2Fuploads%2Fsites%2F4%2F2026%2F03%2FIMG_4781-scaled.jpg 2x\" alt=\"\" data-src=\"https:\/\/images.ohmyhosting.se\/Ke6f-01q10ydnBwMPErsK1TSYJc=\/1274x716\/filters:quality(85)\/https%3A%2F%2Ftransdev.se%2Fwp-content%2Fuploads%2Fsites%2F4%2F2026%2F03%2FIMG_4781-scaled.jpg\" class=\"lazy\" \/><\/picture>\n                    \n                                    <\/div>\n\n                <div class=\"image-16x9-grid__card-inner\">\n                    \n                                            <h3 class=\"image-16x9-grid__card-title title-theme-color\">\n                            Arholma brygga\n                        <\/h3>\n                    \n                    \n                                    <\/div>\n            <\/div>\n\n                     \n            \n            <div\n                class=\"image-16x9-grid__card\"\n                data-color-theme=\"white\"\n                data-color-theme-brightness=\"light\">\n                <div class=\"relative z-0\">\n                                            <picture><img srcset=\"https:\/\/images.ohmyhosting.se\/b3sKQ8H9vHvGvmIYyQMSOtKCezs=\/1274x716\/filters:quality(85)\/https%3A%2F%2Ftransdev.se%2Fwp-content%2Fuploads%2Fsites%2F4%2F2026%2F03%2FDSC_3899-Arholma-Batteri-scaled.jpg 1x, https:\/\/images.ohmyhosting.se\/fJd-eZHNitxZmKWL1atoj4nXCGU=\/2548x1432\/filters:quality(85)\/https%3A%2F%2Ftransdev.se%2Fwp-content%2Fuploads%2Fsites%2F4%2F2026%2F03%2FDSC_3899-Arholma-Batteri-scaled.jpg 2x\" alt=\"\" data-src=\"https:\/\/images.ohmyhosting.se\/b3sKQ8H9vHvGvmIYyQMSOtKCezs=\/1274x716\/filters:quality(85)\/https%3A%2F%2Ftransdev.se%2Fwp-content%2Fuploads%2Fsites%2F4%2F2026%2F03%2FDSC_3899-Arholma-Batteri-scaled.jpg\" class=\"lazy\" \/><\/picture>\n                    \n                                    <\/div>\n\n                <div class=\"image-16x9-grid__card-inner\">\n                    \n                                            <h3 class=\"image-16x9-grid__card-title title-theme-color\">\n                            Batteriet Arholma nord\n                        <\/h3>\n                    \n                    \n                                    <\/div>\n            <\/div>\n\n             <\/div>\n\n<\/div>","protected":false},"excerpt":{"rendered":"","protected":false},"author":30,"featured_media":0,"parent":0,"menu_order":0,"comment_status":"closed","ping_status":"closed","template":"","meta":{"_acf_changed":false,"footnotes":""},"class_list":["post-4541","page","type-page","status-publish","hentry"],"acf":[],"yoast_head":"<!-- This site is optimized with the Yoast SEO plugin v27.4 - https:\/\/yoast.com\/product\/yoast-seo-wordpress\/ -->\n<title>Norra b\u00e5tlinjen - Blid\u00f6sundsbolaget<\/title>\n<meta name=\"robots\" content=\"index, follow, max-snippet:-1, max-image-preview:large, max-video-preview:-1\" \/>\n<link rel=\"canonical\" href=\"https:\/\/blidosundsbolaget.se\/en\/norra-batlinjen\/\" \/>\n<meta property=\"og:locale\" content=\"en_US\" \/>\n<meta property=\"og:type\" content=\"article\" \/>\n<meta property=\"og:title\" content=\"Norra b\u00e5tlinjen - Blid\u00f6sundsbolaget\" \/>\n<meta property=\"og:url\" content=\"https:\/\/blidosundsbolaget.se\/en\/norra-batlinjen\/\" \/>\n<meta property=\"og:site_name\" content=\"Blid\u00f6sundsbolaget\" \/>\n<meta property=\"article:modified_time\" content=\"2026-03-27T17:14:27+00:00\" \/>\n<meta name=\"twitter:card\" content=\"summary_large_image\" \/>\n<script type=\"application\/ld+json\" class=\"yoast-schema-graph\">{\"@context\":\"https:\\\/\\\/schema.org\",\"@graph\":[{\"@type\":\"WebPage\",\"@id\":\"https:\\\/\\\/blidosundsbolaget.se\\\/en\\\/norra-batlinjen\\\/\",\"url\":\"https:\\\/\\\/blidosundsbolaget.se\\\/en\\\/norra-batlinjen\\\/\",\"name\":\"Norra b\u00e5tlinjen - Blid\u00f6sundsbolaget\",\"isPartOf\":{\"@id\":\"https:\\\/\\\/blidosundsbolaget.se\\\/en\\\/#website\"},\"datePublished\":\"2025-05-02T11:26:01+00:00\",\"dateModified\":\"2026-03-27T17:14:27+00:00\",\"breadcrumb\":{\"@id\":\"https:\\\/\\\/blidosundsbolaget.se\\\/en\\\/norra-batlinjen\\\/#breadcrumb\"},\"inLanguage\":\"en-US\",\"potentialAction\":[{\"@type\":\"ReadAction\",\"target\":[\"https:\\\/\\\/blidosundsbolaget.se\\\/en\\\/norra-batlinjen\\\/\"]}]},{\"@type\":\"BreadcrumbList\",\"@id\":\"https:\\\/\\\/blidosundsbolaget.se\\\/en\\\/norra-batlinjen\\\/#breadcrumb\",\"itemListElement\":[{\"@type\":\"ListItem\",\"position\":1,\"name\":\"Home\",\"item\":\"https:\\\/\\\/blidosundsbolaget.se\\\/en\\\/\"},{\"@type\":\"ListItem\",\"position\":2,\"name\":\"Norra b\u00e5tlinjen\"}]},{\"@type\":\"WebSite\",\"@id\":\"https:\\\/\\\/blidosundsbolaget.se\\\/en\\\/#website\",\"url\":\"https:\\\/\\\/blidosundsbolaget.se\\\/en\\\/\",\"name\":\"Blid\u00f6sundsbolaget\",\"description\":\"\",\"publisher\":{\"@id\":\"https:\\\/\\\/blidosundsbolaget.se\\\/en\\\/#organization\"},\"potentialAction\":[{\"@type\":\"SearchAction\",\"target\":{\"@type\":\"EntryPoint\",\"urlTemplate\":\"https:\\\/\\\/blidosundsbolaget.se\\\/en\\\/?s={search_term_string}\"},\"query-input\":{\"@type\":\"PropertyValueSpecification\",\"valueRequired\":true,\"valueName\":\"search_term_string\"}}],\"inLanguage\":\"en-US\"},{\"@type\":\"Organization\",\"@id\":\"https:\\\/\\\/blidosundsbolaget.se\\\/en\\\/#organization\",\"name\":\"Blid\u00f6sundsbolaget\",\"url\":\"https:\\\/\\\/blidosundsbolaget.se\\\/en\\\/\",\"logo\":{\"@type\":\"ImageObject\",\"inLanguage\":\"en-US\",\"@id\":\"https:\\\/\\\/blidosundsbolaget.se\\\/en\\\/#\\\/schema\\\/logo\\\/image\\\/\",\"url\":\"https:\\\/\\\/transdev.se\\\/wp-content\\\/uploads\\\/sites\\\/4\\\/2025\\\/03\\\/Blidosundsbolaget-symbol-_blue_RGB.png\",\"contentUrl\":\"https:\\\/\\\/transdev.se\\\/wp-content\\\/uploads\\\/sites\\\/4\\\/2025\\\/03\\\/Blidosundsbolaget-symbol-_blue_RGB.png\",\"width\":1187,\"height\":1186,\"caption\":\"Blid\u00f6sundsbolaget\"},\"image\":{\"@id\":\"https:\\\/\\\/blidosundsbolaget.se\\\/en\\\/#\\\/schema\\\/logo\\\/image\\\/\"}}]}<\/script>\n<!-- \/ Yoast SEO plugin. -->","yoast_head_json":{"title":"Norra b\u00e5tlinjen - Blid\u00f6sundsbolaget","robots":{"index":"index","follow":"follow","max-snippet":"max-snippet:-1","max-image-preview":"max-image-preview:large","max-video-preview":"max-video-preview:-1"},"canonical":"https:\/\/blidosundsbolaget.se\/en\/norra-batlinjen\/","og_locale":"en_US","og_type":"article","og_title":"Norra b\u00e5tlinjen - Blid\u00f6sundsbolaget","og_url":"https:\/\/blidosundsbolaget.se\/en\/norra-batlinjen\/","og_site_name":"Blid\u00f6sundsbolaget","article_modified_time":"2026-03-27T17:14:27+00:00","twitter_card":"summary_large_image","schema":{"@context":"https:\/\/schema.org","@graph":[{"@type":"WebPage","@id":"https:\/\/blidosundsbolaget.se\/en\/norra-batlinjen\/","url":"https:\/\/blidosundsbolaget.se\/en\/norra-batlinjen\/","name":"Norra b\u00e5tlinjen - Blid\u00f6sundsbolaget","isPartOf":{"@id":"https:\/\/blidosundsbolaget.se\/en\/#website"},"datePublished":"2025-05-02T11:26:01+00:00","dateModified":"2026-03-27T17:14:27+00:00","breadcrumb":{"@id":"https:\/\/blidosundsbolaget.se\/en\/norra-batlinjen\/#breadcrumb"},"inLanguage":"en-US","potentialAction":[{"@type":"ReadAction","target":["https:\/\/blidosundsbolaget.se\/en\/norra-batlinjen\/"]}]},{"@type":"BreadcrumbList","@id":"https:\/\/blidosundsbolaget.se\/en\/norra-batlinjen\/#breadcrumb","itemListElement":[{"@type":"ListItem","position":1,"name":"Home","item":"https:\/\/blidosundsbolaget.se\/en\/"},{"@type":"ListItem","position":2,"name":"Norra b\u00e5tlinjen"}]},{"@type":"WebSite","@id":"https:\/\/blidosundsbolaget.se\/en\/#website","url":"https:\/\/blidosundsbolaget.se\/en\/","name":"Blid\u00f6sundsbolaget","description":"","publisher":{"@id":"https:\/\/blidosundsbolaget.se\/en\/#organization"},"potentialAction":[{"@type":"SearchAction","target":{"@type":"EntryPoint","urlTemplate":"https:\/\/blidosundsbolaget.se\/en\/?s={search_term_string}"},"query-input":{"@type":"PropertyValueSpecification","valueRequired":true,"valueName":"search_term_string"}}],"inLanguage":"en-US"},{"@type":"Organization","@id":"https:\/\/blidosundsbolaget.se\/en\/#organization","name":"Blid\u00f6sundsbolaget","url":"https:\/\/blidosundsbolaget.se\/en\/","logo":{"@type":"ImageObject","inLanguage":"en-US","@id":"https:\/\/blidosundsbolaget.se\/en\/#\/schema\/logo\/image\/","url":"https:\/\/transdev.se\/wp-content\/uploads\/sites\/4\/2025\/03\/Blidosundsbolaget-symbol-_blue_RGB.png","contentUrl":"https:\/\/transdev.se\/wp-content\/uploads\/sites\/4\/2025\/03\/Blidosundsbolaget-symbol-_blue_RGB.png","width":1187,"height":1186,"caption":"Blid\u00f6sundsbolaget"},"image":{"@id":"https:\/\/blidosundsbolaget.se\/en\/#\/schema\/logo\/image\/"}}]}},"_links":{"self":[{"href":"https:\/\/blidosundsbolaget.se\/en\/wp-json\/wp\/v2\/pages\/4541","targetHints":{"allow":["GET"]}}],"collection":[{"href":"https:\/\/blidosundsbolaget.se\/en\/wp-json\/wp\/v2\/pages"}],"about":[{"href":"https:\/\/blidosundsbolaget.se\/en\/wp-json\/wp\/v2\/types\/page"}],"author":[{"embeddable":true,"href":"https:\/\/blidosundsbolaget.se\/en\/wp-json\/wp\/v2\/users\/30"}],"replies":[{"embeddable":true,"href":"https:\/\/blidosundsbolaget.se\/en\/wp-json\/wp\/v2\/comments?post=4541"}],"version-history":[{"count":63,"href":"https:\/\/blidosundsbolaget.se\/en\/wp-json\/wp\/v2\/pages\/4541\/revisions"}],"predecessor-version":[{"id":10594,"href":"https:\/\/blidosundsbolaget.se\/en\/wp-json\/wp\/v2\/pages\/4541\/revisions\/10594"}],"wp:attachment":[{"href":"https:\/\/blidosundsbolaget.se\/en\/wp-json\/wp\/v2\/media?parent=4541"}],"curies":[{"name":"wp","href":"https:\/\/api.w.org\/{rel}","templated":true}]}}