{"id":4542,"date":"2025-04-01T13:37:21","date_gmt":"2025-04-01T11:37:21","guid":{"rendered":"https:\/\/blidosundsbolaget.se\/?page_id=4542"},"modified":"2026-02-06T12:32:42","modified_gmt":"2026-02-06T11:32:42","slug":"archipelago-expeditions-2","status":"publish","type":"page","link":"https:\/\/blidosundsbolaget.se\/en\/archipelago-expeditions-2\/","title":{"rendered":"Archipelago Expeditions"},"content":{"rendered":"<div\nclass=\"text-image container-px container-my\"\n\n    data-color-theme=white\n    data-color-theme-brightness=light\n>\n    <div\n    class=\"text-image__inner container mx-auto\"\n    >\n        <div\n        class=\"text-image__content-wrap order-1 md:order-2\">\n            <article\n            class=\"text-image__content\">\n                                    <span class=\"heading-sm font-normal mb-2 block title-theme-color\">\n                         May 2025\n                    <\/span>\n                \n                <h2 class=\"heading-md md:heading-lg title-theme-color   mb-3.5 \">\n                    Orn\u00f6 and St Sandb\u00f6te\n                <\/h2>\n\n                \n                                    <div class=\"body-sm text-theme-color wysiwyg\">\n                        <article class=\"group\/turn w-full text-token-text-primary focus-visible:outline-2 focus-visible:outline-offset-[-4px]\" dir=\"auto\" data-testid=\"conversation-turn-68\" data-scroll-anchor=\"true\">\n<div class=\"text-base my-auto mx-auto py-[18px] px-6\">\n<div class=\"mx-auto flex flex-1 text-base gap-4 md:gap-5 lg:gap-6 md:max-w-3xl\">\n<div class=\"group\/conversation-turn relative flex w-full min-w-0 flex-col agent-turn @xs\/thread:px-0 @sm\/thread:px-1.5 @md\/thread:px-4\">\n<div class=\"flex-col gap-1 md:gap-3\">\n<div class=\"flex max-w-full flex-col flex-grow\">\n<div class=\"min-h-8 text-message relative flex w-full flex-col items-end gap-2 whitespace-normal break-words text-start [.text-message+&amp;]:mt-5\" dir=\"auto\" data-message-author-role=\"assistant\" data-message-id=\"c93e5bdf-6c35-46e0-97fe-fc3fefb87c95\" data-message-model-slug=\"gpt-4o-mini\">\n<div class=\"flex w-full flex-col gap-1 empty:hidden first:pt-[3px]\">\n<div class=\"markdown prose w-full break-words dark:prose-invert light\">\n<p data-start=\"0\" data-end=\"305\">The early summer archipelago expeditions will take you to Orn\u00f6 and St Sandb\u00f6te, featuring many sights, on may 12th, 13th, and 15th. Onboard the M\/S Sj\u00f6bris, we have our fantastic captain and guide, G\u00f6ran P Sj\u00f6din, who shares exciting stories about the islands, buildings, boats, and archipelago residents.<\/p>\n<p data-start=\"307\" data-end=\"722\" data-is-last-node=\"\" data-is-only-node=\"\">St Sandb\u00f6te was purchased by city council member Anna Lindhagen and leased to boatbuilder and illustrator Johannes S\u00f6derman and his wife Clara, whose cottage is still standing today. During the day, there will also be a visit to Anna\u2019s charming cottage. Additionally, we will visit the preserved boat house, now home to the Orn\u00f6 Heritage Society\u2019s boat building museum, offering a glimpse into the island&#8217;s history.<\/p>\n<\/div>\n<\/div>\n<\/div>\n<\/div>\n<\/div>\n<\/div>\n<\/div>\n<\/div>\n<\/article>\n\n                    <\/div>\n                \n                \n                            <\/article>\n        <\/div>\n\n                    <div class=\"text-image__image-wrap order-2 md:order-1\">\n                <picture><source media=\"(max-width:415px)\" data-srcset=\"https:\/\/images.ohmyhosting.se\/_-glpkrbRzCE1FpajN6I3SXwwa4=\/415x320\/filters:quality(85)\/https%3A%2F%2Ftransdev.se%2Fwp-content%2Fuploads%2Fsites%2F4%2F2026%2F02%2FIMG_3862-ljusare-scaled.jpg 1x, https:\/\/images.ohmyhosting.se\/1ocwzpf-bTdrKzYStfwyArd3YGQ=\/830x640\/filters:quality(85)\/https%3A%2F%2Ftransdev.se%2Fwp-content%2Fuploads%2Fsites%2F4%2F2026%2F02%2FIMG_3862-ljusare-scaled.jpg 2x\"><source media=\"(max-width:820px)\" data-srcset=\"https:\/\/images.ohmyhosting.se\/TIsKz2YWvcTz6UvR1LHy_OcjzQo=\/765x583\/filters:quality(85)\/https%3A%2F%2Ftransdev.se%2Fwp-content%2Fuploads%2Fsites%2F4%2F2026%2F02%2FIMG_3862-ljusare-scaled.jpg 1x, https:\/\/images.ohmyhosting.se\/P2-SFND47Ukv7ZY5yzrJE_fRx7Y=\/1530x1166\/filters:quality(85)\/https%3A%2F%2Ftransdev.se%2Fwp-content%2Fuploads%2Fsites%2F4%2F2026%2F02%2FIMG_3862-ljusare-scaled.jpg 2x\"><img srcset=\"https:\/\/images.ohmyhosting.se\/G9UN-MGAjlbuoLRR8LQMSBHCgPY=\/638x431\/filters:quality(85)\/https%3A%2F%2Ftransdev.se%2Fwp-content%2Fuploads%2Fsites%2F4%2F2026%2F02%2FIMG_3862-ljusare-scaled.jpg 1x, https:\/\/images.ohmyhosting.se\/dDcsRyBR8wa6atbR0_mGstjP--E=\/1276x862\/filters:quality(85)\/https%3A%2F%2Ftransdev.se%2Fwp-content%2Fuploads%2Fsites%2F4%2F2026%2F02%2FIMG_3862-ljusare-scaled.jpg 2x\" alt=\"\" data-src=\"https:\/\/images.ohmyhosting.se\/G9UN-MGAjlbuoLRR8LQMSBHCgPY=\/638x431\/filters:quality(85)\/https%3A%2F%2Ftransdev.se%2Fwp-content%2Fuploads%2Fsites%2F4%2F2026%2F02%2FIMG_3862-ljusare-scaled.jpg\" class=\"lazy\" \/><\/picture>\n            <\/div>\n            <\/div>\n<\/div>\n\n<div\nclass=\"text-double-image container-px container-py\"\ndata-color-theme=\"green-light\"\ndata-color-theme-brightness=\"light\">\n    <div class=\"text-double-image__inner container mx-auto\">\n        <article\n        class=\"text-double-image__content\">\n                            <span class=\"heading-sm font-normal mb-2 block title-theme-color\">\n                    M\/S Sj\u00f6bris 2025\n                <\/span>\n            \n            <h2 class=\"heading-md md:heading-lg title-theme-color\">\n                Departure from Slussen at Skeppsbron \n            <\/h2>\n\n                            <span class=\"body-md mt-2 block title-theme-color\">\n                    Through Baggenst\u00e4ket\n                <\/span>\n            \n                            <div class=\"body-sm mt-[30px] text-theme-color\">\n                    <p>The archipelago expedition to Orn\u00f6 and St Sandb\u00f6te departs aboard M\/S Sj\u00f6bris from Slussen at Skeppsbron, to the left of the Djurg\u00e5rdsf\u00e4rjan, at 08:00. We will then travel via Baggensst\u00e4ket.<\/p>\n<p>From 10:15 to 14:30, we will visit St Sandb\u00f6te and Orn\u00f6 in two groups and enjoy lunch onboard just outside Orn\u00f6.<\/p>\n<p>We expect to return to Slussen at 17:00.<\/p>\n<p>Please dress according to the weather with sturdy shoes, and feel free to bring binoculars or a map to add another dimension to your journey.<\/p>\n\n                <\/div>\n            \n            \n                    <\/article>\n\n                    <div class=\"text-double-image__image-wrap\">\n                <div class=\"text-double-image__left-image\">\n                    <picture><img srcset=\"https:\/\/images.ohmyhosting.se\/BNXD0OUSsy45jUayKezsDW0SnQU=\/416x500\/filters:quality(85)\/https%3A%2F%2Ftransdev.se%2Fwp-content%2Fuploads%2Fsites%2F4%2F2025%2F01%2Fcb9b483f-383f-422d-9e90-b701d3d2b297.jpg 1x, https:\/\/images.ohmyhosting.se\/0IEeCwVAvM6vEUdCwA0QwWpIRSw=\/832x1000\/filters:quality(85)\/https%3A%2F%2Ftransdev.se%2Fwp-content%2Fuploads%2Fsites%2F4%2F2025%2F01%2Fcb9b483f-383f-422d-9e90-b701d3d2b297.jpg 2x\" alt=\"\" data-src=\"https:\/\/images.ohmyhosting.se\/BNXD0OUSsy45jUayKezsDW0SnQU=\/416x500\/filters:quality(85)\/https%3A%2F%2Ftransdev.se%2Fwp-content%2Fuploads%2Fsites%2F4%2F2025%2F01%2Fcb9b483f-383f-422d-9e90-b701d3d2b297.jpg\" class=\"lazy\" \/><\/picture>\n                <\/div>\n                <div class=\"text-double-image__right-image\">\n                    <picture><img srcset=\"https:\/\/images.ohmyhosting.se\/o4cFCzN2cHxHsuZw2vC1eahb_gw=\/416x500\/filters:quality(85)\/https%3A%2F%2Ftransdev.se%2Fwp-content%2Fuploads%2Fsites%2F4%2F2025%2F01%2F143-4387_IMG.jpg 1x, https:\/\/images.ohmyhosting.se\/9WzSiSI5i1nb3YMyAfJumskAfxQ=\/832x1000\/filters:quality(85)\/https%3A%2F%2Ftransdev.se%2Fwp-content%2Fuploads%2Fsites%2F4%2F2025%2F01%2F143-4387_IMG.jpg 2x\" alt=\"\" data-src=\"https:\/\/images.ohmyhosting.se\/o4cFCzN2cHxHsuZw2vC1eahb_gw=\/416x500\/filters:quality(85)\/https%3A%2F%2Ftransdev.se%2Fwp-content%2Fuploads%2Fsites%2F4%2F2025%2F01%2F143-4387_IMG.jpg\" class=\"lazy\" \/><\/picture>\n                <\/div>\n            <\/div>\n            <\/div>\n<\/div>\n\n<div\nclass=\"text-image container-px container-my\"\n\n    data-color-theme=white\n    data-color-theme-brightness=light\n>\n    <div\n    class=\"text-image__inner container mx-auto\"\n    >\n        <div\n        class=\"text-image__content-wrap\">\n            <article\n            class=\"text-image__content\">\n                                    <span class=\"heading-sm font-normal mb-2 block title-theme-color\">\n                        May 2025\n                    <\/span>\n                \n                <h2 class=\"heading-md md:heading-lg title-theme-color   mb-3.5 \">\n                    Cold-cut Lunch Buffet\n                <\/h2>\n\n                \n                                    <div class=\"body-sm text-theme-color wysiwyg\">\n                        <p data-start=\"0\" data-end=\"296\">During the day, a cold-cut lunch buffet will be served, with various options of delicious dishes and a meal drink. The lunch buffet is designed to offer alternatives for vegetarians who eat fish. For any other special dietary needs or allergies, please inform us at <strong><a rel=\"noopener\" data-start=\"266\" data-end=\"295\">kontoret@blidosundsbolaget.se<\/a><\/strong>.<\/p>\n<p data-start=\"298\" data-end=\"574\">The caf\u00e9 will be open throughout the journey, offering a selection of coffee, tea, and light snacks such as pastries, as well as alcoholic beverages like beer and wine. For those who want something more filling, there are also snacks and smaller dishes available for purchase.<\/p>\n<p data-start=\"576\" data-end=\"604\"><strong>Ticket price 2025:<\/strong> 950 SEK\/person<\/p>\n<p data-start=\"606\" data-end=\"731\" data-is-last-node=\"\" data-is-only-node=\"\"><strong>What\u2019s included in the price:<\/strong> Archipelago trip, guided tour, sandwich with coffee\/tea, lunch buffet with a non-alcoholic meal drink.<\/p>\n\n                    <\/div>\n                \n                \n                            <\/article>\n        <\/div>\n\n                    <div class=\"text-image__image-wrap\">\n                <picture><source media=\"(max-width:415px)\" data-srcset=\"https:\/\/images.ohmyhosting.se\/gkPnaD8Ohmd0JfsYvJTXg_jFI-o=\/415x320\/filters:quality(85)\/https%3A%2F%2Ftransdev.se%2Fwp-content%2Fuploads%2Fsites%2F4%2F2026%2F02%2FExpeditionsbuffe-scaled-e1770377553531.jpg 1x, https:\/\/images.ohmyhosting.se\/vNUl25bzYII4cXjluFy-cqdoH_A=\/830x640\/filters:quality(85)\/https%3A%2F%2Ftransdev.se%2Fwp-content%2Fuploads%2Fsites%2F4%2F2026%2F02%2FExpeditionsbuffe-scaled-e1770377553531.jpg 2x\"><source media=\"(max-width:820px)\" data-srcset=\"https:\/\/images.ohmyhosting.se\/C5ytUmi2HBExG3t7_1vUvWEUWHc=\/765x583\/filters:quality(85)\/https%3A%2F%2Ftransdev.se%2Fwp-content%2Fuploads%2Fsites%2F4%2F2026%2F02%2FExpeditionsbuffe-scaled-e1770377553531.jpg 1x, https:\/\/images.ohmyhosting.se\/L7FcWo4kXSMKANOiBwjt0_Calfk=\/1530x1166\/filters:quality(85)\/https%3A%2F%2Ftransdev.se%2Fwp-content%2Fuploads%2Fsites%2F4%2F2026%2F02%2FExpeditionsbuffe-scaled-e1770377553531.jpg 2x\"><img srcset=\"https:\/\/images.ohmyhosting.se\/GAjiuBNbXF-LpPDyeLQzfDPqIak=\/638x431\/filters:quality(85)\/https%3A%2F%2Ftransdev.se%2Fwp-content%2Fuploads%2Fsites%2F4%2F2026%2F02%2FExpeditionsbuffe-scaled-e1770377553531.jpg 1x, https:\/\/images.ohmyhosting.se\/_Wn_IwnhgUKBNoPkFMQDsE7r_OM=\/1276x862\/filters:quality(85)\/https%3A%2F%2Ftransdev.se%2Fwp-content%2Fuploads%2Fsites%2F4%2F2026%2F02%2FExpeditionsbuffe-scaled-e1770377553531.jpg 2x\" alt=\"\" data-src=\"https:\/\/images.ohmyhosting.se\/GAjiuBNbXF-LpPDyeLQzfDPqIak=\/638x431\/filters:quality(85)\/https%3A%2F%2Ftransdev.se%2Fwp-content%2Fuploads%2Fsites%2F4%2F2026%2F02%2FExpeditionsbuffe-scaled-e1770377553531.jpg\" class=\"lazy\" \/><\/picture>\n            <\/div>\n            <\/div>\n<\/div>","protected":false},"excerpt":{"rendered":"","protected":false},"author":30,"featured_media":0,"parent":0,"menu_order":0,"comment_status":"closed","ping_status":"closed","template":"","meta":{"_acf_changed":false,"footnotes":""},"class_list":["post-4542","page","type-page","status-publish","hentry"],"acf":[],"yoast_head":"<!-- This site is optimized with the Yoast SEO plugin v27.4 - https:\/\/yoast.com\/product\/yoast-seo-wordpress\/ -->\n<title>Archipelago Expeditions - Blid\u00f6sundsbolaget<\/title>\n<meta name=\"robots\" content=\"index, follow, max-snippet:-1, max-image-preview:large, max-video-preview:-1\" \/>\n<link rel=\"canonical\" href=\"https:\/\/blidosundsbolaget.se\/en\/archipelago-expeditions-2\/\" \/>\n<meta property=\"og:locale\" content=\"en_US\" \/>\n<meta property=\"og:type\" content=\"article\" \/>\n<meta property=\"og:title\" content=\"Archipelago Expeditions - Blid\u00f6sundsbolaget\" \/>\n<meta property=\"og:url\" content=\"https:\/\/blidosundsbolaget.se\/en\/archipelago-expeditions-2\/\" \/>\n<meta property=\"og:site_name\" content=\"Blid\u00f6sundsbolaget\" \/>\n<meta property=\"article:modified_time\" content=\"2026-02-06T11:32:42+00:00\" \/>\n<meta name=\"twitter:card\" content=\"summary_large_image\" \/>\n<script type=\"application\/ld+json\" class=\"yoast-schema-graph\">{\"@context\":\"https:\\\/\\\/schema.org\",\"@graph\":[{\"@type\":\"WebPage\",\"@id\":\"https:\\\/\\\/blidosundsbolaget.se\\\/en\\\/archipelago-expeditions-2\\\/\",\"url\":\"https:\\\/\\\/blidosundsbolaget.se\\\/en\\\/archipelago-expeditions-2\\\/\",\"name\":\"Archipelago Expeditions - Blid\u00f6sundsbolaget\",\"isPartOf\":{\"@id\":\"https:\\\/\\\/blidosundsbolaget.se\\\/en\\\/#website\"},\"datePublished\":\"2025-04-01T11:37:21+00:00\",\"dateModified\":\"2026-02-06T11:32:42+00:00\",\"breadcrumb\":{\"@id\":\"https:\\\/\\\/blidosundsbolaget.se\\\/en\\\/archipelago-expeditions-2\\\/#breadcrumb\"},\"inLanguage\":\"en-US\",\"potentialAction\":[{\"@type\":\"ReadAction\",\"target\":[\"https:\\\/\\\/blidosundsbolaget.se\\\/en\\\/archipelago-expeditions-2\\\/\"]}]},{\"@type\":\"BreadcrumbList\",\"@id\":\"https:\\\/\\\/blidosundsbolaget.se\\\/en\\\/archipelago-expeditions-2\\\/#breadcrumb\",\"itemListElement\":[{\"@type\":\"ListItem\",\"position\":1,\"name\":\"Home\",\"item\":\"https:\\\/\\\/blidosundsbolaget.se\\\/en\\\/\"},{\"@type\":\"ListItem\",\"position\":2,\"name\":\"Archipelago Expeditions\"}]},{\"@type\":\"WebSite\",\"@id\":\"https:\\\/\\\/blidosundsbolaget.se\\\/en\\\/#website\",\"url\":\"https:\\\/\\\/blidosundsbolaget.se\\\/en\\\/\",\"name\":\"Blid\u00f6sundsbolaget\",\"description\":\"\",\"publisher\":{\"@id\":\"https:\\\/\\\/blidosundsbolaget.se\\\/en\\\/#organization\"},\"potentialAction\":[{\"@type\":\"SearchAction\",\"target\":{\"@type\":\"EntryPoint\",\"urlTemplate\":\"https:\\\/\\\/blidosundsbolaget.se\\\/en\\\/?s={search_term_string}\"},\"query-input\":{\"@type\":\"PropertyValueSpecification\",\"valueRequired\":true,\"valueName\":\"search_term_string\"}}],\"inLanguage\":\"en-US\"},{\"@type\":\"Organization\",\"@id\":\"https:\\\/\\\/blidosundsbolaget.se\\\/en\\\/#organization\",\"name\":\"Blid\u00f6sundsbolaget\",\"url\":\"https:\\\/\\\/blidosundsbolaget.se\\\/en\\\/\",\"logo\":{\"@type\":\"ImageObject\",\"inLanguage\":\"en-US\",\"@id\":\"https:\\\/\\\/blidosundsbolaget.se\\\/en\\\/#\\\/schema\\\/logo\\\/image\\\/\",\"url\":\"https:\\\/\\\/transdev.se\\\/wp-content\\\/uploads\\\/sites\\\/4\\\/2025\\\/03\\\/Blidosundsbolaget-symbol-_blue_RGB.png\",\"contentUrl\":\"https:\\\/\\\/transdev.se\\\/wp-content\\\/uploads\\\/sites\\\/4\\\/2025\\\/03\\\/Blidosundsbolaget-symbol-_blue_RGB.png\",\"width\":1187,\"height\":1186,\"caption\":\"Blid\u00f6sundsbolaget\"},\"image\":{\"@id\":\"https:\\\/\\\/blidosundsbolaget.se\\\/en\\\/#\\\/schema\\\/logo\\\/image\\\/\"}}]}<\/script>\n<!-- \/ Yoast SEO plugin. -->","yoast_head_json":{"title":"Archipelago Expeditions - Blid\u00f6sundsbolaget","robots":{"index":"index","follow":"follow","max-snippet":"max-snippet:-1","max-image-preview":"max-image-preview:large","max-video-preview":"max-video-preview:-1"},"canonical":"https:\/\/blidosundsbolaget.se\/en\/archipelago-expeditions-2\/","og_locale":"en_US","og_type":"article","og_title":"Archipelago Expeditions - Blid\u00f6sundsbolaget","og_url":"https:\/\/blidosundsbolaget.se\/en\/archipelago-expeditions-2\/","og_site_name":"Blid\u00f6sundsbolaget","article_modified_time":"2026-02-06T11:32:42+00:00","twitter_card":"summary_large_image","schema":{"@context":"https:\/\/schema.org","@graph":[{"@type":"WebPage","@id":"https:\/\/blidosundsbolaget.se\/en\/archipelago-expeditions-2\/","url":"https:\/\/blidosundsbolaget.se\/en\/archipelago-expeditions-2\/","name":"Archipelago Expeditions - Blid\u00f6sundsbolaget","isPartOf":{"@id":"https:\/\/blidosundsbolaget.se\/en\/#website"},"datePublished":"2025-04-01T11:37:21+00:00","dateModified":"2026-02-06T11:32:42+00:00","breadcrumb":{"@id":"https:\/\/blidosundsbolaget.se\/en\/archipelago-expeditions-2\/#breadcrumb"},"inLanguage":"en-US","potentialAction":[{"@type":"ReadAction","target":["https:\/\/blidosundsbolaget.se\/en\/archipelago-expeditions-2\/"]}]},{"@type":"BreadcrumbList","@id":"https:\/\/blidosundsbolaget.se\/en\/archipelago-expeditions-2\/#breadcrumb","itemListElement":[{"@type":"ListItem","position":1,"name":"Home","item":"https:\/\/blidosundsbolaget.se\/en\/"},{"@type":"ListItem","position":2,"name":"Archipelago Expeditions"}]},{"@type":"WebSite","@id":"https:\/\/blidosundsbolaget.se\/en\/#website","url":"https:\/\/blidosundsbolaget.se\/en\/","name":"Blid\u00f6sundsbolaget","description":"","publisher":{"@id":"https:\/\/blidosundsbolaget.se\/en\/#organization"},"potentialAction":[{"@type":"SearchAction","target":{"@type":"EntryPoint","urlTemplate":"https:\/\/blidosundsbolaget.se\/en\/?s={search_term_string}"},"query-input":{"@type":"PropertyValueSpecification","valueRequired":true,"valueName":"search_term_string"}}],"inLanguage":"en-US"},{"@type":"Organization","@id":"https:\/\/blidosundsbolaget.se\/en\/#organization","name":"Blid\u00f6sundsbolaget","url":"https:\/\/blidosundsbolaget.se\/en\/","logo":{"@type":"ImageObject","inLanguage":"en-US","@id":"https:\/\/blidosundsbolaget.se\/en\/#\/schema\/logo\/image\/","url":"https:\/\/transdev.se\/wp-content\/uploads\/sites\/4\/2025\/03\/Blidosundsbolaget-symbol-_blue_RGB.png","contentUrl":"https:\/\/transdev.se\/wp-content\/uploads\/sites\/4\/2025\/03\/Blidosundsbolaget-symbol-_blue_RGB.png","width":1187,"height":1186,"caption":"Blid\u00f6sundsbolaget"},"image":{"@id":"https:\/\/blidosundsbolaget.se\/en\/#\/schema\/logo\/image\/"}}]}},"_links":{"self":[{"href":"https:\/\/blidosundsbolaget.se\/en\/wp-json\/wp\/v2\/pages\/4542","targetHints":{"allow":["GET"]}}],"collection":[{"href":"https:\/\/blidosundsbolaget.se\/en\/wp-json\/wp\/v2\/pages"}],"about":[{"href":"https:\/\/blidosundsbolaget.se\/en\/wp-json\/wp\/v2\/types\/page"}],"author":[{"embeddable":true,"href":"https:\/\/blidosundsbolaget.se\/en\/wp-json\/wp\/v2\/users\/30"}],"replies":[{"embeddable":true,"href":"https:\/\/blidosundsbolaget.se\/en\/wp-json\/wp\/v2\/comments?post=4542"}],"version-history":[{"count":8,"href":"https:\/\/blidosundsbolaget.se\/en\/wp-json\/wp\/v2\/pages\/4542\/revisions"}],"predecessor-version":[{"id":9642,"href":"https:\/\/blidosundsbolaget.se\/en\/wp-json\/wp\/v2\/pages\/4542\/revisions\/9642"}],"wp:attachment":[{"href":"https:\/\/blidosundsbolaget.se\/en\/wp-json\/wp\/v2\/media?parent=4542"}],"curies":[{"name":"wp","href":"https:\/\/api.w.org\/{rel}","templated":true}]}}