{"id":4590,"date":"2025-04-01T13:45:25","date_gmt":"2025-04-01T11:45:25","guid":{"rendered":"https:\/\/blidosundsbolaget.se\/?page_id=4590"},"modified":"2026-03-06T12:42:58","modified_gmt":"2026-03-06T11:42:58","slug":"other-destinations","status":"publish","type":"page","link":"https:\/\/blidosundsbolaget.se\/en\/other-destinations\/","title":{"rendered":"Other destinations"},"content":{"rendered":"<div\nclass=\"text-double-image container-px container-my\"\ndata-color-theme=\"white\"\ndata-color-theme-brightness=\"light\">\n    <div class=\"text-double-image__inner container mx-auto\">\n        <article\n        class=\"text-double-image__content order-1 md:order-2 order-1\">\n            \n            <h2 class=\"heading-md md:heading-lg title-theme-color\">\n                Discover Stockholm&#039;s archipelago with us\n            <\/h2>\n\n            \n                            <div class=\"body-sm mt-[30px] text-theme-color\">\n                    <p>R\u00f6dl\u00f6ga, Ut\u00f6, and M\u00f6ja are some of the exciting destinations in Stockholm&#8217;s archipelago, where peace and adventure meet in perfect harmony. These beautiful islands offer something for everyone \u2013 from peaceful nature to exciting activities. <\/p>\n<p>On R\u00f6dl\u00f6ga, you can enjoy beautiful cliffs and visit the trading post, while Ut\u00f6 offers fine beaches, a lovely little village, and many wonderful hiking trails through pine forests and open landscapes. M\u00f6ja, with its charming blend of history and natural beauty, has everything from a church, miniature railway, and dance floor to an ostrich farm! <\/p>\n<p>For nature lovers, there are plenty of opportunities to explore the islands, paddle kayaks, or sail on the sparkling sea. On these islands, you&#8217;ll experience the authentic archipelago atmosphere and end the day with a meal at one of the cozy restaurants where you can enjoy local delicacies and watch the sunset over the sea. <\/p>\n<p>Whether you&#8217;re looking for tranquility or adventure, these islands offer an unforgettable experience of the archipelago idyll you dream of. <\/p>\n\n                <\/div>\n            \n                            <div class=\"mt-8 flex flex-wrap items-baseline gap-4\">\n                    <a\n        href=\"https:\/\/sl.se\/reseplanering\"\n                target=\"_blank\"\n                class=\"button button--black inline-block\">\n            See SL\u2019s travel planner\n        <\/a>\n                    <a\n        href=\"https:\/\/transdev.se\/wp-content\/uploads\/sites\/4\/2025\/01\/linjekarta-skargarden-2023.pdf\"\n                target=\"_blank\"\n                class=\"button button--black inline-block\">\n            Route map\n        <\/a>\n                    <\/div>\n            \n                    <\/article>\n\n                    <div class=\"text-double-image__image-wrap order-2 md:order-1 order-2\">\n                <div class=\"text-double-image__left-image\">\n                    <picture><img srcset=\"https:\/\/images.ohmyhosting.se\/A4FZCjfctI_IhuR22INTnPiNcYw=\/416x500\/filters:quality(85)\/https%3A%2F%2Ftransdev.se%2Fwp-content%2Fuploads%2Fsites%2F4%2F2025%2F03%2F397a3d6b-350b-44a1-bc84-20d2c25e0d3e.jpg 1x, https:\/\/images.ohmyhosting.se\/nQftVHrwcNi96qCXcuUCCAQRxOA=\/832x1000\/filters:quality(85)\/https%3A%2F%2Ftransdev.se%2Fwp-content%2Fuploads%2Fsites%2F4%2F2025%2F03%2F397a3d6b-350b-44a1-bc84-20d2c25e0d3e.jpg 2x\" alt=\"\" data-src=\"https:\/\/images.ohmyhosting.se\/A4FZCjfctI_IhuR22INTnPiNcYw=\/416x500\/filters:quality(85)\/https%3A%2F%2Ftransdev.se%2Fwp-content%2Fuploads%2Fsites%2F4%2F2025%2F03%2F397a3d6b-350b-44a1-bc84-20d2c25e0d3e.jpg\" class=\"lazy\" \/><\/picture>\n                <\/div>\n                <div class=\"text-double-image__right-image\">\n                    <picture><img srcset=\"https:\/\/images.ohmyhosting.se\/Cf2EnBQMZDRMKwWzYOiK65R7Tc4=\/416x500\/filters:quality(85)\/https%3A%2F%2Ftransdev.se%2Fwp-content%2Fuploads%2Fsites%2F4%2F2025%2F02%2FIMG_5853-Uto-kvarn-beskuren-LB.jpg 1x, https:\/\/images.ohmyhosting.se\/mlOO0JFEmuCq94uXy7XzQGFWD3Q=\/832x1000\/filters:quality(85)\/https%3A%2F%2Ftransdev.se%2Fwp-content%2Fuploads%2Fsites%2F4%2F2025%2F02%2FIMG_5853-Uto-kvarn-beskuren-LB.jpg 2x\" alt=\"\" data-src=\"https:\/\/images.ohmyhosting.se\/Cf2EnBQMZDRMKwWzYOiK65R7Tc4=\/416x500\/filters:quality(85)\/https%3A%2F%2Ftransdev.se%2Fwp-content%2Fuploads%2Fsites%2F4%2F2025%2F02%2FIMG_5853-Uto-kvarn-beskuren-LB.jpg\" class=\"lazy\" \/><\/picture>\n                <\/div>\n            <\/div>\n            <\/div>\n<\/div>\n\n<div\nclass=\"card-slider container-px overflow-hidden container-py\"\ndata-color-theme=\"light-blue\"\ndata-color-theme-brightness=\"light\">\n\n            <div class=\"container mx-auto mb-8 sm:mb-10\">\n            <h2 class=\"heading-md md:heading-lg title-theme-color\">\n                Excursions and other suggestions\n            <\/h2>\n        <\/div>\n    \n    <div\n    class=\"swiper container mx-auto\"\n    data-js=\"CardSlider\">\n        <button class=\"swiper-button-prev\"><\/button>\n        <button class=\"swiper-button-next\"><\/button>\n        <div class=\"card-slider__inner w-full swiper-wrapper\">\n                                            <div\n                class=\"card-slider__item swiper-slide\"\n                data-color-theme=\"light-blue\"\n                data-color-theme-brightness=\"light\">\n                    <div>\n                                                    <picture><source media=\"(max-width:639px)\" data-srcset=\"https:\/\/images.ohmyhosting.se\/7iwtCUReVeXVR3iwomMyhk4T84M=\/584x388\/filters:quality(85)\/https%3A%2F%2Ftransdev.se%2Fwp-content%2Fuploads%2Fsites%2F4%2F2025%2F01%2Fc0a6e9b1-fc48-4312-95a8-56c4b5086f9a.jpg 1x, https:\/\/images.ohmyhosting.se\/f_IB1toyp1s5SvnsK0FBXNRoSVc=\/1168x776\/filters:quality(85)\/https%3A%2F%2Ftransdev.se%2Fwp-content%2Fuploads%2Fsites%2F4%2F2025%2F01%2Fc0a6e9b1-fc48-4312-95a8-56c4b5086f9a.jpg 2x\"><source media=\"(max-width:767px)\" data-srcset=\"https:\/\/images.ohmyhosting.se\/GrrIWNopsJRhdHSkYP1tZyQ6wLY=\/499x278\/filters:quality(85)\/https%3A%2F%2Ftransdev.se%2Fwp-content%2Fuploads%2Fsites%2F4%2F2025%2F01%2Fc0a6e9b1-fc48-4312-95a8-56c4b5086f9a.jpg 1x, https:\/\/images.ohmyhosting.se\/FXDhXtW5f53-xlaKclX_P5p60xI=\/998x556\/filters:quality(85)\/https%3A%2F%2Ftransdev.se%2Fwp-content%2Fuploads%2Fsites%2F4%2F2025%2F01%2Fc0a6e9b1-fc48-4312-95a8-56c4b5086f9a.jpg 2x\"><source media=\"(max-width:1023px)\" data-srcset=\"https:\/\/images.ohmyhosting.se\/6Hb39sv4JUeZayCk60Q4r1_yE48=\/416x278\/filters:quality(85)\/https%3A%2F%2Ftransdev.se%2Fwp-content%2Fuploads%2Fsites%2F4%2F2025%2F01%2Fc0a6e9b1-fc48-4312-95a8-56c4b5086f9a.jpg 1x, https:\/\/images.ohmyhosting.se\/Io1ihENY4_Ff_waVR8a0X-MEvB4=\/832x556\/filters:quality(85)\/https%3A%2F%2Ftransdev.se%2Fwp-content%2Fuploads%2Fsites%2F4%2F2025%2F01%2Fc0a6e9b1-fc48-4312-95a8-56c4b5086f9a.jpg 2x\"><img srcset=\"https:\/\/images.ohmyhosting.se\/6Hb39sv4JUeZayCk60Q4r1_yE48=\/416x278\/filters:quality(85)\/https%3A%2F%2Ftransdev.se%2Fwp-content%2Fuploads%2Fsites%2F4%2F2025%2F01%2Fc0a6e9b1-fc48-4312-95a8-56c4b5086f9a.jpg 1x, https:\/\/images.ohmyhosting.se\/Io1ihENY4_Ff_waVR8a0X-MEvB4=\/832x556\/filters:quality(85)\/https%3A%2F%2Ftransdev.se%2Fwp-content%2Fuploads%2Fsites%2F4%2F2025%2F01%2Fc0a6e9b1-fc48-4312-95a8-56c4b5086f9a.jpg 2x\" alt=\"\" data-src=\"https:\/\/images.ohmyhosting.se\/6Hb39sv4JUeZayCk60Q4r1_yE48=\/416x278\/filters:quality(85)\/https%3A%2F%2Ftransdev.se%2Fwp-content%2Fuploads%2Fsites%2F4%2F2025%2F01%2Fc0a6e9b1-fc48-4312-95a8-56c4b5086f9a.jpg\" class=\"lazy\" \/><\/picture>\n                                            <\/div>\n                    <div class=\"p-6\">\n                        \n                        <h3 class=\"heading-md title-theme-color\">\n                            Sk\u00e4rg\u00e5rdsexpeditioner \u2013 Archipelago Excursions \n                        <\/h3>\n\n                                                    <p class=\"body-xs mt-4 text-theme-color\">\n                                Experience Stockholm\u2019s archipelago in a new way with our archipelago excursions. Join us on a unique organized tour to explore the beautiful islands and the fresh sea breeze at destinations often off the beaten track. Our excursions give you the opportunity to discover the archipelago from the water\u2019s perspective, with a knowledgeable guide sharing the area\u2019s history and nature in Swedish. A thrilling experience for both adventure seekers and nature lovers. We offer our set excursion programs twice a year (May and August) and tickets can be bought through our website. \n                            <\/p>\n                        \n                                                    <div class=\"mt-6 flex flex-wrap items-baseline gap-4\">\n                                <a\n        href=\"https:\/\/blidosundsbolaget.se\/skargardsexpeditioner-2\/\"\n                class=\"button button--black inline-block\">\n            Read more (in Swedish)\n        <\/a>\n                                <\/div>\n                                            <\/div>\n                <\/div>\n                                            <div\n                class=\"card-slider__item swiper-slide\"\n                data-color-theme=\"light-blue\"\n                data-color-theme-brightness=\"light\">\n                    <div>\n                                                    <picture><source media=\"(max-width:639px)\" data-srcset=\"https:\/\/images.ohmyhosting.se\/cniQHQSfTNrfJ9hy_iyjAegAoBk=\/584x388\/filters:quality(85)\/https%3A%2F%2Ftransdev.se%2Fwp-content%2Fuploads%2Fsites%2F4%2F2024%2F11%2F4-Artistprogram-scaled.jpg 1x, https:\/\/images.ohmyhosting.se\/-juV6-CoqEXsJx4po6gNPSEVOT0=\/1168x776\/filters:quality(85)\/https%3A%2F%2Ftransdev.se%2Fwp-content%2Fuploads%2Fsites%2F4%2F2024%2F11%2F4-Artistprogram-scaled.jpg 2x\"><source media=\"(max-width:767px)\" data-srcset=\"https:\/\/images.ohmyhosting.se\/HTdvaxfKan6edpQ3EcB_VLLR2nM=\/499x278\/filters:quality(85)\/https%3A%2F%2Ftransdev.se%2Fwp-content%2Fuploads%2Fsites%2F4%2F2024%2F11%2F4-Artistprogram-scaled.jpg 1x, https:\/\/images.ohmyhosting.se\/3WNDugp_ozUDfOL-W_7M-PcKVRE=\/998x556\/filters:quality(85)\/https%3A%2F%2Ftransdev.se%2Fwp-content%2Fuploads%2Fsites%2F4%2F2024%2F11%2F4-Artistprogram-scaled.jpg 2x\"><source media=\"(max-width:1023px)\" data-srcset=\"https:\/\/images.ohmyhosting.se\/vKoC1E-NjwjpZInYYsUhMUs4Omc=\/416x278\/filters:quality(85)\/https%3A%2F%2Ftransdev.se%2Fwp-content%2Fuploads%2Fsites%2F4%2F2024%2F11%2F4-Artistprogram-scaled.jpg 1x, https:\/\/images.ohmyhosting.se\/0PLga96pmxMBb7WFUA0wZZP_EGU=\/832x556\/filters:quality(85)\/https%3A%2F%2Ftransdev.se%2Fwp-content%2Fuploads%2Fsites%2F4%2F2024%2F11%2F4-Artistprogram-scaled.jpg 2x\"><img srcset=\"https:\/\/images.ohmyhosting.se\/vKoC1E-NjwjpZInYYsUhMUs4Omc=\/416x278\/filters:quality(85)\/https%3A%2F%2Ftransdev.se%2Fwp-content%2Fuploads%2Fsites%2F4%2F2024%2F11%2F4-Artistprogram-scaled.jpg 1x, https:\/\/images.ohmyhosting.se\/0PLga96pmxMBb7WFUA0wZZP_EGU=\/832x556\/filters:quality(85)\/https%3A%2F%2Ftransdev.se%2Fwp-content%2Fuploads%2Fsites%2F4%2F2024%2F11%2F4-Artistprogram-scaled.jpg 2x\" alt=\"\" data-src=\"https:\/\/images.ohmyhosting.se\/vKoC1E-NjwjpZInYYsUhMUs4Omc=\/416x278\/filters:quality(85)\/https%3A%2F%2Ftransdev.se%2Fwp-content%2Fuploads%2Fsites%2F4%2F2024%2F11%2F4-Artistprogram-scaled.jpg\" class=\"lazy\" \/><\/picture>\n                                            <\/div>\n                    <div class=\"p-6\">\n                        \n                        <h3 class=\"heading-md title-theme-color\">\n                            Music Cruises\n                        <\/h3>\n\n                                                    <p class=\"body-xs mt-4 text-theme-color\">\n                                Blid\u00f6sund Live offers a unique music experience at sea in both Stockholm and Norrt\u00e4lje! Enjoy live music, great food, and fantastic views over the archipelago while you glide across the water. Whether you&#039;re in Stockholm or Norrt\u00e4lje, an unforgettable evening awaits onboard. Don\u2019t miss the chance to create memories for life!\n                            <\/p>\n                        \n                                                    <div class=\"mt-6 flex flex-wrap items-baseline gap-4\">\n                                <a\n        href=\"https:\/\/blidosundsbolaget.se\/en\/?page_id=4592\"\n                class=\"button button--black inline-block\">\n            Read more\n        <\/a>\n                                <\/div>\n                                            <\/div>\n                <\/div>\n                                            <div\n                class=\"card-slider__item swiper-slide\"\n                data-color-theme=\"light-blue\"\n                data-color-theme-brightness=\"light\">\n                    <div>\n                                                    <picture><source media=\"(max-width:639px)\" data-srcset=\"https:\/\/images.ohmyhosting.se\/uuoomV-DotwxzqKcidOc04Q9MwU=\/584x388\/filters:quality(85)\/https%3A%2F%2Ftransdev.se%2Fwp-content%2Fuploads%2Fsites%2F4%2F2025%2F02%2Fangso_rosl.jpg 1x, https:\/\/images.ohmyhosting.se\/D-GIdmW7beR4x0YsRuDGRe2PGko=\/1168x776\/filters:quality(85)\/https%3A%2F%2Ftransdev.se%2Fwp-content%2Fuploads%2Fsites%2F4%2F2025%2F02%2Fangso_rosl.jpg 2x\"><source media=\"(max-width:767px)\" data-srcset=\"https:\/\/images.ohmyhosting.se\/PeZvl0a7OdQ6mlDqCX7X7YqhRy4=\/499x278\/filters:quality(85)\/https%3A%2F%2Ftransdev.se%2Fwp-content%2Fuploads%2Fsites%2F4%2F2025%2F02%2Fangso_rosl.jpg 1x, https:\/\/images.ohmyhosting.se\/lAWm_uOWbFNkkuSS8Pn8gj8omTU=\/998x556\/filters:quality(85)\/https%3A%2F%2Ftransdev.se%2Fwp-content%2Fuploads%2Fsites%2F4%2F2025%2F02%2Fangso_rosl.jpg 2x\"><source media=\"(max-width:1023px)\" data-srcset=\"https:\/\/images.ohmyhosting.se\/CkbaVQlMcYG3Yf7DDMHVzGG1ZyM=\/416x278\/filters:quality(85)\/https%3A%2F%2Ftransdev.se%2Fwp-content%2Fuploads%2Fsites%2F4%2F2025%2F02%2Fangso_rosl.jpg 1x, https:\/\/images.ohmyhosting.se\/SNXOXwmd1KJXA9lJYJG8A5mjEV4=\/832x556\/filters:quality(85)\/https%3A%2F%2Ftransdev.se%2Fwp-content%2Fuploads%2Fsites%2F4%2F2025%2F02%2Fangso_rosl.jpg 2x\"><img srcset=\"https:\/\/images.ohmyhosting.se\/CkbaVQlMcYG3Yf7DDMHVzGG1ZyM=\/416x278\/filters:quality(85)\/https%3A%2F%2Ftransdev.se%2Fwp-content%2Fuploads%2Fsites%2F4%2F2025%2F02%2Fangso_rosl.jpg 1x, https:\/\/images.ohmyhosting.se\/SNXOXwmd1KJXA9lJYJG8A5mjEV4=\/832x556\/filters:quality(85)\/https%3A%2F%2Ftransdev.se%2Fwp-content%2Fuploads%2Fsites%2F4%2F2025%2F02%2Fangso_rosl.jpg 2x\" alt=\"\" data-src=\"https:\/\/images.ohmyhosting.se\/CkbaVQlMcYG3Yf7DDMHVzGG1ZyM=\/416x278\/filters:quality(85)\/https%3A%2F%2Ftransdev.se%2Fwp-content%2Fuploads%2Fsites%2F4%2F2025%2F02%2Fangso_rosl.jpg\" class=\"lazy\" \/><\/picture>\n                                            <\/div>\n                    <div class=\"p-6\">\n                        \n                        <h3 class=\"heading-md title-theme-color\">\n                            \u00c4ngs\u00f6 National Park\n                        <\/h3>\n\n                                                    <p class=\"body-xs mt-4 text-theme-color\">\n                                Take one of our regular tours to \u00c4ngs\u00f6 National Park, one of Stockholm\u2019s most beautiful islands. Here you can experience seas of orchids, like Adam and Eve in spring. Onboard our boats, you can enjoy coffee, light meals, or a glass of wine\/beer as you sail through the archipelago. In the spring, you can also book a guide to learn more about the area from an expert.\n                            <\/p>\n                        \n                                                    <div class=\"mt-6 flex flex-wrap items-baseline gap-4\">\n                                <a\n        href=\"https:\/\/waxholmsbolaget.se\/\"\n                target=\"_blank\"\n                class=\"button button--black inline-block\">\n            Search for a tour\n        <\/a>\n                                <\/div>\n                                            <\/div>\n                <\/div>\n                    <\/div>\n        <div class=\"swiper-pagination\"><\/div>\n    <\/div>\n<\/div>","protected":false},"excerpt":{"rendered":"","protected":false},"author":30,"featured_media":0,"parent":0,"menu_order":0,"comment_status":"closed","ping_status":"closed","template":"","meta":{"_acf_changed":false,"footnotes":""},"class_list":["post-4590","page","type-page","status-publish","hentry"],"acf":[],"yoast_head":"<!-- This site is optimized with the Yoast SEO plugin v27.4 - https:\/\/yoast.com\/product\/yoast-seo-wordpress\/ -->\n<title>Other destinations - Blid\u00f6sundsbolaget<\/title>\n<meta name=\"robots\" content=\"index, follow, max-snippet:-1, max-image-preview:large, max-video-preview:-1\" \/>\n<link rel=\"canonical\" href=\"https:\/\/blidosundsbolaget.se\/en\/other-destinations\/\" \/>\n<meta property=\"og:locale\" content=\"en_US\" \/>\n<meta property=\"og:type\" content=\"article\" \/>\n<meta property=\"og:title\" content=\"Other destinations - Blid\u00f6sundsbolaget\" \/>\n<meta property=\"og:url\" content=\"https:\/\/blidosundsbolaget.se\/en\/other-destinations\/\" \/>\n<meta property=\"og:site_name\" content=\"Blid\u00f6sundsbolaget\" \/>\n<meta property=\"article:modified_time\" content=\"2026-03-06T11:42:58+00:00\" \/>\n<meta name=\"twitter:card\" content=\"summary_large_image\" \/>\n<script type=\"application\/ld+json\" class=\"yoast-schema-graph\">{\"@context\":\"https:\\\/\\\/schema.org\",\"@graph\":[{\"@type\":\"WebPage\",\"@id\":\"https:\\\/\\\/blidosundsbolaget.se\\\/en\\\/other-destinations\\\/\",\"url\":\"https:\\\/\\\/blidosundsbolaget.se\\\/en\\\/other-destinations\\\/\",\"name\":\"Other destinations - Blid\u00f6sundsbolaget\",\"isPartOf\":{\"@id\":\"https:\\\/\\\/blidosundsbolaget.se\\\/en\\\/#website\"},\"datePublished\":\"2025-04-01T11:45:25+00:00\",\"dateModified\":\"2026-03-06T11:42:58+00:00\",\"breadcrumb\":{\"@id\":\"https:\\\/\\\/blidosundsbolaget.se\\\/en\\\/other-destinations\\\/#breadcrumb\"},\"inLanguage\":\"en-US\",\"potentialAction\":[{\"@type\":\"ReadAction\",\"target\":[\"https:\\\/\\\/blidosundsbolaget.se\\\/en\\\/other-destinations\\\/\"]}]},{\"@type\":\"BreadcrumbList\",\"@id\":\"https:\\\/\\\/blidosundsbolaget.se\\\/en\\\/other-destinations\\\/#breadcrumb\",\"itemListElement\":[{\"@type\":\"ListItem\",\"position\":1,\"name\":\"Home\",\"item\":\"https:\\\/\\\/blidosundsbolaget.se\\\/en\\\/\"},{\"@type\":\"ListItem\",\"position\":2,\"name\":\"Other destinations\"}]},{\"@type\":\"WebSite\",\"@id\":\"https:\\\/\\\/blidosundsbolaget.se\\\/en\\\/#website\",\"url\":\"https:\\\/\\\/blidosundsbolaget.se\\\/en\\\/\",\"name\":\"Blid\u00f6sundsbolaget\",\"description\":\"\",\"publisher\":{\"@id\":\"https:\\\/\\\/blidosundsbolaget.se\\\/en\\\/#organization\"},\"potentialAction\":[{\"@type\":\"SearchAction\",\"target\":{\"@type\":\"EntryPoint\",\"urlTemplate\":\"https:\\\/\\\/blidosundsbolaget.se\\\/en\\\/?s={search_term_string}\"},\"query-input\":{\"@type\":\"PropertyValueSpecification\",\"valueRequired\":true,\"valueName\":\"search_term_string\"}}],\"inLanguage\":\"en-US\"},{\"@type\":\"Organization\",\"@id\":\"https:\\\/\\\/blidosundsbolaget.se\\\/en\\\/#organization\",\"name\":\"Blid\u00f6sundsbolaget\",\"url\":\"https:\\\/\\\/blidosundsbolaget.se\\\/en\\\/\",\"logo\":{\"@type\":\"ImageObject\",\"inLanguage\":\"en-US\",\"@id\":\"https:\\\/\\\/blidosundsbolaget.se\\\/en\\\/#\\\/schema\\\/logo\\\/image\\\/\",\"url\":\"https:\\\/\\\/transdev.se\\\/wp-content\\\/uploads\\\/sites\\\/4\\\/2025\\\/03\\\/Blidosundsbolaget-symbol-_blue_RGB.png\",\"contentUrl\":\"https:\\\/\\\/transdev.se\\\/wp-content\\\/uploads\\\/sites\\\/4\\\/2025\\\/03\\\/Blidosundsbolaget-symbol-_blue_RGB.png\",\"width\":1187,\"height\":1186,\"caption\":\"Blid\u00f6sundsbolaget\"},\"image\":{\"@id\":\"https:\\\/\\\/blidosundsbolaget.se\\\/en\\\/#\\\/schema\\\/logo\\\/image\\\/\"}}]}<\/script>\n<!-- \/ Yoast SEO plugin. -->","yoast_head_json":{"title":"Other destinations - Blid\u00f6sundsbolaget","robots":{"index":"index","follow":"follow","max-snippet":"max-snippet:-1","max-image-preview":"max-image-preview:large","max-video-preview":"max-video-preview:-1"},"canonical":"https:\/\/blidosundsbolaget.se\/en\/other-destinations\/","og_locale":"en_US","og_type":"article","og_title":"Other destinations - Blid\u00f6sundsbolaget","og_url":"https:\/\/blidosundsbolaget.se\/en\/other-destinations\/","og_site_name":"Blid\u00f6sundsbolaget","article_modified_time":"2026-03-06T11:42:58+00:00","twitter_card":"summary_large_image","schema":{"@context":"https:\/\/schema.org","@graph":[{"@type":"WebPage","@id":"https:\/\/blidosundsbolaget.se\/en\/other-destinations\/","url":"https:\/\/blidosundsbolaget.se\/en\/other-destinations\/","name":"Other destinations - Blid\u00f6sundsbolaget","isPartOf":{"@id":"https:\/\/blidosundsbolaget.se\/en\/#website"},"datePublished":"2025-04-01T11:45:25+00:00","dateModified":"2026-03-06T11:42:58+00:00","breadcrumb":{"@id":"https:\/\/blidosundsbolaget.se\/en\/other-destinations\/#breadcrumb"},"inLanguage":"en-US","potentialAction":[{"@type":"ReadAction","target":["https:\/\/blidosundsbolaget.se\/en\/other-destinations\/"]}]},{"@type":"BreadcrumbList","@id":"https:\/\/blidosundsbolaget.se\/en\/other-destinations\/#breadcrumb","itemListElement":[{"@type":"ListItem","position":1,"name":"Home","item":"https:\/\/blidosundsbolaget.se\/en\/"},{"@type":"ListItem","position":2,"name":"Other destinations"}]},{"@type":"WebSite","@id":"https:\/\/blidosundsbolaget.se\/en\/#website","url":"https:\/\/blidosundsbolaget.se\/en\/","name":"Blid\u00f6sundsbolaget","description":"","publisher":{"@id":"https:\/\/blidosundsbolaget.se\/en\/#organization"},"potentialAction":[{"@type":"SearchAction","target":{"@type":"EntryPoint","urlTemplate":"https:\/\/blidosundsbolaget.se\/en\/?s={search_term_string}"},"query-input":{"@type":"PropertyValueSpecification","valueRequired":true,"valueName":"search_term_string"}}],"inLanguage":"en-US"},{"@type":"Organization","@id":"https:\/\/blidosundsbolaget.se\/en\/#organization","name":"Blid\u00f6sundsbolaget","url":"https:\/\/blidosundsbolaget.se\/en\/","logo":{"@type":"ImageObject","inLanguage":"en-US","@id":"https:\/\/blidosundsbolaget.se\/en\/#\/schema\/logo\/image\/","url":"https:\/\/transdev.se\/wp-content\/uploads\/sites\/4\/2025\/03\/Blidosundsbolaget-symbol-_blue_RGB.png","contentUrl":"https:\/\/transdev.se\/wp-content\/uploads\/sites\/4\/2025\/03\/Blidosundsbolaget-symbol-_blue_RGB.png","width":1187,"height":1186,"caption":"Blid\u00f6sundsbolaget"},"image":{"@id":"https:\/\/blidosundsbolaget.se\/en\/#\/schema\/logo\/image\/"}}]}},"_links":{"self":[{"href":"https:\/\/blidosundsbolaget.se\/en\/wp-json\/wp\/v2\/pages\/4590","targetHints":{"allow":["GET"]}}],"collection":[{"href":"https:\/\/blidosundsbolaget.se\/en\/wp-json\/wp\/v2\/pages"}],"about":[{"href":"https:\/\/blidosundsbolaget.se\/en\/wp-json\/wp\/v2\/types\/page"}],"author":[{"embeddable":true,"href":"https:\/\/blidosundsbolaget.se\/en\/wp-json\/wp\/v2\/users\/30"}],"replies":[{"embeddable":true,"href":"https:\/\/blidosundsbolaget.se\/en\/wp-json\/wp\/v2\/comments?post=4590"}],"version-history":[{"count":7,"href":"https:\/\/blidosundsbolaget.se\/en\/wp-json\/wp\/v2\/pages\/4590\/revisions"}],"predecessor-version":[{"id":10165,"href":"https:\/\/blidosundsbolaget.se\/en\/wp-json\/wp\/v2\/pages\/4590\/revisions\/10165"}],"wp:attachment":[{"href":"https:\/\/blidosundsbolaget.se\/en\/wp-json\/wp\/v2\/media?parent=4590"}],"curies":[{"name":"wp","href":"https:\/\/api.w.org\/{rel}","templated":true}]}}