{"id":4663,"date":"2025-04-01T13:46:42","date_gmt":"2025-04-01T11:46:42","guid":{"rendered":"https:\/\/blidosundsbolaget.se\/?page_id=4663"},"modified":"2026-01-22T12:38:43","modified_gmt":"2026-01-22T11:38:43","slug":"s-s-blidosund","status":"publish","type":"page","link":"https:\/\/blidosundsbolaget.se\/en\/s-s-blidosund\/","title":{"rendered":"S\/S Blid\u00f6sund"},"content":{"rendered":"<div\nclass=\"text-image container-px container-my\"\n\n    data-color-theme=white\n    data-color-theme-brightness=light\n>\n    <div\n    class=\"text-image__inner container mx-auto\"\n    >\n        <div\n        class=\"text-image__content-wrap order-1 md:order-2\">\n            <article\n            class=\"text-image__content\">\n                \n                <h2 class=\"heading-md md:heading-lg title-theme-color   mb-3.5 \">\n                    Facts about S\/S Blid\u00f6sund\n                <\/h2>\n\n                \n                                    <div class=\"body-sm text-theme-color wysiwyg\">\n                        <p class=\"\" data-start=\"0\" data-end=\"86\">Home Dock: Skeppsbron Quay 101, below the castle<\/p>\n<p class=\"\" data-start=\"88\" data-end=\"161\">Number of passengers: Maximum 250 people (maximum 200 for mingling)<\/p>\n<p class=\"\" data-start=\"163\" data-end=\"206\">Minimum rental requirement: 40 people<\/p>\n<p class=\"\" data-start=\"208\" data-end=\"251\">Seating capacity in the dining rooms: Large dining room 32 people, Small dining room 16 people and Ladies&#8217; Saloon 15 people<\/p>\n<p class=\"\" data-start=\"349\" data-end=\"417\">Seating in the aft saloon for a seated menu: Maximum 50 people<\/p>\n<p class=\"\" data-start=\"419\" data-end=\"478\">Mingling in the aft saloon: Around 60 people standing<\/p>\n<p class=\"\" data-start=\"480\" data-end=\"664\">Sound system: We have a system that allows you to connect a mobile device with a playlist and a microphone. If you wish to have dancing, we recommend renting a DJ with equipment.<\/p>\n<p class=\"\" data-start=\"666\" data-end=\"962\">Accessibility: The ship is in its original condition and is not adapted for accessibility. There are thresholds and a staircase up to the upper deck where the dining rooms are located, with no elevator. The restrooms are on the entrance level and are small with no accessibility adaptation.<\/p>\n<p class=\"\" data-start=\"964\" data-end=\"992\">Cruising speed<strong data-start=\"964\" data-end=\"983\">:<\/strong> 10 knots<\/p>\n\n                    <\/div>\n                \n                \n                            <\/article>\n        <\/div>\n\n                    <div class=\"text-image__image-wrap order-2 md:order-1\">\n                <picture><source media=\"(max-width:415px)\" data-srcset=\"https:\/\/images.ohmyhosting.se\/AsctICzOdqrZ7hs8JwoRJPsTLmM=\/415x320\/filters:quality(85)\/https%3A%2F%2Ftransdev.se%2Fwp-content%2Fuploads%2Fsites%2F4%2F2025%2F01%2F05a4b04e-4b0d-4f61-810e-81d04fed276a-1.jpg 1x, https:\/\/images.ohmyhosting.se\/CeH4WYG0WG9xYLwYSP0abETqTWU=\/830x640\/filters:quality(85)\/https%3A%2F%2Ftransdev.se%2Fwp-content%2Fuploads%2Fsites%2F4%2F2025%2F01%2F05a4b04e-4b0d-4f61-810e-81d04fed276a-1.jpg 2x\"><source media=\"(max-width:820px)\" data-srcset=\"https:\/\/images.ohmyhosting.se\/14Da2ma2AmEqWntLPJYCZizcV5w=\/765x583\/filters:quality(85)\/https%3A%2F%2Ftransdev.se%2Fwp-content%2Fuploads%2Fsites%2F4%2F2025%2F01%2F05a4b04e-4b0d-4f61-810e-81d04fed276a-1.jpg 1x, https:\/\/images.ohmyhosting.se\/AzpUj9Gfst3lUcqCjkDLUnldZGY=\/1530x1166\/filters:quality(85)\/https%3A%2F%2Ftransdev.se%2Fwp-content%2Fuploads%2Fsites%2F4%2F2025%2F01%2F05a4b04e-4b0d-4f61-810e-81d04fed276a-1.jpg 2x\"><img srcset=\"https:\/\/images.ohmyhosting.se\/z_g4uQOc4KoFjUCKLNmeWUoKGGo=\/638x431\/filters:quality(85)\/https%3A%2F%2Ftransdev.se%2Fwp-content%2Fuploads%2Fsites%2F4%2F2025%2F01%2F05a4b04e-4b0d-4f61-810e-81d04fed276a-1.jpg 1x, https:\/\/images.ohmyhosting.se\/QCkUOGulzbK2tNwdAUT9uayRLWQ=\/1276x862\/filters:quality(85)\/https%3A%2F%2Ftransdev.se%2Fwp-content%2Fuploads%2Fsites%2F4%2F2025%2F01%2F05a4b04e-4b0d-4f61-810e-81d04fed276a-1.jpg 2x\" alt=\"\" data-src=\"https:\/\/images.ohmyhosting.se\/z_g4uQOc4KoFjUCKLNmeWUoKGGo=\/638x431\/filters:quality(85)\/https%3A%2F%2Ftransdev.se%2Fwp-content%2Fuploads%2Fsites%2F4%2F2025%2F01%2F05a4b04e-4b0d-4f61-810e-81d04fed276a-1.jpg\" class=\"lazy\" \/><\/picture>\n            <\/div>\n            <\/div>\n<\/div>\n\n<div\nclass=\"text-image container-px container-py\"\n\n    data-color-theme=green-light\n    data-color-theme-brightness=light\n>\n    <div\n    class=\"text-image__inner container mx-auto\"\n    >\n        <div\n        class=\"text-image__content-wrap\">\n            <article\n            class=\"text-image__content\">\n                \n                <h2 class=\"heading-md md:heading-lg title-theme-color   mb-3.5 \">\n                    Summer program\n                <\/h2>\n\n                \n                                    <div class=\"body-sm text-theme-color wysiwyg\">\n                        <p class=\"\" data-start=\"0\" data-end=\"116\">The summer program for S\/S Blid\u00f6sund has not yet been finalized, but it will be available soon!<\/p>\n<p class=\"\" data-start=\"118\" data-end=\"394\">We are working together with our non-profit support association, F\u00f6reningen Blid\u00f6sund, to offer a program that includes a great mix of music cruises, exciting excursions, and regular trips to Norrt\u00e4lje and Blid\u00f6sundet. Stay tuned for more information on dates and the program.<\/p>\n\n                    <\/div>\n                \n                \n                            <\/article>\n        <\/div>\n\n                    <div class=\"text-image__image-wrap\">\n                <picture><source media=\"(max-width:415px)\" data-srcset=\"https:\/\/images.ohmyhosting.se\/9VY58dOsZgI3LmV0QvD3QXVggL0=\/415x320\/filters:quality(85)\/https%3A%2F%2Ftransdev.se%2Fwp-content%2Fuploads%2Fsites%2F4%2F2025%2F02%2FJOH7675-e1739581843376.jpg 1x, https:\/\/images.ohmyhosting.se\/tr7YGqF63WtbS2LysCcMM0KqduQ=\/830x640\/filters:quality(85)\/https%3A%2F%2Ftransdev.se%2Fwp-content%2Fuploads%2Fsites%2F4%2F2025%2F02%2FJOH7675-e1739581843376.jpg 2x\"><source media=\"(max-width:820px)\" data-srcset=\"https:\/\/images.ohmyhosting.se\/30lC9ej_ciWDfmWnjQ2letJQAwU=\/765x583\/filters:quality(85)\/https%3A%2F%2Ftransdev.se%2Fwp-content%2Fuploads%2Fsites%2F4%2F2025%2F02%2FJOH7675-e1739581843376.jpg 1x, https:\/\/images.ohmyhosting.se\/Jvt5vkeCdMrlxc0xFK6x5asiT-g=\/1530x1166\/filters:quality(85)\/https%3A%2F%2Ftransdev.se%2Fwp-content%2Fuploads%2Fsites%2F4%2F2025%2F02%2FJOH7675-e1739581843376.jpg 2x\"><img srcset=\"https:\/\/images.ohmyhosting.se\/u_XxizKjn0pi_RPrbS8JZsTkf_Q=\/638x431\/filters:quality(85)\/https%3A%2F%2Ftransdev.se%2Fwp-content%2Fuploads%2Fsites%2F4%2F2025%2F02%2FJOH7675-e1739581843376.jpg 1x, https:\/\/images.ohmyhosting.se\/SPuUfx8bhLLXDMDxyNpn15u-PLE=\/1276x862\/filters:quality(85)\/https%3A%2F%2Ftransdev.se%2Fwp-content%2Fuploads%2Fsites%2F4%2F2025%2F02%2FJOH7675-e1739581843376.jpg 2x\" alt=\"\" data-src=\"https:\/\/images.ohmyhosting.se\/u_XxizKjn0pi_RPrbS8JZsTkf_Q=\/638x431\/filters:quality(85)\/https%3A%2F%2Ftransdev.se%2Fwp-content%2Fuploads%2Fsites%2F4%2F2025%2F02%2FJOH7675-e1739581843376.jpg\" class=\"lazy\" \/><\/picture>\n            <\/div>\n            <\/div>\n<\/div>\n\n<div\nclass=\"text-double-image container-px container-my\"\ndata-color-theme=\"white\"\ndata-color-theme-brightness=\"light\">\n    <div class=\"text-double-image__inner container mx-auto\">\n        <article\n        class=\"text-double-image__content order-1 md:order-2 order-1\">\n                            <span class=\"heading-sm font-normal mb-2 block title-theme-color\">\n                    History\n                <\/span>\n            \n            <h2 class=\"heading-md md:heading-lg title-theme-color\">\n                Background of the ship\n            <\/h2>\n\n            \n                            <div class=\"body-sm mt-[30px] text-theme-color\">\n                    <p>S\/S Blid\u00f6sund was ordered in 1910 by a group of dedicated residents from Blid\u00f6 who united in protest against Waxholmsbolaget, as the company did not service the routes and docks that were desired. To solve this problem, they raised funds to finance their own vessel. The result was S\/S Blid\u00f6sund, which was launched in 1911 and quickly became a beloved steamship on its main route from Stockholm through Roslagen.<\/p>\n<p>Today, S\/S Blid\u00f6sund is a living museum, preserved in the same condition as when it was first launched. Her well-preserved original state gives travelers a unique opportunity to experience the archipelago just as it was over 100 years ago. She is not just a steamship \u2013 she is a piece of living history.<\/p>\n\n                <\/div>\n            \n                            <div class=\"mt-8 flex flex-wrap items-baseline gap-4\">\n                    <a\n        href=\"https:\/\/blidosundsbolaget.se\/en\/?page_id=4557\"\n                class=\"button button--black inline-block\">\n            Read more\n        <\/a>\n                    <\/div>\n            \n                    <\/article>\n\n                    <div class=\"text-double-image__image-wrap order-2 md:order-1 order-2\">\n                <div class=\"text-double-image__left-image\">\n                    <picture><img srcset=\"https:\/\/images.ohmyhosting.se\/GhjWGLLVLZtB_gKPpM6ZZ7RN3T0=\/416x500\/filters:quality(85)\/https%3A%2F%2Ftransdev.se%2Fwp-content%2Fuploads%2Fsites%2F4%2F2025%2F01%2F1543b3b2-7b9e-465f-9ef0-591eec2e8559.jpg 1x, https:\/\/images.ohmyhosting.se\/dp2r2WIgqDo7Vs9lYgH6CrH9Qd4=\/832x1000\/filters:quality(85)\/https%3A%2F%2Ftransdev.se%2Fwp-content%2Fuploads%2Fsites%2F4%2F2025%2F01%2F1543b3b2-7b9e-465f-9ef0-591eec2e8559.jpg 2x\" alt=\"\" data-src=\"https:\/\/images.ohmyhosting.se\/GhjWGLLVLZtB_gKPpM6ZZ7RN3T0=\/416x500\/filters:quality(85)\/https%3A%2F%2Ftransdev.se%2Fwp-content%2Fuploads%2Fsites%2F4%2F2025%2F01%2F1543b3b2-7b9e-465f-9ef0-591eec2e8559.jpg\" class=\"lazy\" \/><\/picture>\n                <\/div>\n                <div class=\"text-double-image__right-image\">\n                    <picture><img srcset=\"https:\/\/images.ohmyhosting.se\/kZEyJ-tbOAjlZIK1ele21pmgiGw=\/416x500\/filters:quality(85)\/https%3A%2F%2Ftransdev.se%2Fwp-content%2Fuploads%2Fsites%2F4%2F2025%2F01%2Fd8d001e6-53cd-4e5f-8df1-3436bfa83639.jpg 1x, https:\/\/images.ohmyhosting.se\/JG-IeLmDH3WVy7hHVoQND6o4s3Q=\/832x1000\/filters:quality(85)\/https%3A%2F%2Ftransdev.se%2Fwp-content%2Fuploads%2Fsites%2F4%2F2025%2F01%2Fd8d001e6-53cd-4e5f-8df1-3436bfa83639.jpg 2x\" alt=\"\" data-src=\"https:\/\/images.ohmyhosting.se\/kZEyJ-tbOAjlZIK1ele21pmgiGw=\/416x500\/filters:quality(85)\/https%3A%2F%2Ftransdev.se%2Fwp-content%2Fuploads%2Fsites%2F4%2F2025%2F01%2Fd8d001e6-53cd-4e5f-8df1-3436bfa83639.jpg\" class=\"lazy\" \/><\/picture>\n                <\/div>\n            <\/div>\n            <\/div>\n<\/div>\n\n<div\nclass=\"banner-block container-px container-py\"\ndata-color-theme=\"light-blue\"\ndata-color-theme-brightness=\"light\">\n    <div class=\"container mx-auto\">\n        <article class=\"banner-block__content\">\n                            <span class=\"body-sm block uppercase font-medium title-theme-color\">\n                    The Blid\u00f6sund association\n                <\/span>\n            \n            <h2 class=\"heading-md md:heading-lg title-theme-color\">\n                The steamship blid\u00f6sund, a genuine archipelago ship in operation\n            <\/h2>\n\n            \n                            <div class=\"body-sm mt-[30px] text-theme-color wysiwyg\">\n                    <p>The Blid\u00f6sund association is a non-profit support organization founded in 1973. Today, the association has around 3,000 members. The main purpose of the association is to contribute to the preservation of S\/S Blid\u00f6sund as a genuine operating archipelago steamship. To achieve this, the association collaborates and consults with Blid\u00f6sundsbolaget and supports the steamship\u2019s survival through various forms of engagement.<\/p>\n\n                <\/div>\n            \n                            <div class=\"mt-8 flex flex-wrap gap-4\">\n                    <a\n        href=\"https:\/\/ss-blidosund.se\/\"\n                target=\"_blank\"\n                class=\"button button--black inline-block\">\n            Go to the association\n        <\/a>\n                    <\/div>\n            \n                    <\/article>\n    <\/div>\n<\/div>","protected":false},"excerpt":{"rendered":"","protected":false},"author":30,"featured_media":0,"parent":0,"menu_order":0,"comment_status":"closed","ping_status":"closed","template":"","meta":{"_acf_changed":false,"footnotes":""},"class_list":["post-4663","page","type-page","status-publish","hentry"],"acf":[],"yoast_head":"<!-- This site is optimized with the Yoast SEO plugin v27.5 - https:\/\/yoast.com\/product\/yoast-seo-wordpress\/ -->\n<title>S\/S Blid\u00f6sund - Blid\u00f6sundsbolaget<\/title>\n<meta name=\"robots\" content=\"index, follow, max-snippet:-1, max-image-preview:large, max-video-preview:-1\" \/>\n<link rel=\"canonical\" href=\"https:\/\/blidosundsbolaget.se\/en\/s-s-blidosund\/\" \/>\n<meta property=\"og:locale\" content=\"en_US\" \/>\n<meta property=\"og:type\" content=\"article\" \/>\n<meta property=\"og:title\" content=\"S\/S Blid\u00f6sund - Blid\u00f6sundsbolaget\" \/>\n<meta property=\"og:url\" content=\"https:\/\/blidosundsbolaget.se\/en\/s-s-blidosund\/\" \/>\n<meta property=\"og:site_name\" content=\"Blid\u00f6sundsbolaget\" \/>\n<meta property=\"article:modified_time\" content=\"2026-01-22T11:38:43+00:00\" \/>\n<meta name=\"twitter:card\" content=\"summary_large_image\" \/>\n<script type=\"application\/ld+json\" class=\"yoast-schema-graph\">{\"@context\":\"https:\\\/\\\/schema.org\",\"@graph\":[{\"@type\":\"WebPage\",\"@id\":\"https:\\\/\\\/blidosundsbolaget.se\\\/en\\\/s-s-blidosund\\\/\",\"url\":\"https:\\\/\\\/blidosundsbolaget.se\\\/en\\\/s-s-blidosund\\\/\",\"name\":\"S\\\/S Blid\u00f6sund - Blid\u00f6sundsbolaget\",\"isPartOf\":{\"@id\":\"https:\\\/\\\/blidosundsbolaget.se\\\/en\\\/#website\"},\"datePublished\":\"2025-04-01T11:46:42+00:00\",\"dateModified\":\"2026-01-22T11:38:43+00:00\",\"breadcrumb\":{\"@id\":\"https:\\\/\\\/blidosundsbolaget.se\\\/en\\\/s-s-blidosund\\\/#breadcrumb\"},\"inLanguage\":\"en-US\",\"potentialAction\":[{\"@type\":\"ReadAction\",\"target\":[\"https:\\\/\\\/blidosundsbolaget.se\\\/en\\\/s-s-blidosund\\\/\"]}]},{\"@type\":\"BreadcrumbList\",\"@id\":\"https:\\\/\\\/blidosundsbolaget.se\\\/en\\\/s-s-blidosund\\\/#breadcrumb\",\"itemListElement\":[{\"@type\":\"ListItem\",\"position\":1,\"name\":\"Home\",\"item\":\"https:\\\/\\\/blidosundsbolaget.se\\\/en\\\/\"},{\"@type\":\"ListItem\",\"position\":2,\"name\":\"S\\\/S Blid\u00f6sund\"}]},{\"@type\":\"WebSite\",\"@id\":\"https:\\\/\\\/blidosundsbolaget.se\\\/en\\\/#website\",\"url\":\"https:\\\/\\\/blidosundsbolaget.se\\\/en\\\/\",\"name\":\"Blid\u00f6sundsbolaget\",\"description\":\"\",\"publisher\":{\"@id\":\"https:\\\/\\\/blidosundsbolaget.se\\\/en\\\/#organization\"},\"potentialAction\":[{\"@type\":\"SearchAction\",\"target\":{\"@type\":\"EntryPoint\",\"urlTemplate\":\"https:\\\/\\\/blidosundsbolaget.se\\\/en\\\/?s={search_term_string}\"},\"query-input\":{\"@type\":\"PropertyValueSpecification\",\"valueRequired\":true,\"valueName\":\"search_term_string\"}}],\"inLanguage\":\"en-US\"},{\"@type\":\"Organization\",\"@id\":\"https:\\\/\\\/blidosundsbolaget.se\\\/en\\\/#organization\",\"name\":\"Blid\u00f6sundsbolaget\",\"url\":\"https:\\\/\\\/blidosundsbolaget.se\\\/en\\\/\",\"logo\":{\"@type\":\"ImageObject\",\"inLanguage\":\"en-US\",\"@id\":\"https:\\\/\\\/blidosundsbolaget.se\\\/en\\\/#\\\/schema\\\/logo\\\/image\\\/\",\"url\":\"https:\\\/\\\/transdev.se\\\/wp-content\\\/uploads\\\/sites\\\/4\\\/2025\\\/03\\\/Blidosundsbolaget-symbol-_blue_RGB.png\",\"contentUrl\":\"https:\\\/\\\/transdev.se\\\/wp-content\\\/uploads\\\/sites\\\/4\\\/2025\\\/03\\\/Blidosundsbolaget-symbol-_blue_RGB.png\",\"width\":1187,\"height\":1186,\"caption\":\"Blid\u00f6sundsbolaget\"},\"image\":{\"@id\":\"https:\\\/\\\/blidosundsbolaget.se\\\/en\\\/#\\\/schema\\\/logo\\\/image\\\/\"}}]}<\/script>\n<!-- \/ Yoast SEO plugin. -->","yoast_head_json":{"title":"S\/S Blid\u00f6sund - Blid\u00f6sundsbolaget","robots":{"index":"index","follow":"follow","max-snippet":"max-snippet:-1","max-image-preview":"max-image-preview:large","max-video-preview":"max-video-preview:-1"},"canonical":"https:\/\/blidosundsbolaget.se\/en\/s-s-blidosund\/","og_locale":"en_US","og_type":"article","og_title":"S\/S Blid\u00f6sund - Blid\u00f6sundsbolaget","og_url":"https:\/\/blidosundsbolaget.se\/en\/s-s-blidosund\/","og_site_name":"Blid\u00f6sundsbolaget","article_modified_time":"2026-01-22T11:38:43+00:00","twitter_card":"summary_large_image","schema":{"@context":"https:\/\/schema.org","@graph":[{"@type":"WebPage","@id":"https:\/\/blidosundsbolaget.se\/en\/s-s-blidosund\/","url":"https:\/\/blidosundsbolaget.se\/en\/s-s-blidosund\/","name":"S\/S Blid\u00f6sund - Blid\u00f6sundsbolaget","isPartOf":{"@id":"https:\/\/blidosundsbolaget.se\/en\/#website"},"datePublished":"2025-04-01T11:46:42+00:00","dateModified":"2026-01-22T11:38:43+00:00","breadcrumb":{"@id":"https:\/\/blidosundsbolaget.se\/en\/s-s-blidosund\/#breadcrumb"},"inLanguage":"en-US","potentialAction":[{"@type":"ReadAction","target":["https:\/\/blidosundsbolaget.se\/en\/s-s-blidosund\/"]}]},{"@type":"BreadcrumbList","@id":"https:\/\/blidosundsbolaget.se\/en\/s-s-blidosund\/#breadcrumb","itemListElement":[{"@type":"ListItem","position":1,"name":"Home","item":"https:\/\/blidosundsbolaget.se\/en\/"},{"@type":"ListItem","position":2,"name":"S\/S Blid\u00f6sund"}]},{"@type":"WebSite","@id":"https:\/\/blidosundsbolaget.se\/en\/#website","url":"https:\/\/blidosundsbolaget.se\/en\/","name":"Blid\u00f6sundsbolaget","description":"","publisher":{"@id":"https:\/\/blidosundsbolaget.se\/en\/#organization"},"potentialAction":[{"@type":"SearchAction","target":{"@type":"EntryPoint","urlTemplate":"https:\/\/blidosundsbolaget.se\/en\/?s={search_term_string}"},"query-input":{"@type":"PropertyValueSpecification","valueRequired":true,"valueName":"search_term_string"}}],"inLanguage":"en-US"},{"@type":"Organization","@id":"https:\/\/blidosundsbolaget.se\/en\/#organization","name":"Blid\u00f6sundsbolaget","url":"https:\/\/blidosundsbolaget.se\/en\/","logo":{"@type":"ImageObject","inLanguage":"en-US","@id":"https:\/\/blidosundsbolaget.se\/en\/#\/schema\/logo\/image\/","url":"https:\/\/transdev.se\/wp-content\/uploads\/sites\/4\/2025\/03\/Blidosundsbolaget-symbol-_blue_RGB.png","contentUrl":"https:\/\/transdev.se\/wp-content\/uploads\/sites\/4\/2025\/03\/Blidosundsbolaget-symbol-_blue_RGB.png","width":1187,"height":1186,"caption":"Blid\u00f6sundsbolaget"},"image":{"@id":"https:\/\/blidosundsbolaget.se\/en\/#\/schema\/logo\/image\/"}}]}},"_links":{"self":[{"href":"https:\/\/blidosundsbolaget.se\/en\/wp-json\/wp\/v2\/pages\/4663","targetHints":{"allow":["GET"]}}],"collection":[{"href":"https:\/\/blidosundsbolaget.se\/en\/wp-json\/wp\/v2\/pages"}],"about":[{"href":"https:\/\/blidosundsbolaget.se\/en\/wp-json\/wp\/v2\/types\/page"}],"author":[{"embeddable":true,"href":"https:\/\/blidosundsbolaget.se\/en\/wp-json\/wp\/v2\/users\/30"}],"replies":[{"embeddable":true,"href":"https:\/\/blidosundsbolaget.se\/en\/wp-json\/wp\/v2\/comments?post=4663"}],"version-history":[{"count":3,"href":"https:\/\/blidosundsbolaget.se\/en\/wp-json\/wp\/v2\/pages\/4663\/revisions"}],"predecessor-version":[{"id":9407,"href":"https:\/\/blidosundsbolaget.se\/en\/wp-json\/wp\/v2\/pages\/4663\/revisions\/9407"}],"wp:attachment":[{"href":"https:\/\/blidosundsbolaget.se\/en\/wp-json\/wp\/v2\/media?parent=4663"}],"curies":[{"name":"wp","href":"https:\/\/api.w.org\/{rel}","templated":true}]}}