{"id":4667,"date":"2025-04-01T13:42:45","date_gmt":"2025-04-01T11:42:45","guid":{"rendered":"https:\/\/blidosundsbolaget.se\/?page_id=4667"},"modified":"2026-02-03T14:56:11","modified_gmt":"2026-02-03T13:56:11","slug":"m-s-riddarfjarden","status":"publish","type":"page","link":"https:\/\/blidosundsbolaget.se\/en\/m-s-riddarfjarden\/","title":{"rendered":"M\/S Riddarfj\u00e4rden"},"content":{"rendered":"<div\nclass=\"text-image container-px container-my\"\n\n    data-color-theme=white\n    data-color-theme-brightness=light\n>\n    <div\n    class=\"text-image__inner container mx-auto\"\n    >\n        <div\n        class=\"text-image__content-wrap order-1 md:order-2\">\n            <article\n            class=\"text-image__content\">\n                                    <span class=\"heading-sm font-normal mb-2 block title-theme-color\">\n                        Good to know before your booking\n                    <\/span>\n                \n                <h2 class=\"heading-md md:heading-lg title-theme-color   mb-3.5 \">\n                    Facts about M\/S Riddarfj\u00e4rden\n                <\/h2>\n\n                \n                                    <div class=\"body-sm text-theme-color wysiwyg\">\n                        <p class=\"\" data-start=\"0\" data-end=\"129\"><strong data-start=\"75\" data-end=\"89\">Home Dock:<\/strong> Skeppsbron Quay 102, in front of the Royal castle<\/p>\n<p class=\"\" data-start=\"131\" data-end=\"177\"><strong data-start=\"131\" data-end=\"156\">Number of passengers:<\/strong> Maximum 120 people<\/p>\n<p class=\"\" data-start=\"179\" data-end=\"222\"><strong data-start=\"179\" data-end=\"210\">Minimum rental requirement:<\/strong> 30 people<\/p>\n<p class=\"\" data-start=\"224\" data-end=\"321\"><strong data-start=\"224\" data-end=\"288\">Seating capacity in the dining room for a three-course meal:<\/strong> Maximum 90 people<\/p>\n<p class=\"\" data-start=\"323\" data-end=\"396\"><strong data-start=\"323\" data-end=\"376\">Seating capacity in the dining room for a buffet:<\/strong> Maximum 72 people<\/p>\n<p class=\"\" data-start=\"398\" data-end=\"448\"><strong data-start=\"398\" data-end=\"428\">Seating in the upper saloon:<\/strong> Maximum 16 people<\/p>\n<p class=\"\" data-start=\"450\" data-end=\"507\"><strong data-start=\"450\" data-end=\"487\">Mingling area on the bridge deck:<\/strong> 40-45 people<\/p>\n<p class=\"\" data-start=\"509\" data-end=\"834\"><strong data-start=\"509\" data-end=\"526\">Sound system:<\/strong> We have a system that allows you to connect a mobile device with a playlist and a microphone with a cord for speeches in the dining room. If you wish to have dancing, we recommend renting a DJ with equipment. A projector and screen are also available to book at no additional cost when booking the vessel.<\/p>\n<p class=\"\" data-start=\"836\" data-end=\"1002\"><strong data-start=\"836\" data-end=\"854\">Accessibility:<\/strong> There are some thresholds and a staircase to the upper deck, with no elevator. An accessibility-adapted restroom is located on the entrance deck.<\/p>\n<p class=\"\" data-start=\"1004\" data-end=\"1031\"><strong data-start=\"1004\" data-end=\"1023\">Cruising speed:<\/strong> 8 knots<\/p>\n\n                    <\/div>\n                \n                                    <div class=\"mt-4 flex flex-wrap gap-4\">\n                        <a\n        href=\"https:\/\/transdev.se\/wp-content\/uploads\/sites\/4\/2026\/02\/Brochure_Riddarfjarden_2026.pdf\"\n                class=\"button button--black inline-block\">\n            Brochure\n        <\/a>\n                        <\/div>\n                \n                            <\/article>\n        <\/div>\n\n                    <div class=\"text-image__image-wrap order-2 md:order-1\">\n                <picture><source media=\"(max-width:415px)\" data-srcset=\"https:\/\/images.ohmyhosting.se\/1hYq2zobPhEle9t15D3uEWtHSp4=\/415x320\/filters:quality(85)\/https%3A%2F%2Ftransdev.se%2Fwp-content%2Fuploads%2Fsites%2F4%2F2025%2F01%2F01-Riddarfjarden-ny-1-scaled.jpg 1x, https:\/\/images.ohmyhosting.se\/nwnU1e0TkZMuEN0sKpsq9e8q1gA=\/830x640\/filters:quality(85)\/https%3A%2F%2Ftransdev.se%2Fwp-content%2Fuploads%2Fsites%2F4%2F2025%2F01%2F01-Riddarfjarden-ny-1-scaled.jpg 2x\"><source media=\"(max-width:820px)\" data-srcset=\"https:\/\/images.ohmyhosting.se\/xL6b_zzJYtSKo15uGd5Xq4YoxSo=\/765x583\/filters:quality(85)\/https%3A%2F%2Ftransdev.se%2Fwp-content%2Fuploads%2Fsites%2F4%2F2025%2F01%2F01-Riddarfjarden-ny-1-scaled.jpg 1x, https:\/\/images.ohmyhosting.se\/1RLi1ymktuwiBuOiaPjSAG2wUwo=\/1530x1166\/filters:quality(85)\/https%3A%2F%2Ftransdev.se%2Fwp-content%2Fuploads%2Fsites%2F4%2F2025%2F01%2F01-Riddarfjarden-ny-1-scaled.jpg 2x\"><img srcset=\"https:\/\/images.ohmyhosting.se\/Xmk9r-cCrjySAXmtYTiJe0D9tF4=\/638x431\/filters:quality(85)\/https%3A%2F%2Ftransdev.se%2Fwp-content%2Fuploads%2Fsites%2F4%2F2025%2F01%2F01-Riddarfjarden-ny-1-scaled.jpg 1x, https:\/\/images.ohmyhosting.se\/qqzKW6GoQ-ziamSJvXUOiEsSOV4=\/1276x862\/filters:quality(85)\/https%3A%2F%2Ftransdev.se%2Fwp-content%2Fuploads%2Fsites%2F4%2F2025%2F01%2F01-Riddarfjarden-ny-1-scaled.jpg 2x\" alt=\"\" data-src=\"https:\/\/images.ohmyhosting.se\/Xmk9r-cCrjySAXmtYTiJe0D9tF4=\/638x431\/filters:quality(85)\/https%3A%2F%2Ftransdev.se%2Fwp-content%2Fuploads%2Fsites%2F4%2F2025%2F01%2F01-Riddarfjarden-ny-1-scaled.jpg\" class=\"lazy\" \/><\/picture>\n            <\/div>\n            <\/div>\n<\/div>\n\n<div\nclass=\"text-double-image container-px container-py\"\ndata-color-theme=\"light-blue\"\ndata-color-theme-brightness=\"light\">\n    <div class=\"text-double-image__inner container mx-auto\">\n        <article\n        class=\"text-double-image__content\">\n                            <span class=\"heading-sm font-normal mb-2 block title-theme-color\">\n                    History\n                <\/span>\n            \n            <h2 class=\"heading-md md:heading-lg title-theme-color\">\n                Background of the ship\n            <\/h2>\n\n            \n                            <div class=\"body-sm mt-[30px] text-theme-color\">\n                    <p>M\/S Riddarfj\u00e4rden was originally built as M\/S DISA at L\u00f6d\u00f6se Shipyard along the G\u00f6ta \u00c4lv in 1936 and was the 62nd vessel to be constructed there. She immediately began service in the Styrs\u00f6 archipelago traffic in Gothenburg&#8217;s southern archipelago and was for many years the shipping company&#8217;s best ice-breaking passenger vessel. During World War II, she was rented out to the Swedish Navy and stationed in Lake V\u00e4nern.<\/p>\n<p>After the war, she was returned to Styrs\u00f6bolaget until she was sold in 1999 to Charter Stockholm. This was followed by a year of renovations, during which the interior was styled with influences from the 1930s in mahogany and brass, and she was inaugurated at the turn of the millennium for her first assignment. Since then, the vessel has become incredibly popular with many clients due to her beautiful interior and delightful charm.<\/p>\n<p>In 2010, Blid\u00f6sundsbolaget acquired Charter Stockholm, and M\/S Riddarfj\u00e4rden got her new home port at Skeppsbron, below the castle.<\/p>\n\n                <\/div>\n            \n            \n                    <\/article>\n\n                    <div class=\"text-double-image__image-wrap\">\n                <div class=\"text-double-image__left-image\">\n                    <picture><img srcset=\"https:\/\/images.ohmyhosting.se\/grc_P1BTTwhn9wV9BWNQGgep_t4=\/416x500\/filters:quality(85)\/https%3A%2F%2Ftransdev.se%2Fwp-content%2Fuploads%2Fsites%2F4%2F2025%2F01%2FIMG_1616-Bryggdack-med-aktersoffa.jpg 1x, https:\/\/images.ohmyhosting.se\/kWNbqOukbqUSOvUYXXenVUXc4R0=\/832x1000\/filters:quality(85)\/https%3A%2F%2Ftransdev.se%2Fwp-content%2Fuploads%2Fsites%2F4%2F2025%2F01%2FIMG_1616-Bryggdack-med-aktersoffa.jpg 2x\" alt=\"\" data-src=\"https:\/\/images.ohmyhosting.se\/grc_P1BTTwhn9wV9BWNQGgep_t4=\/416x500\/filters:quality(85)\/https%3A%2F%2Ftransdev.se%2Fwp-content%2Fuploads%2Fsites%2F4%2F2025%2F01%2FIMG_1616-Bryggdack-med-aktersoffa.jpg\" class=\"lazy\" \/><\/picture>\n                <\/div>\n                <div class=\"text-double-image__right-image\">\n                    <picture><img srcset=\"https:\/\/images.ohmyhosting.se\/wDfq5gCMDp0O2-_tkgNOBZY-vdY=\/416x500\/filters:quality(85)\/https%3A%2F%2Ftransdev.se%2Fwp-content%2Fuploads%2Fsites%2F4%2F2025%2F01%2FBrollopssallskap-RF.jpg 1x, https:\/\/images.ohmyhosting.se\/Xy8oY-kpSRgR7VXK9xfYzZ1R_2Q=\/832x1000\/filters:quality(85)\/https%3A%2F%2Ftransdev.se%2Fwp-content%2Fuploads%2Fsites%2F4%2F2025%2F01%2FBrollopssallskap-RF.jpg 2x\" alt=\"\" data-src=\"https:\/\/images.ohmyhosting.se\/wDfq5gCMDp0O2-_tkgNOBZY-vdY=\/416x500\/filters:quality(85)\/https%3A%2F%2Ftransdev.se%2Fwp-content%2Fuploads%2Fsites%2F4%2F2025%2F01%2FBrollopssallskap-RF.jpg\" class=\"lazy\" \/><\/picture>\n                <\/div>\n            <\/div>\n            <\/div>\n<\/div>","protected":false},"excerpt":{"rendered":"","protected":false},"author":30,"featured_media":0,"parent":0,"menu_order":0,"comment_status":"closed","ping_status":"closed","template":"","meta":{"_acf_changed":false,"footnotes":""},"class_list":["post-4667","page","type-page","status-publish","hentry"],"acf":[],"yoast_head":"<!-- This site is optimized with the Yoast SEO plugin v27.4 - https:\/\/yoast.com\/product\/yoast-seo-wordpress\/ -->\n<title>M\/S Riddarfj\u00e4rden - Blid\u00f6sundsbolaget<\/title>\n<meta name=\"robots\" content=\"index, follow, max-snippet:-1, max-image-preview:large, max-video-preview:-1\" \/>\n<link rel=\"canonical\" href=\"https:\/\/blidosundsbolaget.se\/en\/m-s-riddarfjarden\/\" \/>\n<meta property=\"og:locale\" content=\"en_US\" \/>\n<meta property=\"og:type\" content=\"article\" \/>\n<meta property=\"og:title\" content=\"M\/S Riddarfj\u00e4rden - Blid\u00f6sundsbolaget\" \/>\n<meta property=\"og:url\" content=\"https:\/\/blidosundsbolaget.se\/en\/m-s-riddarfjarden\/\" \/>\n<meta property=\"og:site_name\" content=\"Blid\u00f6sundsbolaget\" \/>\n<meta property=\"article:modified_time\" content=\"2026-02-03T13:56:11+00:00\" \/>\n<meta name=\"twitter:card\" content=\"summary_large_image\" \/>\n<script type=\"application\/ld+json\" class=\"yoast-schema-graph\">{\"@context\":\"https:\\\/\\\/schema.org\",\"@graph\":[{\"@type\":\"WebPage\",\"@id\":\"https:\\\/\\\/blidosundsbolaget.se\\\/en\\\/m-s-riddarfjarden\\\/\",\"url\":\"https:\\\/\\\/blidosundsbolaget.se\\\/en\\\/m-s-riddarfjarden\\\/\",\"name\":\"M\\\/S Riddarfj\u00e4rden - Blid\u00f6sundsbolaget\",\"isPartOf\":{\"@id\":\"https:\\\/\\\/blidosundsbolaget.se\\\/en\\\/#website\"},\"datePublished\":\"2025-04-01T11:42:45+00:00\",\"dateModified\":\"2026-02-03T13:56:11+00:00\",\"breadcrumb\":{\"@id\":\"https:\\\/\\\/blidosundsbolaget.se\\\/en\\\/m-s-riddarfjarden\\\/#breadcrumb\"},\"inLanguage\":\"en-US\",\"potentialAction\":[{\"@type\":\"ReadAction\",\"target\":[\"https:\\\/\\\/blidosundsbolaget.se\\\/en\\\/m-s-riddarfjarden\\\/\"]}]},{\"@type\":\"BreadcrumbList\",\"@id\":\"https:\\\/\\\/blidosundsbolaget.se\\\/en\\\/m-s-riddarfjarden\\\/#breadcrumb\",\"itemListElement\":[{\"@type\":\"ListItem\",\"position\":1,\"name\":\"Home\",\"item\":\"https:\\\/\\\/blidosundsbolaget.se\\\/en\\\/\"},{\"@type\":\"ListItem\",\"position\":2,\"name\":\"M\\\/S Riddarfj\u00e4rden\"}]},{\"@type\":\"WebSite\",\"@id\":\"https:\\\/\\\/blidosundsbolaget.se\\\/en\\\/#website\",\"url\":\"https:\\\/\\\/blidosundsbolaget.se\\\/en\\\/\",\"name\":\"Blid\u00f6sundsbolaget\",\"description\":\"\",\"publisher\":{\"@id\":\"https:\\\/\\\/blidosundsbolaget.se\\\/en\\\/#organization\"},\"potentialAction\":[{\"@type\":\"SearchAction\",\"target\":{\"@type\":\"EntryPoint\",\"urlTemplate\":\"https:\\\/\\\/blidosundsbolaget.se\\\/en\\\/?s={search_term_string}\"},\"query-input\":{\"@type\":\"PropertyValueSpecification\",\"valueRequired\":true,\"valueName\":\"search_term_string\"}}],\"inLanguage\":\"en-US\"},{\"@type\":\"Organization\",\"@id\":\"https:\\\/\\\/blidosundsbolaget.se\\\/en\\\/#organization\",\"name\":\"Blid\u00f6sundsbolaget\",\"url\":\"https:\\\/\\\/blidosundsbolaget.se\\\/en\\\/\",\"logo\":{\"@type\":\"ImageObject\",\"inLanguage\":\"en-US\",\"@id\":\"https:\\\/\\\/blidosundsbolaget.se\\\/en\\\/#\\\/schema\\\/logo\\\/image\\\/\",\"url\":\"https:\\\/\\\/transdev.se\\\/wp-content\\\/uploads\\\/sites\\\/4\\\/2025\\\/03\\\/Blidosundsbolaget-symbol-_blue_RGB.png\",\"contentUrl\":\"https:\\\/\\\/transdev.se\\\/wp-content\\\/uploads\\\/sites\\\/4\\\/2025\\\/03\\\/Blidosundsbolaget-symbol-_blue_RGB.png\",\"width\":1187,\"height\":1186,\"caption\":\"Blid\u00f6sundsbolaget\"},\"image\":{\"@id\":\"https:\\\/\\\/blidosundsbolaget.se\\\/en\\\/#\\\/schema\\\/logo\\\/image\\\/\"}}]}<\/script>\n<!-- \/ Yoast SEO plugin. -->","yoast_head_json":{"title":"M\/S Riddarfj\u00e4rden - Blid\u00f6sundsbolaget","robots":{"index":"index","follow":"follow","max-snippet":"max-snippet:-1","max-image-preview":"max-image-preview:large","max-video-preview":"max-video-preview:-1"},"canonical":"https:\/\/blidosundsbolaget.se\/en\/m-s-riddarfjarden\/","og_locale":"en_US","og_type":"article","og_title":"M\/S Riddarfj\u00e4rden - Blid\u00f6sundsbolaget","og_url":"https:\/\/blidosundsbolaget.se\/en\/m-s-riddarfjarden\/","og_site_name":"Blid\u00f6sundsbolaget","article_modified_time":"2026-02-03T13:56:11+00:00","twitter_card":"summary_large_image","schema":{"@context":"https:\/\/schema.org","@graph":[{"@type":"WebPage","@id":"https:\/\/blidosundsbolaget.se\/en\/m-s-riddarfjarden\/","url":"https:\/\/blidosundsbolaget.se\/en\/m-s-riddarfjarden\/","name":"M\/S Riddarfj\u00e4rden - Blid\u00f6sundsbolaget","isPartOf":{"@id":"https:\/\/blidosundsbolaget.se\/en\/#website"},"datePublished":"2025-04-01T11:42:45+00:00","dateModified":"2026-02-03T13:56:11+00:00","breadcrumb":{"@id":"https:\/\/blidosundsbolaget.se\/en\/m-s-riddarfjarden\/#breadcrumb"},"inLanguage":"en-US","potentialAction":[{"@type":"ReadAction","target":["https:\/\/blidosundsbolaget.se\/en\/m-s-riddarfjarden\/"]}]},{"@type":"BreadcrumbList","@id":"https:\/\/blidosundsbolaget.se\/en\/m-s-riddarfjarden\/#breadcrumb","itemListElement":[{"@type":"ListItem","position":1,"name":"Home","item":"https:\/\/blidosundsbolaget.se\/en\/"},{"@type":"ListItem","position":2,"name":"M\/S Riddarfj\u00e4rden"}]},{"@type":"WebSite","@id":"https:\/\/blidosundsbolaget.se\/en\/#website","url":"https:\/\/blidosundsbolaget.se\/en\/","name":"Blid\u00f6sundsbolaget","description":"","publisher":{"@id":"https:\/\/blidosundsbolaget.se\/en\/#organization"},"potentialAction":[{"@type":"SearchAction","target":{"@type":"EntryPoint","urlTemplate":"https:\/\/blidosundsbolaget.se\/en\/?s={search_term_string}"},"query-input":{"@type":"PropertyValueSpecification","valueRequired":true,"valueName":"search_term_string"}}],"inLanguage":"en-US"},{"@type":"Organization","@id":"https:\/\/blidosundsbolaget.se\/en\/#organization","name":"Blid\u00f6sundsbolaget","url":"https:\/\/blidosundsbolaget.se\/en\/","logo":{"@type":"ImageObject","inLanguage":"en-US","@id":"https:\/\/blidosundsbolaget.se\/en\/#\/schema\/logo\/image\/","url":"https:\/\/transdev.se\/wp-content\/uploads\/sites\/4\/2025\/03\/Blidosundsbolaget-symbol-_blue_RGB.png","contentUrl":"https:\/\/transdev.se\/wp-content\/uploads\/sites\/4\/2025\/03\/Blidosundsbolaget-symbol-_blue_RGB.png","width":1187,"height":1186,"caption":"Blid\u00f6sundsbolaget"},"image":{"@id":"https:\/\/blidosundsbolaget.se\/en\/#\/schema\/logo\/image\/"}}]}},"_links":{"self":[{"href":"https:\/\/blidosundsbolaget.se\/en\/wp-json\/wp\/v2\/pages\/4667","targetHints":{"allow":["GET"]}}],"collection":[{"href":"https:\/\/blidosundsbolaget.se\/en\/wp-json\/wp\/v2\/pages"}],"about":[{"href":"https:\/\/blidosundsbolaget.se\/en\/wp-json\/wp\/v2\/types\/page"}],"author":[{"embeddable":true,"href":"https:\/\/blidosundsbolaget.se\/en\/wp-json\/wp\/v2\/users\/30"}],"replies":[{"embeddable":true,"href":"https:\/\/blidosundsbolaget.se\/en\/wp-json\/wp\/v2\/comments?post=4667"}],"version-history":[{"count":7,"href":"https:\/\/blidosundsbolaget.se\/en\/wp-json\/wp\/v2\/pages\/4667\/revisions"}],"predecessor-version":[{"id":9548,"href":"https:\/\/blidosundsbolaget.se\/en\/wp-json\/wp\/v2\/pages\/4667\/revisions\/9548"}],"wp:attachment":[{"href":"https:\/\/blidosundsbolaget.se\/en\/wp-json\/wp\/v2\/media?parent=4667"}],"curies":[{"name":"wp","href":"https:\/\/api.w.org\/{rel}","templated":true}]}}