{"id":4799,"date":"2025-03-17T14:50:51","date_gmt":"2025-03-17T13:50:51","guid":{"rendered":"https:\/\/blidosundsbolaget.se\/kalendarium-test\/"},"modified":"2025-06-09T20:52:10","modified_gmt":"2025-06-09T18:52:10","slug":"calendar","status":"publish","type":"page","link":"https:\/\/blidosundsbolaget.se\/en\/calendar\/","title":{"rendered":"Calendar"},"content":{"rendered":"<div class=\"CruiseCalendarBlock\" data-type=\"calendar\">\n    <div class=\"CruiseCalendarBlock-Container\">\n        <div\n            class=\"CruiseCalendarBlock-TextColumn\">\n            <h2 class=\"text-30 md:text-40 font-bold leading-[1]\">\n                Find your next experience\n            <\/h2>\n            <p class=\"text-21\">\n                From tasteful culinary cruises to exciting excursions\n            <\/p>\n                    <\/div>\n                   <div class=\"CruiseCalendarBlock-CalendarColumn\" data-cruise-calendar-picker x-data=\"cruise_date_picker\">\n    <div class=\"CruiseCalendarBlock-Calendar\">\n        <label for=\"picker\" class=\"sr-only\">\n            V\u00e4lj datum        <\/label>\n        <span class=\"CruiseCalendarBlock-Calendar-DateInputWrap\">\n            <figure class='icon' aria-hidden=\"true\">\n                <svg width=\"15\" height=\"16\" viewBox=\"0 0 15 16\" class=\"block w-full h-auto\">\n                <path d=\"M1.66667 16C1.20833 16 0.815972 15.8433 0.489583 15.53C0.163194 15.2167 0 14.84 0 14.4V3.2C0 2.76 0.163194 2.38333 0.489583 2.07C0.815972 1.75667 1.20833 1.6 1.66667 1.6H2.5V0H4.16667V1.6H10.8333V0H12.5V1.6H13.3333C13.7917 1.6 14.184 1.75667 14.5104 2.07C14.8368 2.38333 15 2.76 15 3.2V14.4C15 14.84 14.8368 15.2167 14.5104 15.53C14.184 15.8433 13.7917 16 13.3333 16H1.66667ZM1.66667 14.4H13.3333V6.4H1.66667V14.4ZM1.66667 4.8H13.3333V3.2H1.66667V4.8Z\" fill=\"currentColor\"\/>\n                <\/svg>\n\n            <\/figure>\n            <figure class=\"arrow\" aria-hidden=\"true\">\n                <svg width=\"12\" height=\"8\" viewBox=\"0 0 12 8\" class=\"block w-full h-auto\">\n                    <path d=\"M1.41 0.295044L6 4.87504L10.59 0.295044L12 1.70504L6 7.70504L0 1.70504L1.41 0.295044Z\" fill=\"currentColor\"\/>\n                    <\/svg>\n            <\/figure>\n            <input class=\"CruiseCalendarBlock-Calendar-DateInput\" x-ref=\"picker\" id=\"picker\" type=\"text\" value=\"2026-07-06\">\n        <\/span>\n    <\/div>\n        <a href=\"https:\/\/blidosundsbolaget.se\/kalendarium-test\/?date=2026-07-06#Resultat\" class=\"button button--black\" x-ref=\"link\">\n       Search cruises\n\n    <\/a>\n    <\/div>\n                    <\/div>\n<\/div>\n\n<div id=\"Outcome\"><\/div>\n\n<div class=\"CruiseCalendarArchive\"\n    x-data=\"cruise_filter\"\n    data-initial-date=\"2026-07-06\"\n    data-initial-category=\"\"\n    data-initial-found-posts=\"1\"\n>\n    <header class=\"CruiseCalendarArchive-Header\">\n        <form class=\"CruiseCalendarArchive-Form\">\n        <div class=\"CruiseCalendarArchive-Header-Hero\">\n            <h2 class=\"text-30 md:text-40 font-bold\">\n                Our Tours\n            <\/h2>\n            <p class=\"text-21 mb-4 mx-auto\">\n                \n            <\/p>\n            <div x-ref=\"WeekFilter\">\n            <div class=\"CruiseCalendarFilter\">\n    <div class=\"CruiseCalendarFilter-Container\">\n        <button class=\"CruiseCalendarFilter-PrevNext\"\n           aria-label=\"F\u00f6reg\u00e5ende vecka\"\n           x-bind:disabled=\"true\"\n\n                    disabled\n                >\n            <figure>\n            <svg width=\"13\" height=\"19\" viewBox=\"0 0 13 19\" class=\"block w-full h-auto\">\n            <path fill-rule=\"evenodd\" clip-rule=\"evenodd\" d=\"M10.5003 19.0605L0.939641 9.49989L10.5003 -0.0607317L12.6216 2.06059L5.18228 9.49989L12.6216 16.9392L10.5003 19.0605Z\" fill=\"#1D1D1D\"\/>\n            <\/svg>\n            <\/figure>\n        <\/button>\n        <div class=\"CruiseCalendarFilter-Week\">\n                        \n                <label\n                   class=\"CruiseCalendarFilter-Weekday\"\n                   for=\"date-2026-07-06\"\n                   data-date=\"2026-07-06\"\n                >\n                                         <input\n                        id=\"date-2026-07-06\"\n                        type=\"radio\"\n                        name=\"date\"\n                        value=\"2026-07-06\"\n                             checked\n                                                    :checked=\"selected_date === '2026-07-06'\"\n                    \/>\n                    \n\n                <span class=\"CruiseCalendarFilter-Weekday-Day\">\n                    Mon\n                <\/span>\n                <span class=\"CruiseCalendarFilter-Weekday-DateItem\">\n                    <span class=\"CruiseCalendarFilter-Weekday-Date\">6<\/span>\n                    <span class=\"CruiseCalendarFilter-Weekday-Month\">Jul<\/span>\n                <\/span>\n                <\/label>\n\n                        \n                <label\n                   class=\"CruiseCalendarFilter-Weekday\"\n                   for=\"date-2026-07-07\"\n                   data-date=\"2026-07-07\"\n                >\n                                         <input\n                        id=\"date-2026-07-07\"\n                        type=\"radio\"\n                        name=\"date\"\n                        value=\"2026-07-07\"\n                                                    :checked=\"selected_date === '2026-07-07'\"\n                    \/>\n                    \n\n                <span class=\"CruiseCalendarFilter-Weekday-Day\">\n                    Tue\n                <\/span>\n                <span class=\"CruiseCalendarFilter-Weekday-DateItem\">\n                    <span class=\"CruiseCalendarFilter-Weekday-Date\">7<\/span>\n                    <span class=\"CruiseCalendarFilter-Weekday-Month\">Jul<\/span>\n                <\/span>\n                <\/label>\n\n                        \n                <label\n                   class=\"CruiseCalendarFilter-Weekday\"\n                   for=\"date-2026-07-08\"\n                   data-date=\"2026-07-08\"\n                >\n                                         <input\n                        id=\"date-2026-07-08\"\n                        type=\"radio\"\n                        name=\"date\"\n                        value=\"2026-07-08\"\n                                                    :checked=\"selected_date === '2026-07-08'\"\n                    \/>\n                    \n\n                <span class=\"CruiseCalendarFilter-Weekday-Day\">\n                    Wed\n                <\/span>\n                <span class=\"CruiseCalendarFilter-Weekday-DateItem\">\n                    <span class=\"CruiseCalendarFilter-Weekday-Date\">8<\/span>\n                    <span class=\"CruiseCalendarFilter-Weekday-Month\">Jul<\/span>\n                <\/span>\n                <\/label>\n\n                        \n                <label\n                   class=\"CruiseCalendarFilter-Weekday\"\n                   for=\"date-2026-07-09\"\n                   data-date=\"2026-07-09\"\n                >\n                                         <input\n                        id=\"date-2026-07-09\"\n                        type=\"radio\"\n                        name=\"date\"\n                        value=\"2026-07-09\"\n                                                    :checked=\"selected_date === '2026-07-09'\"\n                    \/>\n                    \n\n                <span class=\"CruiseCalendarFilter-Weekday-Day\">\n                    Thu\n                <\/span>\n                <span class=\"CruiseCalendarFilter-Weekday-DateItem\">\n                    <span class=\"CruiseCalendarFilter-Weekday-Date\">9<\/span>\n                    <span class=\"CruiseCalendarFilter-Weekday-Month\">Jul<\/span>\n                <\/span>\n                <\/label>\n\n                        \n                <label\n                   class=\"CruiseCalendarFilter-Weekday\"\n                   for=\"date-2026-07-10\"\n                   data-date=\"2026-07-10\"\n                >\n                                         <input\n                        id=\"date-2026-07-10\"\n                        type=\"radio\"\n                        name=\"date\"\n                        value=\"2026-07-10\"\n                                                    :checked=\"selected_date === '2026-07-10'\"\n                    \/>\n                    \n\n                <span class=\"CruiseCalendarFilter-Weekday-Day\">\n                    Fri\n                <\/span>\n                <span class=\"CruiseCalendarFilter-Weekday-DateItem\">\n                    <span class=\"CruiseCalendarFilter-Weekday-Date\">10<\/span>\n                    <span class=\"CruiseCalendarFilter-Weekday-Month\">Jul<\/span>\n                <\/span>\n                <\/label>\n\n                        \n                <label\n                   class=\"CruiseCalendarFilter-Weekday\"\n                   for=\"date-2026-07-11\"\n                   data-date=\"2026-07-11\"\n                >\n                                         <input\n                        id=\"date-2026-07-11\"\n                        type=\"radio\"\n                        name=\"date\"\n                        value=\"2026-07-11\"\n                                                    :checked=\"selected_date === '2026-07-11'\"\n                    \/>\n                    \n\n                <span class=\"CruiseCalendarFilter-Weekday-Day\">\n                    Sat\n                <\/span>\n                <span class=\"CruiseCalendarFilter-Weekday-DateItem\">\n                    <span class=\"CruiseCalendarFilter-Weekday-Date\">11<\/span>\n                    <span class=\"CruiseCalendarFilter-Weekday-Month\">Jul<\/span>\n                <\/span>\n                <\/label>\n\n                        \n                <label\n                   class=\"CruiseCalendarFilter-Weekday\"\n                   for=\"date-2026-07-12\"\n                   data-date=\"2026-07-12\"\n                >\n                                         <input\n                        id=\"date-2026-07-12\"\n                        type=\"radio\"\n                        name=\"date\"\n                        value=\"2026-07-12\"\n                                                    :checked=\"selected_date === '2026-07-12'\"\n                    \/>\n                    \n\n                <span class=\"CruiseCalendarFilter-Weekday-Day\">\n                    Sun\n                <\/span>\n                <span class=\"CruiseCalendarFilter-Weekday-DateItem\">\n                    <span class=\"CruiseCalendarFilter-Weekday-Date\">12<\/span>\n                    <span class=\"CruiseCalendarFilter-Weekday-Month\">Jul<\/span>\n                <\/span>\n                <\/label>\n\n                    <\/div>\n        <button\n           class=\"CruiseCalendarFilter-PrevNext\" aria-label=\"N\u00e4sta vecka\"\n           x-bind:disabled=\"false\"\n                        x-on:click=\"fetchWeek('next')\"\n            >\n            <figure>\n            <svg width=\"13\" height=\"19\" viewBox=\"0 0 13 19\" class=\"block w-full h-auto\">\n            <path fill-rule=\"evenodd\" clip-rule=\"evenodd\" d=\"M3.06078 -0.0605469L12.6214 9.50011L3.06078 19.0607L0.939456 16.9394L8.37876 9.50011L0.939453 2.06077L3.06078 -0.0605469Z\" fill=\"currentColor\"\/>\n            <\/svg>\n            <\/figure>\n\n        <\/button>\n    <\/div>\n<\/div>            <\/div>\n        <\/div>\n        <div>\n           <p class=\"font-[800] text-20\">\n               <span x-text=\"selected_date\"><\/span>\n               (<span x-text=\"found_posts\"><\/span>st)\n           <\/p>\n        <\/div>\n\n\n        <ul class=\"CruiseCalendarArchive-CategoryFilter\" x-ref=\"CategoryFilter\">\n    <li>\n\n        <button type=\"submit\" name=\"category\" value=\"\" x-bind=\"ResetCategoryBtn\" class=\"button button-black\"  aria-pressed=\"true\"             x-bind:aria-pressed=\"!selected_category.length \">\n                 All cruises          <\/button>\n    <\/li>\n                <li>\n                            <label class=\"FilterButton\">\n                    <input\n                        type=\"radio\"\n                        name=\"category\"\n                        value=\"culinary-cruises\"\n                                                :checked=\"selected_category === 'culinary-cruises'\"\n                    >\n                    Culinary cruises\n                <\/label>\n                    <\/li>\n                <li>\n                            <label class=\"FilterButton\">\n                    <input\n                        type=\"radio\"\n                        name=\"category\"\n                        value=\"expeditions\"\n                                                :checked=\"selected_category === 'expeditions'\"\n                    >\n                    Expeditions\n                <\/label>\n                    <\/li>\n                <li>\n                            <label class=\"FilterButton\">\n                    <input\n                        type=\"radio\"\n                        name=\"category\"\n                        value=\"music-cruises\"\n                                                :checked=\"selected_category === 'music-cruises'\"\n                    >\n                    Music Cruises\n                <\/label>\n                    <\/li>\n        <\/ul>\n\n        <noscript>\n            <button type=\"submit\" class=button button-black\">\n                Filtrera            <\/button>\n        <\/noscript>\n        <\/form>\n    <\/header>\n\n    <div class=\"CruiseCalendarArchive-CruisePostList flex flex-row gap-4 flex-wrap\" x-ref=\"CruisePostList\">\n                                    <article class=\"CruiseCard\">\n  <figure class=\"CruiseCard-ImageColumn\">\n\n                <span class=\"CruiseCard-ImageColumn-Category\">\n              Expeditions\n          <\/span>\n                          <picture><img decoding=\"async\" src=\"https:\/\/images.ohmyhosting.se\/So7U-1VECsugNMz2Uzlu29lxQD4=\/242x245\/smart\/filters:quality(85)\/https%3A%2F%2Ftransdev.se%2Fwp-content%2Fuploads%2Fsites%2F4%2F2025%2F01%2Fcea565b9-e225-4d0a-b4b5-fcba107087e4.jpg\" srcset=\"https:\/\/images.ohmyhosting.se\/kHaWPeXSdz8aI-UHX7rWOhEKjRo=\/96x97\/smart\/filters:quality(85)\/https%3A%2F%2Ftransdev.se%2Fwp-content%2Fuploads%2Fsites%2F4%2F2025%2F01%2Fcea565b9-e225-4d0a-b4b5-fcba107087e4.jpg 96w, https:\/\/images.ohmyhosting.se\/zziJ6r7npPiwqPvOdY-wA2os_sw=\/160x161\/smart\/filters:quality(85)\/https%3A%2F%2Ftransdev.se%2Fwp-content%2Fuploads%2Fsites%2F4%2F2025%2F01%2Fcea565b9-e225-4d0a-b4b5-fcba107087e4.jpg 160w, https:\/\/images.ohmyhosting.se\/vT8bz4YB3GzybYyHS1x3PgJ8Sv8=\/192x194\/smart\/filters:quality(85)\/https%3A%2F%2Ftransdev.se%2Fwp-content%2Fuploads%2Fsites%2F4%2F2025%2F01%2Fcea565b9-e225-4d0a-b4b5-fcba107087e4.jpg 192w, https:\/\/images.ohmyhosting.se\/ZyITXmt2g6k2pp-p8LvlcDA6J8c=\/224x226\/smart\/filters:quality(85)\/https%3A%2F%2Ftransdev.se%2Fwp-content%2Fuploads%2Fsites%2F4%2F2025%2F01%2Fcea565b9-e225-4d0a-b4b5-fcba107087e4.jpg 224w, https:\/\/images.ohmyhosting.se\/So7U-1VECsugNMz2Uzlu29lxQD4=\/242x245\/smart\/filters:quality(85)\/https%3A%2F%2Ftransdev.se%2Fwp-content%2Fuploads%2Fsites%2F4%2F2025%2F01%2Fcea565b9-e225-4d0a-b4b5-fcba107087e4.jpg 242w, https:\/\/images.ohmyhosting.se\/4YRR-qtQBURqttyxTHoZZi6yPS0=\/288x291\/smart\/filters:quality(85)\/https%3A%2F%2Ftransdev.se%2Fwp-content%2Fuploads%2Fsites%2F4%2F2025%2F01%2Fcea565b9-e225-4d0a-b4b5-fcba107087e4.jpg 288w, https:\/\/images.ohmyhosting.se\/NetilDtkjz_ohmL8vYqB6fjxIN0=\/320x323\/smart\/filters:quality(85)\/https%3A%2F%2Ftransdev.se%2Fwp-content%2Fuploads%2Fsites%2F4%2F2025%2F01%2Fcea565b9-e225-4d0a-b4b5-fcba107087e4.jpg 320w, https:\/\/images.ohmyhosting.se\/NU8NYhes6sklSd3WyHBxraVbp84=\/352x356\/smart\/filters:quality(85)\/https%3A%2F%2Ftransdev.se%2Fwp-content%2Fuploads%2Fsites%2F4%2F2025%2F01%2Fcea565b9-e225-4d0a-b4b5-fcba107087e4.jpg 352w, https:\/\/images.ohmyhosting.se\/Lz15dB0x_FTmzyA85MCL5IdY63Y=\/448x453\/smart\/filters:quality(85)\/https%3A%2F%2Ftransdev.se%2Fwp-content%2Fuploads%2Fsites%2F4%2F2025%2F01%2Fcea565b9-e225-4d0a-b4b5-fcba107087e4.jpg 448w, https:\/\/images.ohmyhosting.se\/opyS7M977udgkYU2b2sc4Ce6ggo=\/484x490\/smart\/filters:quality(85)\/https%3A%2F%2Ftransdev.se%2Fwp-content%2Fuploads%2Fsites%2F4%2F2025%2F01%2Fcea565b9-e225-4d0a-b4b5-fcba107087e4.jpg 484w, https:\/\/images.ohmyhosting.se\/a63fA1QEFMTI_h_2znNSinbyapI=\/576x583\/smart\/filters:quality(85)\/https%3A%2F%2Ftransdev.se%2Fwp-content%2Fuploads%2Fsites%2F4%2F2025%2F01%2Fcea565b9-e225-4d0a-b4b5-fcba107087e4.jpg 576w, https:\/\/images.ohmyhosting.se\/89Q2Qcc_J9MDo-x9v5c8ioKcCvE=\/704x712\/smart\/filters:quality(85)\/https%3A%2F%2Ftransdev.se%2Fwp-content%2Fuploads%2Fsites%2F4%2F2025%2F01%2Fcea565b9-e225-4d0a-b4b5-fcba107087e4.jpg 704w\" alt=\"Sk&auml;rg&aring;rdstur i Stockholm\" height=\"245\" width=\"242\" loading=\"lazy\" \/><\/picture>\n          <\/figure>\n\n  <div class=\"CruiseCard-ContentColumn\">\n      <div class=\"CruiseCard-ContentColumn-Wrap\">\n\n        <div class=\"CruiseCard-TimeRouteWrap\">\n            <div class=\"CruiseCard-TimeRatings\">\n                <span class=\"CruiseCards-Time\">\n                    <span> 17:30<\/span>\n                                            <span> &#8211; 20:00<\/span>\n                                                        <\/span>\n                            <\/div>\n\n            <span class=\"CruiseCard-Stops\"\n            >\n                <span>\n                    Skeppsbron\n                <\/span>\n                <figure class=\"w-8 text-blue-dark\"                     tooltip=\"Bredvid Gustav III staty, Skeppsbrokajen 102, 11130 Stockholm, M\/S Riddarholmen\"\n                    >\n                    <svg width=\"38\" height=\"14\" viewBox=\"0 0 38 14\" fill=\"none\" class=\"w-full h-auto block\">\n<rect x=\"1\" y=\"3\" width=\"36\" height=\"10\" rx=\"5\" stroke=\"currentColor\" stroke-width=\"2\"\/>\n<circle cx=\"12\" cy=\"3\" r=\"3\" fill=\"currentColor\"\/>\n<\/svg>\n                            <\/figure>\n                            <\/span>\n        <\/div>\n        <div class=\"max-w-[500px]\">\n            <h2 class=\"heading-md mb-4\">\n                Sk\u00e4rg\u00e5rdstur i Stockholm\n            <\/h2>\n                            <p class=\"body-xs\">\n                    Upplev svensk midsommar, hela sommaren, ombord p\u00e5 v\u00e5r sk\u00e4rg\u00e5rdsb\u00e5t med en levande guide. Turen genomf\u00f6rs av v\u00e5r partner Sightseeing Ride.\n                <\/p>\n                    <\/div>\n        <div class=\"CruiseCards-ContentFooter\">\n            <div class=\"CruiseCards-ContentFooter-PriceLinks\">\n                        <div class=\"CruiseCards-ContentFooter-Links\">\n                \n                            <\/div>\n        <\/div>\n                <div class=\"CruiseCards-ContentFooter-Boat CruiseCard-Boat ml-auto \">\n                                            <picture class=\"CruiseCard-Boat-Logo\"><img decoding=\"async\" src=\"https:\/\/images.ohmyhosting.se\/LYMMSH9YOSqceIwTZ-kiW1qVxEs=\/54x54\/smart\/filters:quality(85)\/https%3A%2F%2Ftransdev.se%2Fwp-content%2Fuploads%2Fsites%2F4%2F2025%2F06%2Fsightseeing-ride-logo.png\" srcset=\"https:\/\/images.ohmyhosting.se\/LYMMSH9YOSqceIwTZ-kiW1qVxEs=\/54x54\/smart\/filters:quality(85)\/https%3A%2F%2Ftransdev.se%2Fwp-content%2Fuploads%2Fsites%2F4%2F2025%2F06%2Fsightseeing-ride-logo.png 1x, https:\/\/images.ohmyhosting.se\/AqLEge7HcKx1KKgOAhsRBU90U5o=\/108x108\/smart\/filters:quality(85)\/https%3A%2F%2Ftransdev.se%2Fwp-content%2Fuploads%2Fsites%2F4%2F2025%2F06%2Fsightseeing-ride-logo.png 2x\" alt=\"M\/S Riddarholmen\" height=\"54\" width=\"54\" loading=\"lazy\" \/><\/picture>\n                                <span class=\"CruiseCard-Boat-Name\">\n                    M\/S Riddarholmen\n                <\/span>\n        <\/div>\n                    <\/div>\n    <\/div>\n  <\/div>\n<\/article>                        <\/div>\n\n    <\/div>\n","protected":false},"excerpt":{"rendered":"","protected":false},"author":30,"featured_media":0,"parent":0,"menu_order":0,"comment_status":"closed","ping_status":"closed","template":"views\/template-no-hero.php","meta":{"_acf_changed":false,"footnotes":""},"class_list":["post-4799","page","type-page","status-publish","hentry"],"acf":[],"yoast_head":"<!-- This site is optimized with the Yoast SEO plugin v27.4 - https:\/\/yoast.com\/product\/yoast-seo-wordpress\/ -->\n<title>Calendar - Blid\u00f6sundsbolaget<\/title>\n<meta name=\"robots\" content=\"index, follow, max-snippet:-1, max-image-preview:large, max-video-preview:-1\" \/>\n<link rel=\"canonical\" href=\"https:\/\/blidosundsbolaget.se\/en\/calendar\/\" \/>\n<meta property=\"og:locale\" content=\"en_US\" \/>\n<meta property=\"og:type\" content=\"article\" \/>\n<meta property=\"og:title\" content=\"Calendar - Blid\u00f6sundsbolaget\" \/>\n<meta property=\"og:url\" content=\"https:\/\/blidosundsbolaget.se\/en\/calendar\/\" \/>\n<meta property=\"og:site_name\" content=\"Blid\u00f6sundsbolaget\" \/>\n<meta property=\"article:modified_time\" content=\"2025-06-09T18:52:10+00:00\" \/>\n<meta name=\"twitter:card\" content=\"summary_large_image\" \/>\n<script type=\"application\/ld+json\" class=\"yoast-schema-graph\">{\"@context\":\"https:\\\/\\\/schema.org\",\"@graph\":[{\"@type\":\"WebPage\",\"@id\":\"https:\\\/\\\/blidosundsbolaget.se\\\/en\\\/calendar\\\/\",\"url\":\"https:\\\/\\\/blidosundsbolaget.se\\\/en\\\/calendar\\\/\",\"name\":\"Calendar - Blid\u00f6sundsbolaget\",\"isPartOf\":{\"@id\":\"https:\\\/\\\/blidosundsbolaget.se\\\/en\\\/#website\"},\"datePublished\":\"2025-03-17T13:50:51+00:00\",\"dateModified\":\"2025-06-09T18:52:10+00:00\",\"breadcrumb\":{\"@id\":\"https:\\\/\\\/blidosundsbolaget.se\\\/en\\\/calendar\\\/#breadcrumb\"},\"inLanguage\":\"en-US\",\"potentialAction\":[{\"@type\":\"ReadAction\",\"target\":[\"https:\\\/\\\/blidosundsbolaget.se\\\/en\\\/calendar\\\/\"]}]},{\"@type\":\"BreadcrumbList\",\"@id\":\"https:\\\/\\\/blidosundsbolaget.se\\\/en\\\/calendar\\\/#breadcrumb\",\"itemListElement\":[{\"@type\":\"ListItem\",\"position\":1,\"name\":\"Home\",\"item\":\"https:\\\/\\\/blidosundsbolaget.se\\\/en\\\/\"},{\"@type\":\"ListItem\",\"position\":2,\"name\":\"Calendar\"}]},{\"@type\":\"WebSite\",\"@id\":\"https:\\\/\\\/blidosundsbolaget.se\\\/en\\\/#website\",\"url\":\"https:\\\/\\\/blidosundsbolaget.se\\\/en\\\/\",\"name\":\"Blid\u00f6sundsbolaget\",\"description\":\"\",\"publisher\":{\"@id\":\"https:\\\/\\\/blidosundsbolaget.se\\\/en\\\/#organization\"},\"potentialAction\":[{\"@type\":\"SearchAction\",\"target\":{\"@type\":\"EntryPoint\",\"urlTemplate\":\"https:\\\/\\\/blidosundsbolaget.se\\\/en\\\/?s={search_term_string}\"},\"query-input\":{\"@type\":\"PropertyValueSpecification\",\"valueRequired\":true,\"valueName\":\"search_term_string\"}}],\"inLanguage\":\"en-US\"},{\"@type\":\"Organization\",\"@id\":\"https:\\\/\\\/blidosundsbolaget.se\\\/en\\\/#organization\",\"name\":\"Blid\u00f6sundsbolaget\",\"url\":\"https:\\\/\\\/blidosundsbolaget.se\\\/en\\\/\",\"logo\":{\"@type\":\"ImageObject\",\"inLanguage\":\"en-US\",\"@id\":\"https:\\\/\\\/blidosundsbolaget.se\\\/en\\\/#\\\/schema\\\/logo\\\/image\\\/\",\"url\":\"https:\\\/\\\/transdev.se\\\/wp-content\\\/uploads\\\/sites\\\/4\\\/2025\\\/03\\\/Blidosundsbolaget-symbol-_blue_RGB.png\",\"contentUrl\":\"https:\\\/\\\/transdev.se\\\/wp-content\\\/uploads\\\/sites\\\/4\\\/2025\\\/03\\\/Blidosundsbolaget-symbol-_blue_RGB.png\",\"width\":1187,\"height\":1186,\"caption\":\"Blid\u00f6sundsbolaget\"},\"image\":{\"@id\":\"https:\\\/\\\/blidosundsbolaget.se\\\/en\\\/#\\\/schema\\\/logo\\\/image\\\/\"}}]}<\/script>\n<!-- \/ Yoast SEO plugin. -->","yoast_head_json":{"title":"Calendar - Blid\u00f6sundsbolaget","robots":{"index":"index","follow":"follow","max-snippet":"max-snippet:-1","max-image-preview":"max-image-preview:large","max-video-preview":"max-video-preview:-1"},"canonical":"https:\/\/blidosundsbolaget.se\/en\/calendar\/","og_locale":"en_US","og_type":"article","og_title":"Calendar - Blid\u00f6sundsbolaget","og_url":"https:\/\/blidosundsbolaget.se\/en\/calendar\/","og_site_name":"Blid\u00f6sundsbolaget","article_modified_time":"2025-06-09T18:52:10+00:00","twitter_card":"summary_large_image","schema":{"@context":"https:\/\/schema.org","@graph":[{"@type":"WebPage","@id":"https:\/\/blidosundsbolaget.se\/en\/calendar\/","url":"https:\/\/blidosundsbolaget.se\/en\/calendar\/","name":"Calendar - Blid\u00f6sundsbolaget","isPartOf":{"@id":"https:\/\/blidosundsbolaget.se\/en\/#website"},"datePublished":"2025-03-17T13:50:51+00:00","dateModified":"2025-06-09T18:52:10+00:00","breadcrumb":{"@id":"https:\/\/blidosundsbolaget.se\/en\/calendar\/#breadcrumb"},"inLanguage":"en-US","potentialAction":[{"@type":"ReadAction","target":["https:\/\/blidosundsbolaget.se\/en\/calendar\/"]}]},{"@type":"BreadcrumbList","@id":"https:\/\/blidosundsbolaget.se\/en\/calendar\/#breadcrumb","itemListElement":[{"@type":"ListItem","position":1,"name":"Home","item":"https:\/\/blidosundsbolaget.se\/en\/"},{"@type":"ListItem","position":2,"name":"Calendar"}]},{"@type":"WebSite","@id":"https:\/\/blidosundsbolaget.se\/en\/#website","url":"https:\/\/blidosundsbolaget.se\/en\/","name":"Blid\u00f6sundsbolaget","description":"","publisher":{"@id":"https:\/\/blidosundsbolaget.se\/en\/#organization"},"potentialAction":[{"@type":"SearchAction","target":{"@type":"EntryPoint","urlTemplate":"https:\/\/blidosundsbolaget.se\/en\/?s={search_term_string}"},"query-input":{"@type":"PropertyValueSpecification","valueRequired":true,"valueName":"search_term_string"}}],"inLanguage":"en-US"},{"@type":"Organization","@id":"https:\/\/blidosundsbolaget.se\/en\/#organization","name":"Blid\u00f6sundsbolaget","url":"https:\/\/blidosundsbolaget.se\/en\/","logo":{"@type":"ImageObject","inLanguage":"en-US","@id":"https:\/\/blidosundsbolaget.se\/en\/#\/schema\/logo\/image\/","url":"https:\/\/transdev.se\/wp-content\/uploads\/sites\/4\/2025\/03\/Blidosundsbolaget-symbol-_blue_RGB.png","contentUrl":"https:\/\/transdev.se\/wp-content\/uploads\/sites\/4\/2025\/03\/Blidosundsbolaget-symbol-_blue_RGB.png","width":1187,"height":1186,"caption":"Blid\u00f6sundsbolaget"},"image":{"@id":"https:\/\/blidosundsbolaget.se\/en\/#\/schema\/logo\/image\/"}}]}},"_links":{"self":[{"href":"https:\/\/blidosundsbolaget.se\/en\/wp-json\/wp\/v2\/pages\/4799","targetHints":{"allow":["GET"]}}],"collection":[{"href":"https:\/\/blidosundsbolaget.se\/en\/wp-json\/wp\/v2\/pages"}],"about":[{"href":"https:\/\/blidosundsbolaget.se\/en\/wp-json\/wp\/v2\/types\/page"}],"author":[{"embeddable":true,"href":"https:\/\/blidosundsbolaget.se\/en\/wp-json\/wp\/v2\/users\/30"}],"replies":[{"embeddable":true,"href":"https:\/\/blidosundsbolaget.se\/en\/wp-json\/wp\/v2\/comments?post=4799"}],"version-history":[{"count":7,"href":"https:\/\/blidosundsbolaget.se\/en\/wp-json\/wp\/v2\/pages\/4799\/revisions"}],"predecessor-version":[{"id":9099,"href":"https:\/\/blidosundsbolaget.se\/en\/wp-json\/wp\/v2\/pages\/4799\/revisions\/9099"}],"wp:attachment":[{"href":"https:\/\/blidosundsbolaget.se\/en\/wp-json\/wp\/v2\/media?parent=4799"}],"curies":[{"name":"wp","href":"https:\/\/api.w.org\/{rel}","templated":true}]}}