{"id":5653,"date":"2025-05-02T10:06:30","date_gmt":"2025-05-02T08:06:30","guid":{"rendered":"https:\/\/blidosundsbolaget.se\/?page_id=5653"},"modified":"2026-04-09T21:48:24","modified_gmt":"2026-04-09T19:48:24","slug":"midsommartur-till-norrsund","status":"publish","type":"page","link":"https:\/\/blidosundsbolaget.se\/en\/midsommartur-till-norrsund\/","title":{"rendered":"Midsommartur till Norrsund"},"content":{"rendered":"<div\nclass=\"text-image container-px container-my\"\n\n    data-color-theme=white\n    data-color-theme-brightness=light\n>\n    <div\n    class=\"text-image__inner container mx-auto\"\n    >\n        <div\n        class=\"text-image__content-wrap order-1 md:order-2\">\n            <article\n            class=\"text-image__content\">\n                                    <span class=\"heading-sm font-normal mb-2 block title-theme-color\">\n                        \u00d6ver 100 \u00e5r av sommartradition\n                    <\/span>\n                \n                <h2 class=\"heading-md md:heading-lg title-theme-color   mb-2 \">\n                    B\u00f6rja ditt midsommarfirande med \u00e5ngfartyget Blid\u00f6sund\n                <\/h2>\n\n                                    <span class=\"body-md mt-1 mb-6 block title-theme-color\">\n                        Torsdag den 18 juni\n                    <\/span>\n                \n                                    <div class=\"body-sm text-theme-color wysiwyg\">\n                        <p class=\"\" data-start=\"120\" data-end=\"441\">F\u00f6lj med p\u00e5 en sommarresa genom historien och upplev Blid\u00f6sund \u2013 \u00e5ngfartyget som f\u00f6ddes ur envishet och lokal stolthet. I b\u00f6rjan av 1900-talet tr\u00f6ttnade Blid\u00f6borna p\u00e5 Waxholmsbolagets bristf\u00e4lliga trafik och tog saken i egna h\u00e4nder. Med insamlade medel och nybildat rederi sj\u00f6sattes 1911 deras eget fartyg: S\/S Blid\u00f6sund.<\/p>\n<p class=\"\" data-start=\"443\" data-end=\"856\">Idag \u00e4r hon ett levande kulturarv och ett av Sveriges sista koleldade passagerarfartyg i regulj\u00e4r drift. N\u00e4r du kliver ombord och man styr mot Blid\u00f6sundet f\u00e4rdas du inte bara genom sk\u00e4rg\u00e5rden \u2013 utan genom ett stycke svensk historia, pr\u00e4glat av mod, gemenskap och handlingskraft.<\/p>\n<p class=\"\" data-start=\"858\" data-end=\"1323\">Blid\u00f6 bjuder p\u00e5 glittrande vikar, lummiga skogar och ett sommarfridfullt lugn. I hj\u00e4rtat av Blid\u00f6sundet hittar du sm\u00e5 hamnar, badklippor och charmiga stopp l\u00e4ngs v\u00e4gen. Att glida in i sundet med detta klassiska fartyg \u00e4r som att kliva rakt in i ett vykort fr\u00e5n b\u00f6rjan av f\u00f6rra seklet.<\/p>\n\n                    <\/div>\n                \n                \n                            <\/article>\n        <\/div>\n\n                    <div class=\"text-image__image-wrap order-2 md:order-1\">\n                <picture><source media=\"(max-width:415px)\" data-srcset=\"https:\/\/images.ohmyhosting.se\/MtyG9nWZ9hPJqch0TId1jxAVpBg=\/415x320\/filters:quality(85)\/https%3A%2F%2Ftransdev.se%2Fwp-content%2Fuploads%2Fsites%2F4%2F2025%2F05%2FFlagga.jpg 1x, https:\/\/images.ohmyhosting.se\/0FGaM0ChAYmcQ4Oc7y7H6Ob0Lyk=\/830x640\/filters:quality(85)\/https%3A%2F%2Ftransdev.se%2Fwp-content%2Fuploads%2Fsites%2F4%2F2025%2F05%2FFlagga.jpg 2x\"><source media=\"(max-width:820px)\" data-srcset=\"https:\/\/images.ohmyhosting.se\/JACC3BGjO4LUAQnWpw-IyCMMVBA=\/765x583\/filters:quality(85)\/https%3A%2F%2Ftransdev.se%2Fwp-content%2Fuploads%2Fsites%2F4%2F2025%2F05%2FFlagga.jpg 1x, https:\/\/images.ohmyhosting.se\/DaKh6Zz59RDE94K8634JOCxLkJg=\/1530x1166\/filters:quality(85)\/https%3A%2F%2Ftransdev.se%2Fwp-content%2Fuploads%2Fsites%2F4%2F2025%2F05%2FFlagga.jpg 2x\"><img srcset=\"https:\/\/images.ohmyhosting.se\/b_RJhRANiBpUU_gNS4mQfmuqfYI=\/638x431\/filters:quality(85)\/https%3A%2F%2Ftransdev.se%2Fwp-content%2Fuploads%2Fsites%2F4%2F2025%2F05%2FFlagga.jpg 1x, https:\/\/images.ohmyhosting.se\/-hzsvq1Y6eQTmtvmkDlZKnhEy04=\/1276x862\/filters:quality(85)\/https%3A%2F%2Ftransdev.se%2Fwp-content%2Fuploads%2Fsites%2F4%2F2025%2F05%2FFlagga.jpg 2x\" alt=\"\" data-src=\"https:\/\/images.ohmyhosting.se\/b_RJhRANiBpUU_gNS4mQfmuqfYI=\/638x431\/filters:quality(85)\/https%3A%2F%2Ftransdev.se%2Fwp-content%2Fuploads%2Fsites%2F4%2F2025%2F05%2FFlagga.jpg\" class=\"lazy\" \/><\/picture>\n            <\/div>\n            <\/div>\n<\/div>\n\n<div\nclass=\"text-image container-px container-py\"\n\n    data-color-theme=light-blue\n    data-color-theme-brightness=light\n>\n    <div\n    class=\"text-image__inner container mx-auto\"\n    >\n        <div\n        class=\"text-image__content-wrap\">\n            <article\n            class=\"text-image__content\">\n                \n                <h2 class=\"heading-md md:heading-lg title-theme-color   mb-3.5 \">\n                    Middag ombord p\u00e5 S\/S Blid\u00f6sund\n                <\/h2>\n\n                \n                                    <div class=\"body-sm text-theme-color wysiwyg\">\n                        <p>Dagen innan midsommar den 18\/6 avg\u00e5r S\/S Blid\u00f6sund kl. 16:30 fr\u00e5n Skeppsbron, nedanf\u00f6r Slottsbacken i Stockholm och anl\u00e4nder till Norrsund 21:00. D\u00e4r v\u00e4nder fartyget och g\u00e5r \u00e5ter till Stockholm, framme 01.00. Fartyget anl\u00f6per ett 20-tal bryggor l\u00e4ngst v\u00e4gen \u2013 se tidtabell med bryggor nedan.<\/p>\n<p>Ombord erbjuder vi v\u00e5r \u00e0 la carte meny under tre middagssittningar: kl. 16.00 \u2013 18.15, kl. 18.45 \u2013 20.45 samt kl. 21.15 \u2013 23.15. Se till att boka bord f\u00f6r att f\u00f6rs\u00e4kra dig om en plats.<\/p>\n<p>Biljettpriset f\u00f6r hela resan \u00e4r 295 kr f\u00f6r vuxna, 125 kr f\u00f6r barn mellan 6 och 12 \u00e5r samt 25 kr f\u00f6r sm\u00e5barn upp till 5 \u00e5r.<\/p>\n\n                    <\/div>\n                \n                \n                            <\/article>\n        <\/div>\n\n                    <div class=\"text-image__image-wrap\">\n                <picture><source media=\"(max-width:415px)\" data-srcset=\"https:\/\/images.ohmyhosting.se\/OyLqowulSQzypPQKRGskSFEnmpM=\/415x320\/filters:quality(85)\/https%3A%2F%2Ftransdev.se%2Fwp-content%2Fuploads%2Fsites%2F4%2F2025%2F03%2FIMG_8881-LB-1-scaled.jpg 1x, https:\/\/images.ohmyhosting.se\/O5-lzCSRvPFc-QO7x4lEOTwhCmY=\/830x640\/filters:quality(85)\/https%3A%2F%2Ftransdev.se%2Fwp-content%2Fuploads%2Fsites%2F4%2F2025%2F03%2FIMG_8881-LB-1-scaled.jpg 2x\"><source media=\"(max-width:820px)\" data-srcset=\"https:\/\/images.ohmyhosting.se\/1ViSZVX-TeKtY0DONfpSpgPkexY=\/765x583\/filters:quality(85)\/https%3A%2F%2Ftransdev.se%2Fwp-content%2Fuploads%2Fsites%2F4%2F2025%2F03%2FIMG_8881-LB-1-scaled.jpg 1x, https:\/\/images.ohmyhosting.se\/yq8Ba0J-pWMqRAgUFH40Rsi6KNI=\/1530x1166\/filters:quality(85)\/https%3A%2F%2Ftransdev.se%2Fwp-content%2Fuploads%2Fsites%2F4%2F2025%2F03%2FIMG_8881-LB-1-scaled.jpg 2x\"><img srcset=\"https:\/\/images.ohmyhosting.se\/5MlK93YNyzy82OEfaUMa7UQfgig=\/638x431\/filters:quality(85)\/https%3A%2F%2Ftransdev.se%2Fwp-content%2Fuploads%2Fsites%2F4%2F2025%2F03%2FIMG_8881-LB-1-scaled.jpg 1x, https:\/\/images.ohmyhosting.se\/p3bXFpJUbLxgxGkUY4zynDiUKUQ=\/1276x862\/filters:quality(85)\/https%3A%2F%2Ftransdev.se%2Fwp-content%2Fuploads%2Fsites%2F4%2F2025%2F03%2FIMG_8881-LB-1-scaled.jpg 2x\" alt=\"\" data-src=\"https:\/\/images.ohmyhosting.se\/5MlK93YNyzy82OEfaUMa7UQfgig=\/638x431\/filters:quality(85)\/https%3A%2F%2Ftransdev.se%2Fwp-content%2Fuploads%2Fsites%2F4%2F2025%2F03%2FIMG_8881-LB-1-scaled.jpg\" class=\"lazy\" \/><\/picture>\n            <\/div>\n            <\/div>\n<\/div>\n\n<div\nclass=\"banner-block container-px container-py\"\ndata-color-theme=\"green\"\ndata-color-theme-brightness=\"light\">\n    <div class=\"container mx-auto\">\n        <article class=\"banner-block__content\">\n            \n            <h2 class=\"heading-md md:heading-lg title-theme-color\">\n                Bli medlem \u2013 res till halva priset eller helt gratis!\n            <\/h2>\n\n            \n                            <div class=\"body-sm mt-[30px] text-theme-color wysiwyg\">\n                    <p>Som medlem i F\u00f6reningen S\/S Blid\u00f6sund f\u00e5r du upp till 100 % rabatt p\u00e5 sommarens utflykter.<br \/>\nF\u00f6reningen Blid\u00f6sund \u00e4r en ideell st\u00f6df\u00f6rening vars huvudsakliga syfte \u00e4r att bidra till bevarandet av S\/S Blid\u00f6sund. Som ordinarie medlem f\u00e5r du 50% rabatt p\u00e5 Blid\u00f6sundsbolagets utflykter med S\/S Blid\u00f6sund och som f\u00f6rm\u00e5nsmedlem f\u00e5r du 100% rabatt. Ordinarie medlemskap kostar 200 kr\/\u00e5r, f\u00f6rm\u00e5nsmedlemskapet kostar 400 kr\/\u00e5r. L\u00e4s mer p\u00e5 f\u00f6reningens hemsida.<\/p>\n\n                <\/div>\n            \n                            <div class=\"mt-8 flex flex-wrap gap-4\">\n                    <a\n        href=\"https:\/\/ss-blidosund.se\/bli-medlem\/\"\n                target=\"_blank\"\n                class=\"button button--black inline-block\">\n            Bli medlem\n        <\/a>\n                    <\/div>\n            \n                    <\/article>\n    <\/div>\n<\/div>","protected":false},"excerpt":{"rendered":"","protected":false},"author":30,"featured_media":0,"parent":0,"menu_order":0,"comment_status":"closed","ping_status":"closed","template":"","meta":{"_acf_changed":false,"footnotes":""},"class_list":["post-5653","page","type-page","status-publish","hentry"],"acf":[],"yoast_head":"<!-- This site is optimized with the Yoast SEO plugin v27.5 - https:\/\/yoast.com\/product\/yoast-seo-wordpress\/ -->\n<title>Midsommartur till Norrsund - Blid\u00f6sundsbolaget<\/title>\n<meta name=\"robots\" content=\"index, follow, max-snippet:-1, max-image-preview:large, max-video-preview:-1\" \/>\n<link rel=\"canonical\" href=\"https:\/\/blidosundsbolaget.se\/en\/midsommartur-till-norrsund\/\" \/>\n<meta property=\"og:locale\" content=\"en_US\" \/>\n<meta property=\"og:type\" content=\"article\" \/>\n<meta property=\"og:title\" content=\"Midsommartur till Norrsund - Blid\u00f6sundsbolaget\" \/>\n<meta property=\"og:url\" content=\"https:\/\/blidosundsbolaget.se\/en\/midsommartur-till-norrsund\/\" \/>\n<meta property=\"og:site_name\" content=\"Blid\u00f6sundsbolaget\" \/>\n<meta property=\"article:modified_time\" content=\"2026-04-09T19:48:24+00:00\" \/>\n<meta name=\"twitter:card\" content=\"summary_large_image\" \/>\n<script type=\"application\/ld+json\" class=\"yoast-schema-graph\">{\"@context\":\"https:\\\/\\\/schema.org\",\"@graph\":[{\"@type\":\"WebPage\",\"@id\":\"https:\\\/\\\/blidosundsbolaget.se\\\/en\\\/midsommartur-till-norrsund\\\/\",\"url\":\"https:\\\/\\\/blidosundsbolaget.se\\\/en\\\/midsommartur-till-norrsund\\\/\",\"name\":\"Midsommartur till Norrsund - Blid\u00f6sundsbolaget\",\"isPartOf\":{\"@id\":\"https:\\\/\\\/blidosundsbolaget.se\\\/en\\\/#website\"},\"datePublished\":\"2025-05-02T08:06:30+00:00\",\"dateModified\":\"2026-04-09T19:48:24+00:00\",\"breadcrumb\":{\"@id\":\"https:\\\/\\\/blidosundsbolaget.se\\\/en\\\/midsommartur-till-norrsund\\\/#breadcrumb\"},\"inLanguage\":\"en-US\",\"potentialAction\":[{\"@type\":\"ReadAction\",\"target\":[\"https:\\\/\\\/blidosundsbolaget.se\\\/en\\\/midsommartur-till-norrsund\\\/\"]}]},{\"@type\":\"BreadcrumbList\",\"@id\":\"https:\\\/\\\/blidosundsbolaget.se\\\/en\\\/midsommartur-till-norrsund\\\/#breadcrumb\",\"itemListElement\":[{\"@type\":\"ListItem\",\"position\":1,\"name\":\"Home\",\"item\":\"https:\\\/\\\/blidosundsbolaget.se\\\/en\\\/\"},{\"@type\":\"ListItem\",\"position\":2,\"name\":\"Midsommartur till Norrsund\"}]},{\"@type\":\"WebSite\",\"@id\":\"https:\\\/\\\/blidosundsbolaget.se\\\/en\\\/#website\",\"url\":\"https:\\\/\\\/blidosundsbolaget.se\\\/en\\\/\",\"name\":\"Blid\u00f6sundsbolaget\",\"description\":\"\",\"publisher\":{\"@id\":\"https:\\\/\\\/blidosundsbolaget.se\\\/en\\\/#organization\"},\"potentialAction\":[{\"@type\":\"SearchAction\",\"target\":{\"@type\":\"EntryPoint\",\"urlTemplate\":\"https:\\\/\\\/blidosundsbolaget.se\\\/en\\\/?s={search_term_string}\"},\"query-input\":{\"@type\":\"PropertyValueSpecification\",\"valueRequired\":true,\"valueName\":\"search_term_string\"}}],\"inLanguage\":\"en-US\"},{\"@type\":\"Organization\",\"@id\":\"https:\\\/\\\/blidosundsbolaget.se\\\/en\\\/#organization\",\"name\":\"Blid\u00f6sundsbolaget\",\"url\":\"https:\\\/\\\/blidosundsbolaget.se\\\/en\\\/\",\"logo\":{\"@type\":\"ImageObject\",\"inLanguage\":\"en-US\",\"@id\":\"https:\\\/\\\/blidosundsbolaget.se\\\/en\\\/#\\\/schema\\\/logo\\\/image\\\/\",\"url\":\"https:\\\/\\\/transdev.se\\\/wp-content\\\/uploads\\\/sites\\\/4\\\/2025\\\/03\\\/Blidosundsbolaget-symbol-_blue_RGB.png\",\"contentUrl\":\"https:\\\/\\\/transdev.se\\\/wp-content\\\/uploads\\\/sites\\\/4\\\/2025\\\/03\\\/Blidosundsbolaget-symbol-_blue_RGB.png\",\"width\":1187,\"height\":1186,\"caption\":\"Blid\u00f6sundsbolaget\"},\"image\":{\"@id\":\"https:\\\/\\\/blidosundsbolaget.se\\\/en\\\/#\\\/schema\\\/logo\\\/image\\\/\"}}]}<\/script>\n<!-- \/ Yoast SEO plugin. -->","yoast_head_json":{"title":"Midsommartur till Norrsund - Blid\u00f6sundsbolaget","robots":{"index":"index","follow":"follow","max-snippet":"max-snippet:-1","max-image-preview":"max-image-preview:large","max-video-preview":"max-video-preview:-1"},"canonical":"https:\/\/blidosundsbolaget.se\/en\/midsommartur-till-norrsund\/","og_locale":"en_US","og_type":"article","og_title":"Midsommartur till Norrsund - Blid\u00f6sundsbolaget","og_url":"https:\/\/blidosundsbolaget.se\/en\/midsommartur-till-norrsund\/","og_site_name":"Blid\u00f6sundsbolaget","article_modified_time":"2026-04-09T19:48:24+00:00","twitter_card":"summary_large_image","schema":{"@context":"https:\/\/schema.org","@graph":[{"@type":"WebPage","@id":"https:\/\/blidosundsbolaget.se\/en\/midsommartur-till-norrsund\/","url":"https:\/\/blidosundsbolaget.se\/en\/midsommartur-till-norrsund\/","name":"Midsommartur till Norrsund - Blid\u00f6sundsbolaget","isPartOf":{"@id":"https:\/\/blidosundsbolaget.se\/en\/#website"},"datePublished":"2025-05-02T08:06:30+00:00","dateModified":"2026-04-09T19:48:24+00:00","breadcrumb":{"@id":"https:\/\/blidosundsbolaget.se\/en\/midsommartur-till-norrsund\/#breadcrumb"},"inLanguage":"en-US","potentialAction":[{"@type":"ReadAction","target":["https:\/\/blidosundsbolaget.se\/en\/midsommartur-till-norrsund\/"]}]},{"@type":"BreadcrumbList","@id":"https:\/\/blidosundsbolaget.se\/en\/midsommartur-till-norrsund\/#breadcrumb","itemListElement":[{"@type":"ListItem","position":1,"name":"Home","item":"https:\/\/blidosundsbolaget.se\/en\/"},{"@type":"ListItem","position":2,"name":"Midsommartur till Norrsund"}]},{"@type":"WebSite","@id":"https:\/\/blidosundsbolaget.se\/en\/#website","url":"https:\/\/blidosundsbolaget.se\/en\/","name":"Blid\u00f6sundsbolaget","description":"","publisher":{"@id":"https:\/\/blidosundsbolaget.se\/en\/#organization"},"potentialAction":[{"@type":"SearchAction","target":{"@type":"EntryPoint","urlTemplate":"https:\/\/blidosundsbolaget.se\/en\/?s={search_term_string}"},"query-input":{"@type":"PropertyValueSpecification","valueRequired":true,"valueName":"search_term_string"}}],"inLanguage":"en-US"},{"@type":"Organization","@id":"https:\/\/blidosundsbolaget.se\/en\/#organization","name":"Blid\u00f6sundsbolaget","url":"https:\/\/blidosundsbolaget.se\/en\/","logo":{"@type":"ImageObject","inLanguage":"en-US","@id":"https:\/\/blidosundsbolaget.se\/en\/#\/schema\/logo\/image\/","url":"https:\/\/transdev.se\/wp-content\/uploads\/sites\/4\/2025\/03\/Blidosundsbolaget-symbol-_blue_RGB.png","contentUrl":"https:\/\/transdev.se\/wp-content\/uploads\/sites\/4\/2025\/03\/Blidosundsbolaget-symbol-_blue_RGB.png","width":1187,"height":1186,"caption":"Blid\u00f6sundsbolaget"},"image":{"@id":"https:\/\/blidosundsbolaget.se\/en\/#\/schema\/logo\/image\/"}}]}},"_links":{"self":[{"href":"https:\/\/blidosundsbolaget.se\/en\/wp-json\/wp\/v2\/pages\/5653","targetHints":{"allow":["GET"]}}],"collection":[{"href":"https:\/\/blidosundsbolaget.se\/en\/wp-json\/wp\/v2\/pages"}],"about":[{"href":"https:\/\/blidosundsbolaget.se\/en\/wp-json\/wp\/v2\/types\/page"}],"author":[{"embeddable":true,"href":"https:\/\/blidosundsbolaget.se\/en\/wp-json\/wp\/v2\/users\/30"}],"replies":[{"embeddable":true,"href":"https:\/\/blidosundsbolaget.se\/en\/wp-json\/wp\/v2\/comments?post=5653"}],"version-history":[{"count":14,"href":"https:\/\/blidosundsbolaget.se\/en\/wp-json\/wp\/v2\/pages\/5653\/revisions"}],"predecessor-version":[{"id":10677,"href":"https:\/\/blidosundsbolaget.se\/en\/wp-json\/wp\/v2\/pages\/5653\/revisions\/10677"}],"wp:attachment":[{"href":"https:\/\/blidosundsbolaget.se\/en\/wp-json\/wp\/v2\/media?parent=5653"}],"curies":[{"name":"wp","href":"https:\/\/api.w.org\/{rel}","templated":true}]}}