{"id":6086,"date":"2025-05-19T20:28:25","date_gmt":"2025-05-19T18:28:25","guid":{"rendered":"https:\/\/blidosundsbolaget.se\/?page_id=6086"},"modified":"2026-04-17T13:43:06","modified_gmt":"2026-04-17T11:43:06","slug":"skargardsbatens-dag-2","status":"publish","type":"page","link":"https:\/\/blidosundsbolaget.se\/en\/skargardsbatens-dag-2\/","title":{"rendered":"Sk\u00e4rg\u00e5rdsb\u00e5tens dag"},"content":{"rendered":"<div\nclass=\"text-double-image container-px container-my\"\ndata-color-theme=\"white\"\ndata-color-theme-brightness=\"light\">\n    <div class=\"text-double-image__inner container mx-auto\">\n        <article\n        class=\"text-double-image__content order-1 md:order-2 order-1\">\n                            <span class=\"heading-sm font-normal mb-2 block title-theme-color\">\n                    3 juni 2026\n                <\/span>\n            \n            <h2 class=\"heading-md md:heading-lg title-theme-color\">\n                Sommarens \u00e5ngfartygsevent!\n            <\/h2>\n\n            \n                            <div class=\"body-sm mt-[30px] text-theme-color\">\n                    <p>F\u00f6lj med p\u00e5 Sk\u00e4rg\u00e5rdsb\u00e5tens dag, en utflykt d\u00e4r Stockholms klassiska sk\u00e4rg\u00e5rdsb\u00e5tar avg\u00e5r fr\u00e5n Str\u00f6mkajen i kortege och k\u00f6r mot Vaxholm. <strong>Nytt f\u00f6r i \u00e5r \u00e4r att avg\u00e5ngstiden \u00e4r 17:30.<\/strong> V\u00e4l framme i Vaxholm \u00e4r staden fylld med musik, sk\u00e4rg\u00e5rdsmarknad och upptr\u00e4danden. <\/p>\n<p>Den som vill njuta av en god m\u00e5ltid till sj\u00f6ss kan boka bord p\u00e5 n\u00e5gon av \u00e5ngb\u00e5tarna Storsk\u00e4r, Norrsk\u00e4r eller Blid\u00f6sund via v\u00e5r kundtj\u00e4nst. Ange \u00f6nskad sittningstid, prelimin\u00e4ra tider f\u00f6r i \u00e5r \u00e4r  17:30 och 21:00.<\/p>\n<p>Fartygen \u00e4r tillbaka i Stockholm cirka 22:30.<\/p>\n\n                <\/div>\n            \n                            <div class=\"mt-8 flex flex-wrap items-baseline gap-4\">\n                    <a\n        href=\"https:\/\/www.destinationvaxholm.se\/sv\/skargardsbatens-dag\"\n                class=\"button button--black inline-block\">\n            L\u00e4s mer om eventet\n        <\/a>\n                    <a\n        href=\"https:\/\/nortic.se\/ticket\/event\/79715\"\n                target=\"_blank\"\n                class=\"button button--black inline-block\">\n            K\u00f6p biljett\n        <\/a>\n                    <\/div>\n            \n                    <\/article>\n\n                    <div class=\"text-double-image__image-wrap order-2 md:order-1 order-2\">\n                <div class=\"text-double-image__left-image\">\n                    <picture><img srcset=\"https:\/\/images.ohmyhosting.se\/epQOsJsaScgy_MGxvvRqwEFMNXs=\/416x500\/filters:quality(85)\/https%3A%2F%2Ftransdev.se%2Fwp-content%2Fuploads%2Fsites%2F4%2F2026%2F03%2Fskargardsbatens-dag.jpg 1x, https:\/\/images.ohmyhosting.se\/eE3BGbTJK48aOCOJxNe4X7n4zjo=\/832x1000\/filters:quality(85)\/https%3A%2F%2Ftransdev.se%2Fwp-content%2Fuploads%2Fsites%2F4%2F2026%2F03%2Fskargardsbatens-dag.jpg 2x\" alt=\"\" data-src=\"https:\/\/images.ohmyhosting.se\/epQOsJsaScgy_MGxvvRqwEFMNXs=\/416x500\/filters:quality(85)\/https%3A%2F%2Ftransdev.se%2Fwp-content%2Fuploads%2Fsites%2F4%2F2026%2F03%2Fskargardsbatens-dag.jpg\" class=\"lazy\" \/><\/picture>\n                <\/div>\n                <div class=\"text-double-image__right-image\">\n                    <picture><img srcset=\"https:\/\/images.ohmyhosting.se\/Kt-Ft0FzQUFhGKpkw8ijwtg79jw=\/416x500\/filters:quality(85)\/https%3A%2F%2Ftransdev.se%2Fwp-content%2Fuploads%2Fsites%2F4%2F2025%2F01%2F6222580c-ae5c-45bd-94f5-e30b95cc00d8.jpg 1x, https:\/\/images.ohmyhosting.se\/XIcHfpeH_IgkhNmx1SPVfswwTNw=\/832x1000\/filters:quality(85)\/https%3A%2F%2Ftransdev.se%2Fwp-content%2Fuploads%2Fsites%2F4%2F2025%2F01%2F6222580c-ae5c-45bd-94f5-e30b95cc00d8.jpg 2x\" alt=\"\" data-src=\"https:\/\/images.ohmyhosting.se\/Kt-Ft0FzQUFhGKpkw8ijwtg79jw=\/416x500\/filters:quality(85)\/https%3A%2F%2Ftransdev.se%2Fwp-content%2Fuploads%2Fsites%2F4%2F2025%2F01%2F6222580c-ae5c-45bd-94f5-e30b95cc00d8.jpg\" class=\"lazy\" \/><\/picture>\n                <\/div>\n            <\/div>\n            <\/div>\n<\/div>\n\n<div class=\"container-my container-px\">\n    <div class=\"w-full max-w-[860px] mx-auto\">\n                    <h2 class=\"heading-lg mb-6 title-theme-color\">Ni h\u00e4nger v\u00e4l med?<\/h2>\n        \n        <div\n        class=\"w-full relative plyr__video-embed\"\n        data-js=\"player\"\n        data-video-source=\"mp4\">\n                            <video\n                    controls\n                    playsinline\n                    loop\n                    poster=\"\"\n                    class=\"w-full h-full\">\n                    <source src=\"https:\/\/transdev.se\/wp-content\/uploads\/sites\/4\/2026\/03\/Skargardsbatens-dag-2025-1.mp4\" type=\"video\/mp4\">\n                <\/video>\n                    <\/div>\n\n            <\/div>\n<\/div>","protected":false},"excerpt":{"rendered":"","protected":false},"author":30,"featured_media":0,"parent":0,"menu_order":0,"comment_status":"closed","ping_status":"closed","template":"","meta":{"_acf_changed":false,"footnotes":""},"class_list":["post-6086","page","type-page","status-publish","hentry"],"acf":[],"yoast_head":"<!-- This site is optimized with the Yoast SEO plugin v27.4 - https:\/\/yoast.com\/product\/yoast-seo-wordpress\/ -->\n<title>Sk\u00e4rg\u00e5rdsb\u00e5tens dag - Blid\u00f6sundsbolaget<\/title>\n<meta name=\"robots\" content=\"index, follow, max-snippet:-1, max-image-preview:large, max-video-preview:-1\" \/>\n<link rel=\"canonical\" href=\"https:\/\/blidosundsbolaget.se\/en\/skargardsbatens-dag-2\/\" \/>\n<meta property=\"og:locale\" content=\"en_US\" \/>\n<meta property=\"og:type\" content=\"article\" \/>\n<meta property=\"og:title\" content=\"Sk\u00e4rg\u00e5rdsb\u00e5tens dag - Blid\u00f6sundsbolaget\" \/>\n<meta property=\"og:url\" content=\"https:\/\/blidosundsbolaget.se\/en\/skargardsbatens-dag-2\/\" \/>\n<meta property=\"og:site_name\" content=\"Blid\u00f6sundsbolaget\" \/>\n<meta property=\"article:modified_time\" content=\"2026-04-17T11:43:06+00:00\" \/>\n<meta name=\"twitter:card\" content=\"summary_large_image\" \/>\n<script type=\"application\/ld+json\" class=\"yoast-schema-graph\">{\"@context\":\"https:\\\/\\\/schema.org\",\"@graph\":[{\"@type\":\"WebPage\",\"@id\":\"https:\\\/\\\/blidosundsbolaget.se\\\/en\\\/skargardsbatens-dag-2\\\/\",\"url\":\"https:\\\/\\\/blidosundsbolaget.se\\\/en\\\/skargardsbatens-dag-2\\\/\",\"name\":\"Sk\u00e4rg\u00e5rdsb\u00e5tens dag - Blid\u00f6sundsbolaget\",\"isPartOf\":{\"@id\":\"https:\\\/\\\/blidosundsbolaget.se\\\/en\\\/#website\"},\"datePublished\":\"2025-05-19T18:28:25+00:00\",\"dateModified\":\"2026-04-17T11:43:06+00:00\",\"breadcrumb\":{\"@id\":\"https:\\\/\\\/blidosundsbolaget.se\\\/en\\\/skargardsbatens-dag-2\\\/#breadcrumb\"},\"inLanguage\":\"en-US\",\"potentialAction\":[{\"@type\":\"ReadAction\",\"target\":[\"https:\\\/\\\/blidosundsbolaget.se\\\/en\\\/skargardsbatens-dag-2\\\/\"]}]},{\"@type\":\"BreadcrumbList\",\"@id\":\"https:\\\/\\\/blidosundsbolaget.se\\\/en\\\/skargardsbatens-dag-2\\\/#breadcrumb\",\"itemListElement\":[{\"@type\":\"ListItem\",\"position\":1,\"name\":\"Home\",\"item\":\"https:\\\/\\\/blidosundsbolaget.se\\\/en\\\/\"},{\"@type\":\"ListItem\",\"position\":2,\"name\":\"Sk\u00e4rg\u00e5rdsb\u00e5tens dag\"}]},{\"@type\":\"WebSite\",\"@id\":\"https:\\\/\\\/blidosundsbolaget.se\\\/en\\\/#website\",\"url\":\"https:\\\/\\\/blidosundsbolaget.se\\\/en\\\/\",\"name\":\"Blid\u00f6sundsbolaget\",\"description\":\"\",\"publisher\":{\"@id\":\"https:\\\/\\\/blidosundsbolaget.se\\\/en\\\/#organization\"},\"potentialAction\":[{\"@type\":\"SearchAction\",\"target\":{\"@type\":\"EntryPoint\",\"urlTemplate\":\"https:\\\/\\\/blidosundsbolaget.se\\\/en\\\/?s={search_term_string}\"},\"query-input\":{\"@type\":\"PropertyValueSpecification\",\"valueRequired\":true,\"valueName\":\"search_term_string\"}}],\"inLanguage\":\"en-US\"},{\"@type\":\"Organization\",\"@id\":\"https:\\\/\\\/blidosundsbolaget.se\\\/en\\\/#organization\",\"name\":\"Blid\u00f6sundsbolaget\",\"url\":\"https:\\\/\\\/blidosundsbolaget.se\\\/en\\\/\",\"logo\":{\"@type\":\"ImageObject\",\"inLanguage\":\"en-US\",\"@id\":\"https:\\\/\\\/blidosundsbolaget.se\\\/en\\\/#\\\/schema\\\/logo\\\/image\\\/\",\"url\":\"https:\\\/\\\/transdev.se\\\/wp-content\\\/uploads\\\/sites\\\/4\\\/2025\\\/03\\\/Blidosundsbolaget-symbol-_blue_RGB.png\",\"contentUrl\":\"https:\\\/\\\/transdev.se\\\/wp-content\\\/uploads\\\/sites\\\/4\\\/2025\\\/03\\\/Blidosundsbolaget-symbol-_blue_RGB.png\",\"width\":1187,\"height\":1186,\"caption\":\"Blid\u00f6sundsbolaget\"},\"image\":{\"@id\":\"https:\\\/\\\/blidosundsbolaget.se\\\/en\\\/#\\\/schema\\\/logo\\\/image\\\/\"}}]}<\/script>\n<!-- \/ Yoast SEO plugin. -->","yoast_head_json":{"title":"Sk\u00e4rg\u00e5rdsb\u00e5tens dag - Blid\u00f6sundsbolaget","robots":{"index":"index","follow":"follow","max-snippet":"max-snippet:-1","max-image-preview":"max-image-preview:large","max-video-preview":"max-video-preview:-1"},"canonical":"https:\/\/blidosundsbolaget.se\/en\/skargardsbatens-dag-2\/","og_locale":"en_US","og_type":"article","og_title":"Sk\u00e4rg\u00e5rdsb\u00e5tens dag - Blid\u00f6sundsbolaget","og_url":"https:\/\/blidosundsbolaget.se\/en\/skargardsbatens-dag-2\/","og_site_name":"Blid\u00f6sundsbolaget","article_modified_time":"2026-04-17T11:43:06+00:00","twitter_card":"summary_large_image","schema":{"@context":"https:\/\/schema.org","@graph":[{"@type":"WebPage","@id":"https:\/\/blidosundsbolaget.se\/en\/skargardsbatens-dag-2\/","url":"https:\/\/blidosundsbolaget.se\/en\/skargardsbatens-dag-2\/","name":"Sk\u00e4rg\u00e5rdsb\u00e5tens dag - Blid\u00f6sundsbolaget","isPartOf":{"@id":"https:\/\/blidosundsbolaget.se\/en\/#website"},"datePublished":"2025-05-19T18:28:25+00:00","dateModified":"2026-04-17T11:43:06+00:00","breadcrumb":{"@id":"https:\/\/blidosundsbolaget.se\/en\/skargardsbatens-dag-2\/#breadcrumb"},"inLanguage":"en-US","potentialAction":[{"@type":"ReadAction","target":["https:\/\/blidosundsbolaget.se\/en\/skargardsbatens-dag-2\/"]}]},{"@type":"BreadcrumbList","@id":"https:\/\/blidosundsbolaget.se\/en\/skargardsbatens-dag-2\/#breadcrumb","itemListElement":[{"@type":"ListItem","position":1,"name":"Home","item":"https:\/\/blidosundsbolaget.se\/en\/"},{"@type":"ListItem","position":2,"name":"Sk\u00e4rg\u00e5rdsb\u00e5tens dag"}]},{"@type":"WebSite","@id":"https:\/\/blidosundsbolaget.se\/en\/#website","url":"https:\/\/blidosundsbolaget.se\/en\/","name":"Blid\u00f6sundsbolaget","description":"","publisher":{"@id":"https:\/\/blidosundsbolaget.se\/en\/#organization"},"potentialAction":[{"@type":"SearchAction","target":{"@type":"EntryPoint","urlTemplate":"https:\/\/blidosundsbolaget.se\/en\/?s={search_term_string}"},"query-input":{"@type":"PropertyValueSpecification","valueRequired":true,"valueName":"search_term_string"}}],"inLanguage":"en-US"},{"@type":"Organization","@id":"https:\/\/blidosundsbolaget.se\/en\/#organization","name":"Blid\u00f6sundsbolaget","url":"https:\/\/blidosundsbolaget.se\/en\/","logo":{"@type":"ImageObject","inLanguage":"en-US","@id":"https:\/\/blidosundsbolaget.se\/en\/#\/schema\/logo\/image\/","url":"https:\/\/transdev.se\/wp-content\/uploads\/sites\/4\/2025\/03\/Blidosundsbolaget-symbol-_blue_RGB.png","contentUrl":"https:\/\/transdev.se\/wp-content\/uploads\/sites\/4\/2025\/03\/Blidosundsbolaget-symbol-_blue_RGB.png","width":1187,"height":1186,"caption":"Blid\u00f6sundsbolaget"},"image":{"@id":"https:\/\/blidosundsbolaget.se\/en\/#\/schema\/logo\/image\/"}}]}},"_links":{"self":[{"href":"https:\/\/blidosundsbolaget.se\/en\/wp-json\/wp\/v2\/pages\/6086","targetHints":{"allow":["GET"]}}],"collection":[{"href":"https:\/\/blidosundsbolaget.se\/en\/wp-json\/wp\/v2\/pages"}],"about":[{"href":"https:\/\/blidosundsbolaget.se\/en\/wp-json\/wp\/v2\/types\/page"}],"author":[{"embeddable":true,"href":"https:\/\/blidosundsbolaget.se\/en\/wp-json\/wp\/v2\/users\/30"}],"replies":[{"embeddable":true,"href":"https:\/\/blidosundsbolaget.se\/en\/wp-json\/wp\/v2\/comments?post=6086"}],"version-history":[{"count":51,"href":"https:\/\/blidosundsbolaget.se\/en\/wp-json\/wp\/v2\/pages\/6086\/revisions"}],"predecessor-version":[{"id":10773,"href":"https:\/\/blidosundsbolaget.se\/en\/wp-json\/wp\/v2\/pages\/6086\/revisions\/10773"}],"wp:attachment":[{"href":"https:\/\/blidosundsbolaget.se\/en\/wp-json\/wp\/v2\/media?parent=6086"}],"curies":[{"name":"wp","href":"https:\/\/api.w.org\/{rel}","templated":true}]}}