{"id":6410,"date":"2025-05-30T22:49:08","date_gmt":"2025-05-30T20:49:08","guid":{"rendered":"https:\/\/blidosundsbolaget.se\/?page_id=6410"},"modified":"2025-05-30T22:50:08","modified_gmt":"2025-05-30T20:50:08","slug":"svartloga","status":"publish","type":"page","link":"https:\/\/blidosundsbolaget.se\/en\/svartloga\/","title":{"rendered":"Svartl\u00f6ga island"},"content":{"rendered":"<div\nclass=\"text-double-image container-px container-my\"\ndata-color-theme=\"white\"\ndata-color-theme-brightness=\"light\">\n    <div class=\"text-double-image__inner container mx-auto\">\n        <article\n        class=\"text-double-image__content order-1 md:order-2 order-1\">\n            \n            <h2 class=\"heading-md md:heading-lg title-theme-color\">\n                Discover Roslagen\u2019s gem, Svartl\u00f6ga, this summer!\n            <\/h2>\n\n            \n                            <div class=\"body-sm mt-[30px] text-theme-color\">\n                    <p>Welcome to Svartl\u00f6ga \u2013 one of the archipelago\u2019s most unique islands and a perfect day trip for the whole family.<\/p>\n<p>Svartl\u00f6ga is home to one of the best-preserved village settings in the entire Stockholm archipelago. Unlike many other islands, Svartl\u00f6ga was spared during the Russian raids of 1719, making its village the oldest intact one in the region. Wander along charming gravel roads between red cottages, boathouses, and blooming gardens \u2013 a true summer journey through time.<\/p>\n<p>Film lovers will be excited to know that parts of the new Saltkr\u00e5kan movie were filmed right here. And it\u2019s easy to see why \u2013 Svartl\u00f6ga\u2019s untouched, fairytale-like atmosphere feels straight out of an Astrid Lindgren story.<\/p>\n<p>Families with children will love the island\u2019s small, child-friendly beach \u2013 perfect for a swim or some sandy playtime. Just a few minutes&#8217; walk away lies Lassas Hagar, a five-hectare arboretum like no other. Here you\u2019ll find a water garden and more than 2,500 exotic trees and shrubs, including magnolias, rhododendrons, maples, and mighty oaks. It\u2019s both a work of art and a nature project \u2013 right in the heart of the archipelago.<\/p>\n<p>There are no cars and no shops on Svartl\u00f6ga \u2013 just nature, culture, and peacefulness. A perfect escape from everyday life.<\/p>\n\n                <\/div>\n            \n            \n                    <\/article>\n\n                    <div class=\"text-double-image__image-wrap order-2 md:order-1 order-2\">\n                <div class=\"text-double-image__left-image\">\n                    <picture><img srcset=\"https:\/\/images.ohmyhosting.se\/F_T1r9epq0Dxt45UuBgkSuh4l_g=\/416x500\/filters:quality(85)\/https%3A%2F%2Ftransdev.se%2Fwp-content%2Fuploads%2Fsites%2F4%2F2025%2F03%2FP1000235-Svartloga.jpg 1x, https:\/\/images.ohmyhosting.se\/IUigppZWmLnY2kmU7_3ho-0Hre0=\/832x1000\/filters:quality(85)\/https%3A%2F%2Ftransdev.se%2Fwp-content%2Fuploads%2Fsites%2F4%2F2025%2F03%2FP1000235-Svartloga.jpg 2x\" alt=\"\" data-src=\"https:\/\/images.ohmyhosting.se\/F_T1r9epq0Dxt45UuBgkSuh4l_g=\/416x500\/filters:quality(85)\/https%3A%2F%2Ftransdev.se%2Fwp-content%2Fuploads%2Fsites%2F4%2F2025%2F03%2FP1000235-Svartloga.jpg\" class=\"lazy\" \/><\/picture>\n                <\/div>\n                <div class=\"text-double-image__right-image\">\n                    <picture><img srcset=\"https:\/\/images.ohmyhosting.se\/RJsmjFU5b-AXzhASrp5fU-myMSY=\/416x500\/filters:quality(85)\/https%3A%2F%2Ftransdev.se%2Fwp-content%2Fuploads%2Fsites%2F4%2F2025%2F03%2FP1000240-Svartloga.jpg 1x, https:\/\/images.ohmyhosting.se\/v_6cQiugZz4rnsYxFSxJz-iOk50=\/832x1000\/filters:quality(85)\/https%3A%2F%2Ftransdev.se%2Fwp-content%2Fuploads%2Fsites%2F4%2F2025%2F03%2FP1000240-Svartloga.jpg 2x\" alt=\"\" data-src=\"https:\/\/images.ohmyhosting.se\/RJsmjFU5b-AXzhASrp5fU-myMSY=\/416x500\/filters:quality(85)\/https%3A%2F%2Ftransdev.se%2Fwp-content%2Fuploads%2Fsites%2F4%2F2025%2F03%2FP1000240-Svartloga.jpg\" class=\"lazy\" \/><\/picture>\n                <\/div>\n            <\/div>\n            <\/div>\n<\/div>\n\n<div\nclass=\"text-image container-px container-py\"\n\n    data-color-theme=light-blue\n    data-color-theme-brightness=light\n>\n    <div\n    class=\"text-image__inner container mx-auto\"\n    >\n        <div\n        class=\"text-image__content-wrap\">\n            <article\n            class=\"text-image__content\">\n                \n                <h2 class=\"heading-md md:heading-lg title-theme-color   mb-2 \">\n                    Take the S\/S Blid\u00f6sund to Svartl\u00f6ga\n                <\/h2>\n\n                                    <span class=\"body-md mt-1 mb-6 block title-theme-color\">\n                        Departures on Sundays from Furusund, Norrt\u00e4lje and Stockholm\n                    <\/span>\n                \n                                    <div class=\"body-sm text-theme-color wysiwyg\">\n                        <p>Join us for Sunday excursions to Svartl\u00f6ga aboard our historic steamship Blid\u00f6sund. Svartl\u00f6ga is currently in the spotlight as the filming location for the new Saltkr\u00e5kan series and is considered one of the most beautiful islands in the Roslagen archipelago. The island offers both scenic swimming cliffs and an exciting arboretum to explore.<\/p>\n<p>We offer departures from Furusund, Norrt\u00e4lje, and Stockholm.<\/p>\n\n                    <\/div>\n                \n                                    <div class=\"mt-4 flex flex-wrap gap-4\">\n                        <a\n        href=\"https:\/\/blidosundsbolaget.se\/en\/svartloga-tour\/#from_norrtalje\"\n                class=\"button button--black inline-block\">\n            From Norrt\u00e4lje\n        <\/a>\n                    <a\n        href=\"https:\/\/blidosundsbolaget.se\/en\/svartloga-tour\/#from_furusund\"\n                class=\"button button--black inline-block\">\n            From Furusund\n        <\/a>\n                    <a\n        href=\"https:\/\/blidosundsbolaget.se\/en\/svartloga-tour\/#from_stockholm\"\n                class=\"button button--black inline-block\">\n            From Stockholm\n        <\/a>\n                        <\/div>\n                \n                            <\/article>\n        <\/div>\n\n                    <div class=\"text-image__image-wrap\">\n                <picture><source media=\"(max-width:415px)\" data-srcset=\"https:\/\/images.ohmyhosting.se\/EgbGa8ptOJklG21vc97FBGFnPRY=\/415x320\/filters:quality(85)\/https%3A%2F%2Ftransdev.se%2Fwp-content%2Fuploads%2Fsites%2F4%2F2025%2F02%2FForstabild-hemsida-e1739454117520.jpg 1x, https:\/\/images.ohmyhosting.se\/umcmKOLBWH1oPff51C009-kHUv4=\/830x640\/filters:quality(85)\/https%3A%2F%2Ftransdev.se%2Fwp-content%2Fuploads%2Fsites%2F4%2F2025%2F02%2FForstabild-hemsida-e1739454117520.jpg 2x\"><source media=\"(max-width:820px)\" data-srcset=\"https:\/\/images.ohmyhosting.se\/N43LEiVYlAVsDd1DW2yyMiWilm8=\/765x583\/filters:quality(85)\/https%3A%2F%2Ftransdev.se%2Fwp-content%2Fuploads%2Fsites%2F4%2F2025%2F02%2FForstabild-hemsida-e1739454117520.jpg 1x, https:\/\/images.ohmyhosting.se\/WXtvbaBwM-8GraioRbpW7EmCl0k=\/1530x1166\/filters:quality(85)\/https%3A%2F%2Ftransdev.se%2Fwp-content%2Fuploads%2Fsites%2F4%2F2025%2F02%2FForstabild-hemsida-e1739454117520.jpg 2x\"><img srcset=\"https:\/\/images.ohmyhosting.se\/0FlO4c1oRvvZ8fMb3WX8igAAWOo=\/638x431\/filters:quality(85)\/https%3A%2F%2Ftransdev.se%2Fwp-content%2Fuploads%2Fsites%2F4%2F2025%2F02%2FForstabild-hemsida-e1739454117520.jpg 1x, https:\/\/images.ohmyhosting.se\/HIW3tbNgb4WMrBGs5tKdmXlwvVU=\/1276x862\/filters:quality(85)\/https%3A%2F%2Ftransdev.se%2Fwp-content%2Fuploads%2Fsites%2F4%2F2025%2F02%2FForstabild-hemsida-e1739454117520.jpg 2x\" alt=\"\" data-src=\"https:\/\/images.ohmyhosting.se\/0FlO4c1oRvvZ8fMb3WX8igAAWOo=\/638x431\/filters:quality(85)\/https%3A%2F%2Ftransdev.se%2Fwp-content%2Fuploads%2Fsites%2F4%2F2025%2F02%2FForstabild-hemsida-e1739454117520.jpg\" class=\"lazy\" \/><\/picture>\n            <\/div>\n            <\/div>\n<\/div>","protected":false},"excerpt":{"rendered":"","protected":false},"author":30,"featured_media":0,"parent":0,"menu_order":0,"comment_status":"closed","ping_status":"closed","template":"","meta":{"_acf_changed":false,"footnotes":""},"class_list":["post-6410","page","type-page","status-publish","hentry"],"acf":[],"yoast_head":"<!-- This site is optimized with the Yoast SEO plugin v27.5 - https:\/\/yoast.com\/product\/yoast-seo-wordpress\/ -->\n<title>Svartl\u00f6ga island - Blid\u00f6sundsbolaget<\/title>\n<meta name=\"robots\" content=\"index, follow, max-snippet:-1, max-image-preview:large, max-video-preview:-1\" \/>\n<link rel=\"canonical\" href=\"https:\/\/blidosundsbolaget.se\/en\/svartloga\/\" \/>\n<meta property=\"og:locale\" content=\"en_US\" \/>\n<meta property=\"og:type\" content=\"article\" \/>\n<meta property=\"og:title\" content=\"Svartl\u00f6ga island - Blid\u00f6sundsbolaget\" \/>\n<meta property=\"og:url\" content=\"https:\/\/blidosundsbolaget.se\/en\/svartloga\/\" \/>\n<meta property=\"og:site_name\" content=\"Blid\u00f6sundsbolaget\" \/>\n<meta property=\"article:modified_time\" content=\"2025-05-30T20:50:08+00:00\" \/>\n<meta name=\"twitter:card\" content=\"summary_large_image\" \/>\n<script type=\"application\/ld+json\" class=\"yoast-schema-graph\">{\"@context\":\"https:\\\/\\\/schema.org\",\"@graph\":[{\"@type\":\"WebPage\",\"@id\":\"https:\\\/\\\/blidosundsbolaget.se\\\/en\\\/svartloga\\\/\",\"url\":\"https:\\\/\\\/blidosundsbolaget.se\\\/en\\\/svartloga\\\/\",\"name\":\"Svartl\u00f6ga island - Blid\u00f6sundsbolaget\",\"isPartOf\":{\"@id\":\"https:\\\/\\\/blidosundsbolaget.se\\\/en\\\/#website\"},\"datePublished\":\"2025-05-30T20:49:08+00:00\",\"dateModified\":\"2025-05-30T20:50:08+00:00\",\"breadcrumb\":{\"@id\":\"https:\\\/\\\/blidosundsbolaget.se\\\/en\\\/svartloga\\\/#breadcrumb\"},\"inLanguage\":\"en-US\",\"potentialAction\":[{\"@type\":\"ReadAction\",\"target\":[\"https:\\\/\\\/blidosundsbolaget.se\\\/en\\\/svartloga\\\/\"]}]},{\"@type\":\"BreadcrumbList\",\"@id\":\"https:\\\/\\\/blidosundsbolaget.se\\\/en\\\/svartloga\\\/#breadcrumb\",\"itemListElement\":[{\"@type\":\"ListItem\",\"position\":1,\"name\":\"Home\",\"item\":\"https:\\\/\\\/blidosundsbolaget.se\\\/en\\\/\"},{\"@type\":\"ListItem\",\"position\":2,\"name\":\"Svartl\u00f6ga island\"}]},{\"@type\":\"WebSite\",\"@id\":\"https:\\\/\\\/blidosundsbolaget.se\\\/en\\\/#website\",\"url\":\"https:\\\/\\\/blidosundsbolaget.se\\\/en\\\/\",\"name\":\"Blid\u00f6sundsbolaget\",\"description\":\"\",\"publisher\":{\"@id\":\"https:\\\/\\\/blidosundsbolaget.se\\\/en\\\/#organization\"},\"potentialAction\":[{\"@type\":\"SearchAction\",\"target\":{\"@type\":\"EntryPoint\",\"urlTemplate\":\"https:\\\/\\\/blidosundsbolaget.se\\\/en\\\/?s={search_term_string}\"},\"query-input\":{\"@type\":\"PropertyValueSpecification\",\"valueRequired\":true,\"valueName\":\"search_term_string\"}}],\"inLanguage\":\"en-US\"},{\"@type\":\"Organization\",\"@id\":\"https:\\\/\\\/blidosundsbolaget.se\\\/en\\\/#organization\",\"name\":\"Blid\u00f6sundsbolaget\",\"url\":\"https:\\\/\\\/blidosundsbolaget.se\\\/en\\\/\",\"logo\":{\"@type\":\"ImageObject\",\"inLanguage\":\"en-US\",\"@id\":\"https:\\\/\\\/blidosundsbolaget.se\\\/en\\\/#\\\/schema\\\/logo\\\/image\\\/\",\"url\":\"https:\\\/\\\/transdev.se\\\/wp-content\\\/uploads\\\/sites\\\/4\\\/2025\\\/03\\\/Blidosundsbolaget-symbol-_blue_RGB.png\",\"contentUrl\":\"https:\\\/\\\/transdev.se\\\/wp-content\\\/uploads\\\/sites\\\/4\\\/2025\\\/03\\\/Blidosundsbolaget-symbol-_blue_RGB.png\",\"width\":1187,\"height\":1186,\"caption\":\"Blid\u00f6sundsbolaget\"},\"image\":{\"@id\":\"https:\\\/\\\/blidosundsbolaget.se\\\/en\\\/#\\\/schema\\\/logo\\\/image\\\/\"}}]}<\/script>\n<!-- \/ Yoast SEO plugin. -->","yoast_head_json":{"title":"Svartl\u00f6ga island - Blid\u00f6sundsbolaget","robots":{"index":"index","follow":"follow","max-snippet":"max-snippet:-1","max-image-preview":"max-image-preview:large","max-video-preview":"max-video-preview:-1"},"canonical":"https:\/\/blidosundsbolaget.se\/en\/svartloga\/","og_locale":"en_US","og_type":"article","og_title":"Svartl\u00f6ga island - Blid\u00f6sundsbolaget","og_url":"https:\/\/blidosundsbolaget.se\/en\/svartloga\/","og_site_name":"Blid\u00f6sundsbolaget","article_modified_time":"2025-05-30T20:50:08+00:00","twitter_card":"summary_large_image","schema":{"@context":"https:\/\/schema.org","@graph":[{"@type":"WebPage","@id":"https:\/\/blidosundsbolaget.se\/en\/svartloga\/","url":"https:\/\/blidosundsbolaget.se\/en\/svartloga\/","name":"Svartl\u00f6ga island - Blid\u00f6sundsbolaget","isPartOf":{"@id":"https:\/\/blidosundsbolaget.se\/en\/#website"},"datePublished":"2025-05-30T20:49:08+00:00","dateModified":"2025-05-30T20:50:08+00:00","breadcrumb":{"@id":"https:\/\/blidosundsbolaget.se\/en\/svartloga\/#breadcrumb"},"inLanguage":"en-US","potentialAction":[{"@type":"ReadAction","target":["https:\/\/blidosundsbolaget.se\/en\/svartloga\/"]}]},{"@type":"BreadcrumbList","@id":"https:\/\/blidosundsbolaget.se\/en\/svartloga\/#breadcrumb","itemListElement":[{"@type":"ListItem","position":1,"name":"Home","item":"https:\/\/blidosundsbolaget.se\/en\/"},{"@type":"ListItem","position":2,"name":"Svartl\u00f6ga island"}]},{"@type":"WebSite","@id":"https:\/\/blidosundsbolaget.se\/en\/#website","url":"https:\/\/blidosundsbolaget.se\/en\/","name":"Blid\u00f6sundsbolaget","description":"","publisher":{"@id":"https:\/\/blidosundsbolaget.se\/en\/#organization"},"potentialAction":[{"@type":"SearchAction","target":{"@type":"EntryPoint","urlTemplate":"https:\/\/blidosundsbolaget.se\/en\/?s={search_term_string}"},"query-input":{"@type":"PropertyValueSpecification","valueRequired":true,"valueName":"search_term_string"}}],"inLanguage":"en-US"},{"@type":"Organization","@id":"https:\/\/blidosundsbolaget.se\/en\/#organization","name":"Blid\u00f6sundsbolaget","url":"https:\/\/blidosundsbolaget.se\/en\/","logo":{"@type":"ImageObject","inLanguage":"en-US","@id":"https:\/\/blidosundsbolaget.se\/en\/#\/schema\/logo\/image\/","url":"https:\/\/transdev.se\/wp-content\/uploads\/sites\/4\/2025\/03\/Blidosundsbolaget-symbol-_blue_RGB.png","contentUrl":"https:\/\/transdev.se\/wp-content\/uploads\/sites\/4\/2025\/03\/Blidosundsbolaget-symbol-_blue_RGB.png","width":1187,"height":1186,"caption":"Blid\u00f6sundsbolaget"},"image":{"@id":"https:\/\/blidosundsbolaget.se\/en\/#\/schema\/logo\/image\/"}}]}},"_links":{"self":[{"href":"https:\/\/blidosundsbolaget.se\/en\/wp-json\/wp\/v2\/pages\/6410","targetHints":{"allow":["GET"]}}],"collection":[{"href":"https:\/\/blidosundsbolaget.se\/en\/wp-json\/wp\/v2\/pages"}],"about":[{"href":"https:\/\/blidosundsbolaget.se\/en\/wp-json\/wp\/v2\/types\/page"}],"author":[{"embeddable":true,"href":"https:\/\/blidosundsbolaget.se\/en\/wp-json\/wp\/v2\/users\/30"}],"replies":[{"embeddable":true,"href":"https:\/\/blidosundsbolaget.se\/en\/wp-json\/wp\/v2\/comments?post=6410"}],"version-history":[{"count":2,"href":"https:\/\/blidosundsbolaget.se\/en\/wp-json\/wp\/v2\/pages\/6410\/revisions"}],"predecessor-version":[{"id":6412,"href":"https:\/\/blidosundsbolaget.se\/en\/wp-json\/wp\/v2\/pages\/6410\/revisions\/6412"}],"wp:attachment":[{"href":"https:\/\/blidosundsbolaget.se\/en\/wp-json\/wp\/v2\/media?parent=6410"}],"curies":[{"name":"wp","href":"https:\/\/api.w.org\/{rel}","templated":true}]}}