{"id":74,"date":"2024-11-11T14:43:57","date_gmt":"2024-11-11T13:43:57","guid":{"rendered":"https:\/\/blidosundsbolaget.se\/?page_id=74"},"modified":"2026-03-10T13:44:30","modified_gmt":"2026-03-10T12:44:30","slug":"blidosundsbolagets-historia","status":"publish","type":"page","link":"https:\/\/blidosundsbolaget.se\/en\/blidosundsbolagets-historia\/","title":{"rendered":"V\u00e5r historia"},"content":{"rendered":"<div\nclass=\"text-double-image container-px container-my\"\ndata-color-theme=\"white\"\ndata-color-theme-brightness=\"light\">\n    <div class=\"text-double-image__inner container mx-auto\">\n        <article\n        class=\"text-double-image__content order-1 md:order-2 order-1\">\n            \n            <h2 class=\"heading-md md:heading-lg title-theme-color\">\n                Blid\u00f6sundsbolaget\n            <\/h2>\n\n            \n                            <div class=\"body-sm mt-[30px] text-theme-color\">\n                    <p>Blid\u00f6sundsbolaget, grundat 1911, har genom \u00e5ren varit en viktig del av Stockholms sk\u00e4rg\u00e5rd och marina kultur. Fr\u00e5n v\u00e5ra tidiga dagar med \u00e5ngb\u00e5tar som S\/S Blid\u00f6sund, till dagens moderna sk\u00e4rg\u00e5rdsupplevelser, har vi kontinuerligt utvecklats och samtidigt v\u00e4rnat om ett rikt maritimt arv.<\/p>\n<p>En viktig del av v\u00e5r historia \u00e4r \u00e5ngb\u00e5tens k\u00f6k, d\u00e4r d\u00e4cksm\u00e4nnen inte bara ansvarade f\u00f6r fartyget utan ocks\u00e5 f\u00f6r att skapa en inbjudande atmosf\u00e4r f\u00f6r passagerarna. Maten som serverades ombord blev en viktig del av upplevelsen och bidrog till gemenskapen ombord. <\/p>\n<p>Under Blid\u00f6kriget, en tid pr\u00e4glad av h\u00e5rd konkurrens om sk\u00e4rg\u00e5rdstrafiken, k\u00e4mpade Blid\u00f6sundsbolaget f\u00f6r att beh\u00e5lla sin ledande position \u2013 och lyckades.<\/p>\n<p>Idag kombinerar vi tradition med modern teknologi, under h\u00f6sten 2024 har vi tillsammans med Trafikf\u00f6rvaltningen satt det nya eldrivna fartyget, Nova, i trafik. En viktig milstolpe i v\u00e5r str\u00e4van efter h\u00e5llbar sk\u00e4rg\u00e5rdstrafik. Blid\u00f6sundsbolaget forts\u00e4tter vara en levande del av sk\u00e4rg\u00e5rdens historia och erbjuder resen\u00e4rer unika upplevelser p\u00e5 vattnet d\u00e4r b\u00e5de tradition och innovation m\u00f6ts.<\/p>\n\n                <\/div>\n            \n                            <div class=\"mt-8 flex flex-wrap items-baseline gap-4\">\n                    <a\n        href=\"https:\/\/blidosundsbolaget.se\/blidokriget\/\"\n                class=\"button button--black inline-block\">\n            Blid\u00f6kriget\n        <\/a>\n                    <a\n        href=\"https:\/\/blidosundsbolaget.se\/byssan-angbatens-kok\/\"\n                class=\"button button--black inline-block\">\n            Byssan, \u00e5ngb\u00e5tens k\u00f6k\n        <\/a>\n                    <a\n        href=\"https:\/\/blidosundsbolaget.se\/dacksmannen-pa-blidosund\/\"\n                class=\"button button--black inline-block\">\n            D\u00e4cksm\u00e4nnen p\u00e5 Blid\u00f6sund\n        <\/a>\n                    <a\n        href=\"https:\/\/blidosundsbolaget.se\/matsalarna\/\"\n                class=\"button button--black inline-block\">\n            Matsalarna\n        <\/a>\n                    <\/div>\n            \n                    <\/article>\n\n                    <div class=\"text-double-image__image-wrap order-2 md:order-1 order-2\">\n                <div class=\"text-double-image__left-image\">\n                    <picture><img srcset=\"https:\/\/images.ohmyhosting.se\/bzaL6VDEbaEZ7R3ivBPGr9FL7jw=\/416x500\/filters:quality(85)\/https%3A%2F%2Ftransdev.se%2Fwp-content%2Fuploads%2Fsites%2F4%2F2024%2F12%2F4a8ae34a-fffa-4634-a5a7-4b350b5f4b18.jpg 1x, https:\/\/images.ohmyhosting.se\/mrc6tpCvI3-ryTWvwPE07AqSiiM=\/832x1000\/filters:quality(85)\/https%3A%2F%2Ftransdev.se%2Fwp-content%2Fuploads%2Fsites%2F4%2F2024%2F12%2F4a8ae34a-fffa-4634-a5a7-4b350b5f4b18.jpg 2x\" alt=\"\" data-src=\"https:\/\/images.ohmyhosting.se\/bzaL6VDEbaEZ7R3ivBPGr9FL7jw=\/416x500\/filters:quality(85)\/https%3A%2F%2Ftransdev.se%2Fwp-content%2Fuploads%2Fsites%2F4%2F2024%2F12%2F4a8ae34a-fffa-4634-a5a7-4b350b5f4b18.jpg\" class=\"lazy\" \/><\/picture>\n                <\/div>\n                <div class=\"text-double-image__right-image\">\n                    <picture><img srcset=\"https:\/\/images.ohmyhosting.se\/sn4_5ayUZYBFBH-3l_lFMisaG28=\/416x500\/filters:quality(85)\/https%3A%2F%2Ftransdev.se%2Fwp-content%2Fuploads%2Fsites%2F4%2F2024%2F12%2F4bf5de68-a79d-4422-98a3-8a4c98b72955.jpg 1x, https:\/\/images.ohmyhosting.se\/T3q-TkdW6No992xsGYdXLfKYCu4=\/832x1000\/filters:quality(85)\/https%3A%2F%2Ftransdev.se%2Fwp-content%2Fuploads%2Fsites%2F4%2F2024%2F12%2F4bf5de68-a79d-4422-98a3-8a4c98b72955.jpg 2x\" alt=\"\" data-src=\"https:\/\/images.ohmyhosting.se\/sn4_5ayUZYBFBH-3l_lFMisaG28=\/416x500\/filters:quality(85)\/https%3A%2F%2Ftransdev.se%2Fwp-content%2Fuploads%2Fsites%2F4%2F2024%2F12%2F4bf5de68-a79d-4422-98a3-8a4c98b72955.jpg\" class=\"lazy\" \/><\/picture>\n                <\/div>\n            <\/div>\n            <\/div>\n<\/div>\n\n<div\nclass=\"text-double-image container-px container-py\"\ndata-color-theme=\"green-light\"\ndata-color-theme-brightness=\"light\">\n    <div class=\"text-double-image__inner container mx-auto\">\n        <article\n        class=\"text-double-image__content\">\n            \n            <h2 class=\"heading-md md:heading-lg title-theme-color\">\n                Tradition m\u00f6ter framtid p\u00e5 vattnet\n            <\/h2>\n\n            \n                            <div class=\"body-sm mt-[30px] text-theme-color\">\n                    <p>Blid\u00f6sundsbolaget har under \u00e5rtionden varit en central akt\u00f6r i Stockholms sk\u00e4rg\u00e5rd, d\u00e4r vi framg\u00e5ngsrikt har kombinerat v\u00e5r starka tradition med en st\u00e4ndig str\u00e4van efter utveckling och h\u00e5llbarhet. Vi har anpassat oss till nya krav och teknologier, samtidigt som vi bevarat v\u00e5rt maritima arv och fortsatt erbjuda b\u00e5de p\u00e5litlig sk\u00e4rg\u00e5rdstrafik och unika upplevelser p\u00e5 vattnet.<\/p>\n<p>Genom \u00e5ren har vi moderniserat v\u00e5r flotta med nya fartyg som b\u00e5de har h\u00f6g komfort och minskad milj\u00f6p\u00e5verkan. Vi har ocks\u00e5 ut\u00f6kat v\u00e5ra tj\u00e4nster med kryssningar och evenemang som matkryssningar och musikkryssningar, vilket har gett v\u00e5ra resen\u00e4rer m\u00f6jlighet att uppleva sk\u00e4rg\u00e5rden p\u00e5 ett mer personligt s\u00e4tt. <\/p>\n<p>I takt med att vi har utvecklats, har vi ocks\u00e5 lagt stort fokus p\u00e5 milj\u00f6arbete och h\u00e5llbarhet. Under h\u00f6sten har vi p\u00e5b\u00f6rjat driften av Trafikf\u00f6rvaltningens nyaste fartyg, Nova, vilket \u00e4r ett eldrivet fartyg och markerar ett viktigt steg mot en gr\u00f6nare framtid f\u00f6r sk\u00e4rg\u00e5rdstrafiken.<\/p>\n<p>Blid\u00f6sundsbolaget forts\u00e4tter att vara en levande del av Stockholms sk\u00e4rg\u00e5rd och vi ser fram emot att forts\u00e4tta skapa minnesv\u00e4rda upplevelser f\u00f6r v\u00e5ra g\u00e4ster \u2013 alltid med en blick mot framtiden.<\/p>\n\n                <\/div>\n            \n            \n                    <\/article>\n\n                    <div class=\"text-double-image__image-wrap\">\n                <div class=\"text-double-image__left-image\">\n                    <picture><img srcset=\"https:\/\/images.ohmyhosting.se\/lazsRROMucVGOErkLU5ZREvuEiQ=\/416x500\/filters:quality(85)\/https%3A%2F%2Ftransdev.se%2Fwp-content%2Fuploads%2Fsites%2F4%2F2024%2F12%2Fe1ded419-d590-4eaf-b038-c08c58d75e3e.jpg 1x, https:\/\/images.ohmyhosting.se\/nsRlg4pe3sre8o87RhRO-whL8gA=\/832x1000\/filters:quality(85)\/https%3A%2F%2Ftransdev.se%2Fwp-content%2Fuploads%2Fsites%2F4%2F2024%2F12%2Fe1ded419-d590-4eaf-b038-c08c58d75e3e.jpg 2x\" alt=\"\" data-src=\"https:\/\/images.ohmyhosting.se\/lazsRROMucVGOErkLU5ZREvuEiQ=\/416x500\/filters:quality(85)\/https%3A%2F%2Ftransdev.se%2Fwp-content%2Fuploads%2Fsites%2F4%2F2024%2F12%2Fe1ded419-d590-4eaf-b038-c08c58d75e3e.jpg\" class=\"lazy\" \/><\/picture>\n                <\/div>\n                <div class=\"text-double-image__right-image\">\n                    <picture><img srcset=\"https:\/\/images.ohmyhosting.se\/bGeoqvIyjhl6eRzfLWfaqQFsNI4=\/416x500\/filters:quality(85)\/https%3A%2F%2Ftransdev.se%2Fwp-content%2Fuploads%2Fsites%2F4%2F2024%2F12%2F154ad1d8-1b16-4b5e-a61f-7052712fab45.jpg 1x, https:\/\/images.ohmyhosting.se\/bOY2v-cTLsaFt_IhOiYhSCCErtI=\/832x1000\/filters:quality(85)\/https%3A%2F%2Ftransdev.se%2Fwp-content%2Fuploads%2Fsites%2F4%2F2024%2F12%2F154ad1d8-1b16-4b5e-a61f-7052712fab45.jpg 2x\" alt=\"\" data-src=\"https:\/\/images.ohmyhosting.se\/bGeoqvIyjhl6eRzfLWfaqQFsNI4=\/416x500\/filters:quality(85)\/https%3A%2F%2Ftransdev.se%2Fwp-content%2Fuploads%2Fsites%2F4%2F2024%2F12%2F154ad1d8-1b16-4b5e-a61f-7052712fab45.jpg\" class=\"lazy\" \/><\/picture>\n                <\/div>\n            <\/div>\n            <\/div>\n<\/div>\n\n<div\nclass=\"text-image container-px container-my\"\n\n    data-color-theme=white\n    data-color-theme-brightness=light\n>\n    <div\n    class=\"text-image__inner container mx-auto\"\n    >\n        <div\n        class=\"text-image__content-wrap order-1 md:order-2\">\n            <article\n            class=\"text-image__content\">\n                \n                <h2 class=\"heading-md md:heading-lg title-theme-color   mb-3.5 \">\n                    En del av Transdev\n                <\/h2>\n\n                \n                                    <div class=\"body-sm text-theme-color wysiwyg\">\n                        <p>Sedan 2018 \u00e4r Blid\u00f6sundsbolaget en del av Transdev-koncernen, en global ledare inom h\u00e5llbara transportl\u00f6sningar. Transdev verkar i ett 20-tal l\u00e4nder och erbjuder ett brett utbud av transporttj\u00e4nster, fr\u00e5n buss och t\u00e5g till f\u00e4rjor och autonoma fordon. Med en stark vision att f\u00f6rb\u00e4ttra m\u00e4nniskors vardag genom smidiga och milj\u00f6v\u00e4nliga resor, fokuserar Transdev p\u00e5 innovation, s\u00e4kerhet och kvalitet.<\/p>\n<p>Som en del av Transdev f\u00e5r Blid\u00f6sundsbolaget tillg\u00e5ng till ett globalt n\u00e4tverk och resurser som ytterligare st\u00e4rker v\u00e5rt engagemang f\u00f6r h\u00e5llbar och p\u00e5litlig sk\u00e4rg\u00e5rdstrafik. Genom partnerskapet kan vi forts\u00e4tta utveckla v\u00e5ra tj\u00e4nster och erbjuda \u00e4nnu b\u00e4ttre upplevelser f\u00f6r v\u00e5ra resen\u00e4rer, samtidigt som vi bidrar till en gr\u00f6nare framtid f\u00f6r kollektivtrafiken.<\/p>\n\n                    <\/div>\n                \n                \n                            <\/article>\n        <\/div>\n\n                    <div class=\"text-image__image-wrap order-2 md:order-1\">\n                <picture><source media=\"(max-width:415px)\" data-srcset=\"https:\/\/images.ohmyhosting.se\/KpudKeSCH7vEGxHOVWJvl-7bB3A=\/415x320\/filters:quality(85)\/https%3A%2F%2Ftransdev.se%2Fwp-content%2Fuploads%2Fsites%2F4%2F2024%2F12%2FTextButtonsImage_1530x10282.jpg 1x, https:\/\/images.ohmyhosting.se\/wBTznOpaoFl8jUlNR3KUzsmFv9U=\/830x640\/filters:quality(85)\/https%3A%2F%2Ftransdev.se%2Fwp-content%2Fuploads%2Fsites%2F4%2F2024%2F12%2FTextButtonsImage_1530x10282.jpg 2x\"><source media=\"(max-width:820px)\" data-srcset=\"https:\/\/images.ohmyhosting.se\/2ZwDSwqo5UDzE-_d9P4uSdm1LZE=\/765x583\/filters:quality(85)\/https%3A%2F%2Ftransdev.se%2Fwp-content%2Fuploads%2Fsites%2F4%2F2024%2F12%2FTextButtonsImage_1530x10282.jpg 1x, https:\/\/images.ohmyhosting.se\/zwJNBuaquLHSTVYqHL7ZKCWNRRg=\/1530x1166\/filters:quality(85)\/https%3A%2F%2Ftransdev.se%2Fwp-content%2Fuploads%2Fsites%2F4%2F2024%2F12%2FTextButtonsImage_1530x10282.jpg 2x\"><img srcset=\"https:\/\/images.ohmyhosting.se\/O6O2JYhNFOGc2FX7Xq-TxVQaDhQ=\/638x431\/filters:quality(85)\/https%3A%2F%2Ftransdev.se%2Fwp-content%2Fuploads%2Fsites%2F4%2F2024%2F12%2FTextButtonsImage_1530x10282.jpg 1x, https:\/\/images.ohmyhosting.se\/lxwzbot2c4kz0JAI0PP48hSDVDE=\/1276x862\/filters:quality(85)\/https%3A%2F%2Ftransdev.se%2Fwp-content%2Fuploads%2Fsites%2F4%2F2024%2F12%2FTextButtonsImage_1530x10282.jpg 2x\" alt=\"\" data-src=\"https:\/\/images.ohmyhosting.se\/O6O2JYhNFOGc2FX7Xq-TxVQaDhQ=\/638x431\/filters:quality(85)\/https%3A%2F%2Ftransdev.se%2Fwp-content%2Fuploads%2Fsites%2F4%2F2024%2F12%2FTextButtonsImage_1530x10282.jpg\" class=\"lazy\" \/><\/picture>\n            <\/div>\n            <\/div>\n<\/div>\n\n<div\nclass=\"banner-block container-px container-py\"\ndata-color-theme=\"green-light\"\ndata-color-theme-brightness=\"light\">\n    <div class=\"container mx-auto\">\n        <article class=\"banner-block__content\">\n                            <span class=\"body-sm block uppercase font-medium title-theme-color\">\n                    F\u00f6reningen Blid\u00f6sund\n                <\/span>\n            \n            <h2 class=\"heading-md md:heading-lg title-theme-color\">\n                \u00c5ngfartyget Blid\u00f6sund, ett genuint sk\u00e4rg\u00e5rdsfartyg i drift\n            <\/h2>\n\n            \n                            <div class=\"body-sm mt-[30px] text-theme-color wysiwyg\">\n                    <p>F\u00f6reningen Blid\u00f6sund \u00e4r en ideell st\u00f6df\u00f6rening som grundades 1973. Idag har f\u00f6reningen omkring 3 000 medlemmar. F\u00f6reningens huvudsakliga syfte \u00e4r att bidra till bevarandet av S\/S Blid\u00f6sund, som ett genuint sk\u00e4rg\u00e5rds\u00e5ngfartyg i drift. F\u00f6r att uppn\u00e5 detta samarbetar och samr\u00e5der f\u00f6reningen med Blid\u00f6sundsbolaget och st\u00f6ttar \u00e5ngfartygets \u00f6verlevnad genom olika engagemang. <\/p>\n\n                <\/div>\n            \n                            <div class=\"mt-8 flex flex-wrap gap-4\">\n                    <a\n        href=\"https:\/\/ss-blidosund.se\/\"\n                target=\"_blank\"\n                class=\"button button--black inline-block\">\n            G\u00e5 till f\u00f6reningen\n        <\/a>\n                    <\/div>\n            \n                    <\/article>\n    <\/div>\n<\/div>","protected":false},"excerpt":{"rendered":"","protected":false},"author":6,"featured_media":0,"parent":0,"menu_order":0,"comment_status":"closed","ping_status":"closed","template":"","meta":{"_acf_changed":false,"footnotes":""},"class_list":["post-74","page","type-page","status-publish","hentry"],"acf":[],"yoast_head":"<!-- This site is optimized with the Yoast SEO plugin v27.4 - https:\/\/yoast.com\/product\/yoast-seo-wordpress\/ -->\n<title>V\u00e5r historia - Blid\u00f6sundsbolaget<\/title>\n<meta name=\"robots\" content=\"index, follow, max-snippet:-1, max-image-preview:large, max-video-preview:-1\" \/>\n<link rel=\"canonical\" href=\"https:\/\/blidosundsbolaget.se\/en\/blidosundsbolagets-historia\/\" \/>\n<meta property=\"og:locale\" content=\"en_US\" \/>\n<meta property=\"og:type\" content=\"article\" \/>\n<meta property=\"og:title\" content=\"V\u00e5r historia - Blid\u00f6sundsbolaget\" \/>\n<meta property=\"og:url\" content=\"https:\/\/blidosundsbolaget.se\/en\/blidosundsbolagets-historia\/\" \/>\n<meta property=\"og:site_name\" content=\"Blid\u00f6sundsbolaget\" \/>\n<meta property=\"article:modified_time\" content=\"2026-03-10T12:44:30+00:00\" \/>\n<meta name=\"twitter:card\" content=\"summary_large_image\" \/>\n<script type=\"application\/ld+json\" class=\"yoast-schema-graph\">{\"@context\":\"https:\\\/\\\/schema.org\",\"@graph\":[{\"@type\":\"WebPage\",\"@id\":\"https:\\\/\\\/blidosundsbolaget.se\\\/en\\\/blidosundsbolagets-historia\\\/\",\"url\":\"https:\\\/\\\/blidosundsbolaget.se\\\/en\\\/blidosundsbolagets-historia\\\/\",\"name\":\"V\u00e5r historia - Blid\u00f6sundsbolaget\",\"isPartOf\":{\"@id\":\"https:\\\/\\\/blidosundsbolaget.se\\\/en\\\/#website\"},\"datePublished\":\"2024-11-11T13:43:57+00:00\",\"dateModified\":\"2026-03-10T12:44:30+00:00\",\"breadcrumb\":{\"@id\":\"https:\\\/\\\/blidosundsbolaget.se\\\/en\\\/blidosundsbolagets-historia\\\/#breadcrumb\"},\"inLanguage\":\"en-US\",\"potentialAction\":[{\"@type\":\"ReadAction\",\"target\":[\"https:\\\/\\\/blidosundsbolaget.se\\\/en\\\/blidosundsbolagets-historia\\\/\"]}]},{\"@type\":\"BreadcrumbList\",\"@id\":\"https:\\\/\\\/blidosundsbolaget.se\\\/en\\\/blidosundsbolagets-historia\\\/#breadcrumb\",\"itemListElement\":[{\"@type\":\"ListItem\",\"position\":1,\"name\":\"Home\",\"item\":\"https:\\\/\\\/blidosundsbolaget.se\\\/en\\\/\"},{\"@type\":\"ListItem\",\"position\":2,\"name\":\"V\u00e5r historia\"}]},{\"@type\":\"WebSite\",\"@id\":\"https:\\\/\\\/blidosundsbolaget.se\\\/en\\\/#website\",\"url\":\"https:\\\/\\\/blidosundsbolaget.se\\\/en\\\/\",\"name\":\"Blid\u00f6sundsbolaget\",\"description\":\"\",\"publisher\":{\"@id\":\"https:\\\/\\\/blidosundsbolaget.se\\\/en\\\/#organization\"},\"potentialAction\":[{\"@type\":\"SearchAction\",\"target\":{\"@type\":\"EntryPoint\",\"urlTemplate\":\"https:\\\/\\\/blidosundsbolaget.se\\\/en\\\/?s={search_term_string}\"},\"query-input\":{\"@type\":\"PropertyValueSpecification\",\"valueRequired\":true,\"valueName\":\"search_term_string\"}}],\"inLanguage\":\"en-US\"},{\"@type\":\"Organization\",\"@id\":\"https:\\\/\\\/blidosundsbolaget.se\\\/en\\\/#organization\",\"name\":\"Blid\u00f6sundsbolaget\",\"url\":\"https:\\\/\\\/blidosundsbolaget.se\\\/en\\\/\",\"logo\":{\"@type\":\"ImageObject\",\"inLanguage\":\"en-US\",\"@id\":\"https:\\\/\\\/blidosundsbolaget.se\\\/en\\\/#\\\/schema\\\/logo\\\/image\\\/\",\"url\":\"https:\\\/\\\/transdev.se\\\/wp-content\\\/uploads\\\/sites\\\/4\\\/2025\\\/03\\\/Blidosundsbolaget-symbol-_blue_RGB.png\",\"contentUrl\":\"https:\\\/\\\/transdev.se\\\/wp-content\\\/uploads\\\/sites\\\/4\\\/2025\\\/03\\\/Blidosundsbolaget-symbol-_blue_RGB.png\",\"width\":1187,\"height\":1186,\"caption\":\"Blid\u00f6sundsbolaget\"},\"image\":{\"@id\":\"https:\\\/\\\/blidosundsbolaget.se\\\/en\\\/#\\\/schema\\\/logo\\\/image\\\/\"}}]}<\/script>\n<!-- \/ Yoast SEO plugin. -->","yoast_head_json":{"title":"V\u00e5r historia - Blid\u00f6sundsbolaget","robots":{"index":"index","follow":"follow","max-snippet":"max-snippet:-1","max-image-preview":"max-image-preview:large","max-video-preview":"max-video-preview:-1"},"canonical":"https:\/\/blidosundsbolaget.se\/en\/blidosundsbolagets-historia\/","og_locale":"en_US","og_type":"article","og_title":"V\u00e5r historia - Blid\u00f6sundsbolaget","og_url":"https:\/\/blidosundsbolaget.se\/en\/blidosundsbolagets-historia\/","og_site_name":"Blid\u00f6sundsbolaget","article_modified_time":"2026-03-10T12:44:30+00:00","twitter_card":"summary_large_image","schema":{"@context":"https:\/\/schema.org","@graph":[{"@type":"WebPage","@id":"https:\/\/blidosundsbolaget.se\/en\/blidosundsbolagets-historia\/","url":"https:\/\/blidosundsbolaget.se\/en\/blidosundsbolagets-historia\/","name":"V\u00e5r historia - Blid\u00f6sundsbolaget","isPartOf":{"@id":"https:\/\/blidosundsbolaget.se\/en\/#website"},"datePublished":"2024-11-11T13:43:57+00:00","dateModified":"2026-03-10T12:44:30+00:00","breadcrumb":{"@id":"https:\/\/blidosundsbolaget.se\/en\/blidosundsbolagets-historia\/#breadcrumb"},"inLanguage":"en-US","potentialAction":[{"@type":"ReadAction","target":["https:\/\/blidosundsbolaget.se\/en\/blidosundsbolagets-historia\/"]}]},{"@type":"BreadcrumbList","@id":"https:\/\/blidosundsbolaget.se\/en\/blidosundsbolagets-historia\/#breadcrumb","itemListElement":[{"@type":"ListItem","position":1,"name":"Home","item":"https:\/\/blidosundsbolaget.se\/en\/"},{"@type":"ListItem","position":2,"name":"V\u00e5r historia"}]},{"@type":"WebSite","@id":"https:\/\/blidosundsbolaget.se\/en\/#website","url":"https:\/\/blidosundsbolaget.se\/en\/","name":"Blid\u00f6sundsbolaget","description":"","publisher":{"@id":"https:\/\/blidosundsbolaget.se\/en\/#organization"},"potentialAction":[{"@type":"SearchAction","target":{"@type":"EntryPoint","urlTemplate":"https:\/\/blidosundsbolaget.se\/en\/?s={search_term_string}"},"query-input":{"@type":"PropertyValueSpecification","valueRequired":true,"valueName":"search_term_string"}}],"inLanguage":"en-US"},{"@type":"Organization","@id":"https:\/\/blidosundsbolaget.se\/en\/#organization","name":"Blid\u00f6sundsbolaget","url":"https:\/\/blidosundsbolaget.se\/en\/","logo":{"@type":"ImageObject","inLanguage":"en-US","@id":"https:\/\/blidosundsbolaget.se\/en\/#\/schema\/logo\/image\/","url":"https:\/\/transdev.se\/wp-content\/uploads\/sites\/4\/2025\/03\/Blidosundsbolaget-symbol-_blue_RGB.png","contentUrl":"https:\/\/transdev.se\/wp-content\/uploads\/sites\/4\/2025\/03\/Blidosundsbolaget-symbol-_blue_RGB.png","width":1187,"height":1186,"caption":"Blid\u00f6sundsbolaget"},"image":{"@id":"https:\/\/blidosundsbolaget.se\/en\/#\/schema\/logo\/image\/"}}]}},"_links":{"self":[{"href":"https:\/\/blidosundsbolaget.se\/en\/wp-json\/wp\/v2\/pages\/74","targetHints":{"allow":["GET"]}}],"collection":[{"href":"https:\/\/blidosundsbolaget.se\/en\/wp-json\/wp\/v2\/pages"}],"about":[{"href":"https:\/\/blidosundsbolaget.se\/en\/wp-json\/wp\/v2\/types\/page"}],"author":[{"embeddable":true,"href":"https:\/\/blidosundsbolaget.se\/en\/wp-json\/wp\/v2\/users\/6"}],"replies":[{"embeddable":true,"href":"https:\/\/blidosundsbolaget.se\/en\/wp-json\/wp\/v2\/comments?post=74"}],"version-history":[{"count":71,"href":"https:\/\/blidosundsbolaget.se\/en\/wp-json\/wp\/v2\/pages\/74\/revisions"}],"predecessor-version":[{"id":10432,"href":"https:\/\/blidosundsbolaget.se\/en\/wp-json\/wp\/v2\/pages\/74\/revisions\/10432"}],"wp:attachment":[{"href":"https:\/\/blidosundsbolaget.se\/en\/wp-json\/wp\/v2\/media?parent=74"}],"curies":[{"name":"wp","href":"https:\/\/api.w.org\/{rel}","templated":true}]}}