{"id":78,"date":"2024-11-11T14:44:28","date_gmt":"2024-11-11T13:44:28","guid":{"rendered":"https:\/\/blidosundsbolaget.se\/?page_id=78"},"modified":"2026-01-23T13:02:32","modified_gmt":"2026-01-23T12:02:32","slug":"jobba-hos-oss","status":"publish","type":"page","link":"https:\/\/blidosundsbolaget.se\/en\/jobba-hos-oss\/","title":{"rendered":"Jobba hos oss!"},"content":{"rendered":"<div class=\"text-block container-px\">\n    <article class=\"wysiwyg wysiwyg__holder\">\n        <p><strong>Arbeta med oss p\u00e5 Blid\u00f6sundsbolaget<\/strong><\/p>\n<p>Vi erbjuder en stabil och inspirerande arbetsplats med stark f\u00f6rankring i Stockholms sk\u00e4rg\u00e5rd. V\u00e5ra fartyg och arbetsmilj\u00f6er pr\u00e4glas av en k\u00e4nsla av kvalitet och omtanke, d\u00e4r samarbete och engagemang driver oss fram\u00e5t. Som en del av en internationell koncern har vi tillg\u00e5ng till unika utvecklingsm\u00f6jligheter och erfarenhetsutbyten med systerbolag inom b\u00e5de sj\u00f6fart och andra trafikslag \u2013 s\u00e5v\u00e4l i Sverige som globalt.<\/p>\n<p>Hos oss finns en rad sp\u00e4nnande roller, fr\u00e5n tj\u00e4nster ombord p\u00e5 v\u00e5ra fartyg till arbete inom administration, godshantering och tekniskt underh\u00e5ll. Ta n\u00e4sta steg i din karri\u00e4r och bli en del av Blid\u00f6sundsbolaget!<\/p>\n\n    <\/article>\n<\/div>\n\n<div\nclass=\"text-image container-px container-py\"\n\n    data-color-theme=green-light\n    data-color-theme-brightness=light\n>\n    <div\n    class=\"text-image__inner container mx-auto\"\n    >\n        <div\n        class=\"text-image__content-wrap\">\n            <article\n            class=\"text-image__content\">\n                \n                <h2 class=\"heading-md md:heading-lg title-theme-color   mb-3.5 \">\n                    Blid\u00f6sundsbolaget erbjuder ett unikt arbets\u00e4ventyr p\u00e5 vattnet\n                <\/h2>\n\n                \n                                    <div class=\"body-sm text-theme-color wysiwyg\">\n                        <p>Vill du ha ett arbete d\u00e4r du skapar minnesv\u00e4rda upplevelser och bidrar till h\u00e5llbara resor i en av v\u00e4rldens vackraste milj\u00f6er? Hos Blid\u00f6sundsbolaget v\u00e4ntar en unik chans att arbeta p\u00e5 vattnet och vara en del av v\u00e5r verksamhet i Stockholms storslagna sk\u00e4rg\u00e5rd.<\/p>\n<p>Vi erbjuder en varierad arbetsvardag i sk\u00e4rg\u00e5rden med b\u00e5de linjetrafik och eventbaserad trafik. V\u00e5ra klassiska \u00e5ngfartyg och moderna b\u00e5tar bjuder p\u00e5 allt fr\u00e5n dagliga resor till upplevelsebaserade turer d\u00e4r g\u00e4sternas upplevelse st\u00e5r i centrum. Vi s\u00f6ker st\u00e4ndigt efter fler serviceinriktade och engagerade medarbetare som vill vara med och skapa of\u00f6rgl\u00f6mliga \u00f6gonblick f\u00f6r v\u00e5ra resen\u00e4rer.<\/p>\n<p>P\u00e5 Blid\u00f6sundsbolaget \u00e4r vi stolta \u00f6ver att bidra till en levande sk\u00e4rg\u00e5rd och h\u00e5llbar utveckling. Vi arbetar aktivt f\u00f6r att minska v\u00e5r milj\u00f6p\u00e5verkan och utvecklar st\u00e4ndigt v\u00e5ra tj\u00e4nster f\u00f6r att m\u00f6ta framtidens behov.<\/p>\n<p>V\u00e4lkommen till Blid\u00f6sundsbolaget \u2013 en arbetsplats pr\u00e4glad av sk\u00e4rg\u00e5rdsk\u00e4nsla, gemenskap och gl\u00e4dje!<\/p>\n\n                    <\/div>\n                \n                                    <div class=\"mt-4 flex flex-wrap gap-4\">\n                        <a\n        href=\"https:\/\/jobb.transdev.se\/jobs?split_view=true&#038;query=&#038;department=Till+sj%C3%B6ss&#038;region=Stockholm\"\n                class=\"button button--black inline-block\">\n            Lediga tj\u00e4nster\n        <\/a>\n                        <\/div>\n                \n                            <\/article>\n        <\/div>\n\n                    <div class=\"text-image__image-wrap\">\n                <picture><source media=\"(max-width:415px)\" data-srcset=\"https:\/\/images.ohmyhosting.se\/K5viqyTFqxGEKmF84io7OSKsPTg=\/415x320\/filters:quality(85)\/https%3A%2F%2Ftransdev.se%2Fwp-content%2Fuploads%2Fsites%2F4%2F2026%2F01%2FTransdev_Blidosundsbolaget_5G5A8508_Foto-Liza-Simonsson.jpg 1x, https:\/\/images.ohmyhosting.se\/bjE37exH8UNOs5Cp00d3EFABdpI=\/830x640\/filters:quality(85)\/https%3A%2F%2Ftransdev.se%2Fwp-content%2Fuploads%2Fsites%2F4%2F2026%2F01%2FTransdev_Blidosundsbolaget_5G5A8508_Foto-Liza-Simonsson.jpg 2x\"><source media=\"(max-width:820px)\" data-srcset=\"https:\/\/images.ohmyhosting.se\/LpFITqcjTzHrkUxK1YLrhqooRGs=\/765x583\/filters:quality(85)\/https%3A%2F%2Ftransdev.se%2Fwp-content%2Fuploads%2Fsites%2F4%2F2026%2F01%2FTransdev_Blidosundsbolaget_5G5A8508_Foto-Liza-Simonsson.jpg 1x, https:\/\/images.ohmyhosting.se\/CoyF3wp9wHPX2imXcUooUlk6EfA=\/1530x1166\/filters:quality(85)\/https%3A%2F%2Ftransdev.se%2Fwp-content%2Fuploads%2Fsites%2F4%2F2026%2F01%2FTransdev_Blidosundsbolaget_5G5A8508_Foto-Liza-Simonsson.jpg 2x\"><img srcset=\"https:\/\/images.ohmyhosting.se\/xRXX70710Nrl12lAf_FHPqRCJKo=\/638x431\/filters:quality(85)\/https%3A%2F%2Ftransdev.se%2Fwp-content%2Fuploads%2Fsites%2F4%2F2026%2F01%2FTransdev_Blidosundsbolaget_5G5A8508_Foto-Liza-Simonsson.jpg 1x, https:\/\/images.ohmyhosting.se\/l2Di_7IyGk63-Ga-zNmbddQcb6c=\/1276x862\/filters:quality(85)\/https%3A%2F%2Ftransdev.se%2Fwp-content%2Fuploads%2Fsites%2F4%2F2026%2F01%2FTransdev_Blidosundsbolaget_5G5A8508_Foto-Liza-Simonsson.jpg 2x\" alt=\"\" data-src=\"https:\/\/images.ohmyhosting.se\/xRXX70710Nrl12lAf_FHPqRCJKo=\/638x431\/filters:quality(85)\/https%3A%2F%2Ftransdev.se%2Fwp-content%2Fuploads%2Fsites%2F4%2F2026%2F01%2FTransdev_Blidosundsbolaget_5G5A8508_Foto-Liza-Simonsson.jpg\" class=\"lazy\" \/><\/picture>\n            <\/div>\n            <\/div>\n<\/div>\n\n<div\nclass=\"text-image container-px container-my\"\n\n    data-color-theme=white\n    data-color-theme-brightness=light\n>\n    <div\n    class=\"text-image__inner container mx-auto\"\n    >\n        <div\n        class=\"text-image__content-wrap order-1 md:order-2\">\n            <article\n            class=\"text-image__content\">\n                                    <span class=\"heading-sm font-normal mb-2 block title-theme-color\">\n                        V\u00e5rt arbetsgivarerbjudande\n                    <\/span>\n                \n                <h2 class=\"heading-md md:heading-lg title-theme-color   mb-3.5 \">\n                    Det h\u00e4r erbjuder vi dig\n                <\/h2>\n\n                \n                                    <div class=\"body-sm text-theme-color wysiwyg\">\n                        <p><strong>Vi erbjuder bland annat:<\/strong><\/p>\n<ul>\n<li>En inspirerande och utvecklande arbetsplats<\/li>\n<li>M\u00f6jlighet att ing\u00e5 i ett engagerat team i en fartfylld, rolig och dynamisk verksamhet d\u00e4r ingen dag \u00e4r den andra lik<\/li>\n<li>L\u00f6n, tj\u00e4nstepension och arbetsf\u00f6rs\u00e4kringar enligt kollektivavtal<\/li>\n<li>Kontinuerlig utbildning f\u00f6r att kunna utvecklas inom yrket<\/li>\n<li>St\u00f6d i arbetets olika delar f\u00f6r att n\u00e5 uppsatta m\u00e5l i verksamheten<\/li>\n<li>Gener\u00f6st friskv\u00e5rdsbidrag<\/li>\n<\/ul>\n\n                    <\/div>\n                \n                \n                            <\/article>\n        <\/div>\n\n                    <div class=\"text-image__image-wrap order-2 md:order-1\">\n                <picture><source media=\"(max-width:415px)\" data-srcset=\"https:\/\/images.ohmyhosting.se\/bPSFSC61wp922VU3lVW5dqLC4UI=\/415x320\/filters:quality(85)\/https%3A%2F%2Ftransdev.se%2Fwp-content%2Fuploads%2Fsites%2F4%2F2026%2F01%2FTransdev_Blidosundsbolaget_5G5A7680_Foto-Liza-Simonsson.jpg 1x, https:\/\/images.ohmyhosting.se\/0tQ-aNJt-XCPGmWls7cHORpowTA=\/830x640\/filters:quality(85)\/https%3A%2F%2Ftransdev.se%2Fwp-content%2Fuploads%2Fsites%2F4%2F2026%2F01%2FTransdev_Blidosundsbolaget_5G5A7680_Foto-Liza-Simonsson.jpg 2x\"><source media=\"(max-width:820px)\" data-srcset=\"https:\/\/images.ohmyhosting.se\/lG9cS1G3gQFFrSo1_oQZkDIIwTU=\/765x583\/filters:quality(85)\/https%3A%2F%2Ftransdev.se%2Fwp-content%2Fuploads%2Fsites%2F4%2F2026%2F01%2FTransdev_Blidosundsbolaget_5G5A7680_Foto-Liza-Simonsson.jpg 1x, https:\/\/images.ohmyhosting.se\/cAv35Th7b19uBSexN4cD2OOawa8=\/1530x1166\/filters:quality(85)\/https%3A%2F%2Ftransdev.se%2Fwp-content%2Fuploads%2Fsites%2F4%2F2026%2F01%2FTransdev_Blidosundsbolaget_5G5A7680_Foto-Liza-Simonsson.jpg 2x\"><img srcset=\"https:\/\/images.ohmyhosting.se\/EQeTUcThxH-Wsl4QOSZ-WGAUPdY=\/638x431\/filters:quality(85)\/https%3A%2F%2Ftransdev.se%2Fwp-content%2Fuploads%2Fsites%2F4%2F2026%2F01%2FTransdev_Blidosundsbolaget_5G5A7680_Foto-Liza-Simonsson.jpg 1x, https:\/\/images.ohmyhosting.se\/jr1K88Vkzt7Rd1gPHMhd-J2xFPg=\/1276x862\/filters:quality(85)\/https%3A%2F%2Ftransdev.se%2Fwp-content%2Fuploads%2Fsites%2F4%2F2026%2F01%2FTransdev_Blidosundsbolaget_5G5A7680_Foto-Liza-Simonsson.jpg 2x\" alt=\"\" data-src=\"https:\/\/images.ohmyhosting.se\/EQeTUcThxH-Wsl4QOSZ-WGAUPdY=\/638x431\/filters:quality(85)\/https%3A%2F%2Ftransdev.se%2Fwp-content%2Fuploads%2Fsites%2F4%2F2026%2F01%2FTransdev_Blidosundsbolaget_5G5A7680_Foto-Liza-Simonsson.jpg\" class=\"lazy\" \/><\/picture>\n            <\/div>\n            <\/div>\n<\/div>\n\n<div\nclass=\"text-image-slider container-px container-py\"\ndata-color-theme=\"gray-light\"\ndata-color-theme-brightness=\"light\">\n\n    \n            <div\n        class=\"swiper container mx-auto\"\n        data-js=\"TextImageSlider\">\n            <div class=\"swiper-wrapper\">\n                                                    <div class=\"swiper-slide\">\n                        <div\n                        class=\"text-image-slider__inner\"\n                        data-swiper-parallax-opacity=\"0\"\n                        data-swiper-parallax-duration=\"1000\">\n                            <article\n                            data-swiper-parallax=\"-200\"\n                            class=\"text-image-slider__content order-2 md:order-1\">\n                                \n                                <h2 class=\"heading-md sm:heading-lg title-theme-color\">\n                                    H\u00e4r kan du arbeta till sj\u00f6ss, n\u00e4ra hemmet\n                                <\/h2>\n\n                                \n                                                                    <div class=\"body-xs sm:body-sm text-theme-color wysiwyg  mt-[16px] \">\n                                        <p>Att arbeta p\u00e5 Blid\u00f6sundsbolaget inneb\u00e4r att vara en del av ett v\u00e4nligt och omv\u00e4xlande arbetsklimat, d\u00e4r varje dag erbjuder nya m\u00f6jligheter. Tillsammans ser vi till att v\u00e5ra resen\u00e4rer f\u00e5r en trygg och trevlig upplevelse. Vi \u00e4r glada \u00f6ver att kunna erbjuda v\u00e5ra medarbetare ett meningsfullt arbete i ett etablerat och omt\u00e4nksamt rederi. H\u00e4r blir arbetet snabbt n\u00e5got som k\u00e4nns som en del av vardagen.<\/p>\n\n                                    <\/div>\n                                \n                                \n                                                            <\/article>\n\n                                                                                            <div class=\"text-image-slider__image-wrap order-1 md:order-2\">\n                                    <picture><source media=\"(max-width:415px)\" data-srcset=\"https:\/\/images.ohmyhosting.se\/sATynon3D4mdk76CpVd_atHaglw=\/415x320\/filters:quality(85)\/https%3A%2F%2Ftransdev.se%2Fwp-content%2Fuploads%2Fsites%2F4%2F2026%2F01%2FTransdev_Blidosundsbolaget_254A8381_Foto-Liza-Simonsson.jpg 1x, https:\/\/images.ohmyhosting.se\/qhbPpbnHp0FL1fThGb3Wh6NJXQU=\/830x640\/filters:quality(85)\/https%3A%2F%2Ftransdev.se%2Fwp-content%2Fuploads%2Fsites%2F4%2F2026%2F01%2FTransdev_Blidosundsbolaget_254A8381_Foto-Liza-Simonsson.jpg 2x\"><source media=\"(max-width:820px)\" data-srcset=\"https:\/\/images.ohmyhosting.se\/eLHDuKwBiI5HjW1TjQOIoenui2w=\/765x583\/filters:quality(85)\/https%3A%2F%2Ftransdev.se%2Fwp-content%2Fuploads%2Fsites%2F4%2F2026%2F01%2FTransdev_Blidosundsbolaget_254A8381_Foto-Liza-Simonsson.jpg 1x, https:\/\/images.ohmyhosting.se\/WMJm4pC6SOb0xvwpV-reaK_f-kE=\/1530x1166\/filters:quality(85)\/https%3A%2F%2Ftransdev.se%2Fwp-content%2Fuploads%2Fsites%2F4%2F2026%2F01%2FTransdev_Blidosundsbolaget_254A8381_Foto-Liza-Simonsson.jpg 2x\"><img srcset=\"https:\/\/images.ohmyhosting.se\/WODitnpNUQtUsDn964nYw4IdKwM=\/752x583\/filters:quality(85)\/https%3A%2F%2Ftransdev.se%2Fwp-content%2Fuploads%2Fsites%2F4%2F2026%2F01%2FTransdev_Blidosundsbolaget_254A8381_Foto-Liza-Simonsson.jpg 1x, https:\/\/images.ohmyhosting.se\/WwCT8ms4PFXHJeDMhZXTFiGzfp4=\/1504x1166\/filters:quality(85)\/https%3A%2F%2Ftransdev.se%2Fwp-content%2Fuploads%2Fsites%2F4%2F2026%2F01%2FTransdev_Blidosundsbolaget_254A8381_Foto-Liza-Simonsson.jpg 2x\" alt=\"\" data-src=\"https:\/\/images.ohmyhosting.se\/WODitnpNUQtUsDn964nYw4IdKwM=\/752x583\/filters:quality(85)\/https%3A%2F%2Ftransdev.se%2Fwp-content%2Fuploads%2Fsites%2F4%2F2026%2F01%2FTransdev_Blidosundsbolaget_254A8381_Foto-Liza-Simonsson.jpg\" class=\"lazy\" \/><\/picture>\n                                <\/div>\n                                                    <\/div>\n                    <\/div>\n                                                    <div class=\"swiper-slide\">\n                        <div\n                        class=\"text-image-slider__inner\"\n                        data-swiper-parallax-opacity=\"0\"\n                        data-swiper-parallax-duration=\"1000\">\n                            <article\n                            data-swiper-parallax=\"-200\"\n                            class=\"text-image-slider__content order-2\">\n                                \n                                <h2 class=\"heading-md sm:heading-lg title-theme-color\">\n                                    Livet till sj\u00f6ss \u00e5ret runt\n                                <\/h2>\n\n                                \n                                                                    <div class=\"body-xs sm:body-sm text-theme-color wysiwyg  mt-[16px] \">\n                                        <p>V\u00e5r verksamhet p\u00e5g\u00e5r \u00e5ret runt, och vi \u00e4r stolta \u00f6ver att kunna erbjuda sk\u00e4rg\u00e5rdstrafik varje dag, oavsett s\u00e4song. Under sommarm\u00e5naderna f\u00f6rst\u00e4rker vi v\u00e5rt team med extra personal f\u00f6r att m\u00f6ta den \u00f6kade efterfr\u00e5gan.<\/p>\n<p>Att arbeta p\u00e5 Blid\u00f6sundsbolaget inneb\u00e4r att vara en del av den unika och storslagna milj\u00f6n i Stockholms sk\u00e4rg\u00e5rd \u2013 \u00e5ret om. H\u00e4r f\u00e5r du en inspirerande arbetsplats d\u00e4r varje dag bjuder p\u00e5 nya m\u00f6ten, utmaningar och of\u00f6rgl\u00f6mliga vyer.<\/p>\n\n                                    <\/div>\n                                \n                                \n                                                            <\/article>\n\n                                                                                            <div class=\"text-image-slider__image-wrap order-1\">\n                                    <picture><source media=\"(max-width:415px)\" data-srcset=\"https:\/\/images.ohmyhosting.se\/DEhgW3IFXMHZy4wRyPEToC9gtpQ=\/415x320\/filters:quality(85)\/https%3A%2F%2Ftransdev.se%2Fwp-content%2Fuploads%2Fsites%2F4%2F2026%2F01%2FTransdev_Blidosundsbolaget_254A8074_Foto-Liza-Simonsson.jpg 1x, https:\/\/images.ohmyhosting.se\/Pt1lc_t4kieB7soNeBPWqY1kwq4=\/830x640\/filters:quality(85)\/https%3A%2F%2Ftransdev.se%2Fwp-content%2Fuploads%2Fsites%2F4%2F2026%2F01%2FTransdev_Blidosundsbolaget_254A8074_Foto-Liza-Simonsson.jpg 2x\"><source media=\"(max-width:820px)\" data-srcset=\"https:\/\/images.ohmyhosting.se\/NbpYdHNJNTXay8FrLYLgHgRCJdI=\/765x583\/filters:quality(85)\/https%3A%2F%2Ftransdev.se%2Fwp-content%2Fuploads%2Fsites%2F4%2F2026%2F01%2FTransdev_Blidosundsbolaget_254A8074_Foto-Liza-Simonsson.jpg 1x, https:\/\/images.ohmyhosting.se\/z4aILPjaUXJrRKTYvqTbBAVmh8c=\/1530x1166\/filters:quality(85)\/https%3A%2F%2Ftransdev.se%2Fwp-content%2Fuploads%2Fsites%2F4%2F2026%2F01%2FTransdev_Blidosundsbolaget_254A8074_Foto-Liza-Simonsson.jpg 2x\"><img srcset=\"https:\/\/images.ohmyhosting.se\/8sr6e0x0mHS1QDWp5mTkbg0jd3I=\/752x583\/filters:quality(85)\/https%3A%2F%2Ftransdev.se%2Fwp-content%2Fuploads%2Fsites%2F4%2F2026%2F01%2FTransdev_Blidosundsbolaget_254A8074_Foto-Liza-Simonsson.jpg 1x, https:\/\/images.ohmyhosting.se\/haf3LhtS1EFz8Mb8dVFKqUbo9Zg=\/1504x1166\/filters:quality(85)\/https%3A%2F%2Ftransdev.se%2Fwp-content%2Fuploads%2Fsites%2F4%2F2026%2F01%2FTransdev_Blidosundsbolaget_254A8074_Foto-Liza-Simonsson.jpg 2x\" alt=\"\" data-src=\"https:\/\/images.ohmyhosting.se\/8sr6e0x0mHS1QDWp5mTkbg0jd3I=\/752x583\/filters:quality(85)\/https%3A%2F%2Ftransdev.se%2Fwp-content%2Fuploads%2Fsites%2F4%2F2026%2F01%2FTransdev_Blidosundsbolaget_254A8074_Foto-Liza-Simonsson.jpg\" class=\"lazy\" \/><\/picture>\n                                <\/div>\n                                                    <\/div>\n                    <\/div>\n                            <\/div>\n            <div class=\"swiper-pagination\"><\/div>\n        <\/div>\n    <\/div>\n\n<div class=\"image-text container-px container-my\">\n    <div\n    class=\"image-text__inner container mx-auto\"\n    data-color-theme=\"light-blue\"\n    data-color-theme-brightness=\"light\">\n        <div class=\"image-text__image\">\n            <picture><img srcset=\"https:\/\/images.ohmyhosting.se\/7VfzEHXOiFlRnodJikYcY-GL-wM=\/752x631\/filters:quality(85)\/https%3A%2F%2Ftransdev.se%2Fwp-content%2Fuploads%2Fsites%2F4%2F2024%2F12%2Fd8440252-e324-4c42-81e4-ccae0dc50c3f.jpg 1x, https:\/\/images.ohmyhosting.se\/bgHylPioRJlNHV99OSIgdMJfBUQ=\/1504x1262\/filters:quality(85)\/https%3A%2F%2Ftransdev.se%2Fwp-content%2Fuploads%2Fsites%2F4%2F2024%2F12%2Fd8440252-e324-4c42-81e4-ccae0dc50c3f.jpg 2x\" alt=\"\" data-src=\"https:\/\/images.ohmyhosting.se\/7VfzEHXOiFlRnodJikYcY-GL-wM=\/752x631\/filters:quality(85)\/https%3A%2F%2Ftransdev.se%2Fwp-content%2Fuploads%2Fsites%2F4%2F2024%2F12%2Fd8440252-e324-4c42-81e4-ccae0dc50c3f.jpg\" class=\"lazy\" \/><\/picture>\n        <\/div>\n\n        <div class=\"image-text__content\">\n            <article class=\"wysiwyg text-theme-color\">\n                <h2>Om v\u00e5r arbetsplats<\/h2>\n<p><strong>Medarbetare:<\/strong> \u00d6ver 300<\/p>\n<p><strong>Bef\u00e4l och styrm\u00e4n: <\/strong>91<\/p>\n<p><strong>D\u00e4ckspersonal:\u00a0<\/strong>115<\/p>\n<p><strong>Verkstad och fordonsservice:<\/strong> 5<\/p>\n<p><strong>Administration:<\/strong> 40<\/p>\n<p><strong>Fartyg:<\/strong> Blid\u00f6sundsbolaget har 18 egna fartyg och opererar ytterligare 20 fartyg f\u00f6r Waxholmsbolaget<\/p>\n<p><strong>Trafikomr\u00e5de:<\/strong> Stockholms sk\u00e4rg\u00e5rd, fr\u00e5n Arholma i norr till Landsort i s\u00f6der<\/p>\n<p><strong>Trafik:<\/strong> Vi k\u00f6r b\u00e5de passagerartrafik och kommersiell b\u00e5ttrafik, inklusive middagskryssningar, f\u00f6retagsfester och br\u00f6llop<\/p>\n<p><strong>V\u00e5r arbetsplats:<\/strong> Blid\u00f6sundsbolaget erbjuder en dynamisk och engagerande arbetsmilj\u00f6 d\u00e4r varje medarbetare spelar en viktig roll i att s\u00e4kerst\u00e4lla smidiga och s\u00e4kra resor f\u00f6r v\u00e5ra passagerare. Vi v\u00e4rdes\u00e4tter samarbete, innovation och en stark k\u00e4nsla av gemenskap. Hos oss f\u00e5r du m\u00f6jlighet att utvecklas och v\u00e4xa i din yrkesroll, samtidigt som du bidrar till att skapa of\u00f6rgl\u00f6mliga reseupplevelser f\u00f6r v\u00e5ra kunder. Bli en del av v\u00e5rt team och var med p\u00e5 resan mot framtidens sj\u00f6fart!<\/p>\n\n            <\/article>\n        <\/div>\n    <\/div>\n<\/div>","protected":false},"excerpt":{"rendered":"","protected":false},"author":6,"featured_media":0,"parent":0,"menu_order":0,"comment_status":"closed","ping_status":"closed","template":"","meta":{"_acf_changed":false,"footnotes":""},"class_list":["post-78","page","type-page","status-publish","hentry"],"acf":[],"yoast_head":"<!-- This site is optimized with the Yoast SEO plugin v27.4 - https:\/\/yoast.com\/product\/yoast-seo-wordpress\/ -->\n<title>Jobba hos oss! - Blid\u00f6sundsbolaget<\/title>\n<meta name=\"robots\" content=\"index, follow, max-snippet:-1, max-image-preview:large, max-video-preview:-1\" \/>\n<link rel=\"canonical\" href=\"https:\/\/blidosundsbolaget.se\/en\/jobba-hos-oss\/\" \/>\n<meta property=\"og:locale\" content=\"en_US\" \/>\n<meta property=\"og:type\" content=\"article\" \/>\n<meta property=\"og:title\" content=\"Jobba hos oss! - Blid\u00f6sundsbolaget\" \/>\n<meta property=\"og:url\" content=\"https:\/\/blidosundsbolaget.se\/en\/jobba-hos-oss\/\" \/>\n<meta property=\"og:site_name\" content=\"Blid\u00f6sundsbolaget\" \/>\n<meta property=\"article:modified_time\" content=\"2026-01-23T12:02:32+00:00\" \/>\n<meta name=\"twitter:card\" content=\"summary_large_image\" \/>\n<script type=\"application\/ld+json\" class=\"yoast-schema-graph\">{\"@context\":\"https:\\\/\\\/schema.org\",\"@graph\":[{\"@type\":\"WebPage\",\"@id\":\"https:\\\/\\\/blidosundsbolaget.se\\\/en\\\/jobba-hos-oss\\\/\",\"url\":\"https:\\\/\\\/blidosundsbolaget.se\\\/en\\\/jobba-hos-oss\\\/\",\"name\":\"Jobba hos oss! - Blid\u00f6sundsbolaget\",\"isPartOf\":{\"@id\":\"https:\\\/\\\/blidosundsbolaget.se\\\/en\\\/#website\"},\"datePublished\":\"2024-11-11T13:44:28+00:00\",\"dateModified\":\"2026-01-23T12:02:32+00:00\",\"breadcrumb\":{\"@id\":\"https:\\\/\\\/blidosundsbolaget.se\\\/en\\\/jobba-hos-oss\\\/#breadcrumb\"},\"inLanguage\":\"en-US\",\"potentialAction\":[{\"@type\":\"ReadAction\",\"target\":[\"https:\\\/\\\/blidosundsbolaget.se\\\/en\\\/jobba-hos-oss\\\/\"]}]},{\"@type\":\"BreadcrumbList\",\"@id\":\"https:\\\/\\\/blidosundsbolaget.se\\\/en\\\/jobba-hos-oss\\\/#breadcrumb\",\"itemListElement\":[{\"@type\":\"ListItem\",\"position\":1,\"name\":\"Home\",\"item\":\"https:\\\/\\\/blidosundsbolaget.se\\\/en\\\/\"},{\"@type\":\"ListItem\",\"position\":2,\"name\":\"Jobba hos oss!\"}]},{\"@type\":\"WebSite\",\"@id\":\"https:\\\/\\\/blidosundsbolaget.se\\\/en\\\/#website\",\"url\":\"https:\\\/\\\/blidosundsbolaget.se\\\/en\\\/\",\"name\":\"Blid\u00f6sundsbolaget\",\"description\":\"\",\"publisher\":{\"@id\":\"https:\\\/\\\/blidosundsbolaget.se\\\/en\\\/#organization\"},\"potentialAction\":[{\"@type\":\"SearchAction\",\"target\":{\"@type\":\"EntryPoint\",\"urlTemplate\":\"https:\\\/\\\/blidosundsbolaget.se\\\/en\\\/?s={search_term_string}\"},\"query-input\":{\"@type\":\"PropertyValueSpecification\",\"valueRequired\":true,\"valueName\":\"search_term_string\"}}],\"inLanguage\":\"en-US\"},{\"@type\":\"Organization\",\"@id\":\"https:\\\/\\\/blidosundsbolaget.se\\\/en\\\/#organization\",\"name\":\"Blid\u00f6sundsbolaget\",\"url\":\"https:\\\/\\\/blidosundsbolaget.se\\\/en\\\/\",\"logo\":{\"@type\":\"ImageObject\",\"inLanguage\":\"en-US\",\"@id\":\"https:\\\/\\\/blidosundsbolaget.se\\\/en\\\/#\\\/schema\\\/logo\\\/image\\\/\",\"url\":\"https:\\\/\\\/transdev.se\\\/wp-content\\\/uploads\\\/sites\\\/4\\\/2025\\\/03\\\/Blidosundsbolaget-symbol-_blue_RGB.png\",\"contentUrl\":\"https:\\\/\\\/transdev.se\\\/wp-content\\\/uploads\\\/sites\\\/4\\\/2025\\\/03\\\/Blidosundsbolaget-symbol-_blue_RGB.png\",\"width\":1187,\"height\":1186,\"caption\":\"Blid\u00f6sundsbolaget\"},\"image\":{\"@id\":\"https:\\\/\\\/blidosundsbolaget.se\\\/en\\\/#\\\/schema\\\/logo\\\/image\\\/\"}}]}<\/script>\n<!-- \/ Yoast SEO plugin. -->","yoast_head_json":{"title":"Jobba hos oss! - Blid\u00f6sundsbolaget","robots":{"index":"index","follow":"follow","max-snippet":"max-snippet:-1","max-image-preview":"max-image-preview:large","max-video-preview":"max-video-preview:-1"},"canonical":"https:\/\/blidosundsbolaget.se\/en\/jobba-hos-oss\/","og_locale":"en_US","og_type":"article","og_title":"Jobba hos oss! - Blid\u00f6sundsbolaget","og_url":"https:\/\/blidosundsbolaget.se\/en\/jobba-hos-oss\/","og_site_name":"Blid\u00f6sundsbolaget","article_modified_time":"2026-01-23T12:02:32+00:00","twitter_card":"summary_large_image","schema":{"@context":"https:\/\/schema.org","@graph":[{"@type":"WebPage","@id":"https:\/\/blidosundsbolaget.se\/en\/jobba-hos-oss\/","url":"https:\/\/blidosundsbolaget.se\/en\/jobba-hos-oss\/","name":"Jobba hos oss! - Blid\u00f6sundsbolaget","isPartOf":{"@id":"https:\/\/blidosundsbolaget.se\/en\/#website"},"datePublished":"2024-11-11T13:44:28+00:00","dateModified":"2026-01-23T12:02:32+00:00","breadcrumb":{"@id":"https:\/\/blidosundsbolaget.se\/en\/jobba-hos-oss\/#breadcrumb"},"inLanguage":"en-US","potentialAction":[{"@type":"ReadAction","target":["https:\/\/blidosundsbolaget.se\/en\/jobba-hos-oss\/"]}]},{"@type":"BreadcrumbList","@id":"https:\/\/blidosundsbolaget.se\/en\/jobba-hos-oss\/#breadcrumb","itemListElement":[{"@type":"ListItem","position":1,"name":"Home","item":"https:\/\/blidosundsbolaget.se\/en\/"},{"@type":"ListItem","position":2,"name":"Jobba hos oss!"}]},{"@type":"WebSite","@id":"https:\/\/blidosundsbolaget.se\/en\/#website","url":"https:\/\/blidosundsbolaget.se\/en\/","name":"Blid\u00f6sundsbolaget","description":"","publisher":{"@id":"https:\/\/blidosundsbolaget.se\/en\/#organization"},"potentialAction":[{"@type":"SearchAction","target":{"@type":"EntryPoint","urlTemplate":"https:\/\/blidosundsbolaget.se\/en\/?s={search_term_string}"},"query-input":{"@type":"PropertyValueSpecification","valueRequired":true,"valueName":"search_term_string"}}],"inLanguage":"en-US"},{"@type":"Organization","@id":"https:\/\/blidosundsbolaget.se\/en\/#organization","name":"Blid\u00f6sundsbolaget","url":"https:\/\/blidosundsbolaget.se\/en\/","logo":{"@type":"ImageObject","inLanguage":"en-US","@id":"https:\/\/blidosundsbolaget.se\/en\/#\/schema\/logo\/image\/","url":"https:\/\/transdev.se\/wp-content\/uploads\/sites\/4\/2025\/03\/Blidosundsbolaget-symbol-_blue_RGB.png","contentUrl":"https:\/\/transdev.se\/wp-content\/uploads\/sites\/4\/2025\/03\/Blidosundsbolaget-symbol-_blue_RGB.png","width":1187,"height":1186,"caption":"Blid\u00f6sundsbolaget"},"image":{"@id":"https:\/\/blidosundsbolaget.se\/en\/#\/schema\/logo\/image\/"}}]}},"_links":{"self":[{"href":"https:\/\/blidosundsbolaget.se\/en\/wp-json\/wp\/v2\/pages\/78","targetHints":{"allow":["GET"]}}],"collection":[{"href":"https:\/\/blidosundsbolaget.se\/en\/wp-json\/wp\/v2\/pages"}],"about":[{"href":"https:\/\/blidosundsbolaget.se\/en\/wp-json\/wp\/v2\/types\/page"}],"author":[{"embeddable":true,"href":"https:\/\/blidosundsbolaget.se\/en\/wp-json\/wp\/v2\/users\/6"}],"replies":[{"embeddable":true,"href":"https:\/\/blidosundsbolaget.se\/en\/wp-json\/wp\/v2\/comments?post=78"}],"version-history":[{"count":57,"href":"https:\/\/blidosundsbolaget.se\/en\/wp-json\/wp\/v2\/pages\/78\/revisions"}],"predecessor-version":[{"id":9489,"href":"https:\/\/blidosundsbolaget.se\/en\/wp-json\/wp\/v2\/pages\/78\/revisions\/9489"}],"wp:attachment":[{"href":"https:\/\/blidosundsbolaget.se\/en\/wp-json\/wp\/v2\/media?parent=78"}],"curies":[{"name":"wp","href":"https:\/\/api.w.org\/{rel}","templated":true}]}}