{"id":809,"date":"2024-12-11T14:22:26","date_gmt":"2024-12-11T13:22:26","guid":{"rendered":"https:\/\/blidosundsbolaget.se\/?page_id=809"},"modified":"2026-03-18T13:37:59","modified_gmt":"2026-03-18T12:37:59","slug":"servering-ombord","status":"publish","type":"page","link":"https:\/\/blidosundsbolaget.se\/en\/servering-ombord\/","title":{"rendered":"Servering ombord"},"content":{"rendered":"<div\nclass=\"text-image container-px container-my\"\n\n    data-color-theme=white\n    data-color-theme-brightness=light\n>\n    <div\n    class=\"text-image__inner container mx-auto\"\n    >\n        <div\n        class=\"text-image__content-wrap order-1 md:order-2\">\n            <article\n            class=\"text-image__content\">\n                \n                <h2 class=\"heading-md md:heading-lg title-theme-color   mb-3.5 \">\n                    V\u00e5ra restaurangfartyg \n                <\/h2>\n\n                \n                                    <div class=\"body-sm text-theme-color wysiwyg\">\n                        <p>Njut av god mat och dryck ombord p\u00e5 v\u00e5ra klassiska \u00e5ngfartyg\u00a0Norrsk\u00e4r, Storsk\u00e4r och Blid\u00f6sund. Vi serverar allt fr\u00e5n v\u00e5ra klassiska favoriter till moderna alternativ.<\/p>\n<p>Bes\u00f6ker du fartygens caf\u00e9er hittar du nybakade frallor, f\u00e4rska bullar, snacks och glass. H\u00e4r serveras ocks\u00e5 kaffe\/te, l\u00e4sk, \u00f6l och vin.<\/p>\n<p>Menyerna ombord varierar med s\u00e4song och avg\u00e5ngstider. Utforska v\u00e5ra matkryssningar, musikkryssningar och utflykter f\u00f6r aktuella menyer och erbjudanden.<\/p>\n\n                    <\/div>\n                \n                                    <div class=\"mt-4 flex flex-wrap gap-4\">\n                        <a\n        href=\"https:\/\/blidosundsbolaget.se\/matkryssningar\/\"\n                class=\"button button--black inline-block\">\n            Matkryssningar\n        <\/a>\n                        <\/div>\n                \n                            <\/article>\n        <\/div>\n\n                    <div class=\"text-image__image-wrap order-2 md:order-1\">\n                <picture><source media=\"(max-width:415px)\" data-srcset=\"https:\/\/images.ohmyhosting.se\/16YEbnRk7oR_6UP0QPSA7y1vR5g=\/415x320\/filters:quality(85)\/https%3A%2F%2Ftransdev.se%2Fwp-content%2Fuploads%2Fsites%2F4%2F2024%2F12%2Fef620a10-e873-43dd-adfb-52c1dde454d0-1.jpg 1x, https:\/\/images.ohmyhosting.se\/xjwzKIViaYd-h1EeS1ivAjURHrY=\/830x640\/filters:quality(85)\/https%3A%2F%2Ftransdev.se%2Fwp-content%2Fuploads%2Fsites%2F4%2F2024%2F12%2Fef620a10-e873-43dd-adfb-52c1dde454d0-1.jpg 2x\"><source media=\"(max-width:820px)\" data-srcset=\"https:\/\/images.ohmyhosting.se\/PRQK8_R0J7TmJTLq37Qi29RQZuY=\/765x583\/filters:quality(85)\/https%3A%2F%2Ftransdev.se%2Fwp-content%2Fuploads%2Fsites%2F4%2F2024%2F12%2Fef620a10-e873-43dd-adfb-52c1dde454d0-1.jpg 1x, https:\/\/images.ohmyhosting.se\/2zLf39FVRI_wRm-PAzFODaHPsAI=\/1530x1166\/filters:quality(85)\/https%3A%2F%2Ftransdev.se%2Fwp-content%2Fuploads%2Fsites%2F4%2F2024%2F12%2Fef620a10-e873-43dd-adfb-52c1dde454d0-1.jpg 2x\"><img srcset=\"https:\/\/images.ohmyhosting.se\/I2igzRxDHOAq-bpkLQOG_6SbJpg=\/638x431\/filters:quality(85)\/https%3A%2F%2Ftransdev.se%2Fwp-content%2Fuploads%2Fsites%2F4%2F2024%2F12%2Fef620a10-e873-43dd-adfb-52c1dde454d0-1.jpg 1x, https:\/\/images.ohmyhosting.se\/uXATOXveN76oNuLP_QjPq4G4SyE=\/1276x862\/filters:quality(85)\/https%3A%2F%2Ftransdev.se%2Fwp-content%2Fuploads%2Fsites%2F4%2F2024%2F12%2Fef620a10-e873-43dd-adfb-52c1dde454d0-1.jpg 2x\" alt=\"\" data-src=\"https:\/\/images.ohmyhosting.se\/I2igzRxDHOAq-bpkLQOG_6SbJpg=\/638x431\/filters:quality(85)\/https%3A%2F%2Ftransdev.se%2Fwp-content%2Fuploads%2Fsites%2F4%2F2024%2F12%2Fef620a10-e873-43dd-adfb-52c1dde454d0-1.jpg\" class=\"lazy\" \/><\/picture>\n            <\/div>\n            <\/div>\n<\/div>\n\n<div\nclass=\"text-image container-px container-py\"\n\n    data-color-theme=green-light\n    data-color-theme-brightness=light\n>\n    <div\n    class=\"text-image__inner container mx-auto\"\n    >\n        <div\n        class=\"text-image__content-wrap\">\n            <article\n            class=\"text-image__content\">\n                \n                <h2 class=\"heading-md md:heading-lg title-theme-color   mb-3.5 \">\n                    V\u00e5ra caf\u00e9er ombord \n                <\/h2>\n\n                \n                                    <div class=\"body-sm text-theme-color wysiwyg\">\n                        <p>Vi \u00e4r stolta \u00f6ver att erbjuda caf\u00e9servering ombord p\u00e5 de flesta av v\u00e5ra fartyg.<\/p>\n<p>P\u00e5 l\u00e4ngre resor kan du njuta av ett lite st\u00f6rre caf\u00e9utbud. H\u00e4r kan du till exempel finna goda varmr\u00e4tter, r\u00e4klandg\u00e5ngar och olika frukostalternativ. H\u00e4r finns ocks\u00e5 kaffe, te, l\u00e4sk, \u00f6l och vin.<\/p>\n<p>P\u00e5 kortare resor erbjuder vi oftast ett mindre men noga utvalt caf\u00e9utbud \u2013 perfekt f\u00f6r en snabb och trevlig fika ombord.<\/p>\n<p>Vi f\u00f6rst\u00e5r att allergier och matpreferenser \u00e4r viktiga, och v\u00e5r personal svarar g\u00e4rna p\u00e5 dina fr\u00e5gor om v\u00e5rt caf\u00e9utbud f\u00f6r att du ska k\u00e4nna dig trygg och n\u00f6jd.<\/p>\n\n                    <\/div>\n                \n                \n                            <\/article>\n        <\/div>\n\n                    <div class=\"text-image__image-wrap\">\n                <picture><source media=\"(max-width:415px)\" data-srcset=\"https:\/\/images.ohmyhosting.se\/2ccN-lNz8GCMGoJLzlfcl0hEUY8=\/415x320\/filters:quality(85)\/https%3A%2F%2Ftransdev.se%2Fwp-content%2Fuploads%2Fsites%2F4%2F2026%2F03%2FTransdev_Blidosundsbolaget_5G5A7734_Foto-Liza-Simonsson.jpg 1x, https:\/\/images.ohmyhosting.se\/yCcX0K9ViXNCAuvouG1zKMKlQR8=\/830x640\/filters:quality(85)\/https%3A%2F%2Ftransdev.se%2Fwp-content%2Fuploads%2Fsites%2F4%2F2026%2F03%2FTransdev_Blidosundsbolaget_5G5A7734_Foto-Liza-Simonsson.jpg 2x\"><source media=\"(max-width:820px)\" data-srcset=\"https:\/\/images.ohmyhosting.se\/WQEcD-KU09X97DNsfWJdzNgslF0=\/765x583\/filters:quality(85)\/https%3A%2F%2Ftransdev.se%2Fwp-content%2Fuploads%2Fsites%2F4%2F2026%2F03%2FTransdev_Blidosundsbolaget_5G5A7734_Foto-Liza-Simonsson.jpg 1x, https:\/\/images.ohmyhosting.se\/AKGrhwdxv9bLDnqlMHIB4IxyWGQ=\/1530x1166\/filters:quality(85)\/https%3A%2F%2Ftransdev.se%2Fwp-content%2Fuploads%2Fsites%2F4%2F2026%2F03%2FTransdev_Blidosundsbolaget_5G5A7734_Foto-Liza-Simonsson.jpg 2x\"><img srcset=\"https:\/\/images.ohmyhosting.se\/wY6tmCQ0dlbH7ggaN9iPp0buJgY=\/638x431\/filters:quality(85)\/https%3A%2F%2Ftransdev.se%2Fwp-content%2Fuploads%2Fsites%2F4%2F2026%2F03%2FTransdev_Blidosundsbolaget_5G5A7734_Foto-Liza-Simonsson.jpg 1x, https:\/\/images.ohmyhosting.se\/X0t-89rQ1Cw6_-P4RhQXjlreSRo=\/1276x862\/filters:quality(85)\/https%3A%2F%2Ftransdev.se%2Fwp-content%2Fuploads%2Fsites%2F4%2F2026%2F03%2FTransdev_Blidosundsbolaget_5G5A7734_Foto-Liza-Simonsson.jpg 2x\" alt=\"\" data-src=\"https:\/\/images.ohmyhosting.se\/wY6tmCQ0dlbH7ggaN9iPp0buJgY=\/638x431\/filters:quality(85)\/https%3A%2F%2Ftransdev.se%2Fwp-content%2Fuploads%2Fsites%2F4%2F2026%2F03%2FTransdev_Blidosundsbolaget_5G5A7734_Foto-Liza-Simonsson.jpg\" class=\"lazy\" \/><\/picture>\n            <\/div>\n            <\/div>\n<\/div>","protected":false},"excerpt":{"rendered":"","protected":false},"author":6,"featured_media":0,"parent":0,"menu_order":0,"comment_status":"closed","ping_status":"closed","template":"","meta":{"_acf_changed":false,"footnotes":""},"class_list":["post-809","page","type-page","status-publish","hentry"],"acf":[],"yoast_head":"<!-- This site is optimized with the Yoast SEO plugin v27.5 - https:\/\/yoast.com\/product\/yoast-seo-wordpress\/ -->\n<title>Servering ombord - Blid\u00f6sundsbolaget<\/title>\n<meta name=\"robots\" content=\"index, follow, max-snippet:-1, max-image-preview:large, max-video-preview:-1\" \/>\n<link rel=\"canonical\" href=\"https:\/\/blidosundsbolaget.se\/en\/servering-ombord\/\" \/>\n<meta property=\"og:locale\" content=\"en_US\" \/>\n<meta property=\"og:type\" content=\"article\" \/>\n<meta property=\"og:title\" content=\"Servering ombord - Blid\u00f6sundsbolaget\" \/>\n<meta property=\"og:url\" content=\"https:\/\/blidosundsbolaget.se\/en\/servering-ombord\/\" \/>\n<meta property=\"og:site_name\" content=\"Blid\u00f6sundsbolaget\" \/>\n<meta property=\"article:modified_time\" content=\"2026-03-18T12:37:59+00:00\" \/>\n<meta name=\"twitter:card\" content=\"summary_large_image\" \/>\n<script type=\"application\/ld+json\" class=\"yoast-schema-graph\">{\"@context\":\"https:\\\/\\\/schema.org\",\"@graph\":[{\"@type\":\"WebPage\",\"@id\":\"https:\\\/\\\/blidosundsbolaget.se\\\/en\\\/servering-ombord\\\/\",\"url\":\"https:\\\/\\\/blidosundsbolaget.se\\\/en\\\/servering-ombord\\\/\",\"name\":\"Servering ombord - Blid\u00f6sundsbolaget\",\"isPartOf\":{\"@id\":\"https:\\\/\\\/blidosundsbolaget.se\\\/en\\\/#website\"},\"datePublished\":\"2024-12-11T13:22:26+00:00\",\"dateModified\":\"2026-03-18T12:37:59+00:00\",\"breadcrumb\":{\"@id\":\"https:\\\/\\\/blidosundsbolaget.se\\\/en\\\/servering-ombord\\\/#breadcrumb\"},\"inLanguage\":\"en-US\",\"potentialAction\":[{\"@type\":\"ReadAction\",\"target\":[\"https:\\\/\\\/blidosundsbolaget.se\\\/en\\\/servering-ombord\\\/\"]}]},{\"@type\":\"BreadcrumbList\",\"@id\":\"https:\\\/\\\/blidosundsbolaget.se\\\/en\\\/servering-ombord\\\/#breadcrumb\",\"itemListElement\":[{\"@type\":\"ListItem\",\"position\":1,\"name\":\"Home\",\"item\":\"https:\\\/\\\/blidosundsbolaget.se\\\/en\\\/\"},{\"@type\":\"ListItem\",\"position\":2,\"name\":\"Servering ombord\"}]},{\"@type\":\"WebSite\",\"@id\":\"https:\\\/\\\/blidosundsbolaget.se\\\/en\\\/#website\",\"url\":\"https:\\\/\\\/blidosundsbolaget.se\\\/en\\\/\",\"name\":\"Blid\u00f6sundsbolaget\",\"description\":\"\",\"publisher\":{\"@id\":\"https:\\\/\\\/blidosundsbolaget.se\\\/en\\\/#organization\"},\"potentialAction\":[{\"@type\":\"SearchAction\",\"target\":{\"@type\":\"EntryPoint\",\"urlTemplate\":\"https:\\\/\\\/blidosundsbolaget.se\\\/en\\\/?s={search_term_string}\"},\"query-input\":{\"@type\":\"PropertyValueSpecification\",\"valueRequired\":true,\"valueName\":\"search_term_string\"}}],\"inLanguage\":\"en-US\"},{\"@type\":\"Organization\",\"@id\":\"https:\\\/\\\/blidosundsbolaget.se\\\/en\\\/#organization\",\"name\":\"Blid\u00f6sundsbolaget\",\"url\":\"https:\\\/\\\/blidosundsbolaget.se\\\/en\\\/\",\"logo\":{\"@type\":\"ImageObject\",\"inLanguage\":\"en-US\",\"@id\":\"https:\\\/\\\/blidosundsbolaget.se\\\/en\\\/#\\\/schema\\\/logo\\\/image\\\/\",\"url\":\"https:\\\/\\\/transdev.se\\\/wp-content\\\/uploads\\\/sites\\\/4\\\/2025\\\/03\\\/Blidosundsbolaget-symbol-_blue_RGB.png\",\"contentUrl\":\"https:\\\/\\\/transdev.se\\\/wp-content\\\/uploads\\\/sites\\\/4\\\/2025\\\/03\\\/Blidosundsbolaget-symbol-_blue_RGB.png\",\"width\":1187,\"height\":1186,\"caption\":\"Blid\u00f6sundsbolaget\"},\"image\":{\"@id\":\"https:\\\/\\\/blidosundsbolaget.se\\\/en\\\/#\\\/schema\\\/logo\\\/image\\\/\"}}]}<\/script>\n<!-- \/ Yoast SEO plugin. -->","yoast_head_json":{"title":"Servering ombord - Blid\u00f6sundsbolaget","robots":{"index":"index","follow":"follow","max-snippet":"max-snippet:-1","max-image-preview":"max-image-preview:large","max-video-preview":"max-video-preview:-1"},"canonical":"https:\/\/blidosundsbolaget.se\/en\/servering-ombord\/","og_locale":"en_US","og_type":"article","og_title":"Servering ombord - Blid\u00f6sundsbolaget","og_url":"https:\/\/blidosundsbolaget.se\/en\/servering-ombord\/","og_site_name":"Blid\u00f6sundsbolaget","article_modified_time":"2026-03-18T12:37:59+00:00","twitter_card":"summary_large_image","schema":{"@context":"https:\/\/schema.org","@graph":[{"@type":"WebPage","@id":"https:\/\/blidosundsbolaget.se\/en\/servering-ombord\/","url":"https:\/\/blidosundsbolaget.se\/en\/servering-ombord\/","name":"Servering ombord - Blid\u00f6sundsbolaget","isPartOf":{"@id":"https:\/\/blidosundsbolaget.se\/en\/#website"},"datePublished":"2024-12-11T13:22:26+00:00","dateModified":"2026-03-18T12:37:59+00:00","breadcrumb":{"@id":"https:\/\/blidosundsbolaget.se\/en\/servering-ombord\/#breadcrumb"},"inLanguage":"en-US","potentialAction":[{"@type":"ReadAction","target":["https:\/\/blidosundsbolaget.se\/en\/servering-ombord\/"]}]},{"@type":"BreadcrumbList","@id":"https:\/\/blidosundsbolaget.se\/en\/servering-ombord\/#breadcrumb","itemListElement":[{"@type":"ListItem","position":1,"name":"Home","item":"https:\/\/blidosundsbolaget.se\/en\/"},{"@type":"ListItem","position":2,"name":"Servering ombord"}]},{"@type":"WebSite","@id":"https:\/\/blidosundsbolaget.se\/en\/#website","url":"https:\/\/blidosundsbolaget.se\/en\/","name":"Blid\u00f6sundsbolaget","description":"","publisher":{"@id":"https:\/\/blidosundsbolaget.se\/en\/#organization"},"potentialAction":[{"@type":"SearchAction","target":{"@type":"EntryPoint","urlTemplate":"https:\/\/blidosundsbolaget.se\/en\/?s={search_term_string}"},"query-input":{"@type":"PropertyValueSpecification","valueRequired":true,"valueName":"search_term_string"}}],"inLanguage":"en-US"},{"@type":"Organization","@id":"https:\/\/blidosundsbolaget.se\/en\/#organization","name":"Blid\u00f6sundsbolaget","url":"https:\/\/blidosundsbolaget.se\/en\/","logo":{"@type":"ImageObject","inLanguage":"en-US","@id":"https:\/\/blidosundsbolaget.se\/en\/#\/schema\/logo\/image\/","url":"https:\/\/transdev.se\/wp-content\/uploads\/sites\/4\/2025\/03\/Blidosundsbolaget-symbol-_blue_RGB.png","contentUrl":"https:\/\/transdev.se\/wp-content\/uploads\/sites\/4\/2025\/03\/Blidosundsbolaget-symbol-_blue_RGB.png","width":1187,"height":1186,"caption":"Blid\u00f6sundsbolaget"},"image":{"@id":"https:\/\/blidosundsbolaget.se\/en\/#\/schema\/logo\/image\/"}}]}},"_links":{"self":[{"href":"https:\/\/blidosundsbolaget.se\/en\/wp-json\/wp\/v2\/pages\/809","targetHints":{"allow":["GET"]}}],"collection":[{"href":"https:\/\/blidosundsbolaget.se\/en\/wp-json\/wp\/v2\/pages"}],"about":[{"href":"https:\/\/blidosundsbolaget.se\/en\/wp-json\/wp\/v2\/types\/page"}],"author":[{"embeddable":true,"href":"https:\/\/blidosundsbolaget.se\/en\/wp-json\/wp\/v2\/users\/6"}],"replies":[{"embeddable":true,"href":"https:\/\/blidosundsbolaget.se\/en\/wp-json\/wp\/v2\/comments?post=809"}],"version-history":[{"count":39,"href":"https:\/\/blidosundsbolaget.se\/en\/wp-json\/wp\/v2\/pages\/809\/revisions"}],"predecessor-version":[{"id":10487,"href":"https:\/\/blidosundsbolaget.se\/en\/wp-json\/wp\/v2\/pages\/809\/revisions\/10487"}],"wp:attachment":[{"href":"https:\/\/blidosundsbolaget.se\/en\/wp-json\/wp\/v2\/media?parent=809"}],"curies":[{"name":"wp","href":"https:\/\/api.w.org\/{rel}","templated":true}]}}