{"id":8147,"date":"2025-09-04T09:54:16","date_gmt":"2025-09-04T07:54:16","guid":{"rendered":"https:\/\/blidosundsbolaget.se\/?page_id=8147"},"modified":"2026-02-06T11:37:12","modified_gmt":"2026-02-06T10:37:12","slug":"almviks-julmarknad","status":"publish","type":"page","link":"https:\/\/blidosundsbolaget.se\/en\/almviks-julmarknad\/","title":{"rendered":"Almviks julmarknad"},"content":{"rendered":"<div\nclass=\"text-image container-px container-py\"\n\n    data-color-theme=wine\n    data-color-theme-brightness=dark\n>\n    <div\n    class=\"text-image__inner container mx-auto\"\n    >\n        <div\n        class=\"text-image__content-wrap order-1 md:order-2\">\n            <article\n            class=\"text-image__content\">\n                                    <span class=\"heading-sm font-normal mb-2 block title-theme-color\">\n                        Marknadstur\n                    <\/span>\n                \n                <h2 class=\"heading-md md:heading-lg title-theme-color   mb-2 \">\n                    St\u00e4mningsfull julkryssning\n                <\/h2>\n\n                                    <span class=\"body-md mt-1 mb-6 block title-theme-color\">\n                        L\u00f6rdag 6 december 2025\n                    <\/span>\n                \n                                    <div class=\"body-sm text-theme-color wysiwyg\">\n                        <p>S\/S Blid\u00f6sund tar dig p\u00e5 en vinterf\u00e4rd genom sk\u00e4rg\u00e5rden mot Almviks julmarknad. Ombord v\u00e4ntar baren och matsalen d\u00e4r du kan v\u00e4lja bland fartygets \u00e0 la cartemeny med julinspirerade inslag. Med maskinens j\u00e4mna rytm och gemenskapen ombord blir sj\u00e4lva resan en upplevelse att minnas, redan innan du stiger i land i Almvik.<\/p>\n<p><strong><em><i>Vi erbjuder en bryggsittning under stoppet i Almvik<\/i>. Denna bokas separat och passar er som redan befinner er i Almvik.<\/em><\/strong><\/p>\n\n                    <\/div>\n                \n                \n                            <\/article>\n        <\/div>\n\n                    <div class=\"text-image__image-wrap order-2 md:order-1\">\n                <picture><source media=\"(max-width:415px)\" data-srcset=\"https:\/\/images.ohmyhosting.se\/m3xnEjNTJ-8_iaP2XvI2A5E2mk4=\/415x320\/filters:quality(85)\/https%3A%2F%2Ftransdev.se%2Fwp-content%2Fuploads%2Fsites%2F4%2F2025%2F08%2Falmviks-julmarknad-modul-1.jpg 1x, https:\/\/images.ohmyhosting.se\/UtF8sWZP-nSlL8zBSlvBC22BGj0=\/830x640\/filters:quality(85)\/https%3A%2F%2Ftransdev.se%2Fwp-content%2Fuploads%2Fsites%2F4%2F2025%2F08%2Falmviks-julmarknad-modul-1.jpg 2x\"><source media=\"(max-width:820px)\" data-srcset=\"https:\/\/images.ohmyhosting.se\/85pwCMMnKT_USjPDWu8tor-R-C0=\/765x583\/filters:quality(85)\/https%3A%2F%2Ftransdev.se%2Fwp-content%2Fuploads%2Fsites%2F4%2F2025%2F08%2Falmviks-julmarknad-modul-1.jpg 1x, https:\/\/images.ohmyhosting.se\/ssF-Cz7DiiPjqMcpPohD0_8pnbs=\/1530x1166\/filters:quality(85)\/https%3A%2F%2Ftransdev.se%2Fwp-content%2Fuploads%2Fsites%2F4%2F2025%2F08%2Falmviks-julmarknad-modul-1.jpg 2x\"><img srcset=\"https:\/\/images.ohmyhosting.se\/gBjTiaEQGf0JNZeX7Hw3x-TveA4=\/638x431\/filters:quality(85)\/https%3A%2F%2Ftransdev.se%2Fwp-content%2Fuploads%2Fsites%2F4%2F2025%2F08%2Falmviks-julmarknad-modul-1.jpg 1x, https:\/\/images.ohmyhosting.se\/JP2z4S8B2Zowp7dswh5NNVu999A=\/1276x862\/filters:quality(85)\/https%3A%2F%2Ftransdev.se%2Fwp-content%2Fuploads%2Fsites%2F4%2F2025%2F08%2Falmviks-julmarknad-modul-1.jpg 2x\" alt=\"\" data-src=\"https:\/\/images.ohmyhosting.se\/gBjTiaEQGf0JNZeX7Hw3x-TveA4=\/638x431\/filters:quality(85)\/https%3A%2F%2Ftransdev.se%2Fwp-content%2Fuploads%2Fsites%2F4%2F2025%2F08%2Falmviks-julmarknad-modul-1.jpg\" class=\"lazy\" \/><\/picture>\n            <\/div>\n            <\/div>\n<\/div>\n\n<div\nclass=\"text-image container-px container-py\"\n\n    data-color-theme=gray-light\n    data-color-theme-brightness=light\n>\n    <div\n    class=\"text-image__inner container mx-auto\"\n    >\n        <div\n        class=\"text-image__content-wrap\">\n            <article\n            class=\"text-image__content\">\n                                    <span class=\"heading-sm font-normal mb-2 block title-theme-color\">\n                        Vintermagi till sj\u00f6ss\n                    <\/span>\n                \n                <h2 class=\"heading-md md:heading-lg title-theme-color   mb-3.5 \">\n                    Marknadstur till Almvik 2025\n                <\/h2>\n\n                \n                                    <div class=\"body-sm text-theme-color wysiwyg\">\n                        <p><strong>H\u00e5lltider:<\/strong><br \/>\n09:00 avg\u00e5ng fr\u00e5n Stockholm, Skeppsbron nedanf\u00f6r Slottet kajplats 101<br \/>\n13:20 ankomst Almvik<br \/>\n16:00 avg\u00e5ng Almvik<br \/>\n20:00 ankomst Stockholm, Skeppsbron<\/p>\n<p><strong>Avnjut en m\u00e5ltid i v\u00e5r vackra matsal!<\/strong><br \/>\nSittning 1: 09:00-10:30 <em>frukostmeny<\/em><br \/>\nSittning 2: 11:00-13:00<br \/>\nSittning 3: 16:00-18:00<br \/>\nSittning 4: 18:30-20:00<\/p>\n<p><strong>Sittning vid Almviks brygga 13:30-15:30<\/strong><\/p>\n<p><strong>Biljettpriser 2025<\/strong>:<br \/>\nVuxen tur &amp; retur 575 kr<br \/>\nBarn 6-12 \u00e5r tur &amp; retur 180 kr<br \/>\nSm\u00e5barn 0-5 \u00e5r 25 kr<\/p>\n<p>Vuxen enkel 350kr<br \/>\nBarn 6-12 \u00e5r enkel 100 kr<br \/>\nSm\u00e5barn 0-5 \u00e5r 25 kr<\/p>\n<p>V\u00e4nligen notera att alla passagerare beh\u00f6ver biljett oavsett \u00e5lder.<br \/>\nBoka din resa nu f\u00f6r garanterad plats. Det g\u00e5r ocks\u00e5 att k\u00f6pa biljett ombord i m\u00e5n av plats.<\/p>\n\n                    <\/div>\n                \n                \n                            <\/article>\n        <\/div>\n\n                    <div class=\"text-image__image-wrap\">\n                <picture><source media=\"(max-width:415px)\" data-srcset=\"https:\/\/images.ohmyhosting.se\/WVC45Vfx3W30PFisF4qR44yUEq4=\/415x320\/filters:quality(85)\/https%3A%2F%2Ftransdev.se%2Fwp-content%2Fuploads%2Fsites%2F4%2F2025%2F09%2FTidtabell-Almviks-julmarknad-1.jpg 1x, https:\/\/images.ohmyhosting.se\/BTatuea1UpSS94DerV8y4cwOJS4=\/830x640\/filters:quality(85)\/https%3A%2F%2Ftransdev.se%2Fwp-content%2Fuploads%2Fsites%2F4%2F2025%2F09%2FTidtabell-Almviks-julmarknad-1.jpg 2x\"><source media=\"(max-width:820px)\" data-srcset=\"https:\/\/images.ohmyhosting.se\/A7ZFqAw0g5U9x0_hGpRkIuKOsYM=\/765x583\/filters:quality(85)\/https%3A%2F%2Ftransdev.se%2Fwp-content%2Fuploads%2Fsites%2F4%2F2025%2F09%2FTidtabell-Almviks-julmarknad-1.jpg 1x, https:\/\/images.ohmyhosting.se\/1aD4ANlLqhsXh_m5mSM41aqWuZk=\/1530x1166\/filters:quality(85)\/https%3A%2F%2Ftransdev.se%2Fwp-content%2Fuploads%2Fsites%2F4%2F2025%2F09%2FTidtabell-Almviks-julmarknad-1.jpg 2x\"><img srcset=\"https:\/\/images.ohmyhosting.se\/AEk2VWHh4b5djllM1k9vUzP8LJ8=\/638x431\/filters:quality(85)\/https%3A%2F%2Ftransdev.se%2Fwp-content%2Fuploads%2Fsites%2F4%2F2025%2F09%2FTidtabell-Almviks-julmarknad-1.jpg 1x, https:\/\/images.ohmyhosting.se\/xlrk0DUYKVdADFwsT8T-VUd1z9Y=\/1276x862\/filters:quality(85)\/https%3A%2F%2Ftransdev.se%2Fwp-content%2Fuploads%2Fsites%2F4%2F2025%2F09%2FTidtabell-Almviks-julmarknad-1.jpg 2x\" alt=\"\" data-src=\"https:\/\/images.ohmyhosting.se\/AEk2VWHh4b5djllM1k9vUzP8LJ8=\/638x431\/filters:quality(85)\/https%3A%2F%2Ftransdev.se%2Fwp-content%2Fuploads%2Fsites%2F4%2F2025%2F09%2FTidtabell-Almviks-julmarknad-1.jpg\" class=\"lazy\" \/><\/picture>\n            <\/div>\n            <\/div>\n<\/div>","protected":false},"excerpt":{"rendered":"","protected":false},"author":30,"featured_media":0,"parent":0,"menu_order":0,"comment_status":"closed","ping_status":"closed","template":"","meta":{"_acf_changed":false,"footnotes":""},"class_list":["post-8147","page","type-page","status-publish","hentry"],"acf":[],"yoast_head":"<!-- This site is optimized with the Yoast SEO plugin v27.5 - https:\/\/yoast.com\/product\/yoast-seo-wordpress\/ -->\n<title>Almviks julmarknad - Blid\u00f6sundsbolaget<\/title>\n<meta name=\"robots\" content=\"index, follow, max-snippet:-1, max-image-preview:large, max-video-preview:-1\" \/>\n<link rel=\"canonical\" href=\"https:\/\/blidosundsbolaget.se\/en\/almviks-julmarknad\/\" \/>\n<meta property=\"og:locale\" content=\"en_US\" \/>\n<meta property=\"og:type\" content=\"article\" \/>\n<meta property=\"og:title\" content=\"Almviks julmarknad - Blid\u00f6sundsbolaget\" \/>\n<meta property=\"og:url\" content=\"https:\/\/blidosundsbolaget.se\/en\/almviks-julmarknad\/\" \/>\n<meta property=\"og:site_name\" content=\"Blid\u00f6sundsbolaget\" \/>\n<meta property=\"article:modified_time\" content=\"2026-02-06T10:37:12+00:00\" \/>\n<meta name=\"twitter:card\" content=\"summary_large_image\" \/>\n<script type=\"application\/ld+json\" class=\"yoast-schema-graph\">{\"@context\":\"https:\\\/\\\/schema.org\",\"@graph\":[{\"@type\":\"WebPage\",\"@id\":\"https:\\\/\\\/blidosundsbolaget.se\\\/en\\\/almviks-julmarknad\\\/\",\"url\":\"https:\\\/\\\/blidosundsbolaget.se\\\/en\\\/almviks-julmarknad\\\/\",\"name\":\"Almviks julmarknad - Blid\u00f6sundsbolaget\",\"isPartOf\":{\"@id\":\"https:\\\/\\\/blidosundsbolaget.se\\\/en\\\/#website\"},\"datePublished\":\"2025-09-04T07:54:16+00:00\",\"dateModified\":\"2026-02-06T10:37:12+00:00\",\"breadcrumb\":{\"@id\":\"https:\\\/\\\/blidosundsbolaget.se\\\/en\\\/almviks-julmarknad\\\/#breadcrumb\"},\"inLanguage\":\"en-US\",\"potentialAction\":[{\"@type\":\"ReadAction\",\"target\":[\"https:\\\/\\\/blidosundsbolaget.se\\\/en\\\/almviks-julmarknad\\\/\"]}]},{\"@type\":\"BreadcrumbList\",\"@id\":\"https:\\\/\\\/blidosundsbolaget.se\\\/en\\\/almviks-julmarknad\\\/#breadcrumb\",\"itemListElement\":[{\"@type\":\"ListItem\",\"position\":1,\"name\":\"Home\",\"item\":\"https:\\\/\\\/blidosundsbolaget.se\\\/en\\\/\"},{\"@type\":\"ListItem\",\"position\":2,\"name\":\"Almviks julmarknad\"}]},{\"@type\":\"WebSite\",\"@id\":\"https:\\\/\\\/blidosundsbolaget.se\\\/en\\\/#website\",\"url\":\"https:\\\/\\\/blidosundsbolaget.se\\\/en\\\/\",\"name\":\"Blid\u00f6sundsbolaget\",\"description\":\"\",\"publisher\":{\"@id\":\"https:\\\/\\\/blidosundsbolaget.se\\\/en\\\/#organization\"},\"potentialAction\":[{\"@type\":\"SearchAction\",\"target\":{\"@type\":\"EntryPoint\",\"urlTemplate\":\"https:\\\/\\\/blidosundsbolaget.se\\\/en\\\/?s={search_term_string}\"},\"query-input\":{\"@type\":\"PropertyValueSpecification\",\"valueRequired\":true,\"valueName\":\"search_term_string\"}}],\"inLanguage\":\"en-US\"},{\"@type\":\"Organization\",\"@id\":\"https:\\\/\\\/blidosundsbolaget.se\\\/en\\\/#organization\",\"name\":\"Blid\u00f6sundsbolaget\",\"url\":\"https:\\\/\\\/blidosundsbolaget.se\\\/en\\\/\",\"logo\":{\"@type\":\"ImageObject\",\"inLanguage\":\"en-US\",\"@id\":\"https:\\\/\\\/blidosundsbolaget.se\\\/en\\\/#\\\/schema\\\/logo\\\/image\\\/\",\"url\":\"https:\\\/\\\/transdev.se\\\/wp-content\\\/uploads\\\/sites\\\/4\\\/2025\\\/03\\\/Blidosundsbolaget-symbol-_blue_RGB.png\",\"contentUrl\":\"https:\\\/\\\/transdev.se\\\/wp-content\\\/uploads\\\/sites\\\/4\\\/2025\\\/03\\\/Blidosundsbolaget-symbol-_blue_RGB.png\",\"width\":1187,\"height\":1186,\"caption\":\"Blid\u00f6sundsbolaget\"},\"image\":{\"@id\":\"https:\\\/\\\/blidosundsbolaget.se\\\/en\\\/#\\\/schema\\\/logo\\\/image\\\/\"}}]}<\/script>\n<!-- \/ Yoast SEO plugin. -->","yoast_head_json":{"title":"Almviks julmarknad - Blid\u00f6sundsbolaget","robots":{"index":"index","follow":"follow","max-snippet":"max-snippet:-1","max-image-preview":"max-image-preview:large","max-video-preview":"max-video-preview:-1"},"canonical":"https:\/\/blidosundsbolaget.se\/en\/almviks-julmarknad\/","og_locale":"en_US","og_type":"article","og_title":"Almviks julmarknad - Blid\u00f6sundsbolaget","og_url":"https:\/\/blidosundsbolaget.se\/en\/almviks-julmarknad\/","og_site_name":"Blid\u00f6sundsbolaget","article_modified_time":"2026-02-06T10:37:12+00:00","twitter_card":"summary_large_image","schema":{"@context":"https:\/\/schema.org","@graph":[{"@type":"WebPage","@id":"https:\/\/blidosundsbolaget.se\/en\/almviks-julmarknad\/","url":"https:\/\/blidosundsbolaget.se\/en\/almviks-julmarknad\/","name":"Almviks julmarknad - Blid\u00f6sundsbolaget","isPartOf":{"@id":"https:\/\/blidosundsbolaget.se\/en\/#website"},"datePublished":"2025-09-04T07:54:16+00:00","dateModified":"2026-02-06T10:37:12+00:00","breadcrumb":{"@id":"https:\/\/blidosundsbolaget.se\/en\/almviks-julmarknad\/#breadcrumb"},"inLanguage":"en-US","potentialAction":[{"@type":"ReadAction","target":["https:\/\/blidosundsbolaget.se\/en\/almviks-julmarknad\/"]}]},{"@type":"BreadcrumbList","@id":"https:\/\/blidosundsbolaget.se\/en\/almviks-julmarknad\/#breadcrumb","itemListElement":[{"@type":"ListItem","position":1,"name":"Home","item":"https:\/\/blidosundsbolaget.se\/en\/"},{"@type":"ListItem","position":2,"name":"Almviks julmarknad"}]},{"@type":"WebSite","@id":"https:\/\/blidosundsbolaget.se\/en\/#website","url":"https:\/\/blidosundsbolaget.se\/en\/","name":"Blid\u00f6sundsbolaget","description":"","publisher":{"@id":"https:\/\/blidosundsbolaget.se\/en\/#organization"},"potentialAction":[{"@type":"SearchAction","target":{"@type":"EntryPoint","urlTemplate":"https:\/\/blidosundsbolaget.se\/en\/?s={search_term_string}"},"query-input":{"@type":"PropertyValueSpecification","valueRequired":true,"valueName":"search_term_string"}}],"inLanguage":"en-US"},{"@type":"Organization","@id":"https:\/\/blidosundsbolaget.se\/en\/#organization","name":"Blid\u00f6sundsbolaget","url":"https:\/\/blidosundsbolaget.se\/en\/","logo":{"@type":"ImageObject","inLanguage":"en-US","@id":"https:\/\/blidosundsbolaget.se\/en\/#\/schema\/logo\/image\/","url":"https:\/\/transdev.se\/wp-content\/uploads\/sites\/4\/2025\/03\/Blidosundsbolaget-symbol-_blue_RGB.png","contentUrl":"https:\/\/transdev.se\/wp-content\/uploads\/sites\/4\/2025\/03\/Blidosundsbolaget-symbol-_blue_RGB.png","width":1187,"height":1186,"caption":"Blid\u00f6sundsbolaget"},"image":{"@id":"https:\/\/blidosundsbolaget.se\/en\/#\/schema\/logo\/image\/"}}]}},"_links":{"self":[{"href":"https:\/\/blidosundsbolaget.se\/en\/wp-json\/wp\/v2\/pages\/8147","targetHints":{"allow":["GET"]}}],"collection":[{"href":"https:\/\/blidosundsbolaget.se\/en\/wp-json\/wp\/v2\/pages"}],"about":[{"href":"https:\/\/blidosundsbolaget.se\/en\/wp-json\/wp\/v2\/types\/page"}],"author":[{"embeddable":true,"href":"https:\/\/blidosundsbolaget.se\/en\/wp-json\/wp\/v2\/users\/30"}],"replies":[{"embeddable":true,"href":"https:\/\/blidosundsbolaget.se\/en\/wp-json\/wp\/v2\/comments?post=8147"}],"version-history":[{"count":49,"href":"https:\/\/blidosundsbolaget.se\/en\/wp-json\/wp\/v2\/pages\/8147\/revisions"}],"predecessor-version":[{"id":10123,"href":"https:\/\/blidosundsbolaget.se\/en\/wp-json\/wp\/v2\/pages\/8147\/revisions\/10123"}],"wp:attachment":[{"href":"https:\/\/blidosundsbolaget.se\/en\/wp-json\/wp\/v2\/media?parent=8147"}],"curies":[{"name":"wp","href":"https:\/\/api.w.org\/{rel}","templated":true}]}}